{"id":6585,"date":"2025-12-16T20:12:38","date_gmt":"2025-12-16T19:12:38","guid":{"rendered":"https:\/\/woodpunk.cz\/?post_type=product&#038;p=6585"},"modified":"2025-12-16T20:16:30","modified_gmt":"2025-12-16T19:16:30","slug":"tresnova-miska-rudy-zlom-22x8-cm","status":"publish","type":"product","link":"https:\/\/woodpunk.cz\/en\/product\/tresnova-miska-rudy-zlom-22x8-cm\/","title":{"rendered":"Asymetrick\u00e1 miska \u201eRud\u00fd zlom\u201c (22\u00d78 cm)"},"content":{"rendered":"<p data-start=\"595\" data-end=\"732\">Jedine\u010dn\u00e1 <strong data-start=\"605\" data-end=\"648\">ru\u010dn\u011b tvarovan\u00e1 miska z masivn\u00edho d\u0159eva<\/strong> o rozm\u011brech <strong data-start=\"661\" data-end=\"674\">22 \u00d7 8 cm<\/strong>, kter\u00e1 zaujme sv\u00fdm <strong data-start=\"694\" data-end=\"729\">asymetrick\u00fdm, elegantn\u00edm tvarem<\/strong>.<\/p>\n<p data-start=\"734\" data-end=\"1005\">Vn\u011bj\u0161\u00ed plocha m\u00e1 podobu <strong data-start=\"758\" data-end=\"772\">mnohohranu<\/strong> \u2013 des\u00edtek ru\u010dn\u011b brou\u0161en\u00fdch faset, jejich\u017e <strong data-start=\"815\" data-end=\"837\">krakelovan\u00fd povrch<\/strong> p\u016fsob\u00ed jako ztuhl\u00e1 energie.<br data-start=\"865\" data-end=\"868\" \/>\ud83d\udca0 <strong data-start=\"871\" data-end=\"891\">Metalick\u00fd tyrkys<\/strong> se v prasklin\u00e1ch rozpad\u00e1, odhaluje <strong data-start=\"927\" data-end=\"943\">rud\u00fd podklad<\/strong> a <strong data-start=\"946\" data-end=\"966\">\u010dern\u00e9 mikro\u017eilky<\/strong>, kter\u00e9 zd\u016fraz\u0148uj\u00ed hloubku struktury.<\/p>\n<p data-start=\"1007\" data-end=\"1190\">Vnit\u0159n\u00ed \u010d\u00e1st je <strong data-start=\"1023\" data-end=\"1047\">mo\u0159en\u00e1 do syt\u011b \u010derna<\/strong>, p\u0159i\u010dem\u017e z\u016fst\u00e1vaj\u00ed viditeln\u00e9 <strong data-start=\"1077\" data-end=\"1111\">chodbi\u010dky po d\u0159evokazn\u00e9m hmyzu<\/strong> \u2013 <strong data-start=\"1114\" data-end=\"1152\">vypln\u011bn\u00e9 z\u00e1\u0159iv\u011b \u010derven\u00fdm pigmentem<\/strong>, kter\u00fd dod\u00e1v\u00e1 misce nap\u011bt\u00ed i \u017eivot.<\/p>\n<p data-start=\"1192\" data-end=\"1364\">Ka\u017ed\u00fd detail \u2013 od <strong data-start=\"1210\" data-end=\"1242\">prasklin po barevn\u00e9 p\u0159echody<\/strong> \u2013 je <strong data-start=\"1248\" data-end=\"1267\">neopakovatel\u00adn\u00fd<\/strong>.<br data-start=\"1268\" data-end=\"1271\" \/>Tento kus p\u016fsob\u00ed jako <strong data-start=\"1293\" data-end=\"1315\">tich\u00fd v\u00fdbuch kr\u00e1sy<\/strong>: surov\u00fd, napjat\u00fd, p\u0159itom <strong data-start=\"1341\" data-end=\"1361\">vnit\u0159n\u011b vyv\u00e1\u017een\u00fd<\/strong>.<\/p>","protected":false},"excerpt":{"rendered":"<p>Ru\u010dn\u011b soustru\u017een\u00e1 <strong data-start=\"319\" data-end=\"346\">misk\u0430 z masivn\u00edho d\u0159eva<\/strong>, kter\u00e1 propojuje <strong data-start=\"364\" data-end=\"386\">eleganci a drsnost<\/strong>.<\/p>\n<p>Kontrast mezi <strong data-start=\"404\" data-end=\"421\">temn\u00fdm nitrem<\/strong> a <strong data-start=\"424\" data-end=\"457\">metalicky tyrkysov\u00fdm povrchem<\/strong> s prasklinami vytv\u00e1\u0159\u00ed neopakovateln\u00fd charakter.<\/p>\n<p>Ka\u017ed\u00fd kus je <strong data-start=\"521\" data-end=\"560\">origin\u00e1l \u2013 surov\u00fd, \u017eiv\u00fd, opravdov\u00fd.<\/strong><\/p>","protected":false},"featured_media":6586,"template":"","meta":{"_editorskit_title_hidden":false,"_editorskit_reading_time":0,"_editorskit_is_block_options_detached":false,"_editorskit_block_options_position":"{}"},"product_brand":[394],"product_cat":[78],"product_tag":[],"class_list":{"0":"post-6585","1":"product","2":"type-product","3":"status-publish","4":"has-post-thumbnail","6":"product_brand-wood-punk","7":"product_cat-drevene-misky","8":"pa_material-tresnove-drevo","9":"pa_povrchova-uprava-ludvies-oil-pure","10":"pa_technika-akrylove-barvy-na-drevo","11":"pa_technika-barveni","12":"pa_technika-ebonizace-dreva","14":"entry","15":"has-media","17":"first","18":"instock","19":"shipping-taxable","20":"purchasable","21":"product-type-simple","22":"col","23":"span_1_of_5","24":"owp-content-center","25":"owp-thumbs-layout-horizontal","26":"owp-btn-normal","27":"owp-tabs-layout-horizontal"},"yoast_head":"<!-- This site is optimized with the Yoast SEO plugin v27.4 - https:\/\/yoast.com\/product\/yoast-seo-wordpress\/ -->\n<title>T\u0159e\u0161\u0148ov\u00e1 miska \u201eRud\u00fd zlom\u201c s metalick\u00fdm povrchem | WOOD PUNK<\/title>\n<meta name=\"description\" content=\"Ru\u010dn\u011b soustru\u017een\u00e1 miska z masivn\u00edho d\u0159eva s asymetrick\u00fdm tvarem, metalick\u00fdm tyrkysov\u00fdm povrchem s prasklinami a \u010dern\u00fdm vnit\u0159kem s rud\u00fdmi detaily. Origin\u00e1ln\u00ed um\u011bleck\u00fd kus z d\u00edlny WOOD PUNK.\" \/>\n<meta name=\"robots\" content=\"index, follow, max-snippet:-1, max-image-preview:large, max-video-preview:-1\" \/>\n<link rel=\"canonical\" href=\"https:\/\/woodpunk.cz\/en\/product\/tresnova-miska-rudy-zlom-22x8-cm\/\" \/>\n<meta property=\"og:locale\" content=\"en_US\" \/>\n<meta property=\"og:type\" content=\"article\" \/>\n<meta property=\"og:title\" content=\"T\u0159e\u0161\u0148ov\u00e1 miska \u201eRud\u00fd zlom\u201c s metalick\u00fdm povrchem | WOOD PUNK\" \/>\n<meta property=\"og:description\" content=\"Ru\u010dn\u011b soustru\u017een\u00e1 miska z masivn\u00edho d\u0159eva s asymetrick\u00fdm tvarem, metalick\u00fdm tyrkysov\u00fdm povrchem s prasklinami a \u010dern\u00fdm vnit\u0159kem s rud\u00fdmi detaily. Origin\u00e1ln\u00ed um\u011bleck\u00fd kus z d\u00edlny WOOD PUNK.\" \/>\n<meta property=\"og:url\" content=\"https:\/\/woodpunk.cz\/en\/product\/tresnova-miska-rudy-zlom-22x8-cm\/\" \/>\n<meta property=\"og:site_name\" content=\"WOOD PUNK\" \/>\n<meta property=\"article:publisher\" content=\"https:\/\/www.facebook.com\/JL.WoodPunk\" \/>\n<meta property=\"article:modified_time\" content=\"2025-12-16T19:16:30+00:00\" \/>\n<meta property=\"og:image\" content=\"https:\/\/woodpunk.cz\/wp-content\/uploads\/2025\/12\/Asymetricka-miska-\u201eRudy-zlom-22\u00d78-cm_4-scaled.jpg\" \/>\n\t<meta property=\"og:image:width\" content=\"2560\" \/>\n\t<meta property=\"og:image:height\" content=\"1920\" \/>\n\t<meta property=\"og:image:type\" content=\"image\/jpeg\" \/>\n<meta name=\"twitter:card\" content=\"summary_large_image\" \/>\n<meta name=\"twitter:label1\" content=\"Est. reading time\" \/>\n\t<meta name=\"twitter:data1\" content=\"1 minute\" \/>\n<script type=\"application\/ld+json\" class=\"yoast-schema-graph\">{\"@context\":\"https:\\\/\\\/schema.org\",\"@graph\":[{\"@type\":\"WebPage\",\"@id\":\"https:\\\/\\\/woodpunk.cz\\\/produkt\\\/tresnova-miska-rudy-zlom-22x8-cm\\\/\",\"url\":\"https:\\\/\\\/woodpunk.cz\\\/produkt\\\/tresnova-miska-rudy-zlom-22x8-cm\\\/\",\"name\":\"T\u0159e\u0161\u0148ov\u00e1 miska \u201eRud\u00fd zlom\u201c s metalick\u00fdm povrchem | WOOD PUNK\",\"isPartOf\":{\"@id\":\"https:\\\/\\\/woodpunk.cz\\\/#website\"},\"primaryImageOfPage\":{\"@id\":\"https:\\\/\\\/woodpunk.cz\\\/produkt\\\/tresnova-miska-rudy-zlom-22x8-cm\\\/#primaryimage\"},\"image\":{\"@id\":\"https:\\\/\\\/woodpunk.cz\\\/produkt\\\/tresnova-miska-rudy-zlom-22x8-cm\\\/#primaryimage\"},\"thumbnailUrl\":\"https:\\\/\\\/woodpunk.cz\\\/wp-content\\\/uploads\\\/2025\\\/12\\\/Asymetricka-miska-\u201eRudy-zlom-22\u00d78-cm_4-scaled.jpg\",\"datePublished\":\"2025-12-16T19:12:38+00:00\",\"dateModified\":\"2025-12-16T19:16:30+00:00\",\"description\":\"Ru\u010dn\u011b soustru\u017een\u00e1 miska z masivn\u00edho d\u0159eva s asymetrick\u00fdm tvarem, metalick\u00fdm tyrkysov\u00fdm povrchem s prasklinami a \u010dern\u00fdm vnit\u0159kem s rud\u00fdmi detaily. Origin\u00e1ln\u00ed um\u011bleck\u00fd kus z d\u00edlny WOOD PUNK.\",\"breadcrumb\":{\"@id\":\"https:\\\/\\\/woodpunk.cz\\\/produkt\\\/tresnova-miska-rudy-zlom-22x8-cm\\\/#breadcrumb\"},\"inLanguage\":\"en-US\",\"potentialAction\":[{\"@type\":\"ReadAction\",\"target\":[\"https:\\\/\\\/woodpunk.cz\\\/produkt\\\/tresnova-miska-rudy-zlom-22x8-cm\\\/\"]}]},{\"@type\":\"ImageObject\",\"inLanguage\":\"en-US\",\"@id\":\"https:\\\/\\\/woodpunk.cz\\\/produkt\\\/tresnova-miska-rudy-zlom-22x8-cm\\\/#primaryimage\",\"url\":\"https:\\\/\\\/woodpunk.cz\\\/wp-content\\\/uploads\\\/2025\\\/12\\\/Asymetricka-miska-\u201eRudy-zlom-22\u00d78-cm_4-scaled.jpg\",\"contentUrl\":\"https:\\\/\\\/woodpunk.cz\\\/wp-content\\\/uploads\\\/2025\\\/12\\\/Asymetricka-miska-\u201eRudy-zlom-22\u00d78-cm_4-scaled.jpg\",\"width\":2560,\"height\":1920},{\"@type\":\"BreadcrumbList\",\"@id\":\"https:\\\/\\\/woodpunk.cz\\\/produkt\\\/tresnova-miska-rudy-zlom-22x8-cm\\\/#breadcrumb\",\"itemListElement\":[{\"@type\":\"ListItem\",\"position\":1,\"name\":\"Dom\u016f\",\"item\":\"https:\\\/\\\/woodpunk.cz\\\/\"},{\"@type\":\"ListItem\",\"position\":2,\"name\":\"Obchod s d\u0159ev\u011bn\u00fdmi miskami a v\u00fdrobky z masivn\u00edho d\u0159eva\",\"item\":\"https:\\\/\\\/woodpunk.cz\\\/drevene-misky-a-vyrobky-ze-dreva\\\/\"},{\"@type\":\"ListItem\",\"position\":3,\"name\":\"Asymetrick\u00e1 miska \u201eRud\u00fd zlom\u201c (22\u00d78 cm)\"}]},{\"@type\":\"WebSite\",\"@id\":\"https:\\\/\\\/woodpunk.cz\\\/#website\",\"url\":\"https:\\\/\\\/woodpunk.cz\\\/\",\"name\":\"WOOD PUNK\",\"description\":\"\",\"publisher\":{\"@id\":\"https:\\\/\\\/woodpunk.cz\\\/#organization\"},\"alternateName\":\"\u0158emesln\u00e1 v\u00fdroba a prodej d\u0159ev\u011bn\u00fdch misek, v\u00e1z, kv\u011btn\u00edk\u016f a dal\u0161\u00edch d\u0159ev\u011bn\u00fdch nejenom soustru\u017een\u00fdch v\u00fdrobk\u016f.\",\"potentialAction\":[{\"@type\":\"SearchAction\",\"target\":{\"@type\":\"EntryPoint\",\"urlTemplate\":\"https:\\\/\\\/woodpunk.cz\\\/?s={search_term_string}\"},\"query-input\":{\"@type\":\"PropertyValueSpecification\",\"valueRequired\":true,\"valueName\":\"search_term_string\"}}],\"inLanguage\":\"en-US\"},{\"@type\":\"Organization\",\"@id\":\"https:\\\/\\\/woodpunk.cz\\\/#organization\",\"name\":\"WOOD PUNK\",\"alternateName\":\"\u0158emesln\u00e1 v\u00fdroba d\u0159ev\u011bn\u00fdch misek, v\u00e1z, kv\u011btn\u00edk\u016f a dal\u0161\u00edch d\u0159ev\u011bn\u00fdch nejenom soustru\u017een\u00fdch v\u00fdrobk\u016f.\",\"url\":\"https:\\\/\\\/woodpunk.cz\\\/\",\"logo\":{\"@type\":\"ImageObject\",\"inLanguage\":\"en-US\",\"@id\":\"https:\\\/\\\/woodpunk.cz\\\/#\\\/schema\\\/logo\\\/image\\\/\",\"url\":\"https:\\\/\\\/woodpunk.cz\\\/wp-content\\\/uploads\\\/2024\\\/04\\\/woodpunk_logo_260x213_f1f1f1ff.png\",\"contentUrl\":\"https:\\\/\\\/woodpunk.cz\\\/wp-content\\\/uploads\\\/2024\\\/04\\\/woodpunk_logo_260x213_f1f1f1ff.png\",\"width\":260,\"height\":213,\"caption\":\"WOOD PUNK\"},\"image\":{\"@id\":\"https:\\\/\\\/woodpunk.cz\\\/#\\\/schema\\\/logo\\\/image\\\/\"},\"sameAs\":[\"https:\\\/\\\/www.facebook.com\\\/JL.WoodPunk\",\"https:\\\/\\\/www.instagram.com\\\/jlwoodpunk\\\/\",\"https:\\\/\\\/www.youtube.com\\\/channel\\\/UCbpihje-owPtI1dpoNOqkyA\"]}]}<\/script>\n<!-- \/ Yoast SEO plugin. -->","yoast_head_json":{"title":"T\u0159e\u0161\u0148ov\u00e1 miska \u201eRud\u00fd zlom\u201c s metalick\u00fdm povrchem | WOOD PUNK","description":"Ru\u010dn\u011b soustru\u017een\u00e1 miska z masivn\u00edho d\u0159eva s asymetrick\u00fdm tvarem, metalick\u00fdm tyrkysov\u00fdm povrchem s prasklinami a \u010dern\u00fdm vnit\u0159kem s rud\u00fdmi detaily. Origin\u00e1ln\u00ed um\u011bleck\u00fd kus z d\u00edlny WOOD PUNK.","robots":{"index":"index","follow":"follow","max-snippet":"max-snippet:-1","max-image-preview":"max-image-preview:large","max-video-preview":"max-video-preview:-1"},"canonical":"https:\/\/woodpunk.cz\/en\/product\/tresnova-miska-rudy-zlom-22x8-cm\/","og_locale":"en_US","og_type":"article","og_title":"T\u0159e\u0161\u0148ov\u00e1 miska \u201eRud\u00fd zlom\u201c s metalick\u00fdm povrchem | WOOD PUNK","og_description":"Ru\u010dn\u011b soustru\u017een\u00e1 miska z masivn\u00edho d\u0159eva s asymetrick\u00fdm tvarem, metalick\u00fdm tyrkysov\u00fdm povrchem s prasklinami a \u010dern\u00fdm vnit\u0159kem s rud\u00fdmi detaily. Origin\u00e1ln\u00ed um\u011bleck\u00fd kus z d\u00edlny WOOD PUNK.","og_url":"https:\/\/woodpunk.cz\/en\/product\/tresnova-miska-rudy-zlom-22x8-cm\/","og_site_name":"WOOD PUNK","article_publisher":"https:\/\/www.facebook.com\/JL.WoodPunk","article_modified_time":"2025-12-16T19:16:30+00:00","og_image":[{"width":2560,"height":1920,"url":"https:\/\/woodpunk.cz\/wp-content\/uploads\/2025\/12\/Asymetricka-miska-\u201eRudy-zlom-22\u00d78-cm_4-scaled.jpg","type":"image\/jpeg"}],"twitter_card":"summary_large_image","twitter_misc":{"Est. reading time":"1 minute"},"schema":{"@context":"https:\/\/schema.org","@graph":[{"@type":"WebPage","@id":"https:\/\/woodpunk.cz\/produkt\/tresnova-miska-rudy-zlom-22x8-cm\/","url":"https:\/\/woodpunk.cz\/produkt\/tresnova-miska-rudy-zlom-22x8-cm\/","name":"T\u0159e\u0161\u0148ov\u00e1 miska \u201eRud\u00fd zlom\u201c s metalick\u00fdm povrchem | WOOD PUNK","isPartOf":{"@id":"https:\/\/woodpunk.cz\/#website"},"primaryImageOfPage":{"@id":"https:\/\/woodpunk.cz\/produkt\/tresnova-miska-rudy-zlom-22x8-cm\/#primaryimage"},"image":{"@id":"https:\/\/woodpunk.cz\/produkt\/tresnova-miska-rudy-zlom-22x8-cm\/#primaryimage"},"thumbnailUrl":"https:\/\/woodpunk.cz\/wp-content\/uploads\/2025\/12\/Asymetricka-miska-\u201eRudy-zlom-22\u00d78-cm_4-scaled.jpg","datePublished":"2025-12-16T19:12:38+00:00","dateModified":"2025-12-16T19:16:30+00:00","description":"Ru\u010dn\u011b soustru\u017een\u00e1 miska z masivn\u00edho d\u0159eva s asymetrick\u00fdm tvarem, metalick\u00fdm tyrkysov\u00fdm povrchem s prasklinami a \u010dern\u00fdm vnit\u0159kem s rud\u00fdmi detaily. Origin\u00e1ln\u00ed um\u011bleck\u00fd kus z d\u00edlny WOOD PUNK.","breadcrumb":{"@id":"https:\/\/woodpunk.cz\/produkt\/tresnova-miska-rudy-zlom-22x8-cm\/#breadcrumb"},"inLanguage":"en-US","potentialAction":[{"@type":"ReadAction","target":["https:\/\/woodpunk.cz\/produkt\/tresnova-miska-rudy-zlom-22x8-cm\/"]}]},{"@type":"ImageObject","inLanguage":"en-US","@id":"https:\/\/woodpunk.cz\/produkt\/tresnova-miska-rudy-zlom-22x8-cm\/#primaryimage","url":"https:\/\/woodpunk.cz\/wp-content\/uploads\/2025\/12\/Asymetricka-miska-\u201eRudy-zlom-22\u00d78-cm_4-scaled.jpg","contentUrl":"https:\/\/woodpunk.cz\/wp-content\/uploads\/2025\/12\/Asymetricka-miska-\u201eRudy-zlom-22\u00d78-cm_4-scaled.jpg","width":2560,"height":1920},{"@type":"BreadcrumbList","@id":"https:\/\/woodpunk.cz\/produkt\/tresnova-miska-rudy-zlom-22x8-cm\/#breadcrumb","itemListElement":[{"@type":"ListItem","position":1,"name":"Dom\u016f","item":"https:\/\/woodpunk.cz\/"},{"@type":"ListItem","position":2,"name":"Obchod s d\u0159ev\u011bn\u00fdmi miskami a v\u00fdrobky z masivn\u00edho d\u0159eva","item":"https:\/\/woodpunk.cz\/drevene-misky-a-vyrobky-ze-dreva\/"},{"@type":"ListItem","position":3,"name":"Asymetrick\u00e1 miska \u201eRud\u00fd zlom\u201c (22\u00d78 cm)"}]},{"@type":"WebSite","@id":"https:\/\/woodpunk.cz\/#website","url":"https:\/\/woodpunk.cz\/","name":"WOOD PUNK","description":"","publisher":{"@id":"https:\/\/woodpunk.cz\/#organization"},"alternateName":"\u0158emesln\u00e1 v\u00fdroba a prodej d\u0159ev\u011bn\u00fdch misek, v\u00e1z, kv\u011btn\u00edk\u016f a dal\u0161\u00edch d\u0159ev\u011bn\u00fdch nejenom soustru\u017een\u00fdch v\u00fdrobk\u016f.","potentialAction":[{"@type":"SearchAction","target":{"@type":"EntryPoint","urlTemplate":"https:\/\/woodpunk.cz\/?s={search_term_string}"},"query-input":{"@type":"PropertyValueSpecification","valueRequired":true,"valueName":"search_term_string"}}],"inLanguage":"en-US"},{"@type":"Organization","@id":"https:\/\/woodpunk.cz\/#organization","name":"WOOD PUNK","alternateName":"\u0158emesln\u00e1 v\u00fdroba d\u0159ev\u011bn\u00fdch misek, v\u00e1z, kv\u011btn\u00edk\u016f a dal\u0161\u00edch d\u0159ev\u011bn\u00fdch nejenom soustru\u017een\u00fdch v\u00fdrobk\u016f.","url":"https:\/\/woodpunk.cz\/","logo":{"@type":"ImageObject","inLanguage":"en-US","@id":"https:\/\/woodpunk.cz\/#\/schema\/logo\/image\/","url":"https:\/\/woodpunk.cz\/wp-content\/uploads\/2024\/04\/woodpunk_logo_260x213_f1f1f1ff.png","contentUrl":"https:\/\/woodpunk.cz\/wp-content\/uploads\/2024\/04\/woodpunk_logo_260x213_f1f1f1ff.png","width":260,"height":213,"caption":"WOOD PUNK"},"image":{"@id":"https:\/\/woodpunk.cz\/#\/schema\/logo\/image\/"},"sameAs":["https:\/\/www.facebook.com\/JL.WoodPunk","https:\/\/www.instagram.com\/jlwoodpunk\/","https:\/\/www.youtube.com\/channel\/UCbpihje-owPtI1dpoNOqkyA"]}]}},"_links":{"self":[{"href":"https:\/\/woodpunk.cz\/en\/wp-json\/wp\/v2\/product\/6585","targetHints":{"allow":["GET"]}}],"collection":[{"href":"https:\/\/woodpunk.cz\/en\/wp-json\/wp\/v2\/product"}],"about":[{"href":"https:\/\/woodpunk.cz\/en\/wp-json\/wp\/v2\/types\/product"}],"wp:featuredmedia":[{"embeddable":true,"href":"https:\/\/woodpunk.cz\/en\/wp-json\/wp\/v2\/media\/6586"}],"wp:attachment":[{"href":"https:\/\/woodpunk.cz\/en\/wp-json\/wp\/v2\/media?parent=6585"}],"wp:term":[{"taxonomy":"product_brand","embeddable":true,"href":"https:\/\/woodpunk.cz\/en\/wp-json\/wp\/v2\/product_brand?post=6585"},{"taxonomy":"product_cat","embeddable":true,"href":"https:\/\/woodpunk.cz\/en\/wp-json\/wp\/v2\/product_cat?post=6585"},{"taxonomy":"product_tag","embeddable":true,"href":"https:\/\/woodpunk.cz\/en\/wp-json\/wp\/v2\/product_tag?post=6585"}],"curies":[{"name":"wp","href":"https:\/\/api.w.org\/{rel}","templated":true}]}}