{"id":6475,"date":"2025-09-29T09:39:50","date_gmt":"2025-09-29T07:39:50","guid":{"rendered":"https:\/\/woodpunk.cz\/?post_type=product&#038;p=6475"},"modified":"2025-12-16T09:46:57","modified_gmt":"2025-12-16T08:46:57","slug":"spaltovana-orechova-miska-ohniva-lava","status":"publish","type":"product","link":"https:\/\/woodpunk.cz\/en\/product\/spaltovana-orechova-miska-ohniva-lava\/","title":{"rendered":"Spalted Walnut Bowl \u201cFiery Lava\u201d (23\u00d77 cm)"},"content":{"rendered":"<p data-start=\"1562\" data-end=\"1711\">Tato miska o rozm\u011bru <strong data-start=\"1583\" data-end=\"1596\">23 \u00d7 7 cm<\/strong> je origin\u00e1ln\u00ed kus, kter\u00fd propojuje <strong data-start=\"1632\" data-end=\"1669\">divokou kr\u00e1su spaltovan\u00e9ho o\u0159echu<\/strong> s v\u00fdtvarn\u00fdm pojet\u00edm inspirovan\u00fdm ohn\u011bm.<\/p>\n<p data-start=\"1713\" data-end=\"1989\">Vn\u011bj\u0161\u00ed strana byla opat\u0159ena <strong data-start=\"1741\" data-end=\"1775\">dvouvrstvou povrchovou \u00fapravou<\/strong>: \u010dern\u00fd z\u00e1klad se svr\u0161n\u00ed \u010dervenou vrstvou, kter\u00e1 d\u00edky krakelov\u00e1n\u00ed popraskala a vytv\u00e1\u0159\u00ed efekt <strong data-start=\"1868\" data-end=\"1882\">\u017ehav\u00e9 l\u00e1vy<\/strong>.<br data-start=\"1883\" data-end=\"1886\" \/>Horn\u00ed okraj je zv\u00fdrazn\u011bn <strong data-start=\"1911\" data-end=\"1931\">zlat\u00fdm pigmentem<\/strong>, kter\u00fd se jemn\u011b prol\u00edn\u00e1 i do detail\u016f vnit\u0159n\u00edho povrchu.<\/p>\n<p data-start=\"1991\" data-end=\"2164\">Uvnit\u0159 miska z\u016fst\u00e1v\u00e1 v\u011brn\u00e1 p\u0159\u00edrod\u011b \u2013 <strong data-start=\"2028\" data-end=\"2058\">kresba spaltovan\u00e9ho o\u0159echu<\/strong>, t\u00f3novan\u00e1 do \u010dervena a s p\u00f3ry vypln\u011bn\u00fdmi zlatem, p\u016fsob\u00ed jako elegantn\u00ed kontrast k dramatick\u00e9mu vn\u011bj\u0161ku.<\/p>\n<p data-start=\"2166\" data-end=\"2273\">Tento kus je <strong data-start=\"2179\" data-end=\"2202\">f\u00faze ohn\u011b a d\u0159eva<\/strong> \u2013 funk\u010dn\u00ed a p\u0159itom um\u011bleck\u00fd p\u0159edm\u011bt, kter\u00fd nez\u016fstane bez pov\u0161imnut\u00ed.<\/p>","protected":false},"excerpt":{"rendered":"<p>Autorsk\u00e1 miska ze <strong data-start=\"1358\" data-end=\"1391\">spaltovan\u00e9ho o\u0159echov\u00e9ho d\u0159eva<\/strong> s v\u00fdrazn\u00fdm kontrastem \u2013 <strong data-start=\"1416\" data-end=\"1458\">\u010derven\u00e1 krakel\u00e1\u017e s \u010dern\u00fdmi prasklinami<\/strong> na vn\u011bj\u0161\u00ed stran\u011b, zlat\u00fd okraj a p\u0159irozen\u00fd vnit\u0159ek se zlatav\u011b zv\u00fdrazn\u011bn\u00fdmi p\u00f3ry.<\/p>","protected":false},"featured_media":6476,"template":"","meta":{"_editorskit_title_hidden":false,"_editorskit_reading_time":0,"_editorskit_is_block_options_detached":false,"_editorskit_block_options_position":"{}"},"product_brand":[394],"product_cat":[78],"product_tag":[],"class_list":{"0":"post-6475","1":"product","2":"type-product","3":"status-publish","4":"has-post-thumbnail","6":"product_brand-wood-punk","7":"product_cat-drevene-misky","8":"pa_material-orechove-drevo","9":"pa_material-spaltovane-drevo","10":"pa_povrchova-uprava-ludvies-oil-copper-brown","11":"pa_technika-akrylove-barvy-na-drevo","12":"pa_technika-krakelovani-dreva","14":"entry","15":"has-media","17":"first","18":"outofstock","19":"shipping-taxable","20":"purchasable","21":"product-type-simple","22":"col","23":"span_1_of_5","24":"owp-content-center","25":"owp-thumbs-layout-horizontal","26":"owp-btn-normal","27":"owp-tabs-layout-horizontal"},"yoast_head":"<!-- This site is optimized with the Yoast SEO plugin v27.4 - https:\/\/yoast.com\/product\/yoast-seo-wordpress\/ -->\n<title>Spaltovan\u00e1 o\u0159echov\u00e1 miska Ohniv\u00e1 l\u00e1va \u2013 \u010derven\u00e1 krakel\u00e1\u017e | WOOD PUNK<\/title>\n<meta name=\"description\" content=\"Autorsk\u00e1 spaltovan\u00e1 o\u0159echov\u00e1 miska \u201eOhniv\u00e1 l\u00e1va\u201c (23 \u00d7 7 cm) \u2013 \u010derven\u00e1 krakel\u00e1\u017e s \u010dern\u00fdmi prasklinami, zlat\u00fd okraj a p\u0159irozen\u00fd spaltovan\u00fd vnit\u0159ek. Jedine\u010dn\u00fd artefakt inspirovan\u00fd ohn\u011bm.\" \/>\n<meta name=\"robots\" content=\"index, follow, max-snippet:-1, max-image-preview:large, max-video-preview:-1\" \/>\n<link rel=\"canonical\" href=\"https:\/\/woodpunk.cz\/en\/product\/spaltovana-orechova-miska-ohniva-lava\/\" \/>\n<meta property=\"og:locale\" content=\"en_US\" \/>\n<meta property=\"og:type\" content=\"article\" \/>\n<meta property=\"og:title\" content=\"Spaltovan\u00e1 o\u0159echov\u00e1 miska Ohniv\u00e1 l\u00e1va \u2013 \u010derven\u00e1 krakel\u00e1\u017e | WOOD PUNK\" \/>\n<meta property=\"og:description\" content=\"Autorsk\u00e1 spaltovan\u00e1 o\u0159echov\u00e1 miska \u201eOhniv\u00e1 l\u00e1va\u201c (23 \u00d7 7 cm) \u2013 \u010derven\u00e1 krakel\u00e1\u017e s \u010dern\u00fdmi prasklinami, zlat\u00fd okraj a p\u0159irozen\u00fd spaltovan\u00fd vnit\u0159ek. Jedine\u010dn\u00fd artefakt inspirovan\u00fd ohn\u011bm.\" \/>\n<meta property=\"og:url\" content=\"https:\/\/woodpunk.cz\/en\/product\/spaltovana-orechova-miska-ohniva-lava\/\" \/>\n<meta property=\"og:site_name\" content=\"WOOD PUNK\" \/>\n<meta property=\"article:publisher\" content=\"https:\/\/www.facebook.com\/JL.WoodPunk\" \/>\n<meta property=\"article:modified_time\" content=\"2025-12-16T08:46:57+00:00\" \/>\n<meta property=\"og:image\" content=\"https:\/\/woodpunk.cz\/wp-content\/uploads\/2025\/09\/spaltovana-orechova-miska-ohniva-lava-scaled.jpg\" \/>\n\t<meta property=\"og:image:width\" content=\"2560\" \/>\n\t<meta property=\"og:image:height\" content=\"1920\" \/>\n\t<meta property=\"og:image:type\" content=\"image\/jpeg\" \/>\n<meta name=\"twitter:card\" content=\"summary_large_image\" \/>\n<meta name=\"twitter:label1\" content=\"Est. reading time\" \/>\n\t<meta name=\"twitter:data1\" content=\"1 minute\" \/>\n<script type=\"application\/ld+json\" class=\"yoast-schema-graph\">{\"@context\":\"https:\\\/\\\/schema.org\",\"@graph\":[{\"@type\":\"WebPage\",\"@id\":\"https:\\\/\\\/woodpunk.cz\\\/produkt\\\/spaltovana-orechova-miska-ohniva-lava\\\/\",\"url\":\"https:\\\/\\\/woodpunk.cz\\\/produkt\\\/spaltovana-orechova-miska-ohniva-lava\\\/\",\"name\":\"Spaltovan\u00e1 o\u0159echov\u00e1 miska Ohniv\u00e1 l\u00e1va \u2013 \u010derven\u00e1 krakel\u00e1\u017e | WOOD PUNK\",\"isPartOf\":{\"@id\":\"https:\\\/\\\/woodpunk.cz\\\/#website\"},\"primaryImageOfPage\":{\"@id\":\"https:\\\/\\\/woodpunk.cz\\\/produkt\\\/spaltovana-orechova-miska-ohniva-lava\\\/#primaryimage\"},\"image\":{\"@id\":\"https:\\\/\\\/woodpunk.cz\\\/produkt\\\/spaltovana-orechova-miska-ohniva-lava\\\/#primaryimage\"},\"thumbnailUrl\":\"https:\\\/\\\/woodpunk.cz\\\/wp-content\\\/uploads\\\/2025\\\/09\\\/spaltovana-orechova-miska-ohniva-lava-scaled.jpg\",\"datePublished\":\"2025-09-29T07:39:50+00:00\",\"dateModified\":\"2025-12-16T08:46:57+00:00\",\"description\":\"Autorsk\u00e1 spaltovan\u00e1 o\u0159echov\u00e1 miska \u201eOhniv\u00e1 l\u00e1va\u201c (23 \u00d7 7 cm) \u2013 \u010derven\u00e1 krakel\u00e1\u017e s \u010dern\u00fdmi prasklinami, zlat\u00fd okraj a p\u0159irozen\u00fd spaltovan\u00fd vnit\u0159ek. Jedine\u010dn\u00fd artefakt inspirovan\u00fd ohn\u011bm.\",\"breadcrumb\":{\"@id\":\"https:\\\/\\\/woodpunk.cz\\\/produkt\\\/spaltovana-orechova-miska-ohniva-lava\\\/#breadcrumb\"},\"inLanguage\":\"en-US\",\"potentialAction\":[{\"@type\":\"ReadAction\",\"target\":[\"https:\\\/\\\/woodpunk.cz\\\/produkt\\\/spaltovana-orechova-miska-ohniva-lava\\\/\"]}]},{\"@type\":\"ImageObject\",\"inLanguage\":\"en-US\",\"@id\":\"https:\\\/\\\/woodpunk.cz\\\/produkt\\\/spaltovana-orechova-miska-ohniva-lava\\\/#primaryimage\",\"url\":\"https:\\\/\\\/woodpunk.cz\\\/wp-content\\\/uploads\\\/2025\\\/09\\\/spaltovana-orechova-miska-ohniva-lava-scaled.jpg\",\"contentUrl\":\"https:\\\/\\\/woodpunk.cz\\\/wp-content\\\/uploads\\\/2025\\\/09\\\/spaltovana-orechova-miska-ohniva-lava-scaled.jpg\",\"width\":2560,\"height\":1920,\"caption\":\"Spaltovan\u00e1 o\u0159echov\u00e1 miska (23 \u00d7 7 cm) s \u010dervenou krakel\u00e1\u017e\u00ed, \u010dern\u00fdmi prasklinami a p\u0159irozenou kresbou uvnit\u0159.\"},{\"@type\":\"BreadcrumbList\",\"@id\":\"https:\\\/\\\/woodpunk.cz\\\/produkt\\\/spaltovana-orechova-miska-ohniva-lava\\\/#breadcrumb\",\"itemListElement\":[{\"@type\":\"ListItem\",\"position\":1,\"name\":\"Dom\u016f\",\"item\":\"https:\\\/\\\/woodpunk.cz\\\/\"},{\"@type\":\"ListItem\",\"position\":2,\"name\":\"Obchod s d\u0159ev\u011bn\u00fdmi miskami a v\u00fdrobky z masivn\u00edho d\u0159eva\",\"item\":\"https:\\\/\\\/woodpunk.cz\\\/drevene-misky-a-vyrobky-ze-dreva\\\/\"},{\"@type\":\"ListItem\",\"position\":3,\"name\":\"Spaltovan\u00e1 o\u0159echov\u00e1 miska \u201eOhniv\u00e1 l\u00e1va\u201c (23\u00d77 cm)\"}]},{\"@type\":\"WebSite\",\"@id\":\"https:\\\/\\\/woodpunk.cz\\\/#website\",\"url\":\"https:\\\/\\\/woodpunk.cz\\\/\",\"name\":\"WOOD PUNK\",\"description\":\"\",\"publisher\":{\"@id\":\"https:\\\/\\\/woodpunk.cz\\\/#organization\"},\"alternateName\":\"\u0158emesln\u00e1 v\u00fdroba a prodej d\u0159ev\u011bn\u00fdch misek, v\u00e1z, kv\u011btn\u00edk\u016f a dal\u0161\u00edch d\u0159ev\u011bn\u00fdch nejenom soustru\u017een\u00fdch v\u00fdrobk\u016f.\",\"potentialAction\":[{\"@type\":\"SearchAction\",\"target\":{\"@type\":\"EntryPoint\",\"urlTemplate\":\"https:\\\/\\\/woodpunk.cz\\\/?s={search_term_string}\"},\"query-input\":{\"@type\":\"PropertyValueSpecification\",\"valueRequired\":true,\"valueName\":\"search_term_string\"}}],\"inLanguage\":\"en-US\"},{\"@type\":\"Organization\",\"@id\":\"https:\\\/\\\/woodpunk.cz\\\/#organization\",\"name\":\"WOOD PUNK\",\"alternateName\":\"\u0158emesln\u00e1 v\u00fdroba d\u0159ev\u011bn\u00fdch misek, v\u00e1z, kv\u011btn\u00edk\u016f a dal\u0161\u00edch d\u0159ev\u011bn\u00fdch nejenom soustru\u017een\u00fdch v\u00fdrobk\u016f.\",\"url\":\"https:\\\/\\\/woodpunk.cz\\\/\",\"logo\":{\"@type\":\"ImageObject\",\"inLanguage\":\"en-US\",\"@id\":\"https:\\\/\\\/woodpunk.cz\\\/#\\\/schema\\\/logo\\\/image\\\/\",\"url\":\"https:\\\/\\\/woodpunk.cz\\\/wp-content\\\/uploads\\\/2024\\\/04\\\/woodpunk_logo_260x213_f1f1f1ff.png\",\"contentUrl\":\"https:\\\/\\\/woodpunk.cz\\\/wp-content\\\/uploads\\\/2024\\\/04\\\/woodpunk_logo_260x213_f1f1f1ff.png\",\"width\":260,\"height\":213,\"caption\":\"WOOD PUNK\"},\"image\":{\"@id\":\"https:\\\/\\\/woodpunk.cz\\\/#\\\/schema\\\/logo\\\/image\\\/\"},\"sameAs\":[\"https:\\\/\\\/www.facebook.com\\\/JL.WoodPunk\",\"https:\\\/\\\/www.instagram.com\\\/jlwoodpunk\\\/\",\"https:\\\/\\\/www.youtube.com\\\/channel\\\/UCbpihje-owPtI1dpoNOqkyA\"]}]}<\/script>\n<!-- \/ Yoast SEO plugin. -->","yoast_head_json":{"title":"Spaltovan\u00e1 o\u0159echov\u00e1 miska Ohniv\u00e1 l\u00e1va \u2013 \u010derven\u00e1 krakel\u00e1\u017e | WOOD PUNK","description":"Autorsk\u00e1 spaltovan\u00e1 o\u0159echov\u00e1 miska \u201eOhniv\u00e1 l\u00e1va\u201c (23 \u00d7 7 cm) \u2013 \u010derven\u00e1 krakel\u00e1\u017e s \u010dern\u00fdmi prasklinami, zlat\u00fd okraj a p\u0159irozen\u00fd spaltovan\u00fd vnit\u0159ek. Jedine\u010dn\u00fd artefakt inspirovan\u00fd ohn\u011bm.","robots":{"index":"index","follow":"follow","max-snippet":"max-snippet:-1","max-image-preview":"max-image-preview:large","max-video-preview":"max-video-preview:-1"},"canonical":"https:\/\/woodpunk.cz\/en\/product\/spaltovana-orechova-miska-ohniva-lava\/","og_locale":"en_US","og_type":"article","og_title":"Spaltovan\u00e1 o\u0159echov\u00e1 miska Ohniv\u00e1 l\u00e1va \u2013 \u010derven\u00e1 krakel\u00e1\u017e | WOOD PUNK","og_description":"Autorsk\u00e1 spaltovan\u00e1 o\u0159echov\u00e1 miska \u201eOhniv\u00e1 l\u00e1va\u201c (23 \u00d7 7 cm) \u2013 \u010derven\u00e1 krakel\u00e1\u017e s \u010dern\u00fdmi prasklinami, zlat\u00fd okraj a p\u0159irozen\u00fd spaltovan\u00fd vnit\u0159ek. Jedine\u010dn\u00fd artefakt inspirovan\u00fd ohn\u011bm.","og_url":"https:\/\/woodpunk.cz\/en\/product\/spaltovana-orechova-miska-ohniva-lava\/","og_site_name":"WOOD PUNK","article_publisher":"https:\/\/www.facebook.com\/JL.WoodPunk","article_modified_time":"2025-12-16T08:46:57+00:00","og_image":[{"width":2560,"height":1920,"url":"https:\/\/woodpunk.cz\/wp-content\/uploads\/2025\/09\/spaltovana-orechova-miska-ohniva-lava-scaled.jpg","type":"image\/jpeg"}],"twitter_card":"summary_large_image","twitter_misc":{"Est. reading time":"1 minute"},"schema":{"@context":"https:\/\/schema.org","@graph":[{"@type":"WebPage","@id":"https:\/\/woodpunk.cz\/produkt\/spaltovana-orechova-miska-ohniva-lava\/","url":"https:\/\/woodpunk.cz\/produkt\/spaltovana-orechova-miska-ohniva-lava\/","name":"Spaltovan\u00e1 o\u0159echov\u00e1 miska Ohniv\u00e1 l\u00e1va \u2013 \u010derven\u00e1 krakel\u00e1\u017e | WOOD PUNK","isPartOf":{"@id":"https:\/\/woodpunk.cz\/#website"},"primaryImageOfPage":{"@id":"https:\/\/woodpunk.cz\/produkt\/spaltovana-orechova-miska-ohniva-lava\/#primaryimage"},"image":{"@id":"https:\/\/woodpunk.cz\/produkt\/spaltovana-orechova-miska-ohniva-lava\/#primaryimage"},"thumbnailUrl":"https:\/\/woodpunk.cz\/wp-content\/uploads\/2025\/09\/spaltovana-orechova-miska-ohniva-lava-scaled.jpg","datePublished":"2025-09-29T07:39:50+00:00","dateModified":"2025-12-16T08:46:57+00:00","description":"Autorsk\u00e1 spaltovan\u00e1 o\u0159echov\u00e1 miska \u201eOhniv\u00e1 l\u00e1va\u201c (23 \u00d7 7 cm) \u2013 \u010derven\u00e1 krakel\u00e1\u017e s \u010dern\u00fdmi prasklinami, zlat\u00fd okraj a p\u0159irozen\u00fd spaltovan\u00fd vnit\u0159ek. Jedine\u010dn\u00fd artefakt inspirovan\u00fd ohn\u011bm.","breadcrumb":{"@id":"https:\/\/woodpunk.cz\/produkt\/spaltovana-orechova-miska-ohniva-lava\/#breadcrumb"},"inLanguage":"en-US","potentialAction":[{"@type":"ReadAction","target":["https:\/\/woodpunk.cz\/produkt\/spaltovana-orechova-miska-ohniva-lava\/"]}]},{"@type":"ImageObject","inLanguage":"en-US","@id":"https:\/\/woodpunk.cz\/produkt\/spaltovana-orechova-miska-ohniva-lava\/#primaryimage","url":"https:\/\/woodpunk.cz\/wp-content\/uploads\/2025\/09\/spaltovana-orechova-miska-ohniva-lava-scaled.jpg","contentUrl":"https:\/\/woodpunk.cz\/wp-content\/uploads\/2025\/09\/spaltovana-orechova-miska-ohniva-lava-scaled.jpg","width":2560,"height":1920,"caption":"Spaltovan\u00e1 o\u0159echov\u00e1 miska (23 \u00d7 7 cm) s \u010dervenou krakel\u00e1\u017e\u00ed, \u010dern\u00fdmi prasklinami a p\u0159irozenou kresbou uvnit\u0159."},{"@type":"BreadcrumbList","@id":"https:\/\/woodpunk.cz\/produkt\/spaltovana-orechova-miska-ohniva-lava\/#breadcrumb","itemListElement":[{"@type":"ListItem","position":1,"name":"Dom\u016f","item":"https:\/\/woodpunk.cz\/"},{"@type":"ListItem","position":2,"name":"Obchod s d\u0159ev\u011bn\u00fdmi miskami a v\u00fdrobky z masivn\u00edho d\u0159eva","item":"https:\/\/woodpunk.cz\/drevene-misky-a-vyrobky-ze-dreva\/"},{"@type":"ListItem","position":3,"name":"Spaltovan\u00e1 o\u0159echov\u00e1 miska \u201eOhniv\u00e1 l\u00e1va\u201c (23\u00d77 cm)"}]},{"@type":"WebSite","@id":"https:\/\/woodpunk.cz\/#website","url":"https:\/\/woodpunk.cz\/","name":"WOOD PUNK","description":"","publisher":{"@id":"https:\/\/woodpunk.cz\/#organization"},"alternateName":"\u0158emesln\u00e1 v\u00fdroba a prodej d\u0159ev\u011bn\u00fdch misek, v\u00e1z, kv\u011btn\u00edk\u016f a dal\u0161\u00edch d\u0159ev\u011bn\u00fdch nejenom soustru\u017een\u00fdch v\u00fdrobk\u016f.","potentialAction":[{"@type":"SearchAction","target":{"@type":"EntryPoint","urlTemplate":"https:\/\/woodpunk.cz\/?s={search_term_string}"},"query-input":{"@type":"PropertyValueSpecification","valueRequired":true,"valueName":"search_term_string"}}],"inLanguage":"en-US"},{"@type":"Organization","@id":"https:\/\/woodpunk.cz\/#organization","name":"WOOD PUNK","alternateName":"\u0158emesln\u00e1 v\u00fdroba d\u0159ev\u011bn\u00fdch misek, v\u00e1z, kv\u011btn\u00edk\u016f a dal\u0161\u00edch d\u0159ev\u011bn\u00fdch nejenom soustru\u017een\u00fdch v\u00fdrobk\u016f.","url":"https:\/\/woodpunk.cz\/","logo":{"@type":"ImageObject","inLanguage":"en-US","@id":"https:\/\/woodpunk.cz\/#\/schema\/logo\/image\/","url":"https:\/\/woodpunk.cz\/wp-content\/uploads\/2024\/04\/woodpunk_logo_260x213_f1f1f1ff.png","contentUrl":"https:\/\/woodpunk.cz\/wp-content\/uploads\/2024\/04\/woodpunk_logo_260x213_f1f1f1ff.png","width":260,"height":213,"caption":"WOOD PUNK"},"image":{"@id":"https:\/\/woodpunk.cz\/#\/schema\/logo\/image\/"},"sameAs":["https:\/\/www.facebook.com\/JL.WoodPunk","https:\/\/www.instagram.com\/jlwoodpunk\/","https:\/\/www.youtube.com\/channel\/UCbpihje-owPtI1dpoNOqkyA"]}]}},"_links":{"self":[{"href":"https:\/\/woodpunk.cz\/en\/wp-json\/wp\/v2\/product\/6475","targetHints":{"allow":["GET"]}}],"collection":[{"href":"https:\/\/woodpunk.cz\/en\/wp-json\/wp\/v2\/product"}],"about":[{"href":"https:\/\/woodpunk.cz\/en\/wp-json\/wp\/v2\/types\/product"}],"wp:featuredmedia":[{"embeddable":true,"href":"https:\/\/woodpunk.cz\/en\/wp-json\/wp\/v2\/media\/6476"}],"wp:attachment":[{"href":"https:\/\/woodpunk.cz\/en\/wp-json\/wp\/v2\/media?parent=6475"}],"wp:term":[{"taxonomy":"product_brand","embeddable":true,"href":"https:\/\/woodpunk.cz\/en\/wp-json\/wp\/v2\/product_brand?post=6475"},{"taxonomy":"product_cat","embeddable":true,"href":"https:\/\/woodpunk.cz\/en\/wp-json\/wp\/v2\/product_cat?post=6475"},{"taxonomy":"product_tag","embeddable":true,"href":"https:\/\/woodpunk.cz\/en\/wp-json\/wp\/v2\/product_tag?post=6475"}],"curies":[{"name":"wp","href":"https:\/\/api.w.org\/{rel}","templated":true}]}}