{"id":6349,"date":"2025-07-02T15:08:33","date_gmt":"2025-07-02T13:08:33","guid":{"rendered":"https:\/\/woodpunk.cz\/?post_type=product&#038;p=6349"},"modified":"2025-07-02T15:39:38","modified_gmt":"2025-07-02T13:39:38","slug":"misa-turecka-liska-ebonizovana-cerveny-limecek","status":"publish","type":"product","link":"https:\/\/woodpunk.cz\/en\/product\/misa-turecka-liska-ebonizovana-cerveny-limecek\/","title":{"rendered":"Turkish Hazel Bowl with a Red Collar (20\u00d79 cm)"},"content":{"rendered":"<p data-start=\"180\" data-end=\"393\">Autorsk\u00e1 d\u0159ev\u011bn\u00e1 m\u00edsa z tureck\u00e9 l\u00edsky \u2013 d\u0159eva, kter\u00e9 si nese pam\u011b\u0165 \u010dasu i \u017eivota pod k\u016frou. Stopy po larv\u00e1ch d\u0159evokazn\u00e9ho hmyzu se prom\u011bnily v estetick\u00fd prvek, kter\u00fd dod\u00e1v\u00e1 objektu surov\u00fd v\u00fdraz a vizu\u00e1ln\u00ed hloubku.<\/p>\n<p data-start=\"395\" data-end=\"823\">Tvar m\u00edsy p\u0159ipom\u00edn\u00e1 naklon\u011bn\u00e9 p\u00edsmeno S \u2013 spodn\u00ed \u010d\u00e1st p\u0159ech\u00e1z\u00ed v decentn\u00ed no\u017eku, celek p\u016fsob\u00ed dynamicky a z\u00e1rove\u0148 ladn\u011b. Vn\u011bj\u0161\u00ed strana je o\u0161et\u0159ena plamenem a ebonizac\u00ed: tmav\u00e9 t\u00f3ny \u010dern\u00e9, hn\u011bd\u00e9 a kovov\u011b \u0161ed\u00e9 se prol\u00ednaj\u00ed jako st\u00edny v pohybu. V n\u011bkter\u00fdch otvorech po larv\u00e1ch z\u00e1\u0159\u00ed rud\u00e9 detaily, kter\u00e9 vrchol\u00ed na horn\u00edm okraji \u2013 ten je zv\u00fdrazn\u011bn extravagantn\u00edm <strong data-start=\"752\" data-end=\"783\">leskl\u00fdm \u010derven\u00fdm \u201el\u00edme\u010dkem\u201c<\/strong>, kter\u00fd celku dod\u00e1v\u00e1 v\u00fdraznou osobitost.<\/p>\n<p data-start=\"825\" data-end=\"1056\">Vnit\u0159n\u00ed plocha z\u016fst\u00e1v\u00e1 bl\u00edzko p\u0159\u00edrod\u011b \u2013 kresba d\u0159eva je zv\u00fdrazn\u011bna pigmenty, ale ponech\u00e1v\u00e1 dost prostoru pro autenticitu samotn\u00e9 l\u00edsky. N\u011bkter\u00e9 larvov\u00e9 chodbi\u010dky jsou skrz celou st\u011bnu, co\u017e m\u00edse dod\u00e1v\u00e1 perforovanou lehkost i p\u0159\u00edb\u011bh.<\/p>\n<p data-start=\"1058\" data-end=\"1138\">O\u0161et\u0159eno sm\u011bs\u00ed p\u0159\u00edrodn\u00edch olej\u016f <strong data-start=\"1090\" data-end=\"1106\">Ludvie\u2019s Oil<\/strong> pro hedv\u00e1bn\u00fd povrch a odolnost.<\/p>","protected":false},"excerpt":{"rendered":"<p>Origin\u00e1ln\u00ed d\u0159ev\u011bn\u00e1 m\u00edsa z tureck\u00e9 l\u00edsky s v\u00fdrazn\u00fdm tvarem, rud\u00fdm leskl\u00fdm l\u00edme\u010dkem a stopami po d\u0159evokazn\u00e9m hmyzu. Ebonizace a pigmenty zv\u00fdraz\u0148uj\u00ed surovou kr\u00e1su d\u0159eva.<\/p>","protected":false},"featured_media":6351,"template":"","meta":{"_editorskit_title_hidden":false,"_editorskit_reading_time":0,"_editorskit_is_block_options_detached":false,"_editorskit_block_options_position":"{}"},"product_brand":[394],"product_cat":[78],"product_tag":[],"class_list":{"0":"post-6349","1":"product","2":"type-product","3":"status-publish","4":"has-post-thumbnail","6":"product_brand-wood-punk","7":"product_cat-drevene-misky","8":"pa_material-liska","9":"pa_povrchova-uprava-ludvies-oil-copper-brown","10":"pa_technika-barveni","11":"pa_technika-ebonizace-dreva","13":"entry","14":"has-media","16":"first","17":"instock","18":"shipping-taxable","19":"purchasable","20":"product-type-simple","21":"col","22":"span_1_of_5","23":"owp-content-center","24":"owp-thumbs-layout-horizontal","25":"owp-btn-normal","26":"owp-tabs-layout-horizontal"},"yoast_head":"<!-- This site is optimized with the Yoast SEO plugin v27.4 - https:\/\/yoast.com\/product\/yoast-seo-wordpress\/ -->\n<title>D\u0159ev\u011bn\u00e1 m\u00edsa z tureck\u00e9 l\u00edsky s rud\u00fdm l\u00edme\u010dkem a ebonizac\u00ed | WOOD PUNK<\/title>\n<meta name=\"description\" content=\"Autorsk\u00e1 m\u00edsa z tureck\u00e9 l\u00edsky s tvarem p\u00edsmena S, rud\u00fdm l\u00edme\u010dkem a stopami po larv\u00e1ch. Ebonizace a pigmenty podtrhuj\u00ed surovou kr\u00e1su d\u0159eva.\" \/>\n<meta name=\"robots\" content=\"index, follow, max-snippet:-1, max-image-preview:large, max-video-preview:-1\" \/>\n<link rel=\"canonical\" href=\"https:\/\/woodpunk.cz\/en\/product\/misa-turecka-liska-ebonizovana-cerveny-limecek\/\" \/>\n<meta property=\"og:locale\" content=\"en_US\" \/>\n<meta property=\"og:type\" content=\"article\" \/>\n<meta property=\"og:title\" content=\"D\u0159ev\u011bn\u00e1 m\u00edsa z tureck\u00e9 l\u00edsky s rud\u00fdm l\u00edme\u010dkem a ebonizac\u00ed | WOOD PUNK\" \/>\n<meta property=\"og:description\" content=\"Autorsk\u00e1 m\u00edsa z tureck\u00e9 l\u00edsky s tvarem p\u00edsmena S, rud\u00fdm l\u00edme\u010dkem a stopami po larv\u00e1ch. Ebonizace a pigmenty podtrhuj\u00ed surovou kr\u00e1su d\u0159eva.\" \/>\n<meta property=\"og:url\" content=\"https:\/\/woodpunk.cz\/en\/product\/misa-turecka-liska-ebonizovana-cerveny-limecek\/\" \/>\n<meta property=\"og:site_name\" content=\"WOOD PUNK\" \/>\n<meta property=\"article:publisher\" content=\"https:\/\/www.facebook.com\/JL.WoodPunk\" \/>\n<meta property=\"article:modified_time\" content=\"2025-07-02T13:39:38+00:00\" \/>\n<meta property=\"og:image\" content=\"https:\/\/woodpunk.cz\/wp-content\/uploads\/2025\/07\/Miska-z-turecke-lisky-s-rudym-limeckem-20x9-cm-scaled.jpg\" \/>\n\t<meta property=\"og:image:width\" content=\"2560\" \/>\n\t<meta property=\"og:image:height\" content=\"1920\" \/>\n\t<meta property=\"og:image:type\" content=\"image\/jpeg\" \/>\n<meta name=\"twitter:card\" content=\"summary_large_image\" \/>\n<meta name=\"twitter:label1\" content=\"Est. reading time\" \/>\n\t<meta name=\"twitter:data1\" content=\"1 minute\" \/>\n<script type=\"application\/ld+json\" class=\"yoast-schema-graph\">{\"@context\":\"https:\\\/\\\/schema.org\",\"@graph\":[{\"@type\":\"WebPage\",\"@id\":\"https:\\\/\\\/woodpunk.cz\\\/produkt\\\/misa-turecka-liska-ebonizovana-cerveny-limecek\\\/\",\"url\":\"https:\\\/\\\/woodpunk.cz\\\/produkt\\\/misa-turecka-liska-ebonizovana-cerveny-limecek\\\/\",\"name\":\"D\u0159ev\u011bn\u00e1 m\u00edsa z tureck\u00e9 l\u00edsky s rud\u00fdm l\u00edme\u010dkem a ebonizac\u00ed | WOOD PUNK\",\"isPartOf\":{\"@id\":\"https:\\\/\\\/woodpunk.cz\\\/#website\"},\"primaryImageOfPage\":{\"@id\":\"https:\\\/\\\/woodpunk.cz\\\/produkt\\\/misa-turecka-liska-ebonizovana-cerveny-limecek\\\/#primaryimage\"},\"image\":{\"@id\":\"https:\\\/\\\/woodpunk.cz\\\/produkt\\\/misa-turecka-liska-ebonizovana-cerveny-limecek\\\/#primaryimage\"},\"thumbnailUrl\":\"https:\\\/\\\/woodpunk.cz\\\/wp-content\\\/uploads\\\/2025\\\/07\\\/Miska-z-turecke-lisky-s-rudym-limeckem-20x9-cm-scaled.jpg\",\"datePublished\":\"2025-07-02T13:08:33+00:00\",\"dateModified\":\"2025-07-02T13:39:38+00:00\",\"description\":\"Autorsk\u00e1 m\u00edsa z tureck\u00e9 l\u00edsky s tvarem p\u00edsmena S, rud\u00fdm l\u00edme\u010dkem a stopami po larv\u00e1ch. Ebonizace a pigmenty podtrhuj\u00ed surovou kr\u00e1su d\u0159eva.\",\"breadcrumb\":{\"@id\":\"https:\\\/\\\/woodpunk.cz\\\/produkt\\\/misa-turecka-liska-ebonizovana-cerveny-limecek\\\/#breadcrumb\"},\"inLanguage\":\"en-US\",\"potentialAction\":[{\"@type\":\"ReadAction\",\"target\":[\"https:\\\/\\\/woodpunk.cz\\\/produkt\\\/misa-turecka-liska-ebonizovana-cerveny-limecek\\\/\"]}]},{\"@type\":\"ImageObject\",\"inLanguage\":\"en-US\",\"@id\":\"https:\\\/\\\/woodpunk.cz\\\/produkt\\\/misa-turecka-liska-ebonizovana-cerveny-limecek\\\/#primaryimage\",\"url\":\"https:\\\/\\\/woodpunk.cz\\\/wp-content\\\/uploads\\\/2025\\\/07\\\/Miska-z-turecke-lisky-s-rudym-limeckem-20x9-cm-scaled.jpg\",\"contentUrl\":\"https:\\\/\\\/woodpunk.cz\\\/wp-content\\\/uploads\\\/2025\\\/07\\\/Miska-z-turecke-lisky-s-rudym-limeckem-20x9-cm-scaled.jpg\",\"width\":2560,\"height\":1920,\"caption\":\"Detailn\u00ed pohled na d\u0159ev\u011bnou m\u00edsu z tureck\u00e9 l\u00edsky s tvarem p\u0159ipom\u00ednaj\u00edc\u00edm p\u00edsmeno S, spodn\u00ed no\u017ekou, ebonizovan\u00fdm povrchem a leskl\u00fdm rud\u00fdm okrajem. V plo\u0161e viditeln\u00e9 stopy po larv\u00e1ch d\u0159evokazn\u00e9ho hmyzu, n\u011bkter\u00e9 skrz celou st\u011bnu.\"},{\"@type\":\"BreadcrumbList\",\"@id\":\"https:\\\/\\\/woodpunk.cz\\\/produkt\\\/misa-turecka-liska-ebonizovana-cerveny-limecek\\\/#breadcrumb\",\"itemListElement\":[{\"@type\":\"ListItem\",\"position\":1,\"name\":\"Dom\u016f\",\"item\":\"https:\\\/\\\/woodpunk.cz\\\/\"},{\"@type\":\"ListItem\",\"position\":2,\"name\":\"Obchod s d\u0159ev\u011bn\u00fdmi miskami a v\u00fdrobky z masivn\u00edho d\u0159eva\",\"item\":\"https:\\\/\\\/woodpunk.cz\\\/drevene-misky-a-vyrobky-ze-dreva\\\/\"},{\"@type\":\"ListItem\",\"position\":3,\"name\":\"Miska z tureck\u00e9 l\u00edsky s rud\u00fdm l\u00edme\u010dkem (20&#215;9 cm)\"}]},{\"@type\":\"WebSite\",\"@id\":\"https:\\\/\\\/woodpunk.cz\\\/#website\",\"url\":\"https:\\\/\\\/woodpunk.cz\\\/\",\"name\":\"WOOD PUNK\",\"description\":\"\",\"publisher\":{\"@id\":\"https:\\\/\\\/woodpunk.cz\\\/#organization\"},\"alternateName\":\"\u0158emesln\u00e1 v\u00fdroba a prodej d\u0159ev\u011bn\u00fdch misek, v\u00e1z, kv\u011btn\u00edk\u016f a dal\u0161\u00edch d\u0159ev\u011bn\u00fdch nejenom soustru\u017een\u00fdch v\u00fdrobk\u016f.\",\"potentialAction\":[{\"@type\":\"SearchAction\",\"target\":{\"@type\":\"EntryPoint\",\"urlTemplate\":\"https:\\\/\\\/woodpunk.cz\\\/?s={search_term_string}\"},\"query-input\":{\"@type\":\"PropertyValueSpecification\",\"valueRequired\":true,\"valueName\":\"search_term_string\"}}],\"inLanguage\":\"en-US\"},{\"@type\":\"Organization\",\"@id\":\"https:\\\/\\\/woodpunk.cz\\\/#organization\",\"name\":\"WOOD PUNK\",\"alternateName\":\"\u0158emesln\u00e1 v\u00fdroba d\u0159ev\u011bn\u00fdch misek, v\u00e1z, kv\u011btn\u00edk\u016f a dal\u0161\u00edch d\u0159ev\u011bn\u00fdch nejenom soustru\u017een\u00fdch v\u00fdrobk\u016f.\",\"url\":\"https:\\\/\\\/woodpunk.cz\\\/\",\"logo\":{\"@type\":\"ImageObject\",\"inLanguage\":\"en-US\",\"@id\":\"https:\\\/\\\/woodpunk.cz\\\/#\\\/schema\\\/logo\\\/image\\\/\",\"url\":\"https:\\\/\\\/woodpunk.cz\\\/wp-content\\\/uploads\\\/2024\\\/04\\\/woodpunk_logo_260x213_f1f1f1ff.png\",\"contentUrl\":\"https:\\\/\\\/woodpunk.cz\\\/wp-content\\\/uploads\\\/2024\\\/04\\\/woodpunk_logo_260x213_f1f1f1ff.png\",\"width\":260,\"height\":213,\"caption\":\"WOOD PUNK\"},\"image\":{\"@id\":\"https:\\\/\\\/woodpunk.cz\\\/#\\\/schema\\\/logo\\\/image\\\/\"},\"sameAs\":[\"https:\\\/\\\/www.facebook.com\\\/JL.WoodPunk\",\"https:\\\/\\\/www.instagram.com\\\/jlwoodpunk\\\/\",\"https:\\\/\\\/www.youtube.com\\\/channel\\\/UCbpihje-owPtI1dpoNOqkyA\"]}]}<\/script>\n<!-- \/ Yoast SEO plugin. -->","yoast_head_json":{"title":"D\u0159ev\u011bn\u00e1 m\u00edsa z tureck\u00e9 l\u00edsky s rud\u00fdm l\u00edme\u010dkem a ebonizac\u00ed | WOOD PUNK","description":"Autorsk\u00e1 m\u00edsa z tureck\u00e9 l\u00edsky s tvarem p\u00edsmena S, rud\u00fdm l\u00edme\u010dkem a stopami po larv\u00e1ch. Ebonizace a pigmenty podtrhuj\u00ed surovou kr\u00e1su d\u0159eva.","robots":{"index":"index","follow":"follow","max-snippet":"max-snippet:-1","max-image-preview":"max-image-preview:large","max-video-preview":"max-video-preview:-1"},"canonical":"https:\/\/woodpunk.cz\/en\/product\/misa-turecka-liska-ebonizovana-cerveny-limecek\/","og_locale":"en_US","og_type":"article","og_title":"D\u0159ev\u011bn\u00e1 m\u00edsa z tureck\u00e9 l\u00edsky s rud\u00fdm l\u00edme\u010dkem a ebonizac\u00ed | WOOD PUNK","og_description":"Autorsk\u00e1 m\u00edsa z tureck\u00e9 l\u00edsky s tvarem p\u00edsmena S, rud\u00fdm l\u00edme\u010dkem a stopami po larv\u00e1ch. Ebonizace a pigmenty podtrhuj\u00ed surovou kr\u00e1su d\u0159eva.","og_url":"https:\/\/woodpunk.cz\/en\/product\/misa-turecka-liska-ebonizovana-cerveny-limecek\/","og_site_name":"WOOD PUNK","article_publisher":"https:\/\/www.facebook.com\/JL.WoodPunk","article_modified_time":"2025-07-02T13:39:38+00:00","og_image":[{"width":2560,"height":1920,"url":"https:\/\/woodpunk.cz\/wp-content\/uploads\/2025\/07\/Miska-z-turecke-lisky-s-rudym-limeckem-20x9-cm-scaled.jpg","type":"image\/jpeg"}],"twitter_card":"summary_large_image","twitter_misc":{"Est. reading time":"1 minute"},"schema":{"@context":"https:\/\/schema.org","@graph":[{"@type":"WebPage","@id":"https:\/\/woodpunk.cz\/produkt\/misa-turecka-liska-ebonizovana-cerveny-limecek\/","url":"https:\/\/woodpunk.cz\/produkt\/misa-turecka-liska-ebonizovana-cerveny-limecek\/","name":"D\u0159ev\u011bn\u00e1 m\u00edsa z tureck\u00e9 l\u00edsky s rud\u00fdm l\u00edme\u010dkem a ebonizac\u00ed | WOOD PUNK","isPartOf":{"@id":"https:\/\/woodpunk.cz\/#website"},"primaryImageOfPage":{"@id":"https:\/\/woodpunk.cz\/produkt\/misa-turecka-liska-ebonizovana-cerveny-limecek\/#primaryimage"},"image":{"@id":"https:\/\/woodpunk.cz\/produkt\/misa-turecka-liska-ebonizovana-cerveny-limecek\/#primaryimage"},"thumbnailUrl":"https:\/\/woodpunk.cz\/wp-content\/uploads\/2025\/07\/Miska-z-turecke-lisky-s-rudym-limeckem-20x9-cm-scaled.jpg","datePublished":"2025-07-02T13:08:33+00:00","dateModified":"2025-07-02T13:39:38+00:00","description":"Autorsk\u00e1 m\u00edsa z tureck\u00e9 l\u00edsky s tvarem p\u00edsmena S, rud\u00fdm l\u00edme\u010dkem a stopami po larv\u00e1ch. Ebonizace a pigmenty podtrhuj\u00ed surovou kr\u00e1su d\u0159eva.","breadcrumb":{"@id":"https:\/\/woodpunk.cz\/produkt\/misa-turecka-liska-ebonizovana-cerveny-limecek\/#breadcrumb"},"inLanguage":"en-US","potentialAction":[{"@type":"ReadAction","target":["https:\/\/woodpunk.cz\/produkt\/misa-turecka-liska-ebonizovana-cerveny-limecek\/"]}]},{"@type":"ImageObject","inLanguage":"en-US","@id":"https:\/\/woodpunk.cz\/produkt\/misa-turecka-liska-ebonizovana-cerveny-limecek\/#primaryimage","url":"https:\/\/woodpunk.cz\/wp-content\/uploads\/2025\/07\/Miska-z-turecke-lisky-s-rudym-limeckem-20x9-cm-scaled.jpg","contentUrl":"https:\/\/woodpunk.cz\/wp-content\/uploads\/2025\/07\/Miska-z-turecke-lisky-s-rudym-limeckem-20x9-cm-scaled.jpg","width":2560,"height":1920,"caption":"Detailn\u00ed pohled na d\u0159ev\u011bnou m\u00edsu z tureck\u00e9 l\u00edsky s tvarem p\u0159ipom\u00ednaj\u00edc\u00edm p\u00edsmeno S, spodn\u00ed no\u017ekou, ebonizovan\u00fdm povrchem a leskl\u00fdm rud\u00fdm okrajem. V plo\u0161e viditeln\u00e9 stopy po larv\u00e1ch d\u0159evokazn\u00e9ho hmyzu, n\u011bkter\u00e9 skrz celou st\u011bnu."},{"@type":"BreadcrumbList","@id":"https:\/\/woodpunk.cz\/produkt\/misa-turecka-liska-ebonizovana-cerveny-limecek\/#breadcrumb","itemListElement":[{"@type":"ListItem","position":1,"name":"Dom\u016f","item":"https:\/\/woodpunk.cz\/"},{"@type":"ListItem","position":2,"name":"Obchod s d\u0159ev\u011bn\u00fdmi miskami a v\u00fdrobky z masivn\u00edho d\u0159eva","item":"https:\/\/woodpunk.cz\/drevene-misky-a-vyrobky-ze-dreva\/"},{"@type":"ListItem","position":3,"name":"Miska z tureck\u00e9 l\u00edsky s rud\u00fdm l\u00edme\u010dkem (20&#215;9 cm)"}]},{"@type":"WebSite","@id":"https:\/\/woodpunk.cz\/#website","url":"https:\/\/woodpunk.cz\/","name":"WOOD PUNK","description":"","publisher":{"@id":"https:\/\/woodpunk.cz\/#organization"},"alternateName":"\u0158emesln\u00e1 v\u00fdroba a prodej d\u0159ev\u011bn\u00fdch misek, v\u00e1z, kv\u011btn\u00edk\u016f a dal\u0161\u00edch d\u0159ev\u011bn\u00fdch nejenom soustru\u017een\u00fdch v\u00fdrobk\u016f.","potentialAction":[{"@type":"SearchAction","target":{"@type":"EntryPoint","urlTemplate":"https:\/\/woodpunk.cz\/?s={search_term_string}"},"query-input":{"@type":"PropertyValueSpecification","valueRequired":true,"valueName":"search_term_string"}}],"inLanguage":"en-US"},{"@type":"Organization","@id":"https:\/\/woodpunk.cz\/#organization","name":"WOOD PUNK","alternateName":"\u0158emesln\u00e1 v\u00fdroba d\u0159ev\u011bn\u00fdch misek, v\u00e1z, kv\u011btn\u00edk\u016f a dal\u0161\u00edch d\u0159ev\u011bn\u00fdch nejenom soustru\u017een\u00fdch v\u00fdrobk\u016f.","url":"https:\/\/woodpunk.cz\/","logo":{"@type":"ImageObject","inLanguage":"en-US","@id":"https:\/\/woodpunk.cz\/#\/schema\/logo\/image\/","url":"https:\/\/woodpunk.cz\/wp-content\/uploads\/2024\/04\/woodpunk_logo_260x213_f1f1f1ff.png","contentUrl":"https:\/\/woodpunk.cz\/wp-content\/uploads\/2024\/04\/woodpunk_logo_260x213_f1f1f1ff.png","width":260,"height":213,"caption":"WOOD PUNK"},"image":{"@id":"https:\/\/woodpunk.cz\/#\/schema\/logo\/image\/"},"sameAs":["https:\/\/www.facebook.com\/JL.WoodPunk","https:\/\/www.instagram.com\/jlwoodpunk\/","https:\/\/www.youtube.com\/channel\/UCbpihje-owPtI1dpoNOqkyA"]}]}},"_links":{"self":[{"href":"https:\/\/woodpunk.cz\/en\/wp-json\/wp\/v2\/product\/6349","targetHints":{"allow":["GET"]}}],"collection":[{"href":"https:\/\/woodpunk.cz\/en\/wp-json\/wp\/v2\/product"}],"about":[{"href":"https:\/\/woodpunk.cz\/en\/wp-json\/wp\/v2\/types\/product"}],"wp:featuredmedia":[{"embeddable":true,"href":"https:\/\/woodpunk.cz\/en\/wp-json\/wp\/v2\/media\/6351"}],"wp:attachment":[{"href":"https:\/\/woodpunk.cz\/en\/wp-json\/wp\/v2\/media?parent=6349"}],"wp:term":[{"taxonomy":"product_brand","embeddable":true,"href":"https:\/\/woodpunk.cz\/en\/wp-json\/wp\/v2\/product_brand?post=6349"},{"taxonomy":"product_cat","embeddable":true,"href":"https:\/\/woodpunk.cz\/en\/wp-json\/wp\/v2\/product_cat?post=6349"},{"taxonomy":"product_tag","embeddable":true,"href":"https:\/\/woodpunk.cz\/en\/wp-json\/wp\/v2\/product_tag?post=6349"}],"curies":[{"name":"wp","href":"https:\/\/api.w.org\/{rel}","templated":true}]}}