{"id":6306,"date":"2025-05-30T11:11:51","date_gmt":"2025-05-30T09:11:51","guid":{"rendered":"https:\/\/woodpunk.cz\/?post_type=product&#038;p=6306"},"modified":"2025-07-02T14:55:24","modified_gmt":"2025-07-02T12:55:24","slug":"drevena-miska-javor-jasanolisty","status":"publish","type":"product","link":"https:\/\/woodpunk.cz\/en\/product\/drevena-miska-javor-jasanolisty\/","title":{"rendered":"Maple Bowl (24\u00d79 cm)"},"content":{"rendered":"<p data-start=\"252\" data-end=\"505\"><strong data-start=\"252\" data-end=\"287\">D\u0159ev\u011bn\u00e1 miska z javoru jasanolist\u00e9ho<\/strong>\u00a0(<em data-start=\"289\" data-end=\"303\">Acer negundo<\/em>) z d\u00edlny WOOD PUNK vznikla kombinac\u00ed surov\u00e9 energie \u0159emesla a citliv\u00e9 pr\u00e1ce se strukturou d\u0159eva. Tento jedine\u010dn\u00fd kus byl <strong data-start=\"425\" data-end=\"456\">soustru\u017een celkem v 5 os\u00e1ch<\/strong>, co\u017e vytv\u00e1\u0159\u00ed zejm\u00e9na na okraji misky p\u016fsobiv\u00fd optick\u00fd efekt.<\/p>\n<p data-start=\"507\" data-end=\"731\"><strong data-start=\"507\" data-end=\"578\">Vn\u011bj\u0161\u00ed strana misky je mo\u0159en\u00e1 a lehce t\u00f3novan\u00e1 perle\u0165ov\u00fdm pigmentem<\/strong>, kter\u00fd zv\u00fdraz\u0148uje p\u0159irozenou kresbu javorov\u00e9ho d\u0159eva. <strong data-start=\"633\" data-end=\"665\">Okraj i vnit\u0159ek jsou op\u00e1len\u00e9<\/strong>, \u010d\u00edm\u017e vznik\u00e1 kontrastn\u00ed textura, kter\u00e1 pod prsty doslova o\u017e\u00edv\u00e1.<\/p>\n<p data-start=\"733\" data-end=\"998\"><strong data-start=\"733\" data-end=\"769\">Hrub\u0161\u00ed opracov\u00e1n\u00ed vnit\u0159n\u00ed plochy<\/strong> bylo provedeno z\u00e1m\u011brn\u011b \u2013 p\u0159irozen\u00e9 stopy n\u00e1stroj\u016f spolu s op\u00e1len\u00edm a <strong data-start=\"839\" data-end=\"869\">perle\u0165ovou v\u00fdpln\u00ed struktur<\/strong> d\u00e1vaj\u00ed misce syrov\u00fd, \u017eiv\u00fd v\u00fdraz. Cel\u00fd povrch je chr\u00e1n\u011bn <strong data-start=\"926\" data-end=\"943\">Ludvies Oilem<\/strong>, p\u0159\u00edrodn\u00ed sm\u011bs\u00ed, kter\u00e1 d\u0159evu zachov\u00e1v\u00e1 jeho charakter.<\/p>","protected":false},"excerpt":{"rendered":"<h3 data-start=\"1056\" data-end=\"1087\">\u2726 Ka\u017ed\u00fd kus je origin\u00e1l \u2726<\/h3>\n<p data-start=\"1088\" data-end=\"1201\">Miska vznikla jako jedine\u010dn\u00fd solit\u00e9r v d\u00edln\u011b WOOD PUNK \u2013 ru\u010dn\u00ed pr\u00e1ce s d\u016frazem na detail a \u0159emeslnou autenticitu.<\/p>","protected":false},"featured_media":6309,"template":"","meta":{"_editorskit_title_hidden":false,"_editorskit_reading_time":0,"_editorskit_is_block_options_detached":false,"_editorskit_block_options_position":"{}"},"product_brand":[394],"product_cat":[78],"product_tag":[],"class_list":{"0":"post-6306","1":"product","2":"type-product","3":"status-publish","4":"has-post-thumbnail","6":"product_brand-wood-punk","7":"product_cat-drevene-misky","8":"pa_material-javor-jasanolisty","9":"pa_povrchova-uprava-ludvies-oil-copper-brown","10":"pa_technika-opalovani-dreva-shou-sugi-ban","11":"pa_technika-strukturovani-dreva","12":"pa_technika-viceose-soustruzeni","14":"entry","15":"has-media","17":"first","18":"outofstock","19":"shipping-taxable","20":"purchasable","21":"product-type-simple","22":"col","23":"span_1_of_5","24":"owp-content-center","25":"owp-thumbs-layout-horizontal","26":"owp-btn-normal","27":"owp-tabs-layout-horizontal"},"yoast_head":"<!-- This site is optimized with the Yoast SEO plugin v27.4 - https:\/\/yoast.com\/product\/yoast-seo-wordpress\/ -->\n<title>D\u0159ev\u011bn\u00e1 miska z javoru jasanolist\u00e9ho \u2013 perle\u0165 a ohe\u0148 | WOOD PUNK<\/title>\n<meta name=\"description\" content=\"Ru\u010dn\u011b soustru\u017een\u00e1 d\u0159ev\u011bn\u00e1 miska z javoru jasanolist\u00e9ho s op\u00e1len\u00fdm okrajem, p\u011btios\u00fdm soustru\u017een\u00edm a perle\u0165ov\u00fdm pigmentem. Poctiv\u00e9 \u0159emeslo od WOOD PUNK.\" \/>\n<meta name=\"robots\" content=\"index, follow, max-snippet:-1, max-image-preview:large, max-video-preview:-1\" \/>\n<link rel=\"canonical\" href=\"https:\/\/woodpunk.cz\/en\/product\/drevena-miska-javor-jasanolisty\/\" \/>\n<meta property=\"og:locale\" content=\"en_US\" \/>\n<meta property=\"og:type\" content=\"article\" \/>\n<meta property=\"og:title\" content=\"D\u0159ev\u011bn\u00e1 miska z javoru jasanolist\u00e9ho \u2013 perle\u0165 a ohe\u0148 | WOOD PUNK\" \/>\n<meta property=\"og:description\" content=\"Ru\u010dn\u011b soustru\u017een\u00e1 d\u0159ev\u011bn\u00e1 miska z javoru jasanolist\u00e9ho s op\u00e1len\u00fdm okrajem, p\u011btios\u00fdm soustru\u017een\u00edm a perle\u0165ov\u00fdm pigmentem. Poctiv\u00e9 \u0159emeslo od WOOD PUNK.\" \/>\n<meta property=\"og:url\" content=\"https:\/\/woodpunk.cz\/en\/product\/drevena-miska-javor-jasanolisty\/\" \/>\n<meta property=\"og:site_name\" content=\"WOOD PUNK\" \/>\n<meta property=\"article:publisher\" content=\"https:\/\/www.facebook.com\/JL.WoodPunk\" \/>\n<meta property=\"article:modified_time\" content=\"2025-07-02T12:55:24+00:00\" \/>\n<meta property=\"og:image\" content=\"https:\/\/woodpunk.cz\/wp-content\/uploads\/2025\/05\/Drevena_miska_javor_jasanolisty_24x7_cm_2-scaled.jpg\" \/>\n\t<meta property=\"og:image:width\" content=\"2560\" \/>\n\t<meta property=\"og:image:height\" content=\"1920\" \/>\n\t<meta property=\"og:image:type\" content=\"image\/jpeg\" \/>\n<meta name=\"twitter:card\" content=\"summary_large_image\" \/>\n<meta name=\"twitter:label1\" content=\"Est. reading time\" \/>\n\t<meta name=\"twitter:data1\" content=\"1 minute\" \/>\n<script type=\"application\/ld+json\" class=\"yoast-schema-graph\">{\"@context\":\"https:\\\/\\\/schema.org\",\"@graph\":[{\"@type\":\"WebPage\",\"@id\":\"https:\\\/\\\/woodpunk.cz\\\/produkt\\\/drevena-miska-javor-jasanolisty\\\/\",\"url\":\"https:\\\/\\\/woodpunk.cz\\\/produkt\\\/drevena-miska-javor-jasanolisty\\\/\",\"name\":\"D\u0159ev\u011bn\u00e1 miska z javoru jasanolist\u00e9ho \u2013 perle\u0165 a ohe\u0148 | WOOD PUNK\",\"isPartOf\":{\"@id\":\"https:\\\/\\\/woodpunk.cz\\\/#website\"},\"primaryImageOfPage\":{\"@id\":\"https:\\\/\\\/woodpunk.cz\\\/produkt\\\/drevena-miska-javor-jasanolisty\\\/#primaryimage\"},\"image\":{\"@id\":\"https:\\\/\\\/woodpunk.cz\\\/produkt\\\/drevena-miska-javor-jasanolisty\\\/#primaryimage\"},\"thumbnailUrl\":\"https:\\\/\\\/woodpunk.cz\\\/wp-content\\\/uploads\\\/2025\\\/05\\\/Drevena_miska_javor_jasanolisty_24x7_cm_2-scaled.jpg\",\"datePublished\":\"2025-05-30T09:11:51+00:00\",\"dateModified\":\"2025-07-02T12:55:24+00:00\",\"description\":\"Ru\u010dn\u011b soustru\u017een\u00e1 d\u0159ev\u011bn\u00e1 miska z javoru jasanolist\u00e9ho s op\u00e1len\u00fdm okrajem, p\u011btios\u00fdm soustru\u017een\u00edm a perle\u0165ov\u00fdm pigmentem. Poctiv\u00e9 \u0159emeslo od WOOD PUNK.\",\"breadcrumb\":{\"@id\":\"https:\\\/\\\/woodpunk.cz\\\/produkt\\\/drevena-miska-javor-jasanolisty\\\/#breadcrumb\"},\"inLanguage\":\"en-US\",\"potentialAction\":[{\"@type\":\"ReadAction\",\"target\":[\"https:\\\/\\\/woodpunk.cz\\\/produkt\\\/drevena-miska-javor-jasanolisty\\\/\"]}]},{\"@type\":\"ImageObject\",\"inLanguage\":\"en-US\",\"@id\":\"https:\\\/\\\/woodpunk.cz\\\/produkt\\\/drevena-miska-javor-jasanolisty\\\/#primaryimage\",\"url\":\"https:\\\/\\\/woodpunk.cz\\\/wp-content\\\/uploads\\\/2025\\\/05\\\/Drevena_miska_javor_jasanolisty_24x7_cm_2-scaled.jpg\",\"contentUrl\":\"https:\\\/\\\/woodpunk.cz\\\/wp-content\\\/uploads\\\/2025\\\/05\\\/Drevena_miska_javor_jasanolisty_24x7_cm_2-scaled.jpg\",\"width\":2560,\"height\":1920,\"caption\":\"D\u0159ev\u011bn\u00e1 miska z javoru jasanolist\u00e9ho \u2013 profilov\u00fd pohled. Vynik\u00e1 tmav\u011b mo\u0159en\u00fdm povrchem a op\u00e1len\u00fdm okrajem, jemn\u011b zv\u00fdrazn\u011bn\u00fdm perle\u0165ov\u00fdm pigmentem. Ru\u010dn\u011b soustru\u017een\u00fd origin\u00e1l z d\u00edlny WOOD PUNK\"},{\"@type\":\"BreadcrumbList\",\"@id\":\"https:\\\/\\\/woodpunk.cz\\\/produkt\\\/drevena-miska-javor-jasanolisty\\\/#breadcrumb\",\"itemListElement\":[{\"@type\":\"ListItem\",\"position\":1,\"name\":\"Dom\u016f\",\"item\":\"https:\\\/\\\/woodpunk.cz\\\/\"},{\"@type\":\"ListItem\",\"position\":2,\"name\":\"Obchod s d\u0159ev\u011bn\u00fdmi miskami a v\u00fdrobky z masivn\u00edho d\u0159eva\",\"item\":\"https:\\\/\\\/woodpunk.cz\\\/drevene-misky-a-vyrobky-ze-dreva\\\/\"},{\"@type\":\"ListItem\",\"position\":3,\"name\":\"Javorov\u00e1 miska (24&#215;9 cm)\"}]},{\"@type\":\"WebSite\",\"@id\":\"https:\\\/\\\/woodpunk.cz\\\/#website\",\"url\":\"https:\\\/\\\/woodpunk.cz\\\/\",\"name\":\"WOOD PUNK\",\"description\":\"\",\"publisher\":{\"@id\":\"https:\\\/\\\/woodpunk.cz\\\/#organization\"},\"alternateName\":\"\u0158emesln\u00e1 v\u00fdroba a prodej d\u0159ev\u011bn\u00fdch misek, v\u00e1z, kv\u011btn\u00edk\u016f a dal\u0161\u00edch d\u0159ev\u011bn\u00fdch nejenom soustru\u017een\u00fdch v\u00fdrobk\u016f.\",\"potentialAction\":[{\"@type\":\"SearchAction\",\"target\":{\"@type\":\"EntryPoint\",\"urlTemplate\":\"https:\\\/\\\/woodpunk.cz\\\/?s={search_term_string}\"},\"query-input\":{\"@type\":\"PropertyValueSpecification\",\"valueRequired\":true,\"valueName\":\"search_term_string\"}}],\"inLanguage\":\"en-US\"},{\"@type\":\"Organization\",\"@id\":\"https:\\\/\\\/woodpunk.cz\\\/#organization\",\"name\":\"WOOD PUNK\",\"alternateName\":\"\u0158emesln\u00e1 v\u00fdroba d\u0159ev\u011bn\u00fdch misek, v\u00e1z, kv\u011btn\u00edk\u016f a dal\u0161\u00edch d\u0159ev\u011bn\u00fdch nejenom soustru\u017een\u00fdch v\u00fdrobk\u016f.\",\"url\":\"https:\\\/\\\/woodpunk.cz\\\/\",\"logo\":{\"@type\":\"ImageObject\",\"inLanguage\":\"en-US\",\"@id\":\"https:\\\/\\\/woodpunk.cz\\\/#\\\/schema\\\/logo\\\/image\\\/\",\"url\":\"https:\\\/\\\/woodpunk.cz\\\/wp-content\\\/uploads\\\/2024\\\/04\\\/woodpunk_logo_260x213_f1f1f1ff.png\",\"contentUrl\":\"https:\\\/\\\/woodpunk.cz\\\/wp-content\\\/uploads\\\/2024\\\/04\\\/woodpunk_logo_260x213_f1f1f1ff.png\",\"width\":260,\"height\":213,\"caption\":\"WOOD PUNK\"},\"image\":{\"@id\":\"https:\\\/\\\/woodpunk.cz\\\/#\\\/schema\\\/logo\\\/image\\\/\"},\"sameAs\":[\"https:\\\/\\\/www.facebook.com\\\/JL.WoodPunk\",\"https:\\\/\\\/www.instagram.com\\\/jlwoodpunk\\\/\",\"https:\\\/\\\/www.youtube.com\\\/channel\\\/UCbpihje-owPtI1dpoNOqkyA\"]}]}<\/script>\n<!-- \/ Yoast SEO plugin. -->","yoast_head_json":{"title":"D\u0159ev\u011bn\u00e1 miska z javoru jasanolist\u00e9ho \u2013 perle\u0165 a ohe\u0148 | WOOD PUNK","description":"Ru\u010dn\u011b soustru\u017een\u00e1 d\u0159ev\u011bn\u00e1 miska z javoru jasanolist\u00e9ho s op\u00e1len\u00fdm okrajem, p\u011btios\u00fdm soustru\u017een\u00edm a perle\u0165ov\u00fdm pigmentem. Poctiv\u00e9 \u0159emeslo od WOOD PUNK.","robots":{"index":"index","follow":"follow","max-snippet":"max-snippet:-1","max-image-preview":"max-image-preview:large","max-video-preview":"max-video-preview:-1"},"canonical":"https:\/\/woodpunk.cz\/en\/product\/drevena-miska-javor-jasanolisty\/","og_locale":"en_US","og_type":"article","og_title":"D\u0159ev\u011bn\u00e1 miska z javoru jasanolist\u00e9ho \u2013 perle\u0165 a ohe\u0148 | WOOD PUNK","og_description":"Ru\u010dn\u011b soustru\u017een\u00e1 d\u0159ev\u011bn\u00e1 miska z javoru jasanolist\u00e9ho s op\u00e1len\u00fdm okrajem, p\u011btios\u00fdm soustru\u017een\u00edm a perle\u0165ov\u00fdm pigmentem. Poctiv\u00e9 \u0159emeslo od WOOD PUNK.","og_url":"https:\/\/woodpunk.cz\/en\/product\/drevena-miska-javor-jasanolisty\/","og_site_name":"WOOD PUNK","article_publisher":"https:\/\/www.facebook.com\/JL.WoodPunk","article_modified_time":"2025-07-02T12:55:24+00:00","og_image":[{"width":2560,"height":1920,"url":"https:\/\/woodpunk.cz\/wp-content\/uploads\/2025\/05\/Drevena_miska_javor_jasanolisty_24x7_cm_2-scaled.jpg","type":"image\/jpeg"}],"twitter_card":"summary_large_image","twitter_misc":{"Est. reading time":"1 minute"},"schema":{"@context":"https:\/\/schema.org","@graph":[{"@type":"WebPage","@id":"https:\/\/woodpunk.cz\/produkt\/drevena-miska-javor-jasanolisty\/","url":"https:\/\/woodpunk.cz\/produkt\/drevena-miska-javor-jasanolisty\/","name":"D\u0159ev\u011bn\u00e1 miska z javoru jasanolist\u00e9ho \u2013 perle\u0165 a ohe\u0148 | WOOD PUNK","isPartOf":{"@id":"https:\/\/woodpunk.cz\/#website"},"primaryImageOfPage":{"@id":"https:\/\/woodpunk.cz\/produkt\/drevena-miska-javor-jasanolisty\/#primaryimage"},"image":{"@id":"https:\/\/woodpunk.cz\/produkt\/drevena-miska-javor-jasanolisty\/#primaryimage"},"thumbnailUrl":"https:\/\/woodpunk.cz\/wp-content\/uploads\/2025\/05\/Drevena_miska_javor_jasanolisty_24x7_cm_2-scaled.jpg","datePublished":"2025-05-30T09:11:51+00:00","dateModified":"2025-07-02T12:55:24+00:00","description":"Ru\u010dn\u011b soustru\u017een\u00e1 d\u0159ev\u011bn\u00e1 miska z javoru jasanolist\u00e9ho s op\u00e1len\u00fdm okrajem, p\u011btios\u00fdm soustru\u017een\u00edm a perle\u0165ov\u00fdm pigmentem. Poctiv\u00e9 \u0159emeslo od WOOD PUNK.","breadcrumb":{"@id":"https:\/\/woodpunk.cz\/produkt\/drevena-miska-javor-jasanolisty\/#breadcrumb"},"inLanguage":"en-US","potentialAction":[{"@type":"ReadAction","target":["https:\/\/woodpunk.cz\/produkt\/drevena-miska-javor-jasanolisty\/"]}]},{"@type":"ImageObject","inLanguage":"en-US","@id":"https:\/\/woodpunk.cz\/produkt\/drevena-miska-javor-jasanolisty\/#primaryimage","url":"https:\/\/woodpunk.cz\/wp-content\/uploads\/2025\/05\/Drevena_miska_javor_jasanolisty_24x7_cm_2-scaled.jpg","contentUrl":"https:\/\/woodpunk.cz\/wp-content\/uploads\/2025\/05\/Drevena_miska_javor_jasanolisty_24x7_cm_2-scaled.jpg","width":2560,"height":1920,"caption":"D\u0159ev\u011bn\u00e1 miska z javoru jasanolist\u00e9ho \u2013 profilov\u00fd pohled. Vynik\u00e1 tmav\u011b mo\u0159en\u00fdm povrchem a op\u00e1len\u00fdm okrajem, jemn\u011b zv\u00fdrazn\u011bn\u00fdm perle\u0165ov\u00fdm pigmentem. Ru\u010dn\u011b soustru\u017een\u00fd origin\u00e1l z d\u00edlny WOOD PUNK"},{"@type":"BreadcrumbList","@id":"https:\/\/woodpunk.cz\/produkt\/drevena-miska-javor-jasanolisty\/#breadcrumb","itemListElement":[{"@type":"ListItem","position":1,"name":"Dom\u016f","item":"https:\/\/woodpunk.cz\/"},{"@type":"ListItem","position":2,"name":"Obchod s d\u0159ev\u011bn\u00fdmi miskami a v\u00fdrobky z masivn\u00edho d\u0159eva","item":"https:\/\/woodpunk.cz\/drevene-misky-a-vyrobky-ze-dreva\/"},{"@type":"ListItem","position":3,"name":"Javorov\u00e1 miska (24&#215;9 cm)"}]},{"@type":"WebSite","@id":"https:\/\/woodpunk.cz\/#website","url":"https:\/\/woodpunk.cz\/","name":"WOOD PUNK","description":"","publisher":{"@id":"https:\/\/woodpunk.cz\/#organization"},"alternateName":"\u0158emesln\u00e1 v\u00fdroba a prodej d\u0159ev\u011bn\u00fdch misek, v\u00e1z, kv\u011btn\u00edk\u016f a dal\u0161\u00edch d\u0159ev\u011bn\u00fdch nejenom soustru\u017een\u00fdch v\u00fdrobk\u016f.","potentialAction":[{"@type":"SearchAction","target":{"@type":"EntryPoint","urlTemplate":"https:\/\/woodpunk.cz\/?s={search_term_string}"},"query-input":{"@type":"PropertyValueSpecification","valueRequired":true,"valueName":"search_term_string"}}],"inLanguage":"en-US"},{"@type":"Organization","@id":"https:\/\/woodpunk.cz\/#organization","name":"WOOD PUNK","alternateName":"\u0158emesln\u00e1 v\u00fdroba d\u0159ev\u011bn\u00fdch misek, v\u00e1z, kv\u011btn\u00edk\u016f a dal\u0161\u00edch d\u0159ev\u011bn\u00fdch nejenom soustru\u017een\u00fdch v\u00fdrobk\u016f.","url":"https:\/\/woodpunk.cz\/","logo":{"@type":"ImageObject","inLanguage":"en-US","@id":"https:\/\/woodpunk.cz\/#\/schema\/logo\/image\/","url":"https:\/\/woodpunk.cz\/wp-content\/uploads\/2024\/04\/woodpunk_logo_260x213_f1f1f1ff.png","contentUrl":"https:\/\/woodpunk.cz\/wp-content\/uploads\/2024\/04\/woodpunk_logo_260x213_f1f1f1ff.png","width":260,"height":213,"caption":"WOOD PUNK"},"image":{"@id":"https:\/\/woodpunk.cz\/#\/schema\/logo\/image\/"},"sameAs":["https:\/\/www.facebook.com\/JL.WoodPunk","https:\/\/www.instagram.com\/jlwoodpunk\/","https:\/\/www.youtube.com\/channel\/UCbpihje-owPtI1dpoNOqkyA"]}]}},"_links":{"self":[{"href":"https:\/\/woodpunk.cz\/en\/wp-json\/wp\/v2\/product\/6306","targetHints":{"allow":["GET"]}}],"collection":[{"href":"https:\/\/woodpunk.cz\/en\/wp-json\/wp\/v2\/product"}],"about":[{"href":"https:\/\/woodpunk.cz\/en\/wp-json\/wp\/v2\/types\/product"}],"wp:featuredmedia":[{"embeddable":true,"href":"https:\/\/woodpunk.cz\/en\/wp-json\/wp\/v2\/media\/6309"}],"wp:attachment":[{"href":"https:\/\/woodpunk.cz\/en\/wp-json\/wp\/v2\/media?parent=6306"}],"wp:term":[{"taxonomy":"product_brand","embeddable":true,"href":"https:\/\/woodpunk.cz\/en\/wp-json\/wp\/v2\/product_brand?post=6306"},{"taxonomy":"product_cat","embeddable":true,"href":"https:\/\/woodpunk.cz\/en\/wp-json\/wp\/v2\/product_cat?post=6306"},{"taxonomy":"product_tag","embeddable":true,"href":"https:\/\/woodpunk.cz\/en\/wp-json\/wp\/v2\/product_tag?post=6306"}],"curies":[{"name":"wp","href":"https:\/\/api.w.org\/{rel}","templated":true}]}}