{"id":5716,"date":"2025-02-27T21:33:33","date_gmt":"2025-02-27T20:33:33","guid":{"rendered":"https:\/\/woodpunk.cz\/?post_type=product&#038;p=5716"},"modified":"2025-05-30T12:30:17","modified_gmt":"2025-05-30T10:30:17","slug":"jilmova-miska-18x-5-cm-s-mandalou","status":"publish","type":"product","link":"https:\/\/woodpunk.cz\/en\/product\/jilmova-miska-18x-5-cm-s-mandalou\/","title":{"rendered":"Jilmov\u00e1 miska (18&#215;5 cm) s mandalou"},"content":{"rendered":"<div>\n<p>Elegantn\u00ed miska z jilmov\u00e9ho d\u0159eva. Vnit\u0159n\u00ed strana je zdobena grav\u00edrovanou mandalou.<\/p>\n<hr \/>\n<p>Povrchov\u00e1 \u00faprava: <a href=\"https:\/\/facebook.com\/ludviesoil?eav=AfbvSWmXhaT_Sn6P65sJQsULjGAFDBs6_uo-iOj__bGw__lZAAoUNzytibMh0__kIrE&amp;_ft_=encrypted_tracking_data.0AY_gKockQkKzvtrO6EUroDpTJ7UqA9Ny99GOZ6vyZRKmMavnSIqhVXY6EyZev2CbJsKOKSzM8d1NuL3360gybwfLt59hWeWiloHRSZGe6AT5eqhMJNI6tqq1geNP6C-g7JhlfSQE1sDTwSVHHvrXdslPLMLP0l9N09_9JrdpOxBlH8Pkpw2bdkBIykzc4LpJvBukIR-RBQNtx-Cx-Y2r6XVrIlaiSKlU6TiYh0weO8N5h35SwxKzWSC2jodGLW8Q7EiIi5NMr31J6e9ZuF9qL66W4OUe8F9HpEN4LE9ldSfDUj_sS55p-wv2l0aVOlCb8YXxgLvFL1dUtUt79i19yz9aUq1EDDdiEnG2Z841bA-1ZjZlzWyjuy5-q2e-6niKvoq98WSyN4yJ0g3PjTx7I7XZScyBN9fVYxj1PJ-VH_eTDopOirk3sIupvbetSVaAN9nkTidN9wX0aPZJzh01G_1gS78qQNn8Qy85rgdYZbNVvw__8yF6ni3aCKiCkFQO_gM_xNEtgKnmIVwy5l24HITp_YyZtUa3XTCJrxQeNylFcoHu6oHEUnXXfRA_7N_a8HgpSscRIcEfepkG3yeZw9Rs8uLDMcNn_ZichCjQwKgc7NSQ-Fvp_tSenhWOfpqzq0pzYtUvNnDtITFk3ZLD7PszlSQVtTZRR2Fb2kGop8mRGEj8-4JLiftAgZZY3ceMcn73azGuFk_U8tZ1Rsval0SEl72uFZ3k3py_YAh97dDFSq5T0m7RmISShPD6vMJGHhW3y1NTMaVmtFUyv9TMYmst8rKZQHgJEsPjpQ6vfc-LJUSkA00WUwkzKUkfbay8dPgELOo47qCpWDbSVPdxQu3YVGBefBhcEVgeSbgaNs1rTzrPKVSiHrYLAOb8E8t88o6Y-XbFFsbRVEhC49TDbbulMQGiz3x_hMayqShwaiXcT4f6Mxx63BUqKzv2r3oqgagD5MZ0K7ZbmZ2i_7_GI0LGwPBV8BvwBJw0sWytTBak8OVvMgA28_fJSLLAd_JOKjsTQOqnH6gAobuvpZE7piWCKSKZ0SHEnP4JZ9u7yqXEJPg2O8StAsJsB--oP4BCbKGNVr0vwuPGnz6kdUe8M-x7QxHIUFQRNtILM3WNJcmL3cVSNMwhA2jAuqcsriy3w7nXqo01l31Xn4oEOVY9F2xKWdsmUluiTG8SfeNStlTzLJLfDYPCvpV88KH4rLZagWgQCUjeQ4ZwhhO8kckNaxmL_ftvrXU8MNDuSDf-M_8gdIvOyuN83oBcMUKZwIvxgjRtYmh1HNMPqUYgvl_j_UYKb745CduPcDOnI8HZUDHLwHmazOULzkXl5cxXIe1q8s8KcDifsV5PO5Yywzgsre-dhE8l3j8-ZuB3WMRxQt1aPDbHtOX4jpKAFJXz6KPyIMLw14vJTBkZfS_fISLDQlcSSstbxAyY0RIPTBp278XHJm2gXBeFkPBZSKOEAZRttJZB2Oy0avouZtZZi3VdjMKeJNbv_R2KYDljd_KXIBIVZPAnlVxvtMII9eEF73qC0I_LbTm7D8oocTYg-ftIlaH8gUnt7frvha9_qbiAzj4KzQKLOG2yoX5LjbmcOPjBT8Vdsw98FhfnbSlPbMKOH3MKbD2MnAyPZO-0rmWtyFI46YQQELc52XHleL8RDvgDBP5hGFjvmI3wEEWTr0k7kXgdc6XUeMTveZPkNAXO9hCg5wyzn8suw4jSGWhXTCZxzHZVo0MGyofzs3ZWGVHafd6fslpm-3eMBNAfi-al0LXrRckvnhSmo7No4FrBddBqeiWY5Pl6d9cyfAvt&amp;__tn__=%2As-R&amp;paipv=0\">Ludvie&#8217;s Oil<\/a> Pure<\/p>\n<\/div>","protected":false},"excerpt":{"rendered":"<p>Elegantn\u00ed miska z jilmov\u00e9ho d\u0159eva. Vnit\u0159n\u00ed strana je zdobena grav\u00edrovanou mandalou.<\/p>\n<hr \/>\n<p>Povrchov\u00e1 \u00faprava: <a href=\"https:\/\/facebook.com\/ludviesoil?eav=AfbvSWmXhaT_Sn6P65sJQsULjGAFDBs6_uo-iOj__bGw__lZAAoUNzytibMh0__kIrE&amp;_ft_=encrypted_tracking_data.0AY_gKockQkKzvtrO6EUroDpTJ7UqA9Ny99GOZ6vyZRKmMavnSIqhVXY6EyZev2CbJsKOKSzM8d1NuL3360gybwfLt59hWeWiloHRSZGe6AT5eqhMJNI6tqq1geNP6C-g7JhlfSQE1sDTwSVHHvrXdslPLMLP0l9N09_9JrdpOxBlH8Pkpw2bdkBIykzc4LpJvBukIR-RBQNtx-Cx-Y2r6XVrIlaiSKlU6TiYh0weO8N5h35SwxKzWSC2jodGLW8Q7EiIi5NMr31J6e9ZuF9qL66W4OUe8F9HpEN4LE9ldSfDUj_sS55p-wv2l0aVOlCb8YXxgLvFL1dUtUt79i19yz9aUq1EDDdiEnG2Z841bA-1ZjZlzWyjuy5-q2e-6niKvoq98WSyN4yJ0g3PjTx7I7XZScyBN9fVYxj1PJ-VH_eTDopOirk3sIupvbetSVaAN9nkTidN9wX0aPZJzh01G_1gS78qQNn8Qy85rgdYZbNVvw__8yF6ni3aCKiCkFQO_gM_xNEtgKnmIVwy5l24HITp_YyZtUa3XTCJrxQeNylFcoHu6oHEUnXXfRA_7N_a8HgpSscRIcEfepkG3yeZw9Rs8uLDMcNn_ZichCjQwKgc7NSQ-Fvp_tSenhWOfpqzq0pzYtUvNnDtITFk3ZLD7PszlSQVtTZRR2Fb2kGop8mRGEj8-4JLiftAgZZY3ceMcn73azGuFk_U8tZ1Rsval0SEl72uFZ3k3py_YAh97dDFSq5T0m7RmISShPD6vMJGHhW3y1NTMaVmtFUyv9TMYmst8rKZQHgJEsPjpQ6vfc-LJUSkA00WUwkzKUkfbay8dPgELOo47qCpWDbSVPdxQu3YVGBefBhcEVgeSbgaNs1rTzrPKVSiHrYLAOb8E8t88o6Y-XbFFsbRVEhC49TDbbulMQGiz3x_hMayqShwaiXcT4f6Mxx63BUqKzv2r3oqgagD5MZ0K7ZbmZ2i_7_GI0LGwPBV8BvwBJw0sWytTBak8OVvMgA28_fJSLLAd_JOKjsTQOqnH6gAobuvpZE7piWCKSKZ0SHEnP4JZ9u7yqXEJPg2O8StAsJsB--oP4BCbKGNVr0vwuPGnz6kdUe8M-x7QxHIUFQRNtILM3WNJcmL3cVSNMwhA2jAuqcsriy3w7nXqo01l31Xn4oEOVY9F2xKWdsmUluiTG8SfeNStlTzLJLfDYPCvpV88KH4rLZagWgQCUjeQ4ZwhhO8kckNaxmL_ftvrXU8MNDuSDf-M_8gdIvOyuN83oBcMUKZwIvxgjRtYmh1HNMPqUYgvl_j_UYKb745CduPcDOnI8HZUDHLwHmazOULzkXl5cxXIe1q8s8KcDifsV5PO5Yywzgsre-dhE8l3j8-ZuB3WMRxQt1aPDbHtOX4jpKAFJXz6KPyIMLw14vJTBkZfS_fISLDQlcSSstbxAyY0RIPTBp278XHJm2gXBeFkPBZSKOEAZRttJZB2Oy0avouZtZZi3VdjMKeJNbv_R2KYDljd_KXIBIVZPAnlVxvtMII9eEF73qC0I_LbTm7D8oocTYg-ftIlaH8gUnt7frvha9_qbiAzj4KzQKLOG2yoX5LjbmcOPjBT8Vdsw98FhfnbSlPbMKOH3MKbD2MnAyPZO-0rmWtyFI46YQQELc52XHleL8RDvgDBP5hGFjvmI3wEEWTr0k7kXgdc6XUeMTveZPkNAXO9hCg5wyzn8suw4jSGWhXTCZxzHZVo0MGyofzs3ZWGVHafd6fslpm-3eMBNAfi-al0LXrRckvnhSmo7No4FrBddBqeiWY5Pl6d9cyfAvt&amp;__tn__=%2As-R&amp;paipv=0\">Ludvie&#8217;s Oil<\/a> Pure<\/p>","protected":false},"featured_media":5718,"template":"","meta":{"_editorskit_title_hidden":false,"_editorskit_reading_time":0,"_editorskit_is_block_options_detached":false,"_editorskit_block_options_position":"{}"},"product_brand":[394],"product_cat":[78],"product_tag":[],"class_list":{"0":"post-5716","1":"product","2":"type-product","3":"status-publish","4":"has-post-thumbnail","6":"product_brand-wood-punk","7":"product_cat-drevene-misky","8":"pa_material-jilm","9":"pa_povrchova-uprava-ludvies-oil-pure","10":"pa_technika-gravirovani-dreva","12":"entry","13":"has-media","15":"first","16":"outofstock","17":"shipping-taxable","18":"purchasable","19":"product-type-simple","20":"col","21":"span_1_of_5","22":"owp-content-center","23":"owp-thumbs-layout-horizontal","24":"owp-btn-normal","25":"owp-tabs-layout-horizontal"},"yoast_head":"<!-- This site is optimized with the Yoast SEO plugin v27.4 - https:\/\/yoast.com\/product\/yoast-seo-wordpress\/ -->\n<title>Miska jilmov\u00e9ho d\u0159eva s mandalou | WOOD PUNK<\/title>\n<meta name=\"description\" content=\"Elegantn\u00ed miska z jilmov\u00e9ho d\u0159eva. Vnit\u0159n\u00ed strana je zdobena grav\u00edrovanou mandalou.\" \/>\n<meta name=\"robots\" content=\"index, follow, max-snippet:-1, max-image-preview:large, max-video-preview:-1\" \/>\n<link rel=\"canonical\" href=\"https:\/\/woodpunk.cz\/en\/product\/jilmova-miska-18x-5-cm-s-mandalou\/\" \/>\n<meta property=\"og:locale\" content=\"en_US\" \/>\n<meta property=\"og:type\" content=\"article\" \/>\n<meta property=\"og:title\" content=\"Miska jilmov\u00e9ho d\u0159eva s mandalou | WOOD PUNK\" \/>\n<meta property=\"og:description\" content=\"Elegantn\u00ed miska z jilmov\u00e9ho d\u0159eva. Vnit\u0159n\u00ed strana je zdobena grav\u00edrovanou mandalou.\" \/>\n<meta property=\"og:url\" content=\"https:\/\/woodpunk.cz\/en\/product\/jilmova-miska-18x-5-cm-s-mandalou\/\" \/>\n<meta property=\"og:site_name\" content=\"WOOD PUNK\" \/>\n<meta property=\"article:publisher\" content=\"https:\/\/www.facebook.com\/JL.WoodPunk\" \/>\n<meta property=\"article:modified_time\" content=\"2025-05-30T10:30:17+00:00\" \/>\n<meta property=\"og:image\" content=\"https:\/\/woodpunk.cz\/wp-content\/uploads\/2025\/02\/jilmova-miska-18x-5-cm-s-mandalou.jpg\" \/>\n\t<meta property=\"og:image:width\" content=\"2222\" \/>\n\t<meta property=\"og:image:height\" content=\"1777\" \/>\n\t<meta property=\"og:image:type\" content=\"image\/jpeg\" \/>\n<meta name=\"twitter:card\" content=\"summary_large_image\" \/>\n<meta name=\"twitter:label1\" content=\"Est. reading time\" \/>\n\t<meta name=\"twitter:data1\" content=\"1 minute\" \/>\n<script type=\"application\/ld+json\" class=\"yoast-schema-graph\">{\"@context\":\"https:\\\/\\\/schema.org\",\"@graph\":[{\"@type\":\"WebPage\",\"@id\":\"https:\\\/\\\/woodpunk.cz\\\/produkt\\\/jilmova-miska-18x-5-cm-s-mandalou\\\/\",\"url\":\"https:\\\/\\\/woodpunk.cz\\\/produkt\\\/jilmova-miska-18x-5-cm-s-mandalou\\\/\",\"name\":\"Miska jilmov\u00e9ho d\u0159eva s mandalou | WOOD PUNK\",\"isPartOf\":{\"@id\":\"https:\\\/\\\/woodpunk.cz\\\/#website\"},\"primaryImageOfPage\":{\"@id\":\"https:\\\/\\\/woodpunk.cz\\\/produkt\\\/jilmova-miska-18x-5-cm-s-mandalou\\\/#primaryimage\"},\"image\":{\"@id\":\"https:\\\/\\\/woodpunk.cz\\\/produkt\\\/jilmova-miska-18x-5-cm-s-mandalou\\\/#primaryimage\"},\"thumbnailUrl\":\"https:\\\/\\\/woodpunk.cz\\\/wp-content\\\/uploads\\\/2025\\\/02\\\/jilmova-miska-18x-5-cm-s-mandalou.jpg\",\"datePublished\":\"2025-02-27T20:33:33+00:00\",\"dateModified\":\"2025-05-30T10:30:17+00:00\",\"description\":\"Elegantn\u00ed miska z jilmov\u00e9ho d\u0159eva. Vnit\u0159n\u00ed strana je zdobena grav\u00edrovanou mandalou.\",\"breadcrumb\":{\"@id\":\"https:\\\/\\\/woodpunk.cz\\\/produkt\\\/jilmova-miska-18x-5-cm-s-mandalou\\\/#breadcrumb\"},\"inLanguage\":\"en-US\",\"potentialAction\":[{\"@type\":\"ReadAction\",\"target\":[\"https:\\\/\\\/woodpunk.cz\\\/produkt\\\/jilmova-miska-18x-5-cm-s-mandalou\\\/\"]}]},{\"@type\":\"ImageObject\",\"inLanguage\":\"en-US\",\"@id\":\"https:\\\/\\\/woodpunk.cz\\\/produkt\\\/jilmova-miska-18x-5-cm-s-mandalou\\\/#primaryimage\",\"url\":\"https:\\\/\\\/woodpunk.cz\\\/wp-content\\\/uploads\\\/2025\\\/02\\\/jilmova-miska-18x-5-cm-s-mandalou.jpg\",\"contentUrl\":\"https:\\\/\\\/woodpunk.cz\\\/wp-content\\\/uploads\\\/2025\\\/02\\\/jilmova-miska-18x-5-cm-s-mandalou.jpg\",\"width\":2222,\"height\":1777,\"caption\":\"Elegantn\u00ed miska z jilmov\u00e9ho d\u0159eva. Vnit\u0159n\u00ed strana je zdobena grav\u00edrovanou mandalou.\"},{\"@type\":\"BreadcrumbList\",\"@id\":\"https:\\\/\\\/woodpunk.cz\\\/produkt\\\/jilmova-miska-18x-5-cm-s-mandalou\\\/#breadcrumb\",\"itemListElement\":[{\"@type\":\"ListItem\",\"position\":1,\"name\":\"Dom\u016f\",\"item\":\"https:\\\/\\\/woodpunk.cz\\\/\"},{\"@type\":\"ListItem\",\"position\":2,\"name\":\"Obchod s d\u0159ev\u011bn\u00fdmi miskami a v\u00fdrobky z masivn\u00edho d\u0159eva\",\"item\":\"https:\\\/\\\/woodpunk.cz\\\/drevene-misky-a-vyrobky-ze-dreva\\\/\"},{\"@type\":\"ListItem\",\"position\":3,\"name\":\"Jilmov\u00e1 miska (18&#215;5 cm) s mandalou\"}]},{\"@type\":\"WebSite\",\"@id\":\"https:\\\/\\\/woodpunk.cz\\\/#website\",\"url\":\"https:\\\/\\\/woodpunk.cz\\\/\",\"name\":\"WOOD PUNK\",\"description\":\"\",\"publisher\":{\"@id\":\"https:\\\/\\\/woodpunk.cz\\\/#organization\"},\"alternateName\":\"\u0158emesln\u00e1 v\u00fdroba a prodej d\u0159ev\u011bn\u00fdch misek, v\u00e1z, kv\u011btn\u00edk\u016f a dal\u0161\u00edch d\u0159ev\u011bn\u00fdch nejenom soustru\u017een\u00fdch v\u00fdrobk\u016f.\",\"potentialAction\":[{\"@type\":\"SearchAction\",\"target\":{\"@type\":\"EntryPoint\",\"urlTemplate\":\"https:\\\/\\\/woodpunk.cz\\\/?s={search_term_string}\"},\"query-input\":{\"@type\":\"PropertyValueSpecification\",\"valueRequired\":true,\"valueName\":\"search_term_string\"}}],\"inLanguage\":\"en-US\"},{\"@type\":\"Organization\",\"@id\":\"https:\\\/\\\/woodpunk.cz\\\/#organization\",\"name\":\"WOOD PUNK\",\"alternateName\":\"\u0158emesln\u00e1 v\u00fdroba d\u0159ev\u011bn\u00fdch misek, v\u00e1z, kv\u011btn\u00edk\u016f a dal\u0161\u00edch d\u0159ev\u011bn\u00fdch nejenom soustru\u017een\u00fdch v\u00fdrobk\u016f.\",\"url\":\"https:\\\/\\\/woodpunk.cz\\\/\",\"logo\":{\"@type\":\"ImageObject\",\"inLanguage\":\"en-US\",\"@id\":\"https:\\\/\\\/woodpunk.cz\\\/#\\\/schema\\\/logo\\\/image\\\/\",\"url\":\"https:\\\/\\\/woodpunk.cz\\\/wp-content\\\/uploads\\\/2024\\\/04\\\/woodpunk_logo_260x213_f1f1f1ff.png\",\"contentUrl\":\"https:\\\/\\\/woodpunk.cz\\\/wp-content\\\/uploads\\\/2024\\\/04\\\/woodpunk_logo_260x213_f1f1f1ff.png\",\"width\":260,\"height\":213,\"caption\":\"WOOD PUNK\"},\"image\":{\"@id\":\"https:\\\/\\\/woodpunk.cz\\\/#\\\/schema\\\/logo\\\/image\\\/\"},\"sameAs\":[\"https:\\\/\\\/www.facebook.com\\\/JL.WoodPunk\",\"https:\\\/\\\/www.instagram.com\\\/jlwoodpunk\\\/\",\"https:\\\/\\\/www.youtube.com\\\/channel\\\/UCbpihje-owPtI1dpoNOqkyA\"]}]}<\/script>\n<!-- \/ Yoast SEO plugin. -->","yoast_head_json":{"title":"Miska jilmov\u00e9ho d\u0159eva s mandalou | WOOD PUNK","description":"Elegantn\u00ed miska z jilmov\u00e9ho d\u0159eva. Vnit\u0159n\u00ed strana je zdobena grav\u00edrovanou mandalou.","robots":{"index":"index","follow":"follow","max-snippet":"max-snippet:-1","max-image-preview":"max-image-preview:large","max-video-preview":"max-video-preview:-1"},"canonical":"https:\/\/woodpunk.cz\/en\/product\/jilmova-miska-18x-5-cm-s-mandalou\/","og_locale":"en_US","og_type":"article","og_title":"Miska jilmov\u00e9ho d\u0159eva s mandalou | WOOD PUNK","og_description":"Elegantn\u00ed miska z jilmov\u00e9ho d\u0159eva. Vnit\u0159n\u00ed strana je zdobena grav\u00edrovanou mandalou.","og_url":"https:\/\/woodpunk.cz\/en\/product\/jilmova-miska-18x-5-cm-s-mandalou\/","og_site_name":"WOOD PUNK","article_publisher":"https:\/\/www.facebook.com\/JL.WoodPunk","article_modified_time":"2025-05-30T10:30:17+00:00","og_image":[{"width":2222,"height":1777,"url":"https:\/\/woodpunk.cz\/wp-content\/uploads\/2025\/02\/jilmova-miska-18x-5-cm-s-mandalou.jpg","type":"image\/jpeg"}],"twitter_card":"summary_large_image","twitter_misc":{"Est. reading time":"1 minute"},"schema":{"@context":"https:\/\/schema.org","@graph":[{"@type":"WebPage","@id":"https:\/\/woodpunk.cz\/produkt\/jilmova-miska-18x-5-cm-s-mandalou\/","url":"https:\/\/woodpunk.cz\/produkt\/jilmova-miska-18x-5-cm-s-mandalou\/","name":"Miska jilmov\u00e9ho d\u0159eva s mandalou | WOOD PUNK","isPartOf":{"@id":"https:\/\/woodpunk.cz\/#website"},"primaryImageOfPage":{"@id":"https:\/\/woodpunk.cz\/produkt\/jilmova-miska-18x-5-cm-s-mandalou\/#primaryimage"},"image":{"@id":"https:\/\/woodpunk.cz\/produkt\/jilmova-miska-18x-5-cm-s-mandalou\/#primaryimage"},"thumbnailUrl":"https:\/\/woodpunk.cz\/wp-content\/uploads\/2025\/02\/jilmova-miska-18x-5-cm-s-mandalou.jpg","datePublished":"2025-02-27T20:33:33+00:00","dateModified":"2025-05-30T10:30:17+00:00","description":"Elegantn\u00ed miska z jilmov\u00e9ho d\u0159eva. Vnit\u0159n\u00ed strana je zdobena grav\u00edrovanou mandalou.","breadcrumb":{"@id":"https:\/\/woodpunk.cz\/produkt\/jilmova-miska-18x-5-cm-s-mandalou\/#breadcrumb"},"inLanguage":"en-US","potentialAction":[{"@type":"ReadAction","target":["https:\/\/woodpunk.cz\/produkt\/jilmova-miska-18x-5-cm-s-mandalou\/"]}]},{"@type":"ImageObject","inLanguage":"en-US","@id":"https:\/\/woodpunk.cz\/produkt\/jilmova-miska-18x-5-cm-s-mandalou\/#primaryimage","url":"https:\/\/woodpunk.cz\/wp-content\/uploads\/2025\/02\/jilmova-miska-18x-5-cm-s-mandalou.jpg","contentUrl":"https:\/\/woodpunk.cz\/wp-content\/uploads\/2025\/02\/jilmova-miska-18x-5-cm-s-mandalou.jpg","width":2222,"height":1777,"caption":"Elegantn\u00ed miska z jilmov\u00e9ho d\u0159eva. Vnit\u0159n\u00ed strana je zdobena grav\u00edrovanou mandalou."},{"@type":"BreadcrumbList","@id":"https:\/\/woodpunk.cz\/produkt\/jilmova-miska-18x-5-cm-s-mandalou\/#breadcrumb","itemListElement":[{"@type":"ListItem","position":1,"name":"Dom\u016f","item":"https:\/\/woodpunk.cz\/"},{"@type":"ListItem","position":2,"name":"Obchod s d\u0159ev\u011bn\u00fdmi miskami a v\u00fdrobky z masivn\u00edho d\u0159eva","item":"https:\/\/woodpunk.cz\/drevene-misky-a-vyrobky-ze-dreva\/"},{"@type":"ListItem","position":3,"name":"Jilmov\u00e1 miska (18&#215;5 cm) s mandalou"}]},{"@type":"WebSite","@id":"https:\/\/woodpunk.cz\/#website","url":"https:\/\/woodpunk.cz\/","name":"WOOD PUNK","description":"","publisher":{"@id":"https:\/\/woodpunk.cz\/#organization"},"alternateName":"\u0158emesln\u00e1 v\u00fdroba a prodej d\u0159ev\u011bn\u00fdch misek, v\u00e1z, kv\u011btn\u00edk\u016f a dal\u0161\u00edch d\u0159ev\u011bn\u00fdch nejenom soustru\u017een\u00fdch v\u00fdrobk\u016f.","potentialAction":[{"@type":"SearchAction","target":{"@type":"EntryPoint","urlTemplate":"https:\/\/woodpunk.cz\/?s={search_term_string}"},"query-input":{"@type":"PropertyValueSpecification","valueRequired":true,"valueName":"search_term_string"}}],"inLanguage":"en-US"},{"@type":"Organization","@id":"https:\/\/woodpunk.cz\/#organization","name":"WOOD PUNK","alternateName":"\u0158emesln\u00e1 v\u00fdroba d\u0159ev\u011bn\u00fdch misek, v\u00e1z, kv\u011btn\u00edk\u016f a dal\u0161\u00edch d\u0159ev\u011bn\u00fdch nejenom soustru\u017een\u00fdch v\u00fdrobk\u016f.","url":"https:\/\/woodpunk.cz\/","logo":{"@type":"ImageObject","inLanguage":"en-US","@id":"https:\/\/woodpunk.cz\/#\/schema\/logo\/image\/","url":"https:\/\/woodpunk.cz\/wp-content\/uploads\/2024\/04\/woodpunk_logo_260x213_f1f1f1ff.png","contentUrl":"https:\/\/woodpunk.cz\/wp-content\/uploads\/2024\/04\/woodpunk_logo_260x213_f1f1f1ff.png","width":260,"height":213,"caption":"WOOD PUNK"},"image":{"@id":"https:\/\/woodpunk.cz\/#\/schema\/logo\/image\/"},"sameAs":["https:\/\/www.facebook.com\/JL.WoodPunk","https:\/\/www.instagram.com\/jlwoodpunk\/","https:\/\/www.youtube.com\/channel\/UCbpihje-owPtI1dpoNOqkyA"]}]}},"_links":{"self":[{"href":"https:\/\/woodpunk.cz\/en\/wp-json\/wp\/v2\/product\/5716","targetHints":{"allow":["GET"]}}],"collection":[{"href":"https:\/\/woodpunk.cz\/en\/wp-json\/wp\/v2\/product"}],"about":[{"href":"https:\/\/woodpunk.cz\/en\/wp-json\/wp\/v2\/types\/product"}],"wp:featuredmedia":[{"embeddable":true,"href":"https:\/\/woodpunk.cz\/en\/wp-json\/wp\/v2\/media\/5718"}],"wp:attachment":[{"href":"https:\/\/woodpunk.cz\/en\/wp-json\/wp\/v2\/media?parent=5716"}],"wp:term":[{"taxonomy":"product_brand","embeddable":true,"href":"https:\/\/woodpunk.cz\/en\/wp-json\/wp\/v2\/product_brand?post=5716"},{"taxonomy":"product_cat","embeddable":true,"href":"https:\/\/woodpunk.cz\/en\/wp-json\/wp\/v2\/product_cat?post=5716"},{"taxonomy":"product_tag","embeddable":true,"href":"https:\/\/woodpunk.cz\/en\/wp-json\/wp\/v2\/product_tag?post=5716"}],"curies":[{"name":"wp","href":"https:\/\/api.w.org\/{rel}","templated":true}]}}