{"id":5500,"date":"2024-12-03T17:55:13","date_gmt":"2024-12-03T16:55:13","guid":{"rendered":"https:\/\/woodpunk.cz\/?post_type=product&#038;p=5500"},"modified":"2025-05-30T12:30:17","modified_gmt":"2025-05-30T10:30:17","slug":"miska-ze-dreva-iroko-24x5-cm","status":"publish","type":"product","link":"https:\/\/woodpunk.cz\/en\/product\/miska-ze-dreva-iroko-24x5-cm\/","title":{"rendered":"Miska ze d\u0159eva iroko (24&#215;5 cm)"},"content":{"rendered":"<div class=\"xdj266r x11i5rnm xat24cr x1mh8g0r x1vvkbs x126k92a\">\n<div dir=\"auto\">Elegantn\u00ed miska ze zv\u00fd\u0161en\u00fdm vnit\u0159n\u00edm okrajem z africk\u00e9ho d\u0159eva iroko.<\/div>\n<div dir=\"auto\">\n<hr \/>\n<\/div>\n<\/div>\n<div class=\"x11i5rnm xat24cr x1mh8g0r x1vvkbs xtlvy1s x126k92a\">\n<div dir=\"auto\">Povrchov\u00e1 \u00faprava: <span class=\"html-span xdj266r x11i5rnm xat24cr x1mh8g0r xexx8yu x4uap5 x18d9i69 xkhd6sd x1hl2dhg x16tdsg8 x1vvkbs\"><a class=\"x1i10hfl xjbqb8w x1ejq31n xd10rxx x1sy0etr x17r0tee x972fbf xcfux6l x1qhh985 xm0m39n x9f619 x1ypdohk xt0psk2 xe8uvvx xdj266r x11i5rnm xat24cr x1mh8g0r xexx8yu x4uap5 x18d9i69 xkhd6sd x16tdsg8 x1hl2dhg xggy1nq x1a2a7pz x1sur9pj xkrqix3 x1fey0fg x1s688f\" tabindex=\"0\" role=\"link\" href=\"https:\/\/www.facebook.com\/ludviesoil?__cft__[0]=AZV7tJ22K9SD3U-H1GSxtA0mXIVZQKUWlrO0G6PBE3b8rIjnziubiaEzNhyLpClsu94YN3eZ14XL6HaL0xC6I5r2IZ6r5hNvYOgzmKsGzoRwUGeyHuFip9Jly4buGu6gdiY2ChLF1zkoieJ6O-kkgVY28BiU46G_JC0HW8XHi4TCHQ&amp;__tn__=-]K-R\"><span class=\"xt0psk2\">Ludvie&#8217;s Oil<\/span><\/a><\/span> Black (vn\u011bj\u0161\u00ed strana a okraj), Ludvie&#8217;s Oil Saffron (vnit\u0159n\u00ed strana)<\/div>\n<\/div>\n","protected":false},"excerpt":{"rendered":"<p>Elegantn\u00ed miska ze zv\u00fd\u0161en\u00fdm vnit\u0159n\u00edm okrajem z africk\u00e9ho d\u0159eva iroko. Povrchov\u00e1 \u00faprava: Ludvie&#8217;s Oil Black (vn\u011bj\u0161\u00ed strana a okraj), Ludvie&#8217;s Oil Saffron (vnit\u0159n\u00ed strana)<\/p>","protected":false},"featured_media":5502,"template":"","meta":{"_editorskit_title_hidden":false,"_editorskit_reading_time":0,"_editorskit_is_block_options_detached":false,"_editorskit_block_options_position":"{}"},"product_brand":[394],"product_cat":[78],"product_tag":[],"class_list":{"0":"post-5500","1":"product","2":"type-product","3":"status-publish","4":"has-post-thumbnail","6":"product_brand-wood-punk","7":"product_cat-drevene-misky","8":"pa_material-iroko","9":"pa_povrchova-uprava-ludvies-oil-black","10":"pa_povrchova-uprava-ludvies-oil-saffron","12":"entry","13":"has-media","15":"first","16":"outofstock","17":"shipping-taxable","18":"purchasable","19":"product-type-simple","20":"col","21":"span_1_of_5","22":"owp-content-center","23":"owp-thumbs-layout-horizontal","24":"owp-btn-normal","25":"owp-tabs-layout-horizontal"},"yoast_head":"<!-- This site is optimized with the Yoast SEO plugin v27.4 - https:\/\/yoast.com\/product\/yoast-seo-wordpress\/ -->\n<title>Miska z africk\u00e9ho d\u0159eva iroko | WOOD PUNK<\/title>\n<meta name=\"description\" content=\"Elegantn\u00ed miska ze zv\u00fd\u0161en\u00fdm vnit\u0159n\u00edm okrajem z africk\u00e9ho d\u0159eva iroko. Povrchov\u00e1 \u00faprava: Ludvie&#039;s Oil Black a Ludvie&#039;s Oil Saffron.\" \/>\n<meta name=\"robots\" content=\"index, follow, max-snippet:-1, max-image-preview:large, max-video-preview:-1\" \/>\n<link rel=\"canonical\" href=\"https:\/\/woodpunk.cz\/en\/product\/miska-ze-dreva-iroko-24x5-cm\/\" \/>\n<meta property=\"og:locale\" content=\"en_US\" \/>\n<meta property=\"og:type\" content=\"article\" \/>\n<meta property=\"og:title\" content=\"Miska z africk\u00e9ho d\u0159eva iroko | WOOD PUNK\" \/>\n<meta property=\"og:description\" content=\"Elegantn\u00ed miska ze zv\u00fd\u0161en\u00fdm vnit\u0159n\u00edm okrajem z africk\u00e9ho d\u0159eva iroko. Povrchov\u00e1 \u00faprava: Ludvie&#039;s Oil Black a Ludvie&#039;s Oil Saffron.\" \/>\n<meta property=\"og:url\" content=\"https:\/\/woodpunk.cz\/en\/product\/miska-ze-dreva-iroko-24x5-cm\/\" \/>\n<meta property=\"og:site_name\" content=\"WOOD PUNK\" \/>\n<meta property=\"article:publisher\" content=\"https:\/\/www.facebook.com\/JL.WoodPunk\" \/>\n<meta property=\"article:modified_time\" content=\"2025-05-30T10:30:17+00:00\" \/>\n<meta property=\"og:image\" content=\"https:\/\/woodpunk.cz\/wp-content\/uploads\/2024\/12\/miska-ze-dreva-iroko-24x5-cm-1.jpg\" \/>\n\t<meta property=\"og:image:width\" content=\"960\" \/>\n\t<meta property=\"og:image:height\" content=\"768\" \/>\n\t<meta property=\"og:image:type\" content=\"image\/jpeg\" \/>\n<meta name=\"twitter:card\" content=\"summary_large_image\" \/>\n<meta name=\"twitter:label1\" content=\"Est. reading time\" \/>\n\t<meta name=\"twitter:data1\" content=\"1 minute\" \/>\n<script type=\"application\/ld+json\" class=\"yoast-schema-graph\">{\"@context\":\"https:\\\/\\\/schema.org\",\"@graph\":[{\"@type\":\"WebPage\",\"@id\":\"https:\\\/\\\/woodpunk.cz\\\/produkt\\\/miska-ze-dreva-iroko-24x5-cm\\\/\",\"url\":\"https:\\\/\\\/woodpunk.cz\\\/produkt\\\/miska-ze-dreva-iroko-24x5-cm\\\/\",\"name\":\"Miska z africk\u00e9ho d\u0159eva iroko | WOOD PUNK\",\"isPartOf\":{\"@id\":\"https:\\\/\\\/woodpunk.cz\\\/#website\"},\"primaryImageOfPage\":{\"@id\":\"https:\\\/\\\/woodpunk.cz\\\/produkt\\\/miska-ze-dreva-iroko-24x5-cm\\\/#primaryimage\"},\"image\":{\"@id\":\"https:\\\/\\\/woodpunk.cz\\\/produkt\\\/miska-ze-dreva-iroko-24x5-cm\\\/#primaryimage\"},\"thumbnailUrl\":\"https:\\\/\\\/woodpunk.cz\\\/wp-content\\\/uploads\\\/2024\\\/12\\\/miska-ze-dreva-iroko-24x5-cm-1.jpg\",\"datePublished\":\"2024-12-03T16:55:13+00:00\",\"dateModified\":\"2025-05-30T10:30:17+00:00\",\"description\":\"Elegantn\u00ed miska ze zv\u00fd\u0161en\u00fdm vnit\u0159n\u00edm okrajem z africk\u00e9ho d\u0159eva iroko. Povrchov\u00e1 \u00faprava: Ludvie's Oil Black a Ludvie's Oil Saffron.\",\"breadcrumb\":{\"@id\":\"https:\\\/\\\/woodpunk.cz\\\/produkt\\\/miska-ze-dreva-iroko-24x5-cm\\\/#breadcrumb\"},\"inLanguage\":\"en-US\",\"potentialAction\":[{\"@type\":\"ReadAction\",\"target\":[\"https:\\\/\\\/woodpunk.cz\\\/produkt\\\/miska-ze-dreva-iroko-24x5-cm\\\/\"]}]},{\"@type\":\"ImageObject\",\"inLanguage\":\"en-US\",\"@id\":\"https:\\\/\\\/woodpunk.cz\\\/produkt\\\/miska-ze-dreva-iroko-24x5-cm\\\/#primaryimage\",\"url\":\"https:\\\/\\\/woodpunk.cz\\\/wp-content\\\/uploads\\\/2024\\\/12\\\/miska-ze-dreva-iroko-24x5-cm-1.jpg\",\"contentUrl\":\"https:\\\/\\\/woodpunk.cz\\\/wp-content\\\/uploads\\\/2024\\\/12\\\/miska-ze-dreva-iroko-24x5-cm-1.jpg\",\"width\":960,\"height\":768,\"caption\":\"Elegantn\u00ed miska ze zv\u00fd\u0161en\u00fdm vnit\u0159n\u00edm okrajem z africk\u00e9ho d\u0159eva iroko.\"},{\"@type\":\"BreadcrumbList\",\"@id\":\"https:\\\/\\\/woodpunk.cz\\\/produkt\\\/miska-ze-dreva-iroko-24x5-cm\\\/#breadcrumb\",\"itemListElement\":[{\"@type\":\"ListItem\",\"position\":1,\"name\":\"Dom\u016f\",\"item\":\"https:\\\/\\\/woodpunk.cz\\\/\"},{\"@type\":\"ListItem\",\"position\":2,\"name\":\"Obchod s d\u0159ev\u011bn\u00fdmi miskami a v\u00fdrobky z masivn\u00edho d\u0159eva\",\"item\":\"https:\\\/\\\/woodpunk.cz\\\/drevene-misky-a-vyrobky-ze-dreva\\\/\"},{\"@type\":\"ListItem\",\"position\":3,\"name\":\"Miska ze d\u0159eva iroko (24&#215;5 cm)\"}]},{\"@type\":\"WebSite\",\"@id\":\"https:\\\/\\\/woodpunk.cz\\\/#website\",\"url\":\"https:\\\/\\\/woodpunk.cz\\\/\",\"name\":\"WOOD PUNK\",\"description\":\"\",\"publisher\":{\"@id\":\"https:\\\/\\\/woodpunk.cz\\\/#organization\"},\"alternateName\":\"\u0158emesln\u00e1 v\u00fdroba a prodej d\u0159ev\u011bn\u00fdch misek, v\u00e1z, kv\u011btn\u00edk\u016f a dal\u0161\u00edch d\u0159ev\u011bn\u00fdch nejenom soustru\u017een\u00fdch v\u00fdrobk\u016f.\",\"potentialAction\":[{\"@type\":\"SearchAction\",\"target\":{\"@type\":\"EntryPoint\",\"urlTemplate\":\"https:\\\/\\\/woodpunk.cz\\\/?s={search_term_string}\"},\"query-input\":{\"@type\":\"PropertyValueSpecification\",\"valueRequired\":true,\"valueName\":\"search_term_string\"}}],\"inLanguage\":\"en-US\"},{\"@type\":\"Organization\",\"@id\":\"https:\\\/\\\/woodpunk.cz\\\/#organization\",\"name\":\"WOOD PUNK\",\"alternateName\":\"\u0158emesln\u00e1 v\u00fdroba d\u0159ev\u011bn\u00fdch misek, v\u00e1z, kv\u011btn\u00edk\u016f a dal\u0161\u00edch d\u0159ev\u011bn\u00fdch nejenom soustru\u017een\u00fdch v\u00fdrobk\u016f.\",\"url\":\"https:\\\/\\\/woodpunk.cz\\\/\",\"logo\":{\"@type\":\"ImageObject\",\"inLanguage\":\"en-US\",\"@id\":\"https:\\\/\\\/woodpunk.cz\\\/#\\\/schema\\\/logo\\\/image\\\/\",\"url\":\"https:\\\/\\\/woodpunk.cz\\\/wp-content\\\/uploads\\\/2024\\\/04\\\/woodpunk_logo_260x213_f1f1f1ff.png\",\"contentUrl\":\"https:\\\/\\\/woodpunk.cz\\\/wp-content\\\/uploads\\\/2024\\\/04\\\/woodpunk_logo_260x213_f1f1f1ff.png\",\"width\":260,\"height\":213,\"caption\":\"WOOD PUNK\"},\"image\":{\"@id\":\"https:\\\/\\\/woodpunk.cz\\\/#\\\/schema\\\/logo\\\/image\\\/\"},\"sameAs\":[\"https:\\\/\\\/www.facebook.com\\\/JL.WoodPunk\",\"https:\\\/\\\/www.instagram.com\\\/jlwoodpunk\\\/\",\"https:\\\/\\\/www.youtube.com\\\/channel\\\/UCbpihje-owPtI1dpoNOqkyA\"]}]}<\/script>\n<!-- \/ Yoast SEO plugin. -->","yoast_head_json":{"title":"Miska z africk\u00e9ho d\u0159eva iroko | WOOD PUNK","description":"Elegantn\u00ed miska ze zv\u00fd\u0161en\u00fdm vnit\u0159n\u00edm okrajem z africk\u00e9ho d\u0159eva iroko. Povrchov\u00e1 \u00faprava: Ludvie's Oil Black a Ludvie's Oil Saffron.","robots":{"index":"index","follow":"follow","max-snippet":"max-snippet:-1","max-image-preview":"max-image-preview:large","max-video-preview":"max-video-preview:-1"},"canonical":"https:\/\/woodpunk.cz\/en\/product\/miska-ze-dreva-iroko-24x5-cm\/","og_locale":"en_US","og_type":"article","og_title":"Miska z africk\u00e9ho d\u0159eva iroko | WOOD PUNK","og_description":"Elegantn\u00ed miska ze zv\u00fd\u0161en\u00fdm vnit\u0159n\u00edm okrajem z africk\u00e9ho d\u0159eva iroko. Povrchov\u00e1 \u00faprava: Ludvie's Oil Black a Ludvie's Oil Saffron.","og_url":"https:\/\/woodpunk.cz\/en\/product\/miska-ze-dreva-iroko-24x5-cm\/","og_site_name":"WOOD PUNK","article_publisher":"https:\/\/www.facebook.com\/JL.WoodPunk","article_modified_time":"2025-05-30T10:30:17+00:00","og_image":[{"width":960,"height":768,"url":"https:\/\/woodpunk.cz\/wp-content\/uploads\/2024\/12\/miska-ze-dreva-iroko-24x5-cm-1.jpg","type":"image\/jpeg"}],"twitter_card":"summary_large_image","twitter_misc":{"Est. reading time":"1 minute"},"schema":{"@context":"https:\/\/schema.org","@graph":[{"@type":"WebPage","@id":"https:\/\/woodpunk.cz\/produkt\/miska-ze-dreva-iroko-24x5-cm\/","url":"https:\/\/woodpunk.cz\/produkt\/miska-ze-dreva-iroko-24x5-cm\/","name":"Miska z africk\u00e9ho d\u0159eva iroko | WOOD PUNK","isPartOf":{"@id":"https:\/\/woodpunk.cz\/#website"},"primaryImageOfPage":{"@id":"https:\/\/woodpunk.cz\/produkt\/miska-ze-dreva-iroko-24x5-cm\/#primaryimage"},"image":{"@id":"https:\/\/woodpunk.cz\/produkt\/miska-ze-dreva-iroko-24x5-cm\/#primaryimage"},"thumbnailUrl":"https:\/\/woodpunk.cz\/wp-content\/uploads\/2024\/12\/miska-ze-dreva-iroko-24x5-cm-1.jpg","datePublished":"2024-12-03T16:55:13+00:00","dateModified":"2025-05-30T10:30:17+00:00","description":"Elegantn\u00ed miska ze zv\u00fd\u0161en\u00fdm vnit\u0159n\u00edm okrajem z africk\u00e9ho d\u0159eva iroko. Povrchov\u00e1 \u00faprava: Ludvie's Oil Black a Ludvie's Oil Saffron.","breadcrumb":{"@id":"https:\/\/woodpunk.cz\/produkt\/miska-ze-dreva-iroko-24x5-cm\/#breadcrumb"},"inLanguage":"en-US","potentialAction":[{"@type":"ReadAction","target":["https:\/\/woodpunk.cz\/produkt\/miska-ze-dreva-iroko-24x5-cm\/"]}]},{"@type":"ImageObject","inLanguage":"en-US","@id":"https:\/\/woodpunk.cz\/produkt\/miska-ze-dreva-iroko-24x5-cm\/#primaryimage","url":"https:\/\/woodpunk.cz\/wp-content\/uploads\/2024\/12\/miska-ze-dreva-iroko-24x5-cm-1.jpg","contentUrl":"https:\/\/woodpunk.cz\/wp-content\/uploads\/2024\/12\/miska-ze-dreva-iroko-24x5-cm-1.jpg","width":960,"height":768,"caption":"Elegantn\u00ed miska ze zv\u00fd\u0161en\u00fdm vnit\u0159n\u00edm okrajem z africk\u00e9ho d\u0159eva iroko."},{"@type":"BreadcrumbList","@id":"https:\/\/woodpunk.cz\/produkt\/miska-ze-dreva-iroko-24x5-cm\/#breadcrumb","itemListElement":[{"@type":"ListItem","position":1,"name":"Dom\u016f","item":"https:\/\/woodpunk.cz\/"},{"@type":"ListItem","position":2,"name":"Obchod s d\u0159ev\u011bn\u00fdmi miskami a v\u00fdrobky z masivn\u00edho d\u0159eva","item":"https:\/\/woodpunk.cz\/drevene-misky-a-vyrobky-ze-dreva\/"},{"@type":"ListItem","position":3,"name":"Miska ze d\u0159eva iroko (24&#215;5 cm)"}]},{"@type":"WebSite","@id":"https:\/\/woodpunk.cz\/#website","url":"https:\/\/woodpunk.cz\/","name":"WOOD PUNK","description":"","publisher":{"@id":"https:\/\/woodpunk.cz\/#organization"},"alternateName":"\u0158emesln\u00e1 v\u00fdroba a prodej d\u0159ev\u011bn\u00fdch misek, v\u00e1z, kv\u011btn\u00edk\u016f a dal\u0161\u00edch d\u0159ev\u011bn\u00fdch nejenom soustru\u017een\u00fdch v\u00fdrobk\u016f.","potentialAction":[{"@type":"SearchAction","target":{"@type":"EntryPoint","urlTemplate":"https:\/\/woodpunk.cz\/?s={search_term_string}"},"query-input":{"@type":"PropertyValueSpecification","valueRequired":true,"valueName":"search_term_string"}}],"inLanguage":"en-US"},{"@type":"Organization","@id":"https:\/\/woodpunk.cz\/#organization","name":"WOOD PUNK","alternateName":"\u0158emesln\u00e1 v\u00fdroba d\u0159ev\u011bn\u00fdch misek, v\u00e1z, kv\u011btn\u00edk\u016f a dal\u0161\u00edch d\u0159ev\u011bn\u00fdch nejenom soustru\u017een\u00fdch v\u00fdrobk\u016f.","url":"https:\/\/woodpunk.cz\/","logo":{"@type":"ImageObject","inLanguage":"en-US","@id":"https:\/\/woodpunk.cz\/#\/schema\/logo\/image\/","url":"https:\/\/woodpunk.cz\/wp-content\/uploads\/2024\/04\/woodpunk_logo_260x213_f1f1f1ff.png","contentUrl":"https:\/\/woodpunk.cz\/wp-content\/uploads\/2024\/04\/woodpunk_logo_260x213_f1f1f1ff.png","width":260,"height":213,"caption":"WOOD PUNK"},"image":{"@id":"https:\/\/woodpunk.cz\/#\/schema\/logo\/image\/"},"sameAs":["https:\/\/www.facebook.com\/JL.WoodPunk","https:\/\/www.instagram.com\/jlwoodpunk\/","https:\/\/www.youtube.com\/channel\/UCbpihje-owPtI1dpoNOqkyA"]}]}},"_links":{"self":[{"href":"https:\/\/woodpunk.cz\/en\/wp-json\/wp\/v2\/product\/5500","targetHints":{"allow":["GET"]}}],"collection":[{"href":"https:\/\/woodpunk.cz\/en\/wp-json\/wp\/v2\/product"}],"about":[{"href":"https:\/\/woodpunk.cz\/en\/wp-json\/wp\/v2\/types\/product"}],"wp:featuredmedia":[{"embeddable":true,"href":"https:\/\/woodpunk.cz\/en\/wp-json\/wp\/v2\/media\/5502"}],"wp:attachment":[{"href":"https:\/\/woodpunk.cz\/en\/wp-json\/wp\/v2\/media?parent=5500"}],"wp:term":[{"taxonomy":"product_brand","embeddable":true,"href":"https:\/\/woodpunk.cz\/en\/wp-json\/wp\/v2\/product_brand?post=5500"},{"taxonomy":"product_cat","embeddable":true,"href":"https:\/\/woodpunk.cz\/en\/wp-json\/wp\/v2\/product_cat?post=5500"},{"taxonomy":"product_tag","embeddable":true,"href":"https:\/\/woodpunk.cz\/en\/wp-json\/wp\/v2\/product_tag?post=5500"}],"curies":[{"name":"wp","href":"https:\/\/api.w.org\/{rel}","templated":true}]}}