{"id":5492,"date":"2024-12-03T17:33:59","date_gmt":"2024-12-03T16:33:59","guid":{"rendered":"https:\/\/woodpunk.cz\/?post_type=product&#038;p=5492"},"modified":"2025-05-30T12:30:17","modified_gmt":"2025-05-30T10:30:17","slug":"javorova-miska-28-24x9-cm","status":"publish","type":"product","link":"https:\/\/woodpunk.cz\/en\/product\/javorova-miska-28-24x9-cm\/","title":{"rendered":"Javorov\u00e1 miska (28\/24&#215;9 cm)"},"content":{"rendered":"<div class=\"xdj266r x11i5rnm xat24cr x1mh8g0r x1vvkbs x126k92a\">\n<div dir=\"auto\">Elegantn\u00ed miska z javorov\u00e9ho d\u0159eva s p\u0159\u00edrodn\u00edm okrajem bez k\u016fry. Ebonizovan\u00fd a p\u0159\u00edrodn\u00edmi pigmenty zbarven\u00fd povrch zv\u00fdraznil efekt &#8222;zvln\u011bn\u00ed&#8220; typick\u00fd pro javor a \u010dasto v\u00eddan\u00fd na t\u011ble \u0161pi\u010dkov\u00fdch kytar.<\/div>\n<div dir=\"auto\">\n<hr \/>\n<\/div>\n<\/div>\n<div class=\"x11i5rnm xat24cr x1mh8g0r x1vvkbs xtlvy1s x126k92a\">\n<div dir=\"auto\">Povrchov\u00e1 \u00faprava: <span class=\"html-span xdj266r x11i5rnm xat24cr x1mh8g0r xexx8yu x4uap5 x18d9i69 xkhd6sd x1hl2dhg x16tdsg8 x1vvkbs\"><a class=\"x1i10hfl xjbqb8w x1ejq31n xd10rxx x1sy0etr x17r0tee x972fbf xcfux6l x1qhh985 xm0m39n x9f619 x1ypdohk xt0psk2 xe8uvvx xdj266r x11i5rnm xat24cr x1mh8g0r xexx8yu x4uap5 x18d9i69 xkhd6sd x16tdsg8 x1hl2dhg xggy1nq x1a2a7pz x1sur9pj xkrqix3 x1fey0fg x1s688f\" tabindex=\"0\" role=\"link\" href=\"https:\/\/www.facebook.com\/ludviesoil?__cft__[0]=AZX90OTwr7JEI8FEuYcTcvUGp4St_ei-poKXguUAhzQ6UhqqvNoQ2CUa5BSm5D6lHg515OfPuO6MK2ukz6T0nDdM74aT_ElmHyI716Q1kMbKCzTovgow_NN7JdIqooqTXKyWs88VvrF_XsATypDS3yYVsafSfebm-hk02RZNwwzw2g&amp;__tn__=-]K-R\"><span class=\"xt0psk2\">Ludvie&#8217;s Oil<\/span><\/a><\/span> Pure.<\/div>\n<\/div>\n","protected":false},"excerpt":{"rendered":"<p>Elegantn\u00ed miska z javorov\u00e9ho d\u0159eva s p\u0159\u00edrodn\u00edm okrajem bez k\u016fry. Ebonizovan\u00fd a p\u0159\u00edrodn\u00edmi pigmenty zbarven\u00fd povrch zv\u00fdraznil efekt &#8222;zvln\u011bn\u00ed&#8220; typick\u00fd pro javor a \u010dasto v\u00eddan\u00fd na t\u011ble \u0161pi\u010dkov\u00fdch kytar. Povrchov\u00e1 \u00faprava: Ludvie&#8217;s Oil Pure.<\/p>","protected":false},"featured_media":5493,"template":"","meta":{"_editorskit_title_hidden":false,"_editorskit_reading_time":0,"_editorskit_is_block_options_detached":false,"_editorskit_block_options_position":"{}"},"product_brand":[394],"product_cat":[78],"product_tag":[],"woo-feed-brand":[],"class_list":{"0":"post-5492","1":"product","2":"type-product","3":"status-publish","4":"has-post-thumbnail","6":"product_brand-wood-punk","7":"product_cat-drevene-misky","8":"pa_material-javorove-drevo","9":"pa_povrchova-uprava-ludvies-oil-pure","10":"pa_technika-ebonizace-dreva","11":"pa_technika-live-edge","13":"entry","14":"has-media","16":"first","17":"instock","18":"shipping-taxable","19":"purchasable","20":"product-type-simple","21":"col","22":"span_1_of_5","23":"owp-content-center","24":"owp-thumbs-layout-horizontal","25":"owp-btn-normal","26":"owp-tabs-layout-horizontal"},"yoast_head":"<!-- This site is optimized with the Yoast SEO plugin v27.6 - https:\/\/yoast.com\/product\/yoast-seo-wordpress\/ -->\n<title>Elegantn\u00ed miska z javorov\u00e9ho d\u0159eva | WOOD PUNK<\/title>\n<meta name=\"description\" content=\"Elegantn\u00ed miska z javorov\u00e9ho d\u0159eva s p\u0159\u00edrodn\u00edm okrajem bez k\u016fry. Ebonizovan\u00fdpovrch zv\u00fdraznil efekt &quot;zvln\u011bn\u00ed&quot; typick\u00fd pro javor \u010dasto v\u00eddan\u00fd na t\u011ble kytar.\" \/>\n<meta name=\"robots\" content=\"index, follow, max-snippet:-1, max-image-preview:large, max-video-preview:-1\" \/>\n<link rel=\"canonical\" href=\"https:\/\/woodpunk.cz\/en\/product\/javorova-miska-28-24x9-cm\/\" \/>\n<meta property=\"og:locale\" content=\"en_US\" \/>\n<meta property=\"og:type\" content=\"article\" \/>\n<meta property=\"og:title\" content=\"Elegantn\u00ed miska z javorov\u00e9ho d\u0159eva | WOOD PUNK\" \/>\n<meta property=\"og:description\" content=\"Elegantn\u00ed miska z javorov\u00e9ho d\u0159eva s p\u0159\u00edrodn\u00edm okrajem bez k\u016fry. Ebonizovan\u00fdpovrch zv\u00fdraznil efekt &quot;zvln\u011bn\u00ed&quot; typick\u00fd pro javor \u010dasto v\u00eddan\u00fd na t\u011ble kytar.\" \/>\n<meta property=\"og:url\" content=\"https:\/\/woodpunk.cz\/en\/product\/javorova-miska-28-24x9-cm\/\" \/>\n<meta property=\"og:site_name\" content=\"WOOD PUNK\" \/>\n<meta property=\"article:publisher\" content=\"https:\/\/www.facebook.com\/JL.WoodPunk\" \/>\n<meta property=\"article:modified_time\" content=\"2025-05-30T10:30:17+00:00\" \/>\n<meta property=\"og:image\" content=\"https:\/\/woodpunk.cz\/wp-content\/uploads\/2024\/12\/javorova-miska-28-24x9-cm.jpg\" \/>\n\t<meta property=\"og:image:width\" content=\"1024\" \/>\n\t<meta property=\"og:image:height\" content=\"769\" \/>\n\t<meta property=\"og:image:type\" content=\"image\/jpeg\" \/>\n<meta name=\"twitter:card\" content=\"summary_large_image\" \/>\n<meta name=\"twitter:label1\" content=\"Est. reading time\" \/>\n\t<meta name=\"twitter:data1\" content=\"1 minute\" \/>\n<script type=\"application\/ld+json\" class=\"yoast-schema-graph\">{\"@context\":\"https:\\\/\\\/schema.org\",\"@graph\":[{\"@type\":\"WebPage\",\"@id\":\"https:\\\/\\\/woodpunk.cz\\\/produkt\\\/javorova-miska-28-24x9-cm\\\/\",\"url\":\"https:\\\/\\\/woodpunk.cz\\\/produkt\\\/javorova-miska-28-24x9-cm\\\/\",\"name\":\"Elegantn\u00ed miska z javorov\u00e9ho d\u0159eva | WOOD PUNK\",\"isPartOf\":{\"@id\":\"https:\\\/\\\/woodpunk.cz\\\/#website\"},\"primaryImageOfPage\":{\"@id\":\"https:\\\/\\\/woodpunk.cz\\\/produkt\\\/javorova-miska-28-24x9-cm\\\/#primaryimage\"},\"image\":{\"@id\":\"https:\\\/\\\/woodpunk.cz\\\/produkt\\\/javorova-miska-28-24x9-cm\\\/#primaryimage\"},\"thumbnailUrl\":\"https:\\\/\\\/woodpunk.cz\\\/wp-content\\\/uploads\\\/2024\\\/12\\\/javorova-miska-28-24x9-cm.jpg\",\"datePublished\":\"2024-12-03T16:33:59+00:00\",\"dateModified\":\"2025-05-30T10:30:17+00:00\",\"description\":\"Elegantn\u00ed miska z javorov\u00e9ho d\u0159eva s p\u0159\u00edrodn\u00edm okrajem bez k\u016fry. Ebonizovan\u00fdpovrch zv\u00fdraznil efekt \\\"zvln\u011bn\u00ed\\\" typick\u00fd pro javor \u010dasto v\u00eddan\u00fd na t\u011ble kytar.\",\"breadcrumb\":{\"@id\":\"https:\\\/\\\/woodpunk.cz\\\/produkt\\\/javorova-miska-28-24x9-cm\\\/#breadcrumb\"},\"inLanguage\":\"en-US\",\"potentialAction\":[{\"@type\":\"ReadAction\",\"target\":[\"https:\\\/\\\/woodpunk.cz\\\/produkt\\\/javorova-miska-28-24x9-cm\\\/\"]}]},{\"@type\":\"ImageObject\",\"inLanguage\":\"en-US\",\"@id\":\"https:\\\/\\\/woodpunk.cz\\\/produkt\\\/javorova-miska-28-24x9-cm\\\/#primaryimage\",\"url\":\"https:\\\/\\\/woodpunk.cz\\\/wp-content\\\/uploads\\\/2024\\\/12\\\/javorova-miska-28-24x9-cm.jpg\",\"contentUrl\":\"https:\\\/\\\/woodpunk.cz\\\/wp-content\\\/uploads\\\/2024\\\/12\\\/javorova-miska-28-24x9-cm.jpg\",\"width\":1024,\"height\":769,\"caption\":\"Elegantn\u00ed miska z javorov\u00e9ho d\u0159eva s p\u0159\u00edrodn\u00edm okrajem bez k\u016fry. Ebonizovan\u00fd a p\u0159\u00edrodn\u00edmi pigmenty zbarven\u00fd povrch zv\u00fdraznil efekt \\\"zvln\u011bn\u00ed\\\" typick\u00fd pro javor a \u010dasto v\u00eddan\u00fd na t\u011ble \u0161pi\u010dkov\u00fdch kytar.\"},{\"@type\":\"BreadcrumbList\",\"@id\":\"https:\\\/\\\/woodpunk.cz\\\/produkt\\\/javorova-miska-28-24x9-cm\\\/#breadcrumb\",\"itemListElement\":[{\"@type\":\"ListItem\",\"position\":1,\"name\":\"Dom\u016f\",\"item\":\"https:\\\/\\\/woodpunk.cz\\\/\"},{\"@type\":\"ListItem\",\"position\":2,\"name\":\"Obchod s d\u0159ev\u011bn\u00fdmi miskami a v\u00fdrobky z masivn\u00edho d\u0159eva\",\"item\":\"https:\\\/\\\/woodpunk.cz\\\/drevene-misky-a-vyrobky-ze-dreva\\\/\"},{\"@type\":\"ListItem\",\"position\":3,\"name\":\"Javorov\u00e1 miska (28\\\/24&#215;9 cm)\"}]},{\"@type\":\"WebSite\",\"@id\":\"https:\\\/\\\/woodpunk.cz\\\/#website\",\"url\":\"https:\\\/\\\/woodpunk.cz\\\/\",\"name\":\"WOOD PUNK\",\"description\":\"\",\"publisher\":{\"@id\":\"https:\\\/\\\/woodpunk.cz\\\/#organization\"},\"alternateName\":\"\u0158emesln\u00e1 v\u00fdroba a prodej d\u0159ev\u011bn\u00fdch misek, v\u00e1z, kv\u011btn\u00edk\u016f a dal\u0161\u00edch d\u0159ev\u011bn\u00fdch nejenom soustru\u017een\u00fdch v\u00fdrobk\u016f.\",\"potentialAction\":[{\"@type\":\"SearchAction\",\"target\":{\"@type\":\"EntryPoint\",\"urlTemplate\":\"https:\\\/\\\/woodpunk.cz\\\/?s={search_term_string}\"},\"query-input\":{\"@type\":\"PropertyValueSpecification\",\"valueRequired\":true,\"valueName\":\"search_term_string\"}}],\"inLanguage\":\"en-US\"},{\"@type\":\"Organization\",\"@id\":\"https:\\\/\\\/woodpunk.cz\\\/#organization\",\"name\":\"WOOD PUNK\",\"alternateName\":\"\u0158emesln\u00e1 v\u00fdroba d\u0159ev\u011bn\u00fdch misek, v\u00e1z, kv\u011btn\u00edk\u016f a dal\u0161\u00edch d\u0159ev\u011bn\u00fdch nejenom soustru\u017een\u00fdch v\u00fdrobk\u016f.\",\"url\":\"https:\\\/\\\/woodpunk.cz\\\/\",\"logo\":{\"@type\":\"ImageObject\",\"inLanguage\":\"en-US\",\"@id\":\"https:\\\/\\\/woodpunk.cz\\\/#\\\/schema\\\/logo\\\/image\\\/\",\"url\":\"https:\\\/\\\/woodpunk.cz\\\/wp-content\\\/uploads\\\/2024\\\/04\\\/woodpunk_logo_260x213_f1f1f1ff.png\",\"contentUrl\":\"https:\\\/\\\/woodpunk.cz\\\/wp-content\\\/uploads\\\/2024\\\/04\\\/woodpunk_logo_260x213_f1f1f1ff.png\",\"width\":260,\"height\":213,\"caption\":\"WOOD PUNK\"},\"image\":{\"@id\":\"https:\\\/\\\/woodpunk.cz\\\/#\\\/schema\\\/logo\\\/image\\\/\"},\"sameAs\":[\"https:\\\/\\\/www.facebook.com\\\/JL.WoodPunk\",\"https:\\\/\\\/www.instagram.com\\\/jlwoodpunk\\\/\",\"https:\\\/\\\/www.youtube.com\\\/channel\\\/UCbpihje-owPtI1dpoNOqkyA\"]}]}<\/script>\n<!-- \/ Yoast SEO plugin. -->","yoast_head_json":{"title":"Elegantn\u00ed miska z javorov\u00e9ho d\u0159eva | WOOD PUNK","description":"Elegantn\u00ed miska z javorov\u00e9ho d\u0159eva s p\u0159\u00edrodn\u00edm okrajem bez k\u016fry. Ebonizovan\u00fdpovrch zv\u00fdraznil efekt \"zvln\u011bn\u00ed\" typick\u00fd pro javor \u010dasto v\u00eddan\u00fd na t\u011ble kytar.","robots":{"index":"index","follow":"follow","max-snippet":"max-snippet:-1","max-image-preview":"max-image-preview:large","max-video-preview":"max-video-preview:-1"},"canonical":"https:\/\/woodpunk.cz\/en\/product\/javorova-miska-28-24x9-cm\/","og_locale":"en_US","og_type":"article","og_title":"Elegantn\u00ed miska z javorov\u00e9ho d\u0159eva | WOOD PUNK","og_description":"Elegantn\u00ed miska z javorov\u00e9ho d\u0159eva s p\u0159\u00edrodn\u00edm okrajem bez k\u016fry. Ebonizovan\u00fdpovrch zv\u00fdraznil efekt \"zvln\u011bn\u00ed\" typick\u00fd pro javor \u010dasto v\u00eddan\u00fd na t\u011ble kytar.","og_url":"https:\/\/woodpunk.cz\/en\/product\/javorova-miska-28-24x9-cm\/","og_site_name":"WOOD PUNK","article_publisher":"https:\/\/www.facebook.com\/JL.WoodPunk","article_modified_time":"2025-05-30T10:30:17+00:00","og_image":[{"width":1024,"height":769,"url":"https:\/\/woodpunk.cz\/wp-content\/uploads\/2024\/12\/javorova-miska-28-24x9-cm.jpg","type":"image\/jpeg"}],"twitter_card":"summary_large_image","twitter_misc":{"Est. reading time":"1 minute"},"schema":{"@context":"https:\/\/schema.org","@graph":[{"@type":"WebPage","@id":"https:\/\/woodpunk.cz\/produkt\/javorova-miska-28-24x9-cm\/","url":"https:\/\/woodpunk.cz\/produkt\/javorova-miska-28-24x9-cm\/","name":"Elegantn\u00ed miska z javorov\u00e9ho d\u0159eva | WOOD PUNK","isPartOf":{"@id":"https:\/\/woodpunk.cz\/#website"},"primaryImageOfPage":{"@id":"https:\/\/woodpunk.cz\/produkt\/javorova-miska-28-24x9-cm\/#primaryimage"},"image":{"@id":"https:\/\/woodpunk.cz\/produkt\/javorova-miska-28-24x9-cm\/#primaryimage"},"thumbnailUrl":"https:\/\/woodpunk.cz\/wp-content\/uploads\/2024\/12\/javorova-miska-28-24x9-cm.jpg","datePublished":"2024-12-03T16:33:59+00:00","dateModified":"2025-05-30T10:30:17+00:00","description":"Elegantn\u00ed miska z javorov\u00e9ho d\u0159eva s p\u0159\u00edrodn\u00edm okrajem bez k\u016fry. Ebonizovan\u00fdpovrch zv\u00fdraznil efekt \"zvln\u011bn\u00ed\" typick\u00fd pro javor \u010dasto v\u00eddan\u00fd na t\u011ble kytar.","breadcrumb":{"@id":"https:\/\/woodpunk.cz\/produkt\/javorova-miska-28-24x9-cm\/#breadcrumb"},"inLanguage":"en-US","potentialAction":[{"@type":"ReadAction","target":["https:\/\/woodpunk.cz\/produkt\/javorova-miska-28-24x9-cm\/"]}]},{"@type":"ImageObject","inLanguage":"en-US","@id":"https:\/\/woodpunk.cz\/produkt\/javorova-miska-28-24x9-cm\/#primaryimage","url":"https:\/\/woodpunk.cz\/wp-content\/uploads\/2024\/12\/javorova-miska-28-24x9-cm.jpg","contentUrl":"https:\/\/woodpunk.cz\/wp-content\/uploads\/2024\/12\/javorova-miska-28-24x9-cm.jpg","width":1024,"height":769,"caption":"Elegantn\u00ed miska z javorov\u00e9ho d\u0159eva s p\u0159\u00edrodn\u00edm okrajem bez k\u016fry. Ebonizovan\u00fd a p\u0159\u00edrodn\u00edmi pigmenty zbarven\u00fd povrch zv\u00fdraznil efekt \"zvln\u011bn\u00ed\" typick\u00fd pro javor a \u010dasto v\u00eddan\u00fd na t\u011ble \u0161pi\u010dkov\u00fdch kytar."},{"@type":"BreadcrumbList","@id":"https:\/\/woodpunk.cz\/produkt\/javorova-miska-28-24x9-cm\/#breadcrumb","itemListElement":[{"@type":"ListItem","position":1,"name":"Dom\u016f","item":"https:\/\/woodpunk.cz\/"},{"@type":"ListItem","position":2,"name":"Obchod s d\u0159ev\u011bn\u00fdmi miskami a v\u00fdrobky z masivn\u00edho d\u0159eva","item":"https:\/\/woodpunk.cz\/drevene-misky-a-vyrobky-ze-dreva\/"},{"@type":"ListItem","position":3,"name":"Javorov\u00e1 miska (28\/24&#215;9 cm)"}]},{"@type":"WebSite","@id":"https:\/\/woodpunk.cz\/#website","url":"https:\/\/woodpunk.cz\/","name":"WOOD PUNK","description":"","publisher":{"@id":"https:\/\/woodpunk.cz\/#organization"},"alternateName":"\u0158emesln\u00e1 v\u00fdroba a prodej d\u0159ev\u011bn\u00fdch misek, v\u00e1z, kv\u011btn\u00edk\u016f a dal\u0161\u00edch d\u0159ev\u011bn\u00fdch nejenom soustru\u017een\u00fdch v\u00fdrobk\u016f.","potentialAction":[{"@type":"SearchAction","target":{"@type":"EntryPoint","urlTemplate":"https:\/\/woodpunk.cz\/?s={search_term_string}"},"query-input":{"@type":"PropertyValueSpecification","valueRequired":true,"valueName":"search_term_string"}}],"inLanguage":"en-US"},{"@type":"Organization","@id":"https:\/\/woodpunk.cz\/#organization","name":"WOOD PUNK","alternateName":"\u0158emesln\u00e1 v\u00fdroba d\u0159ev\u011bn\u00fdch misek, v\u00e1z, kv\u011btn\u00edk\u016f a dal\u0161\u00edch d\u0159ev\u011bn\u00fdch nejenom soustru\u017een\u00fdch v\u00fdrobk\u016f.","url":"https:\/\/woodpunk.cz\/","logo":{"@type":"ImageObject","inLanguage":"en-US","@id":"https:\/\/woodpunk.cz\/#\/schema\/logo\/image\/","url":"https:\/\/woodpunk.cz\/wp-content\/uploads\/2024\/04\/woodpunk_logo_260x213_f1f1f1ff.png","contentUrl":"https:\/\/woodpunk.cz\/wp-content\/uploads\/2024\/04\/woodpunk_logo_260x213_f1f1f1ff.png","width":260,"height":213,"caption":"WOOD PUNK"},"image":{"@id":"https:\/\/woodpunk.cz\/#\/schema\/logo\/image\/"},"sameAs":["https:\/\/www.facebook.com\/JL.WoodPunk","https:\/\/www.instagram.com\/jlwoodpunk\/","https:\/\/www.youtube.com\/channel\/UCbpihje-owPtI1dpoNOqkyA"]}]}},"_links":{"self":[{"href":"https:\/\/woodpunk.cz\/en\/wp-json\/wp\/v2\/product\/5492","targetHints":{"allow":["GET"]}}],"collection":[{"href":"https:\/\/woodpunk.cz\/en\/wp-json\/wp\/v2\/product"}],"about":[{"href":"https:\/\/woodpunk.cz\/en\/wp-json\/wp\/v2\/types\/product"}],"wp:featuredmedia":[{"embeddable":true,"href":"https:\/\/woodpunk.cz\/en\/wp-json\/wp\/v2\/media\/5493"}],"wp:attachment":[{"href":"https:\/\/woodpunk.cz\/en\/wp-json\/wp\/v2\/media?parent=5492"}],"wp:term":[{"taxonomy":"product_brand","embeddable":true,"href":"https:\/\/woodpunk.cz\/en\/wp-json\/wp\/v2\/product_brand?post=5492"},{"taxonomy":"product_cat","embeddable":true,"href":"https:\/\/woodpunk.cz\/en\/wp-json\/wp\/v2\/product_cat?post=5492"},{"taxonomy":"product_tag","embeddable":true,"href":"https:\/\/woodpunk.cz\/en\/wp-json\/wp\/v2\/product_tag?post=5492"},{"taxonomy":"woo-feed-brand","embeddable":true,"href":"https:\/\/woodpunk.cz\/en\/wp-json\/wp\/v2\/woo-feed-brand?post=5492"}],"curies":[{"name":"wp","href":"https:\/\/api.w.org\/{rel}","templated":true}]}}