{"id":5469,"date":"2024-12-02T11:03:30","date_gmt":"2024-12-02T10:03:30","guid":{"rendered":"https:\/\/woodpunk.cz\/?post_type=product&#038;p=5469"},"modified":"2025-09-17T13:44:17","modified_gmt":"2025-09-17T11:44:17","slug":"exkluzivni-tresnova-misa-s-prirodnim-okrajem-26x13-cm","status":"publish","type":"product","link":"https:\/\/woodpunk.cz\/en\/product\/exkluzivni-tresnova-misa-s-prirodnim-okrajem-26x13-cm\/","title":{"rendered":"Cherry Bowl with Natural Edge (26\u00d713 cm)"},"content":{"rendered":"<div class=\"x11i5rnm xat24cr x1mh8g0r x1vvkbs xtlvy1s x126k92a\">\n<div dir=\"auto\">Exkluzivn\u00ed t\u0159e\u0161\u0148ov\u00e1 miska s p\u0159\u00edrodn\u00edm okrajem. Okraj byl zbaven k\u016fry a op\u00e1len\u00fd. Takto vznikl v\u00fdrazn\u00fd kontrast mezi strukturou povrchu okraje a zbytkem m\u00edsy.<\/div>\n<div dir=\"auto\"><\/div>\n<div dir=\"auto\">Povrchov\u00e1 \u00faprava: <a href=\"https:\/\/woodpunk.cz\/povrchova-uprava\/ludvies-oil-pure\/\"><span class=\"html-span xdj266r x11i5rnm xat24cr x1mh8g0r xexx8yu x4uap5 x18d9i69 xkhd6sd x1hl2dhg x16tdsg8 x1vvkbs\"><span class=\"xt0psk2\">Ludvie&#8217;s Oil<\/span><\/span> Pure<\/a><\/div>\n<\/div>","protected":false},"excerpt":{"rendered":"<p>Exkluzivn\u00ed t\u0159e\u0161\u0148ov\u00e1 miska s p\u0159\u00edrodn\u00edm okrajem. Okraj byl zbaven k\u016fry a op\u00e1len\u00fd. Takto vznikl v\u00fdrazn\u00fd kontrast mezi strukturou povrchu okraje a zbytkem m\u00edsy. Povrchov\u00e1 \u00faprava: Ludvie&#8217;s Oil Pure<\/p>","protected":false},"featured_media":5477,"template":"","meta":{"_editorskit_title_hidden":false,"_editorskit_reading_time":0,"_editorskit_is_block_options_detached":false,"_editorskit_block_options_position":"{}"},"product_brand":[394],"product_cat":[78],"product_tag":[],"class_list":{"0":"post-5469","1":"product","2":"type-product","3":"status-publish","4":"has-post-thumbnail","6":"product_brand-wood-punk","7":"product_cat-drevene-misky","8":"pa_material-tresnove-drevo","9":"pa_povrchova-uprava-ludvies-oil-pure","10":"pa_technika-live-edge","11":"pa_technika-opalovani-dreva-shou-sugi-ban","13":"entry","14":"has-media","16":"first","17":"outofstock","18":"shipping-taxable","19":"purchasable","20":"product-type-simple","21":"col","22":"span_1_of_5","23":"owp-content-center","24":"owp-thumbs-layout-horizontal","25":"owp-btn-normal","26":"owp-tabs-layout-horizontal"},"yoast_head":"<!-- This site is optimized with the Yoast SEO plugin v27.4 - https:\/\/yoast.com\/product\/yoast-seo-wordpress\/ -->\n<title>T\u0159e\u0161\u0148ov\u00e1 miska s p\u0159\u00edrodn\u00edm okrajem | WOOD PUNK<\/title>\n<meta name=\"description\" content=\"Exkluzivn\u00ed t\u0159e\u0161\u0148ov\u00e1 miska s p\u0159\u00edrodn\u00edm okrajem. Okraj byl zbaven k\u016fry a op\u00e1len\u00fd. Takto vznikl v\u00fdrazn\u00fd kontrast mezi strukturou povrchu okraje a zbytkem m\u00edsy.\" \/>\n<meta name=\"robots\" content=\"index, follow, max-snippet:-1, max-image-preview:large, max-video-preview:-1\" \/>\n<link rel=\"canonical\" href=\"https:\/\/woodpunk.cz\/en\/product\/exkluzivni-tresnova-misa-s-prirodnim-okrajem-26x13-cm\/\" \/>\n<meta property=\"og:locale\" content=\"en_US\" \/>\n<meta property=\"og:type\" content=\"article\" \/>\n<meta property=\"og:title\" content=\"T\u0159e\u0161\u0148ov\u00e1 miska s p\u0159\u00edrodn\u00edm okrajem | WOOD PUNK\" \/>\n<meta property=\"og:description\" content=\"Exkluzivn\u00ed t\u0159e\u0161\u0148ov\u00e1 miska s p\u0159\u00edrodn\u00edm okrajem. Okraj byl zbaven k\u016fry a op\u00e1len\u00fd. Takto vznikl v\u00fdrazn\u00fd kontrast mezi strukturou povrchu okraje a zbytkem m\u00edsy.\" \/>\n<meta property=\"og:url\" content=\"https:\/\/woodpunk.cz\/en\/product\/exkluzivni-tresnova-misa-s-prirodnim-okrajem-26x13-cm\/\" \/>\n<meta property=\"og:site_name\" content=\"WOOD PUNK\" \/>\n<meta property=\"article:publisher\" content=\"https:\/\/www.facebook.com\/JL.WoodPunk\" \/>\n<meta property=\"article:modified_time\" content=\"2025-09-17T11:44:17+00:00\" \/>\n<meta property=\"og:image\" content=\"https:\/\/woodpunk.cz\/wp-content\/uploads\/2024\/12\/exkluzivni-tresnova-misa-s-prirodnim-okrajem-26x13-cm.jpg\" \/>\n\t<meta property=\"og:image:width\" content=\"1024\" \/>\n\t<meta property=\"og:image:height\" content=\"819\" \/>\n\t<meta property=\"og:image:type\" content=\"image\/jpeg\" \/>\n<meta name=\"twitter:card\" content=\"summary_large_image\" \/>\n<meta name=\"twitter:label1\" content=\"Est. reading time\" \/>\n\t<meta name=\"twitter:data1\" content=\"1 minute\" \/>\n<script type=\"application\/ld+json\" class=\"yoast-schema-graph\">{\"@context\":\"https:\\\/\\\/schema.org\",\"@graph\":[{\"@type\":\"WebPage\",\"@id\":\"https:\\\/\\\/woodpunk.cz\\\/produkt\\\/exkluzivni-tresnova-misa-s-prirodnim-okrajem-26x13-cm\\\/\",\"url\":\"https:\\\/\\\/woodpunk.cz\\\/produkt\\\/exkluzivni-tresnova-misa-s-prirodnim-okrajem-26x13-cm\\\/\",\"name\":\"T\u0159e\u0161\u0148ov\u00e1 miska s p\u0159\u00edrodn\u00edm okrajem | WOOD PUNK\",\"isPartOf\":{\"@id\":\"https:\\\/\\\/woodpunk.cz\\\/#website\"},\"primaryImageOfPage\":{\"@id\":\"https:\\\/\\\/woodpunk.cz\\\/produkt\\\/exkluzivni-tresnova-misa-s-prirodnim-okrajem-26x13-cm\\\/#primaryimage\"},\"image\":{\"@id\":\"https:\\\/\\\/woodpunk.cz\\\/produkt\\\/exkluzivni-tresnova-misa-s-prirodnim-okrajem-26x13-cm\\\/#primaryimage\"},\"thumbnailUrl\":\"https:\\\/\\\/woodpunk.cz\\\/wp-content\\\/uploads\\\/2024\\\/12\\\/exkluzivni-tresnova-misa-s-prirodnim-okrajem-26x13-cm.jpg\",\"datePublished\":\"2024-12-02T10:03:30+00:00\",\"dateModified\":\"2025-09-17T11:44:17+00:00\",\"description\":\"Exkluzivn\u00ed t\u0159e\u0161\u0148ov\u00e1 miska s p\u0159\u00edrodn\u00edm okrajem. Okraj byl zbaven k\u016fry a op\u00e1len\u00fd. Takto vznikl v\u00fdrazn\u00fd kontrast mezi strukturou povrchu okraje a zbytkem m\u00edsy.\",\"breadcrumb\":{\"@id\":\"https:\\\/\\\/woodpunk.cz\\\/produkt\\\/exkluzivni-tresnova-misa-s-prirodnim-okrajem-26x13-cm\\\/#breadcrumb\"},\"inLanguage\":\"en-US\",\"potentialAction\":[{\"@type\":\"ReadAction\",\"target\":[\"https:\\\/\\\/woodpunk.cz\\\/produkt\\\/exkluzivni-tresnova-misa-s-prirodnim-okrajem-26x13-cm\\\/\"]}]},{\"@type\":\"ImageObject\",\"inLanguage\":\"en-US\",\"@id\":\"https:\\\/\\\/woodpunk.cz\\\/produkt\\\/exkluzivni-tresnova-misa-s-prirodnim-okrajem-26x13-cm\\\/#primaryimage\",\"url\":\"https:\\\/\\\/woodpunk.cz\\\/wp-content\\\/uploads\\\/2024\\\/12\\\/exkluzivni-tresnova-misa-s-prirodnim-okrajem-26x13-cm.jpg\",\"contentUrl\":\"https:\\\/\\\/woodpunk.cz\\\/wp-content\\\/uploads\\\/2024\\\/12\\\/exkluzivni-tresnova-misa-s-prirodnim-okrajem-26x13-cm.jpg\",\"width\":1024,\"height\":819,\"caption\":\"Exkluzivn\u00ed t\u0159e\u0161\u0148ov\u00e1 miska s p\u0159\u00edrodn\u00edm okrajem. Okraj byl zbaven k\u016fry a op\u00e1len\u00fd. Takto vznikl v\u00fdrazn\u00fd kontrast mezi strukturou povrchu okraje a zbytkem m\u00edsy.\"},{\"@type\":\"BreadcrumbList\",\"@id\":\"https:\\\/\\\/woodpunk.cz\\\/produkt\\\/exkluzivni-tresnova-misa-s-prirodnim-okrajem-26x13-cm\\\/#breadcrumb\",\"itemListElement\":[{\"@type\":\"ListItem\",\"position\":1,\"name\":\"Dom\u016f\",\"item\":\"https:\\\/\\\/woodpunk.cz\\\/\"},{\"@type\":\"ListItem\",\"position\":2,\"name\":\"Obchod s d\u0159ev\u011bn\u00fdmi miskami a v\u00fdrobky z masivn\u00edho d\u0159eva\",\"item\":\"https:\\\/\\\/woodpunk.cz\\\/drevene-misky-a-vyrobky-ze-dreva\\\/\"},{\"@type\":\"ListItem\",\"position\":3,\"name\":\"T\u0159e\u0161\u0148ov\u00e1 m\u00edsa s p\u0159\u00edrodn\u00edm okrajem (26&#215;13 cm)\"}]},{\"@type\":\"WebSite\",\"@id\":\"https:\\\/\\\/woodpunk.cz\\\/#website\",\"url\":\"https:\\\/\\\/woodpunk.cz\\\/\",\"name\":\"WOOD PUNK\",\"description\":\"\",\"publisher\":{\"@id\":\"https:\\\/\\\/woodpunk.cz\\\/#organization\"},\"alternateName\":\"\u0158emesln\u00e1 v\u00fdroba a prodej d\u0159ev\u011bn\u00fdch misek, v\u00e1z, kv\u011btn\u00edk\u016f a dal\u0161\u00edch d\u0159ev\u011bn\u00fdch nejenom soustru\u017een\u00fdch v\u00fdrobk\u016f.\",\"potentialAction\":[{\"@type\":\"SearchAction\",\"target\":{\"@type\":\"EntryPoint\",\"urlTemplate\":\"https:\\\/\\\/woodpunk.cz\\\/?s={search_term_string}\"},\"query-input\":{\"@type\":\"PropertyValueSpecification\",\"valueRequired\":true,\"valueName\":\"search_term_string\"}}],\"inLanguage\":\"en-US\"},{\"@type\":\"Organization\",\"@id\":\"https:\\\/\\\/woodpunk.cz\\\/#organization\",\"name\":\"WOOD PUNK\",\"alternateName\":\"\u0158emesln\u00e1 v\u00fdroba d\u0159ev\u011bn\u00fdch misek, v\u00e1z, kv\u011btn\u00edk\u016f a dal\u0161\u00edch d\u0159ev\u011bn\u00fdch nejenom soustru\u017een\u00fdch v\u00fdrobk\u016f.\",\"url\":\"https:\\\/\\\/woodpunk.cz\\\/\",\"logo\":{\"@type\":\"ImageObject\",\"inLanguage\":\"en-US\",\"@id\":\"https:\\\/\\\/woodpunk.cz\\\/#\\\/schema\\\/logo\\\/image\\\/\",\"url\":\"https:\\\/\\\/woodpunk.cz\\\/wp-content\\\/uploads\\\/2024\\\/04\\\/woodpunk_logo_260x213_f1f1f1ff.png\",\"contentUrl\":\"https:\\\/\\\/woodpunk.cz\\\/wp-content\\\/uploads\\\/2024\\\/04\\\/woodpunk_logo_260x213_f1f1f1ff.png\",\"width\":260,\"height\":213,\"caption\":\"WOOD PUNK\"},\"image\":{\"@id\":\"https:\\\/\\\/woodpunk.cz\\\/#\\\/schema\\\/logo\\\/image\\\/\"},\"sameAs\":[\"https:\\\/\\\/www.facebook.com\\\/JL.WoodPunk\",\"https:\\\/\\\/www.instagram.com\\\/jlwoodpunk\\\/\",\"https:\\\/\\\/www.youtube.com\\\/channel\\\/UCbpihje-owPtI1dpoNOqkyA\"]}]}<\/script>\n<!-- \/ Yoast SEO plugin. -->","yoast_head_json":{"title":"T\u0159e\u0161\u0148ov\u00e1 miska s p\u0159\u00edrodn\u00edm okrajem | WOOD PUNK","description":"Exkluzivn\u00ed t\u0159e\u0161\u0148ov\u00e1 miska s p\u0159\u00edrodn\u00edm okrajem. Okraj byl zbaven k\u016fry a op\u00e1len\u00fd. Takto vznikl v\u00fdrazn\u00fd kontrast mezi strukturou povrchu okraje a zbytkem m\u00edsy.","robots":{"index":"index","follow":"follow","max-snippet":"max-snippet:-1","max-image-preview":"max-image-preview:large","max-video-preview":"max-video-preview:-1"},"canonical":"https:\/\/woodpunk.cz\/en\/product\/exkluzivni-tresnova-misa-s-prirodnim-okrajem-26x13-cm\/","og_locale":"en_US","og_type":"article","og_title":"T\u0159e\u0161\u0148ov\u00e1 miska s p\u0159\u00edrodn\u00edm okrajem | WOOD PUNK","og_description":"Exkluzivn\u00ed t\u0159e\u0161\u0148ov\u00e1 miska s p\u0159\u00edrodn\u00edm okrajem. Okraj byl zbaven k\u016fry a op\u00e1len\u00fd. Takto vznikl v\u00fdrazn\u00fd kontrast mezi strukturou povrchu okraje a zbytkem m\u00edsy.","og_url":"https:\/\/woodpunk.cz\/en\/product\/exkluzivni-tresnova-misa-s-prirodnim-okrajem-26x13-cm\/","og_site_name":"WOOD PUNK","article_publisher":"https:\/\/www.facebook.com\/JL.WoodPunk","article_modified_time":"2025-09-17T11:44:17+00:00","og_image":[{"width":1024,"height":819,"url":"https:\/\/woodpunk.cz\/wp-content\/uploads\/2024\/12\/exkluzivni-tresnova-misa-s-prirodnim-okrajem-26x13-cm.jpg","type":"image\/jpeg"}],"twitter_card":"summary_large_image","twitter_misc":{"Est. reading time":"1 minute"},"schema":{"@context":"https:\/\/schema.org","@graph":[{"@type":"WebPage","@id":"https:\/\/woodpunk.cz\/produkt\/exkluzivni-tresnova-misa-s-prirodnim-okrajem-26x13-cm\/","url":"https:\/\/woodpunk.cz\/produkt\/exkluzivni-tresnova-misa-s-prirodnim-okrajem-26x13-cm\/","name":"T\u0159e\u0161\u0148ov\u00e1 miska s p\u0159\u00edrodn\u00edm okrajem | WOOD PUNK","isPartOf":{"@id":"https:\/\/woodpunk.cz\/#website"},"primaryImageOfPage":{"@id":"https:\/\/woodpunk.cz\/produkt\/exkluzivni-tresnova-misa-s-prirodnim-okrajem-26x13-cm\/#primaryimage"},"image":{"@id":"https:\/\/woodpunk.cz\/produkt\/exkluzivni-tresnova-misa-s-prirodnim-okrajem-26x13-cm\/#primaryimage"},"thumbnailUrl":"https:\/\/woodpunk.cz\/wp-content\/uploads\/2024\/12\/exkluzivni-tresnova-misa-s-prirodnim-okrajem-26x13-cm.jpg","datePublished":"2024-12-02T10:03:30+00:00","dateModified":"2025-09-17T11:44:17+00:00","description":"Exkluzivn\u00ed t\u0159e\u0161\u0148ov\u00e1 miska s p\u0159\u00edrodn\u00edm okrajem. Okraj byl zbaven k\u016fry a op\u00e1len\u00fd. Takto vznikl v\u00fdrazn\u00fd kontrast mezi strukturou povrchu okraje a zbytkem m\u00edsy.","breadcrumb":{"@id":"https:\/\/woodpunk.cz\/produkt\/exkluzivni-tresnova-misa-s-prirodnim-okrajem-26x13-cm\/#breadcrumb"},"inLanguage":"en-US","potentialAction":[{"@type":"ReadAction","target":["https:\/\/woodpunk.cz\/produkt\/exkluzivni-tresnova-misa-s-prirodnim-okrajem-26x13-cm\/"]}]},{"@type":"ImageObject","inLanguage":"en-US","@id":"https:\/\/woodpunk.cz\/produkt\/exkluzivni-tresnova-misa-s-prirodnim-okrajem-26x13-cm\/#primaryimage","url":"https:\/\/woodpunk.cz\/wp-content\/uploads\/2024\/12\/exkluzivni-tresnova-misa-s-prirodnim-okrajem-26x13-cm.jpg","contentUrl":"https:\/\/woodpunk.cz\/wp-content\/uploads\/2024\/12\/exkluzivni-tresnova-misa-s-prirodnim-okrajem-26x13-cm.jpg","width":1024,"height":819,"caption":"Exkluzivn\u00ed t\u0159e\u0161\u0148ov\u00e1 miska s p\u0159\u00edrodn\u00edm okrajem. Okraj byl zbaven k\u016fry a op\u00e1len\u00fd. Takto vznikl v\u00fdrazn\u00fd kontrast mezi strukturou povrchu okraje a zbytkem m\u00edsy."},{"@type":"BreadcrumbList","@id":"https:\/\/woodpunk.cz\/produkt\/exkluzivni-tresnova-misa-s-prirodnim-okrajem-26x13-cm\/#breadcrumb","itemListElement":[{"@type":"ListItem","position":1,"name":"Dom\u016f","item":"https:\/\/woodpunk.cz\/"},{"@type":"ListItem","position":2,"name":"Obchod s d\u0159ev\u011bn\u00fdmi miskami a v\u00fdrobky z masivn\u00edho d\u0159eva","item":"https:\/\/woodpunk.cz\/drevene-misky-a-vyrobky-ze-dreva\/"},{"@type":"ListItem","position":3,"name":"T\u0159e\u0161\u0148ov\u00e1 m\u00edsa s p\u0159\u00edrodn\u00edm okrajem (26&#215;13 cm)"}]},{"@type":"WebSite","@id":"https:\/\/woodpunk.cz\/#website","url":"https:\/\/woodpunk.cz\/","name":"WOOD PUNK","description":"","publisher":{"@id":"https:\/\/woodpunk.cz\/#organization"},"alternateName":"\u0158emesln\u00e1 v\u00fdroba a prodej d\u0159ev\u011bn\u00fdch misek, v\u00e1z, kv\u011btn\u00edk\u016f a dal\u0161\u00edch d\u0159ev\u011bn\u00fdch nejenom soustru\u017een\u00fdch v\u00fdrobk\u016f.","potentialAction":[{"@type":"SearchAction","target":{"@type":"EntryPoint","urlTemplate":"https:\/\/woodpunk.cz\/?s={search_term_string}"},"query-input":{"@type":"PropertyValueSpecification","valueRequired":true,"valueName":"search_term_string"}}],"inLanguage":"en-US"},{"@type":"Organization","@id":"https:\/\/woodpunk.cz\/#organization","name":"WOOD PUNK","alternateName":"\u0158emesln\u00e1 v\u00fdroba d\u0159ev\u011bn\u00fdch misek, v\u00e1z, kv\u011btn\u00edk\u016f a dal\u0161\u00edch d\u0159ev\u011bn\u00fdch nejenom soustru\u017een\u00fdch v\u00fdrobk\u016f.","url":"https:\/\/woodpunk.cz\/","logo":{"@type":"ImageObject","inLanguage":"en-US","@id":"https:\/\/woodpunk.cz\/#\/schema\/logo\/image\/","url":"https:\/\/woodpunk.cz\/wp-content\/uploads\/2024\/04\/woodpunk_logo_260x213_f1f1f1ff.png","contentUrl":"https:\/\/woodpunk.cz\/wp-content\/uploads\/2024\/04\/woodpunk_logo_260x213_f1f1f1ff.png","width":260,"height":213,"caption":"WOOD PUNK"},"image":{"@id":"https:\/\/woodpunk.cz\/#\/schema\/logo\/image\/"},"sameAs":["https:\/\/www.facebook.com\/JL.WoodPunk","https:\/\/www.instagram.com\/jlwoodpunk\/","https:\/\/www.youtube.com\/channel\/UCbpihje-owPtI1dpoNOqkyA"]}]}},"_links":{"self":[{"href":"https:\/\/woodpunk.cz\/en\/wp-json\/wp\/v2\/product\/5469","targetHints":{"allow":["GET"]}}],"collection":[{"href":"https:\/\/woodpunk.cz\/en\/wp-json\/wp\/v2\/product"}],"about":[{"href":"https:\/\/woodpunk.cz\/en\/wp-json\/wp\/v2\/types\/product"}],"wp:featuredmedia":[{"embeddable":true,"href":"https:\/\/woodpunk.cz\/en\/wp-json\/wp\/v2\/media\/5477"}],"wp:attachment":[{"href":"https:\/\/woodpunk.cz\/en\/wp-json\/wp\/v2\/media?parent=5469"}],"wp:term":[{"taxonomy":"product_brand","embeddable":true,"href":"https:\/\/woodpunk.cz\/en\/wp-json\/wp\/v2\/product_brand?post=5469"},{"taxonomy":"product_cat","embeddable":true,"href":"https:\/\/woodpunk.cz\/en\/wp-json\/wp\/v2\/product_cat?post=5469"},{"taxonomy":"product_tag","embeddable":true,"href":"https:\/\/woodpunk.cz\/en\/wp-json\/wp\/v2\/product_tag?post=5469"}],"curies":[{"name":"wp","href":"https:\/\/api.w.org\/{rel}","templated":true}]}}