{"id":5414,"date":"2024-08-30T15:57:25","date_gmt":"2024-08-30T13:57:25","guid":{"rendered":"https:\/\/woodpunk.cz\/?p=5414"},"modified":"2025-05-30T12:30:17","modified_gmt":"2025-05-30T10:30:17","slug":"javorova-miska-26x10-cm","status":"publish","type":"product","link":"https:\/\/woodpunk.cz\/en\/product\/javorova-miska-26x10-cm\/","title":{"rendered":"Javorov\u00e1 miska (26&#215;10 cm)"},"content":{"rendered":"<div>\n<p>Elegantn\u00ed tenkost\u011bnn\u00e1 miska z javorov\u00e9ho d\u0159eva s p\u0159esazen\u00fdm okrajem. Vnit\u0159n\u00ed hrana je zv\u00fdrazn\u011bna op\u00e1len\u00edm. Povrch je sametov\u011b leskl\u00fd a d\u00e1v\u00e1 vyniknout pro javorov\u00e9 d\u0159evo typick\u00e9mu povrchu s odlesky.<\/p>\n<hr \/>\n<p>Povrchov\u00e1 \u00faprava: <a href=\"https:\/\/facebook.com\/ludviesoil?eav=Afa3c5RKFXpuOezkp7WgksZyXGMRp3lgSjOaSC2R-QV9dWzbydOn_TXvnY-DjoBiXAA&amp;_ft_=encrypted_tracking_data.0AY_z-ij5cw6v16SZs2-tAXzROBa-3Nq05quddhed4_yMQw_X8CaMyFOXq65eJRl7MjyokOW8nrksA0hTaSfBikSnooLlglhLV8PdfV__vK8skIPrsimCxU9WeueIXQlPwd525OTEc0Ov2_rvHDmUwpweplYD0a6Q2kE-xSaPnETVgqJmZ-q9fX9B1DTCIypXCX6QjPzXn7t0o1e8YCRG0tqEU_kEKdLOGkd-ismQbRlmKW6bKMieyBPoGBfTkgdydEIcTfLIei-zRbmD1qGsAy0X4iuK7HL936G6j3t44o-96bGMDx4uQDrb3JLNvnGBp6w2dBS0E2DED66pfj9KxMNYr_UK3MvLeLnXcKudn8oo1jIWRkkJA2sS_JGsVaQgHXNKmEKxwUSAm--bBwWrbsld9pgpLRt1U2ovY1EmPUhr8YDskkTAe0AtW76daskHQj3oOGeiAu-iKHiBHdIVWTccEXV3E70i9vkmFca8uGzjAkhqVxHNK5TuAjMIil5lWPdbBlNOF1JxoR9lWwlLfd3M9omVdiHtNzdDrr0r1sQDuMK1yg5oPUi_kCqIkNZcNxr8_lHSSKuUVO1c9t6veYdd5kNO-1Ou7eAeuvyyQDbPPW9Jf_Y3iL_iI1PbStZUDHRcXBgcllirW338NpJ6sO2kKRhIQRnjaBHAUA6vAbtuAyRNqxuCWHQOr_PAZ4Gg9WAwPyJakryTak83xKLeO3ZLjCdf1NLAzVp_O6k9MWgJP2o1UbNYrtfucQhU-Y8jiW9z0PQmJfvK4XLzh3SvrfUjgOdztMLo8RExU-tV4R1fUxDFkGweSUF63zDtfLHo7ENuMJZF68LYNSIm5IgxQkpe7pXozWzetjLNall1-pwnNTAWI0NX8wwjD6RumzISakw0WDmouYxI5xAWFul43QytSvCoUUPUHd50G8GR3TtaycCfQbMZdWOjrwd-raIx5sUwi2oTa9--u0PymIp462Te6cXANu173XPIOgVpIHpjLDh3ewUINm3SM78ySsmHaUaAMcOvPsvh_J6CiUykuQFeMtaVk4g54aDHgZAHxO-GJ-6sD8My6taM0Ie5cdy9M1evEQnQ6eYViWefWqcmgB1RzzvRc5PYBbxpw-IsTEZeaFtltu2IMGuMFN636DOnVrsWqxHl3nc3LQlrQtpfKun1SX2h60KeOF50Lof_crMLiKzY_s60cbfSYtQ1_W0yMNMFlnZQUboevyvoQRqU3Lc8PihhR2pUXDUHgpIrzGU3Ki8htPInt1geAOltdJlZ6Jtwf_9sFAIKJbbdFrWv6JvSp_3V58HuT-tWyLY0FSwbsznDD8NLDKHQrLEbkgW3qOSV6oHGdJ-WHYYtzDW4CNmfzHrrFXFRnGv7N3Vx3f75XfGHSXxh2mxFcUFw6gVsy1WrbTgxoYhQoOBIuTdtbqC8zN_DMSOGcVV-92cr_0JUtWH2KdWLjhZcHczARqj0jT4xRdkmQ-7qGHjoDat3COQy4O1t1eWW1O_9nPKSGcl0pEI0zxG2TSLGhS4E5XSab4bJBIF1ZV3xYcgicVFKqyn6c5eVaYHSFr7hW3moFjOJ2RfVJ-nzj1QRkJS3k4frWUhkwq_X8ybgDq9LCyAf0Kp5z1I4LNNYBOFklMck5oEVxx6cZD7RVYINkcLDzpXsLL6DACzH2MiwohKCXKWANNvlBgTw32Prw72Lux25vff1fHzSBDxYfNNnqGAwbGbXui4dUCaA6SeEPsHf37ZclyP_zHoaUu5tMEQB391ubTLQbr3bJcDpqDGQNFyCGKT27zgVECwl6bBKLZUE&amp;__tn__=%2As-R&amp;paipv=0\">Ludvie&#8217;s Oil<\/a> Shine<\/p>\n<\/div>","protected":false},"excerpt":{"rendered":"<p>Elegantn\u00ed tenkost\u011bnn\u00e1 miska z javorov\u00e9ho d\u0159eva s p\u0159esazen\u00fdm okrajem. Vnit\u0159n\u00ed hrana je zv\u00fdrazn\u011bna op\u00e1len\u00edm. Povrch je sametov\u011b leskl\u00fd a d\u00e1v\u00e1 vyniknout pro javorov\u00e9 d\u0159evo typick\u00e9mu povrchu s odlesky. Povrchov\u00e1 \u00faprava: Ludvie&#8217;s Oil Shine<\/p>","protected":false},"featured_media":5508,"template":"","meta":{"_editorskit_title_hidden":false,"_editorskit_reading_time":0,"_editorskit_is_block_options_detached":false,"_editorskit_block_options_position":"{}"},"product_brand":[394],"product_cat":[78],"product_tag":[],"woo-feed-brand":[],"class_list":{"0":"post-5414","1":"product","2":"type-product","3":"status-publish","4":"has-post-thumbnail","6":"product_brand-wood-punk","7":"product_cat-drevene-misky","8":"pa_material-javorove-drevo","9":"pa_povrchova-uprava-ludvies-oil-shine","10":"pa_technika-opalovani-dreva-shou-sugi-ban","12":"entry","13":"has-media","15":"first","16":"instock","17":"shipping-taxable","18":"purchasable","19":"product-type-simple","20":"col","21":"span_1_of_5","22":"owp-content-center","23":"owp-thumbs-layout-horizontal","24":"owp-btn-normal","25":"owp-tabs-layout-horizontal"},"yoast_head":"<!-- This site is optimized with the Yoast SEO plugin v27.6 - https:\/\/yoast.com\/product\/yoast-seo-wordpress\/ -->\n<title>Elegantn\u00ed miska z javorov\u00e9ho d\u0159eva | WOOD PUNK<\/title>\n<meta name=\"description\" content=\"Elegantn\u00ed miska z javorov\u00e9ho d\u0159eva s p\u0159esazen\u00fdm okrajem. Vnit\u0159n\u00ed hrana je zv\u00fdrazn\u011bna op\u00e1len\u00edm. Povrch je sametov\u011b leskl\u00fd d\u00edky le\u0161t\u011bn\u00ed p\u0159\u00edrodn\u00edm abrasivem.\" \/>\n<meta name=\"robots\" content=\"index, follow, max-snippet:-1, max-image-preview:large, max-video-preview:-1\" \/>\n<link rel=\"canonical\" href=\"https:\/\/woodpunk.cz\/en\/product\/javorova-miska-26x10-cm\/\" \/>\n<meta property=\"og:locale\" content=\"en_US\" \/>\n<meta property=\"og:type\" content=\"article\" \/>\n<meta property=\"og:title\" content=\"Elegantn\u00ed miska z javorov\u00e9ho d\u0159eva | WOOD PUNK\" \/>\n<meta property=\"og:description\" content=\"Elegantn\u00ed miska z javorov\u00e9ho d\u0159eva s p\u0159esazen\u00fdm okrajem. Vnit\u0159n\u00ed hrana je zv\u00fdrazn\u011bna op\u00e1len\u00edm. Povrch je sametov\u011b leskl\u00fd d\u00edky le\u0161t\u011bn\u00ed p\u0159\u00edrodn\u00edm abrasivem.\" \/>\n<meta property=\"og:url\" content=\"https:\/\/woodpunk.cz\/en\/product\/javorova-miska-26x10-cm\/\" \/>\n<meta property=\"og:site_name\" content=\"WOOD PUNK\" \/>\n<meta property=\"article:publisher\" content=\"https:\/\/www.facebook.com\/JL.WoodPunk\" \/>\n<meta property=\"article:modified_time\" content=\"2025-05-30T10:30:17+00:00\" \/>\n<meta property=\"og:image\" content=\"https:\/\/woodpunk.cz\/wp-content\/uploads\/2024\/08\/javorova-miska-26x10-cm-2.jpg\" \/>\n\t<meta property=\"og:image:width\" content=\"1024\" \/>\n\t<meta property=\"og:image:height\" content=\"819\" \/>\n\t<meta property=\"og:image:type\" content=\"image\/jpeg\" \/>\n<meta name=\"twitter:card\" content=\"summary_large_image\" \/>\n<meta name=\"twitter:label1\" content=\"Est. reading time\" \/>\n\t<meta name=\"twitter:data1\" content=\"1 minute\" \/>\n<script type=\"application\/ld+json\" class=\"yoast-schema-graph\">{\"@context\":\"https:\\\/\\\/schema.org\",\"@graph\":[{\"@type\":\"WebPage\",\"@id\":\"https:\\\/\\\/woodpunk.cz\\\/produkt\\\/javorova-miska-26x10-cm\\\/\",\"url\":\"https:\\\/\\\/woodpunk.cz\\\/produkt\\\/javorova-miska-26x10-cm\\\/\",\"name\":\"Elegantn\u00ed miska z javorov\u00e9ho d\u0159eva | WOOD PUNK\",\"isPartOf\":{\"@id\":\"https:\\\/\\\/woodpunk.cz\\\/#website\"},\"primaryImageOfPage\":{\"@id\":\"https:\\\/\\\/woodpunk.cz\\\/produkt\\\/javorova-miska-26x10-cm\\\/#primaryimage\"},\"image\":{\"@id\":\"https:\\\/\\\/woodpunk.cz\\\/produkt\\\/javorova-miska-26x10-cm\\\/#primaryimage\"},\"thumbnailUrl\":\"https:\\\/\\\/woodpunk.cz\\\/wp-content\\\/uploads\\\/2024\\\/08\\\/javorova-miska-26x10-cm-2.jpg\",\"datePublished\":\"2024-08-30T13:57:25+00:00\",\"dateModified\":\"2025-05-30T10:30:17+00:00\",\"description\":\"Elegantn\u00ed miska z javorov\u00e9ho d\u0159eva s p\u0159esazen\u00fdm okrajem. Vnit\u0159n\u00ed hrana je zv\u00fdrazn\u011bna op\u00e1len\u00edm. Povrch je sametov\u011b leskl\u00fd d\u00edky le\u0161t\u011bn\u00ed p\u0159\u00edrodn\u00edm abrasivem.\",\"breadcrumb\":{\"@id\":\"https:\\\/\\\/woodpunk.cz\\\/produkt\\\/javorova-miska-26x10-cm\\\/#breadcrumb\"},\"inLanguage\":\"en-US\",\"potentialAction\":[{\"@type\":\"ReadAction\",\"target\":[\"https:\\\/\\\/woodpunk.cz\\\/produkt\\\/javorova-miska-26x10-cm\\\/\"]}]},{\"@type\":\"ImageObject\",\"inLanguage\":\"en-US\",\"@id\":\"https:\\\/\\\/woodpunk.cz\\\/produkt\\\/javorova-miska-26x10-cm\\\/#primaryimage\",\"url\":\"https:\\\/\\\/woodpunk.cz\\\/wp-content\\\/uploads\\\/2024\\\/08\\\/javorova-miska-26x10-cm-2.jpg\",\"contentUrl\":\"https:\\\/\\\/woodpunk.cz\\\/wp-content\\\/uploads\\\/2024\\\/08\\\/javorova-miska-26x10-cm-2.jpg\",\"width\":1024,\"height\":819,\"caption\":\"Elegantn\u00ed miska z javorov\u00e9ho d\u0159eva s p\u0159esazen\u00fdm okrajem. Vnit\u0159n\u00ed hrana je zv\u00fdrazn\u011bna op\u00e1len\u00edm. Povrch je sametov\u011b leskl\u00fd d\u00edky le\u0161t\u011bn\u00ed p\u0159\u00edrodn\u00edm abrasivem.\"},{\"@type\":\"BreadcrumbList\",\"@id\":\"https:\\\/\\\/woodpunk.cz\\\/produkt\\\/javorova-miska-26x10-cm\\\/#breadcrumb\",\"itemListElement\":[{\"@type\":\"ListItem\",\"position\":1,\"name\":\"Dom\u016f\",\"item\":\"https:\\\/\\\/woodpunk.cz\\\/\"},{\"@type\":\"ListItem\",\"position\":2,\"name\":\"Obchod s d\u0159ev\u011bn\u00fdmi miskami a v\u00fdrobky z masivn\u00edho d\u0159eva\",\"item\":\"https:\\\/\\\/woodpunk.cz\\\/drevene-misky-a-vyrobky-ze-dreva\\\/\"},{\"@type\":\"ListItem\",\"position\":3,\"name\":\"Javorov\u00e1 miska (26&#215;10 cm)\"}]},{\"@type\":\"WebSite\",\"@id\":\"https:\\\/\\\/woodpunk.cz\\\/#website\",\"url\":\"https:\\\/\\\/woodpunk.cz\\\/\",\"name\":\"WOOD PUNK\",\"description\":\"\",\"publisher\":{\"@id\":\"https:\\\/\\\/woodpunk.cz\\\/#organization\"},\"alternateName\":\"\u0158emesln\u00e1 v\u00fdroba a prodej d\u0159ev\u011bn\u00fdch misek, v\u00e1z, kv\u011btn\u00edk\u016f a dal\u0161\u00edch d\u0159ev\u011bn\u00fdch nejenom soustru\u017een\u00fdch v\u00fdrobk\u016f.\",\"potentialAction\":[{\"@type\":\"SearchAction\",\"target\":{\"@type\":\"EntryPoint\",\"urlTemplate\":\"https:\\\/\\\/woodpunk.cz\\\/?s={search_term_string}\"},\"query-input\":{\"@type\":\"PropertyValueSpecification\",\"valueRequired\":true,\"valueName\":\"search_term_string\"}}],\"inLanguage\":\"en-US\"},{\"@type\":\"Organization\",\"@id\":\"https:\\\/\\\/woodpunk.cz\\\/#organization\",\"name\":\"WOOD PUNK\",\"alternateName\":\"\u0158emesln\u00e1 v\u00fdroba d\u0159ev\u011bn\u00fdch misek, v\u00e1z, kv\u011btn\u00edk\u016f a dal\u0161\u00edch d\u0159ev\u011bn\u00fdch nejenom soustru\u017een\u00fdch v\u00fdrobk\u016f.\",\"url\":\"https:\\\/\\\/woodpunk.cz\\\/\",\"logo\":{\"@type\":\"ImageObject\",\"inLanguage\":\"en-US\",\"@id\":\"https:\\\/\\\/woodpunk.cz\\\/#\\\/schema\\\/logo\\\/image\\\/\",\"url\":\"https:\\\/\\\/woodpunk.cz\\\/wp-content\\\/uploads\\\/2024\\\/04\\\/woodpunk_logo_260x213_f1f1f1ff.png\",\"contentUrl\":\"https:\\\/\\\/woodpunk.cz\\\/wp-content\\\/uploads\\\/2024\\\/04\\\/woodpunk_logo_260x213_f1f1f1ff.png\",\"width\":260,\"height\":213,\"caption\":\"WOOD PUNK\"},\"image\":{\"@id\":\"https:\\\/\\\/woodpunk.cz\\\/#\\\/schema\\\/logo\\\/image\\\/\"},\"sameAs\":[\"https:\\\/\\\/www.facebook.com\\\/JL.WoodPunk\",\"https:\\\/\\\/www.instagram.com\\\/jlwoodpunk\\\/\",\"https:\\\/\\\/www.youtube.com\\\/channel\\\/UCbpihje-owPtI1dpoNOqkyA\"]}]}<\/script>\n<!-- \/ Yoast SEO plugin. -->","yoast_head_json":{"title":"Elegantn\u00ed miska z javorov\u00e9ho d\u0159eva | WOOD PUNK","description":"Elegantn\u00ed miska z javorov\u00e9ho d\u0159eva s p\u0159esazen\u00fdm okrajem. Vnit\u0159n\u00ed hrana je zv\u00fdrazn\u011bna op\u00e1len\u00edm. Povrch je sametov\u011b leskl\u00fd d\u00edky le\u0161t\u011bn\u00ed p\u0159\u00edrodn\u00edm abrasivem.","robots":{"index":"index","follow":"follow","max-snippet":"max-snippet:-1","max-image-preview":"max-image-preview:large","max-video-preview":"max-video-preview:-1"},"canonical":"https:\/\/woodpunk.cz\/en\/product\/javorova-miska-26x10-cm\/","og_locale":"en_US","og_type":"article","og_title":"Elegantn\u00ed miska z javorov\u00e9ho d\u0159eva | WOOD PUNK","og_description":"Elegantn\u00ed miska z javorov\u00e9ho d\u0159eva s p\u0159esazen\u00fdm okrajem. Vnit\u0159n\u00ed hrana je zv\u00fdrazn\u011bna op\u00e1len\u00edm. Povrch je sametov\u011b leskl\u00fd d\u00edky le\u0161t\u011bn\u00ed p\u0159\u00edrodn\u00edm abrasivem.","og_url":"https:\/\/woodpunk.cz\/en\/product\/javorova-miska-26x10-cm\/","og_site_name":"WOOD PUNK","article_publisher":"https:\/\/www.facebook.com\/JL.WoodPunk","article_modified_time":"2025-05-30T10:30:17+00:00","og_image":[{"width":1024,"height":819,"url":"https:\/\/woodpunk.cz\/wp-content\/uploads\/2024\/08\/javorova-miska-26x10-cm-2.jpg","type":"image\/jpeg"}],"twitter_card":"summary_large_image","twitter_misc":{"Est. reading time":"1 minute"},"schema":{"@context":"https:\/\/schema.org","@graph":[{"@type":"WebPage","@id":"https:\/\/woodpunk.cz\/produkt\/javorova-miska-26x10-cm\/","url":"https:\/\/woodpunk.cz\/produkt\/javorova-miska-26x10-cm\/","name":"Elegantn\u00ed miska z javorov\u00e9ho d\u0159eva | WOOD PUNK","isPartOf":{"@id":"https:\/\/woodpunk.cz\/#website"},"primaryImageOfPage":{"@id":"https:\/\/woodpunk.cz\/produkt\/javorova-miska-26x10-cm\/#primaryimage"},"image":{"@id":"https:\/\/woodpunk.cz\/produkt\/javorova-miska-26x10-cm\/#primaryimage"},"thumbnailUrl":"https:\/\/woodpunk.cz\/wp-content\/uploads\/2024\/08\/javorova-miska-26x10-cm-2.jpg","datePublished":"2024-08-30T13:57:25+00:00","dateModified":"2025-05-30T10:30:17+00:00","description":"Elegantn\u00ed miska z javorov\u00e9ho d\u0159eva s p\u0159esazen\u00fdm okrajem. Vnit\u0159n\u00ed hrana je zv\u00fdrazn\u011bna op\u00e1len\u00edm. Povrch je sametov\u011b leskl\u00fd d\u00edky le\u0161t\u011bn\u00ed p\u0159\u00edrodn\u00edm abrasivem.","breadcrumb":{"@id":"https:\/\/woodpunk.cz\/produkt\/javorova-miska-26x10-cm\/#breadcrumb"},"inLanguage":"en-US","potentialAction":[{"@type":"ReadAction","target":["https:\/\/woodpunk.cz\/produkt\/javorova-miska-26x10-cm\/"]}]},{"@type":"ImageObject","inLanguage":"en-US","@id":"https:\/\/woodpunk.cz\/produkt\/javorova-miska-26x10-cm\/#primaryimage","url":"https:\/\/woodpunk.cz\/wp-content\/uploads\/2024\/08\/javorova-miska-26x10-cm-2.jpg","contentUrl":"https:\/\/woodpunk.cz\/wp-content\/uploads\/2024\/08\/javorova-miska-26x10-cm-2.jpg","width":1024,"height":819,"caption":"Elegantn\u00ed miska z javorov\u00e9ho d\u0159eva s p\u0159esazen\u00fdm okrajem. Vnit\u0159n\u00ed hrana je zv\u00fdrazn\u011bna op\u00e1len\u00edm. Povrch je sametov\u011b leskl\u00fd d\u00edky le\u0161t\u011bn\u00ed p\u0159\u00edrodn\u00edm abrasivem."},{"@type":"BreadcrumbList","@id":"https:\/\/woodpunk.cz\/produkt\/javorova-miska-26x10-cm\/#breadcrumb","itemListElement":[{"@type":"ListItem","position":1,"name":"Dom\u016f","item":"https:\/\/woodpunk.cz\/"},{"@type":"ListItem","position":2,"name":"Obchod s d\u0159ev\u011bn\u00fdmi miskami a v\u00fdrobky z masivn\u00edho d\u0159eva","item":"https:\/\/woodpunk.cz\/drevene-misky-a-vyrobky-ze-dreva\/"},{"@type":"ListItem","position":3,"name":"Javorov\u00e1 miska (26&#215;10 cm)"}]},{"@type":"WebSite","@id":"https:\/\/woodpunk.cz\/#website","url":"https:\/\/woodpunk.cz\/","name":"WOOD PUNK","description":"","publisher":{"@id":"https:\/\/woodpunk.cz\/#organization"},"alternateName":"\u0158emesln\u00e1 v\u00fdroba a prodej d\u0159ev\u011bn\u00fdch misek, v\u00e1z, kv\u011btn\u00edk\u016f a dal\u0161\u00edch d\u0159ev\u011bn\u00fdch nejenom soustru\u017een\u00fdch v\u00fdrobk\u016f.","potentialAction":[{"@type":"SearchAction","target":{"@type":"EntryPoint","urlTemplate":"https:\/\/woodpunk.cz\/?s={search_term_string}"},"query-input":{"@type":"PropertyValueSpecification","valueRequired":true,"valueName":"search_term_string"}}],"inLanguage":"en-US"},{"@type":"Organization","@id":"https:\/\/woodpunk.cz\/#organization","name":"WOOD PUNK","alternateName":"\u0158emesln\u00e1 v\u00fdroba d\u0159ev\u011bn\u00fdch misek, v\u00e1z, kv\u011btn\u00edk\u016f a dal\u0161\u00edch d\u0159ev\u011bn\u00fdch nejenom soustru\u017een\u00fdch v\u00fdrobk\u016f.","url":"https:\/\/woodpunk.cz\/","logo":{"@type":"ImageObject","inLanguage":"en-US","@id":"https:\/\/woodpunk.cz\/#\/schema\/logo\/image\/","url":"https:\/\/woodpunk.cz\/wp-content\/uploads\/2024\/04\/woodpunk_logo_260x213_f1f1f1ff.png","contentUrl":"https:\/\/woodpunk.cz\/wp-content\/uploads\/2024\/04\/woodpunk_logo_260x213_f1f1f1ff.png","width":260,"height":213,"caption":"WOOD PUNK"},"image":{"@id":"https:\/\/woodpunk.cz\/#\/schema\/logo\/image\/"},"sameAs":["https:\/\/www.facebook.com\/JL.WoodPunk","https:\/\/www.instagram.com\/jlwoodpunk\/","https:\/\/www.youtube.com\/channel\/UCbpihje-owPtI1dpoNOqkyA"]}]}},"_links":{"self":[{"href":"https:\/\/woodpunk.cz\/en\/wp-json\/wp\/v2\/product\/5414","targetHints":{"allow":["GET"]}}],"collection":[{"href":"https:\/\/woodpunk.cz\/en\/wp-json\/wp\/v2\/product"}],"about":[{"href":"https:\/\/woodpunk.cz\/en\/wp-json\/wp\/v2\/types\/product"}],"wp:featuredmedia":[{"embeddable":true,"href":"https:\/\/woodpunk.cz\/en\/wp-json\/wp\/v2\/media\/5508"}],"wp:attachment":[{"href":"https:\/\/woodpunk.cz\/en\/wp-json\/wp\/v2\/media?parent=5414"}],"wp:term":[{"taxonomy":"product_brand","embeddable":true,"href":"https:\/\/woodpunk.cz\/en\/wp-json\/wp\/v2\/product_brand?post=5414"},{"taxonomy":"product_cat","embeddable":true,"href":"https:\/\/woodpunk.cz\/en\/wp-json\/wp\/v2\/product_cat?post=5414"},{"taxonomy":"product_tag","embeddable":true,"href":"https:\/\/woodpunk.cz\/en\/wp-json\/wp\/v2\/product_tag?post=5414"},{"taxonomy":"woo-feed-brand","embeddable":true,"href":"https:\/\/woodpunk.cz\/en\/wp-json\/wp\/v2\/woo-feed-brand?post=5414"}],"curies":[{"name":"wp","href":"https:\/\/api.w.org\/{rel}","templated":true}]}}