{"id":5410,"date":"2024-08-30T15:46:48","date_gmt":"2024-08-30T13:46:48","guid":{"rendered":"https:\/\/woodpunk.cz\/?p=5410"},"modified":"2025-05-30T12:30:18","modified_gmt":"2025-05-30T10:30:18","slug":"orechova-misa-s-prirodnim-okrajem-30-19-cm","status":"publish","type":"product","link":"https:\/\/woodpunk.cz\/en\/product\/orechova-misa-s-prirodnim-okrajem-30-19-cm\/","title":{"rendered":"O\u0159echov\u00e1 m\u00edsa s p\u0159\u00edrodn\u00edm okrajem (30\/28&#215;19 cm)"},"content":{"rendered":"<div>\n<p>Hlubok\u00e1 tenkost\u011bnn\u00e1 m\u00edsa ze d\u0159eva o\u0159e\u0161\u00e1ku kr\u00e1lovsk\u00e9ho s p\u0159\u00edrodn\u00edm k\u016frov\u00fdm okrajem a ebonizovanou vn\u011bj\u0161\u00ed stranou. P\u00f3ry jsou zv\u00fdrazn\u011bn\u00e9 \u010derven\u00fdm pigmentem.<\/p>\n<hr \/>\n<p>Povrchov\u00e1 \u00faprava: <a href=\"https:\/\/facebook.com\/ludviesoil?eav=Afa3c5RKFXpuOezkp7WgksZyXGMRp3lgSjOaSC2R-QV9dWzbydOn_TXvnY-DjoBiXAA&amp;_ft_=encrypted_tracking_data.0AY8WJn1e5Gj6_H5VxiKKTG7PYLTzVf2av1YouJXJHZgRb9vcSyoC07iWS2dAjf5_NhaP5P7LxgdzlsYDokJCY_Wxpa-6kuZq9yr-nodlZuges6PDX5P8XNq_tf6-CgICOnpQKTzPuitzmavtfDkOXy6fp0inh0bPm1iV414uPhCQ0OQaf9SVutpLcOZxmY9OWvzOJJyJ1wTxq6icgw1nmjoOz0LtSxIpcnNbIURk27JaMY9KyAOYoNOqpg0dEBORmS3iwDghN_YnZjuqvuHZ526YrjiQvS65nfIhoJypK73HSAei0aa8zJcyyXTtSU9yTDsDGUx1-25cE1HBlkJbbz_kopJtXjDSW-v32QmwWazonGUwE5w563vRNFZj5ldOAY8fQeOGNuR8PzQBGrQaE8ifUYE8rXTjPypERLg1Y3GUeY_8uuxotbuVpxujImgVxAn1tMEyJFkqg-eBMe1CJ-0VWHKo76D8oh2nC_IvV0LiqJrUMLhOtub6SqVjZ8zX64j1t76x6-dWrjIR6iLCBPPjBi3hhGxYV_yZJRAJu0bzhAuZv7lYd2lAcEkjYsNMCF78CCFNnksF6Qn3mLDUAARIllRQeOFQ03D9dThTxmNRTxCKDzXl604yAJf_fSlB2YXrVYW1G_QDEn3hZ54tqZUwn3AHXC6t6CToHuQfBMHZ-0I0hBfUpGsOPnQrApNCLhV0T28s9YUt9mqfXqRS7kff_HBZVz6MUej-XZhWyuEzOHnUs-jUiyE0XjIsdIo9LFmYKu_tjJSqsPnhJSAxVtQAQjP2pNe5GmfT1mA5h2hT5Z79xY1He2mf77hZNRJldVn_rEGG7FECfijQmNITHbi2LOEIllVQhpWLWIu8CGxwosSdF8Ef5-DQB1YEatHTERgoY2dLqc_M_8qTv4eDBRLXVHlCMoTI2QUwNw56Ydg2ecZLgonVtRHlJIQfa2JKm89as3S6xsA-l5J39FFf9LRw7X3_1ZYrxppX6dhylVvVgQhxLcGk2Dfe-LPovzBawuHsWBMJg5Z8CCeFYIFh5PfqlurvY0QWXHpcNBVI_I88nRn972jSkCuhhcLvudBTADkfXOnMygmWEKgP0nIJYXI-XzleZZ9kanPA45lyGDP3VC-v41bhYAHKqOvKHty4B95wveZh0-DmXW5E3zNeROzoxDB-PEG5Awq00mC0U8VW7fmf368qLgGb98uOIv7x5kd7Ci-9vjj4oVVNKwNGw47ynv6O9a1pgf0VNuM56iTpo1KRiGeTV_0LlPmTkAS7xayd1f9mpabLZqWD6zePQdGKuTMDG4AFsDOwpMmHjbfRFax7mzkTUwIgZdcj41g8nnKT0m8_ksml5_R3eJnCF5s4qldHj5YbfTWL1caYasizj4eKNNLJcQ3Vbsh6vaFpjNhXbP3zfF2KXLt9QD9DS3WfV_JssfMc7hcmV8ayAbqoBVEx_zeUb1KJMNzNCxeeElhuv6rb4ZjYQJgUOUwnUAEbLbi2_BU1VqL-Nq1v7Wo02igm_B5nHpyYvfEzwqLczLCfiVZdNCPwedaysnrho1q6r0_uK7mtL819VIRnZVmmRYbQDSWRsGS0zG9fv5MfLPwpHosKMwSxb-XQ7h7_BnSfXgH6lUTjsxsw-8E8pFhVzPAaNG69hfwWR-6rAN_Ylv-NxrOnSAczAhHzc5ZMEi7dX6hx_86Rl3LFkaPbOsYGVWz1_jOnWzIRSJHpVnPDrNK5PUu7l9nmu07UUSG815g7LzRiaQ-j__bRThGTkuwyJh1rdkdbeYW-OEKrCP6CIaoxuQyYOCzx7dh6&amp;__tn__=%2As-R&amp;paipv=0\">Ludvie&#8217;s Oil<\/a> Red<\/p>\n<\/div>","protected":false},"excerpt":{"rendered":"<p>Hlubok\u00e1 tenkost\u011bnn\u00e1 m\u00edsa ze d\u0159eva o\u0159e\u0161\u00e1ku kr\u00e1lovsk\u00e9ho s p\u0159\u00edrodn\u00edm k\u016frov\u00fdm okrajem a ebonizovanou vn\u011bj\u0161\u00ed stranou. P\u00f3ry jsou zv\u00fdrazn\u011bn\u00e9 \u010derven\u00fdm pigmentem. Povrchov\u00e1 \u00faprava: Ludvie&#8217;s Oil Red<\/p>","protected":false},"featured_media":5513,"template":"","meta":{"_editorskit_title_hidden":false,"_editorskit_reading_time":0,"_editorskit_is_block_options_detached":false,"_editorskit_block_options_position":"{}"},"product_brand":[394],"product_cat":[78],"product_tag":[],"class_list":{"0":"post-5410","1":"product","2":"type-product","3":"status-publish","4":"has-post-thumbnail","6":"product_brand-wood-punk","7":"product_cat-drevene-misky","8":"pa_material-orechove-drevo","9":"pa_povrchova-uprava-ludvies-oil-red","10":"pa_technika-ebonizace-dreva","11":"pa_technika-live-edge","13":"entry","14":"has-media","16":"first","17":"outofstock","18":"shipping-taxable","19":"purchasable","20":"product-type-simple","21":"col","22":"span_1_of_5","23":"owp-content-center","24":"owp-thumbs-layout-horizontal","25":"owp-btn-normal","26":"owp-tabs-layout-horizontal"},"yoast_head":"<!-- This site is optimized with the Yoast SEO plugin v27.5 - https:\/\/yoast.com\/product\/yoast-seo-wordpress\/ -->\n<title>Hlubok\u00e1 tenkost\u011bnn\u00e1 m\u00edsa ze d\u0159eva o\u0159e\u0161\u00e1ku kr\u00e1lovsk\u00e9ho | WOOD PUNK<\/title>\n<meta name=\"description\" content=\"Hlubok\u00e1 tenkost\u011bnn\u00e1 m\u00edsa ze d\u0159eva o\u0159e\u0161\u00e1ku kr\u00e1lovsk\u00e9ho s p\u0159\u00edrodn\u00edm k\u016frov\u00fdm okrajem a ebonizovanou vn\u011bj\u0161\u00ed stranou. Povrchov\u00e1 \u00faprava: Ludvie&#039;s Oil Red.\" \/>\n<meta name=\"robots\" content=\"index, follow, max-snippet:-1, max-image-preview:large, max-video-preview:-1\" \/>\n<link rel=\"canonical\" href=\"https:\/\/woodpunk.cz\/en\/product\/orechova-misa-s-prirodnim-okrajem-30-19-cm\/\" \/>\n<meta property=\"og:locale\" content=\"en_US\" \/>\n<meta property=\"og:type\" content=\"article\" \/>\n<meta property=\"og:title\" content=\"Hlubok\u00e1 tenkost\u011bnn\u00e1 m\u00edsa ze d\u0159eva o\u0159e\u0161\u00e1ku kr\u00e1lovsk\u00e9ho | WOOD PUNK\" \/>\n<meta property=\"og:description\" content=\"Hlubok\u00e1 tenkost\u011bnn\u00e1 m\u00edsa ze d\u0159eva o\u0159e\u0161\u00e1ku kr\u00e1lovsk\u00e9ho s p\u0159\u00edrodn\u00edm k\u016frov\u00fdm okrajem a ebonizovanou vn\u011bj\u0161\u00ed stranou. Povrchov\u00e1 \u00faprava: Ludvie&#039;s Oil Red.\" \/>\n<meta property=\"og:url\" content=\"https:\/\/woodpunk.cz\/en\/product\/orechova-misa-s-prirodnim-okrajem-30-19-cm\/\" \/>\n<meta property=\"og:site_name\" content=\"WOOD PUNK\" \/>\n<meta property=\"article:publisher\" content=\"https:\/\/www.facebook.com\/JL.WoodPunk\" \/>\n<meta property=\"article:modified_time\" content=\"2025-05-30T10:30:18+00:00\" \/>\n<meta property=\"og:image\" content=\"https:\/\/woodpunk.cz\/wp-content\/uploads\/2024\/08\/orechova-misa-s-prirodnim-okrajem-30-19-cm-1.jpg\" \/>\n\t<meta property=\"og:image:width\" content=\"1024\" \/>\n\t<meta property=\"og:image:height\" content=\"819\" \/>\n\t<meta property=\"og:image:type\" content=\"image\/jpeg\" \/>\n<meta name=\"twitter:card\" content=\"summary_large_image\" \/>\n<meta name=\"twitter:label1\" content=\"Est. reading time\" \/>\n\t<meta name=\"twitter:data1\" content=\"1 minute\" \/>\n<script type=\"application\/ld+json\" class=\"yoast-schema-graph\">{\"@context\":\"https:\\\/\\\/schema.org\",\"@graph\":[{\"@type\":\"WebPage\",\"@id\":\"https:\\\/\\\/woodpunk.cz\\\/produkt\\\/orechova-misa-s-prirodnim-okrajem-30-19-cm\\\/\",\"url\":\"https:\\\/\\\/woodpunk.cz\\\/produkt\\\/orechova-misa-s-prirodnim-okrajem-30-19-cm\\\/\",\"name\":\"Hlubok\u00e1 tenkost\u011bnn\u00e1 m\u00edsa ze d\u0159eva o\u0159e\u0161\u00e1ku kr\u00e1lovsk\u00e9ho | WOOD PUNK\",\"isPartOf\":{\"@id\":\"https:\\\/\\\/woodpunk.cz\\\/#website\"},\"primaryImageOfPage\":{\"@id\":\"https:\\\/\\\/woodpunk.cz\\\/produkt\\\/orechova-misa-s-prirodnim-okrajem-30-19-cm\\\/#primaryimage\"},\"image\":{\"@id\":\"https:\\\/\\\/woodpunk.cz\\\/produkt\\\/orechova-misa-s-prirodnim-okrajem-30-19-cm\\\/#primaryimage\"},\"thumbnailUrl\":\"https:\\\/\\\/woodpunk.cz\\\/wp-content\\\/uploads\\\/2024\\\/08\\\/orechova-misa-s-prirodnim-okrajem-30-19-cm-1.jpg\",\"datePublished\":\"2024-08-30T13:46:48+00:00\",\"dateModified\":\"2025-05-30T10:30:18+00:00\",\"description\":\"Hlubok\u00e1 tenkost\u011bnn\u00e1 m\u00edsa ze d\u0159eva o\u0159e\u0161\u00e1ku kr\u00e1lovsk\u00e9ho s p\u0159\u00edrodn\u00edm k\u016frov\u00fdm okrajem a ebonizovanou vn\u011bj\u0161\u00ed stranou. Povrchov\u00e1 \u00faprava: Ludvie's Oil Red.\",\"breadcrumb\":{\"@id\":\"https:\\\/\\\/woodpunk.cz\\\/produkt\\\/orechova-misa-s-prirodnim-okrajem-30-19-cm\\\/#breadcrumb\"},\"inLanguage\":\"en-US\",\"potentialAction\":[{\"@type\":\"ReadAction\",\"target\":[\"https:\\\/\\\/woodpunk.cz\\\/produkt\\\/orechova-misa-s-prirodnim-okrajem-30-19-cm\\\/\"]}]},{\"@type\":\"ImageObject\",\"inLanguage\":\"en-US\",\"@id\":\"https:\\\/\\\/woodpunk.cz\\\/produkt\\\/orechova-misa-s-prirodnim-okrajem-30-19-cm\\\/#primaryimage\",\"url\":\"https:\\\/\\\/woodpunk.cz\\\/wp-content\\\/uploads\\\/2024\\\/08\\\/orechova-misa-s-prirodnim-okrajem-30-19-cm-1.jpg\",\"contentUrl\":\"https:\\\/\\\/woodpunk.cz\\\/wp-content\\\/uploads\\\/2024\\\/08\\\/orechova-misa-s-prirodnim-okrajem-30-19-cm-1.jpg\",\"width\":1024,\"height\":819,\"caption\":\"Hlubok\u00e1 tenkost\u011bnn\u00e1 m\u00edsa ze d\u0159eva o\u0159e\u0161\u00e1ku kr\u00e1lovsk\u00e9ho s p\u0159\u00edrodn\u00edm k\u016frov\u00fdm okrajem a ebonizovanou vn\u011bj\u0161\u00ed stranou. Povrchov\u00e1 \u00faprava: Ludvie's Oil Red.\"},{\"@type\":\"BreadcrumbList\",\"@id\":\"https:\\\/\\\/woodpunk.cz\\\/produkt\\\/orechova-misa-s-prirodnim-okrajem-30-19-cm\\\/#breadcrumb\",\"itemListElement\":[{\"@type\":\"ListItem\",\"position\":1,\"name\":\"Dom\u016f\",\"item\":\"https:\\\/\\\/woodpunk.cz\\\/\"},{\"@type\":\"ListItem\",\"position\":2,\"name\":\"Obchod s d\u0159ev\u011bn\u00fdmi miskami a v\u00fdrobky z masivn\u00edho d\u0159eva\",\"item\":\"https:\\\/\\\/woodpunk.cz\\\/drevene-misky-a-vyrobky-ze-dreva\\\/\"},{\"@type\":\"ListItem\",\"position\":3,\"name\":\"O\u0159echov\u00e1 m\u00edsa s p\u0159\u00edrodn\u00edm okrajem (30\\\/28&#215;19 cm)\"}]},{\"@type\":\"WebSite\",\"@id\":\"https:\\\/\\\/woodpunk.cz\\\/#website\",\"url\":\"https:\\\/\\\/woodpunk.cz\\\/\",\"name\":\"WOOD PUNK\",\"description\":\"\",\"publisher\":{\"@id\":\"https:\\\/\\\/woodpunk.cz\\\/#organization\"},\"alternateName\":\"\u0158emesln\u00e1 v\u00fdroba a prodej d\u0159ev\u011bn\u00fdch misek, v\u00e1z, kv\u011btn\u00edk\u016f a dal\u0161\u00edch d\u0159ev\u011bn\u00fdch nejenom soustru\u017een\u00fdch v\u00fdrobk\u016f.\",\"potentialAction\":[{\"@type\":\"SearchAction\",\"target\":{\"@type\":\"EntryPoint\",\"urlTemplate\":\"https:\\\/\\\/woodpunk.cz\\\/?s={search_term_string}\"},\"query-input\":{\"@type\":\"PropertyValueSpecification\",\"valueRequired\":true,\"valueName\":\"search_term_string\"}}],\"inLanguage\":\"en-US\"},{\"@type\":\"Organization\",\"@id\":\"https:\\\/\\\/woodpunk.cz\\\/#organization\",\"name\":\"WOOD PUNK\",\"alternateName\":\"\u0158emesln\u00e1 v\u00fdroba d\u0159ev\u011bn\u00fdch misek, v\u00e1z, kv\u011btn\u00edk\u016f a dal\u0161\u00edch d\u0159ev\u011bn\u00fdch nejenom soustru\u017een\u00fdch v\u00fdrobk\u016f.\",\"url\":\"https:\\\/\\\/woodpunk.cz\\\/\",\"logo\":{\"@type\":\"ImageObject\",\"inLanguage\":\"en-US\",\"@id\":\"https:\\\/\\\/woodpunk.cz\\\/#\\\/schema\\\/logo\\\/image\\\/\",\"url\":\"https:\\\/\\\/woodpunk.cz\\\/wp-content\\\/uploads\\\/2024\\\/04\\\/woodpunk_logo_260x213_f1f1f1ff.png\",\"contentUrl\":\"https:\\\/\\\/woodpunk.cz\\\/wp-content\\\/uploads\\\/2024\\\/04\\\/woodpunk_logo_260x213_f1f1f1ff.png\",\"width\":260,\"height\":213,\"caption\":\"WOOD PUNK\"},\"image\":{\"@id\":\"https:\\\/\\\/woodpunk.cz\\\/#\\\/schema\\\/logo\\\/image\\\/\"},\"sameAs\":[\"https:\\\/\\\/www.facebook.com\\\/JL.WoodPunk\",\"https:\\\/\\\/www.instagram.com\\\/jlwoodpunk\\\/\",\"https:\\\/\\\/www.youtube.com\\\/channel\\\/UCbpihje-owPtI1dpoNOqkyA\"]}]}<\/script>\n<!-- \/ Yoast SEO plugin. -->","yoast_head_json":{"title":"Hlubok\u00e1 tenkost\u011bnn\u00e1 m\u00edsa ze d\u0159eva o\u0159e\u0161\u00e1ku kr\u00e1lovsk\u00e9ho | WOOD PUNK","description":"Hlubok\u00e1 tenkost\u011bnn\u00e1 m\u00edsa ze d\u0159eva o\u0159e\u0161\u00e1ku kr\u00e1lovsk\u00e9ho s p\u0159\u00edrodn\u00edm k\u016frov\u00fdm okrajem a ebonizovanou vn\u011bj\u0161\u00ed stranou. Povrchov\u00e1 \u00faprava: Ludvie's Oil Red.","robots":{"index":"index","follow":"follow","max-snippet":"max-snippet:-1","max-image-preview":"max-image-preview:large","max-video-preview":"max-video-preview:-1"},"canonical":"https:\/\/woodpunk.cz\/en\/product\/orechova-misa-s-prirodnim-okrajem-30-19-cm\/","og_locale":"en_US","og_type":"article","og_title":"Hlubok\u00e1 tenkost\u011bnn\u00e1 m\u00edsa ze d\u0159eva o\u0159e\u0161\u00e1ku kr\u00e1lovsk\u00e9ho | WOOD PUNK","og_description":"Hlubok\u00e1 tenkost\u011bnn\u00e1 m\u00edsa ze d\u0159eva o\u0159e\u0161\u00e1ku kr\u00e1lovsk\u00e9ho s p\u0159\u00edrodn\u00edm k\u016frov\u00fdm okrajem a ebonizovanou vn\u011bj\u0161\u00ed stranou. Povrchov\u00e1 \u00faprava: Ludvie's Oil Red.","og_url":"https:\/\/woodpunk.cz\/en\/product\/orechova-misa-s-prirodnim-okrajem-30-19-cm\/","og_site_name":"WOOD PUNK","article_publisher":"https:\/\/www.facebook.com\/JL.WoodPunk","article_modified_time":"2025-05-30T10:30:18+00:00","og_image":[{"width":1024,"height":819,"url":"https:\/\/woodpunk.cz\/wp-content\/uploads\/2024\/08\/orechova-misa-s-prirodnim-okrajem-30-19-cm-1.jpg","type":"image\/jpeg"}],"twitter_card":"summary_large_image","twitter_misc":{"Est. reading time":"1 minute"},"schema":{"@context":"https:\/\/schema.org","@graph":[{"@type":"WebPage","@id":"https:\/\/woodpunk.cz\/produkt\/orechova-misa-s-prirodnim-okrajem-30-19-cm\/","url":"https:\/\/woodpunk.cz\/produkt\/orechova-misa-s-prirodnim-okrajem-30-19-cm\/","name":"Hlubok\u00e1 tenkost\u011bnn\u00e1 m\u00edsa ze d\u0159eva o\u0159e\u0161\u00e1ku kr\u00e1lovsk\u00e9ho | WOOD PUNK","isPartOf":{"@id":"https:\/\/woodpunk.cz\/#website"},"primaryImageOfPage":{"@id":"https:\/\/woodpunk.cz\/produkt\/orechova-misa-s-prirodnim-okrajem-30-19-cm\/#primaryimage"},"image":{"@id":"https:\/\/woodpunk.cz\/produkt\/orechova-misa-s-prirodnim-okrajem-30-19-cm\/#primaryimage"},"thumbnailUrl":"https:\/\/woodpunk.cz\/wp-content\/uploads\/2024\/08\/orechova-misa-s-prirodnim-okrajem-30-19-cm-1.jpg","datePublished":"2024-08-30T13:46:48+00:00","dateModified":"2025-05-30T10:30:18+00:00","description":"Hlubok\u00e1 tenkost\u011bnn\u00e1 m\u00edsa ze d\u0159eva o\u0159e\u0161\u00e1ku kr\u00e1lovsk\u00e9ho s p\u0159\u00edrodn\u00edm k\u016frov\u00fdm okrajem a ebonizovanou vn\u011bj\u0161\u00ed stranou. Povrchov\u00e1 \u00faprava: Ludvie's Oil Red.","breadcrumb":{"@id":"https:\/\/woodpunk.cz\/produkt\/orechova-misa-s-prirodnim-okrajem-30-19-cm\/#breadcrumb"},"inLanguage":"en-US","potentialAction":[{"@type":"ReadAction","target":["https:\/\/woodpunk.cz\/produkt\/orechova-misa-s-prirodnim-okrajem-30-19-cm\/"]}]},{"@type":"ImageObject","inLanguage":"en-US","@id":"https:\/\/woodpunk.cz\/produkt\/orechova-misa-s-prirodnim-okrajem-30-19-cm\/#primaryimage","url":"https:\/\/woodpunk.cz\/wp-content\/uploads\/2024\/08\/orechova-misa-s-prirodnim-okrajem-30-19-cm-1.jpg","contentUrl":"https:\/\/woodpunk.cz\/wp-content\/uploads\/2024\/08\/orechova-misa-s-prirodnim-okrajem-30-19-cm-1.jpg","width":1024,"height":819,"caption":"Hlubok\u00e1 tenkost\u011bnn\u00e1 m\u00edsa ze d\u0159eva o\u0159e\u0161\u00e1ku kr\u00e1lovsk\u00e9ho s p\u0159\u00edrodn\u00edm k\u016frov\u00fdm okrajem a ebonizovanou vn\u011bj\u0161\u00ed stranou. Povrchov\u00e1 \u00faprava: Ludvie's Oil Red."},{"@type":"BreadcrumbList","@id":"https:\/\/woodpunk.cz\/produkt\/orechova-misa-s-prirodnim-okrajem-30-19-cm\/#breadcrumb","itemListElement":[{"@type":"ListItem","position":1,"name":"Dom\u016f","item":"https:\/\/woodpunk.cz\/"},{"@type":"ListItem","position":2,"name":"Obchod s d\u0159ev\u011bn\u00fdmi miskami a v\u00fdrobky z masivn\u00edho d\u0159eva","item":"https:\/\/woodpunk.cz\/drevene-misky-a-vyrobky-ze-dreva\/"},{"@type":"ListItem","position":3,"name":"O\u0159echov\u00e1 m\u00edsa s p\u0159\u00edrodn\u00edm okrajem (30\/28&#215;19 cm)"}]},{"@type":"WebSite","@id":"https:\/\/woodpunk.cz\/#website","url":"https:\/\/woodpunk.cz\/","name":"WOOD PUNK","description":"","publisher":{"@id":"https:\/\/woodpunk.cz\/#organization"},"alternateName":"\u0158emesln\u00e1 v\u00fdroba a prodej d\u0159ev\u011bn\u00fdch misek, v\u00e1z, kv\u011btn\u00edk\u016f a dal\u0161\u00edch d\u0159ev\u011bn\u00fdch nejenom soustru\u017een\u00fdch v\u00fdrobk\u016f.","potentialAction":[{"@type":"SearchAction","target":{"@type":"EntryPoint","urlTemplate":"https:\/\/woodpunk.cz\/?s={search_term_string}"},"query-input":{"@type":"PropertyValueSpecification","valueRequired":true,"valueName":"search_term_string"}}],"inLanguage":"en-US"},{"@type":"Organization","@id":"https:\/\/woodpunk.cz\/#organization","name":"WOOD PUNK","alternateName":"\u0158emesln\u00e1 v\u00fdroba d\u0159ev\u011bn\u00fdch misek, v\u00e1z, kv\u011btn\u00edk\u016f a dal\u0161\u00edch d\u0159ev\u011bn\u00fdch nejenom soustru\u017een\u00fdch v\u00fdrobk\u016f.","url":"https:\/\/woodpunk.cz\/","logo":{"@type":"ImageObject","inLanguage":"en-US","@id":"https:\/\/woodpunk.cz\/#\/schema\/logo\/image\/","url":"https:\/\/woodpunk.cz\/wp-content\/uploads\/2024\/04\/woodpunk_logo_260x213_f1f1f1ff.png","contentUrl":"https:\/\/woodpunk.cz\/wp-content\/uploads\/2024\/04\/woodpunk_logo_260x213_f1f1f1ff.png","width":260,"height":213,"caption":"WOOD PUNK"},"image":{"@id":"https:\/\/woodpunk.cz\/#\/schema\/logo\/image\/"},"sameAs":["https:\/\/www.facebook.com\/JL.WoodPunk","https:\/\/www.instagram.com\/jlwoodpunk\/","https:\/\/www.youtube.com\/channel\/UCbpihje-owPtI1dpoNOqkyA"]}]}},"_links":{"self":[{"href":"https:\/\/woodpunk.cz\/en\/wp-json\/wp\/v2\/product\/5410","targetHints":{"allow":["GET"]}}],"collection":[{"href":"https:\/\/woodpunk.cz\/en\/wp-json\/wp\/v2\/product"}],"about":[{"href":"https:\/\/woodpunk.cz\/en\/wp-json\/wp\/v2\/types\/product"}],"wp:featuredmedia":[{"embeddable":true,"href":"https:\/\/woodpunk.cz\/en\/wp-json\/wp\/v2\/media\/5513"}],"wp:attachment":[{"href":"https:\/\/woodpunk.cz\/en\/wp-json\/wp\/v2\/media?parent=5410"}],"wp:term":[{"taxonomy":"product_brand","embeddable":true,"href":"https:\/\/woodpunk.cz\/en\/wp-json\/wp\/v2\/product_brand?post=5410"},{"taxonomy":"product_cat","embeddable":true,"href":"https:\/\/woodpunk.cz\/en\/wp-json\/wp\/v2\/product_cat?post=5410"},{"taxonomy":"product_tag","embeddable":true,"href":"https:\/\/woodpunk.cz\/en\/wp-json\/wp\/v2\/product_tag?post=5410"}],"curies":[{"name":"wp","href":"https:\/\/api.w.org\/{rel}","templated":true}]}}