{"id":5404,"date":"2024-08-30T14:48:06","date_gmt":"2024-08-30T12:48:06","guid":{"rendered":"https:\/\/woodpunk.cz\/?p=5404"},"modified":"2025-05-30T12:30:18","modified_gmt":"2025-05-30T10:30:18","slug":"miska-ze-dreva-tisu-cerveneho-20x8-cm","status":"publish","type":"product","link":"https:\/\/woodpunk.cz\/en\/product\/miska-ze-dreva-tisu-cerveneho-20x8-cm\/","title":{"rendered":"Miska ze d\u0159eva tisu \u010derven\u00e9ho (20&#215;8 cm)"},"content":{"rendered":"<div>\n<p>Elegantn\u00ed miska p\u0159\u00edrodn\u00edch tvar\u016f z p\u0159ekr\u00e1sn\u00e9ho d\u0159eva tisu \u010derven\u00e9ho. D\u0159evo tisu m\u00e1 z na\u0161ich jehli\u010dnat\u00fdch d\u0159evin suver\u00e9nn\u011b nejvy\u0161\u0161\u00ed hustotu a svoj\u00ed tvrdost\u00ed p\u0159ekon\u00e1 i v\u011bt\u0161inu u n\u00e1s b\u011b\u017en\u011b rostouc\u00edch d\u0159evin. D\u00edky jeho hou\u017eevnatosti a pru\u017enosti se v minulosti s oblibou pou\u017e\u00edvalo pro v\u00fdrobu luk\u016f, jejich\u017e dost\u0159el p\u0159ekon\u00e1val luky vyroben\u00e9 z jasanu. Tis pat\u0159\u00ed mezi pomalu rostouc\u00ed d\u0159eviny, je velmi \u017eivotaschopn\u00fd a m\u00e1 vynikaj\u00edc\u00ed regenera\u010dn\u00ed schopnosti.<\/p>\n<p><strong>Pozor! D\u0159evo tisu je prudce jedovat\u00e9 \u2013 obsahuje sm\u011bs kardiotoxick\u00fdch alkaloid\u016f.<\/strong><\/p>\n<p>Povrchov\u00e1 \u00faprava: <a href=\"https:\/\/facebook.com\/ludviesoil?eav=AfYsmByH_ESDZm52xMpeVNLHAVQbORMkmflbiJiCjDGRBPaBi5z4OUbuArHG8tdI9IE&amp;_ft_=encrypted_tracking_data.0AY-SSj9cFtzJDJkxiHGKYqBICuxiFkklcjx68oovPETOAQPmwKWcSKqXEhbnpoKX08gayJUkq3Dk48HmE-AHhRLRg-XQdhLjP1lN0FVWdfR4cTyCrvrPU4pe_E8pvgz7vVCJyNgaBh8MQjV17cQYOaECSgXIysvvOQxAr45YtTjrzab9MKN-Fym4Cl1pFHBEWuwU4oHNWSSYRYOzOScfYsYCS8V6--fP4jTWtSO9wD9tjJYp6PaGRNulQotJzmH2CJroLU53lWP2sf4KAb3t0GTg5bW-rlqa5FG64OUVKZhcCPIjmndJfgRCy3EELPHaYLXioLv_c8dQrg8AXWu2OGmC-N5-tt1KuwlYxWddQeNn1hK2mVBnOLoglVy_4q2aHuvkpOpYaffeME4sD99O_VtwgZQThpxLH-dNShJg39ESL5qExr_exSUc6gSVZE92QiKrWGyoCvDum8XhNfz0g7npHLyZNPT-DBxnnUTCHpowC6iNTbQyxJRv73oMUaFrsiqebonALIyXrRvvxOvL3RNFZ9Ai1ehYLKsqe-jOyBA6Jma34GljO2lzCLmrd-RrdIGz9nSw_IzcFW0jnR5yTSNDeWxjDt5cYwFB3i74SXxYUO9Xs1X09eNJy62QyFT8DIZUJPJ1OOcTWLo8uGkMlk-D-bJXiwCz1v2GR_MlIL4gAVk9swvnColii4A8Wc442_3jQDJ_maNrIx_hNEg6SycMLOPXqFmbZ5OZhu5KRWDLaSqZGUie2lD99tTqRycYiJJ7uMimENH-oJlnwsNQUd0UfIMtd24C6jz-rMkAoMn1AEf8IhtusFxY5u1YryZ4QUP9d5uk9n4XGN45w1k4kWKvLX7KOsEy2zjBAV8tXWGfR7S-x7XN26Ig0OlyLvMqsk90lA7tnPSUizWyusu6VFQcqHjYHDxoVsrdXDNQOLINucqjaeU61MZ-cMvjyM0RgRGI9K1VItbJoYhxgwl_0FNmq5f1_WOojUGTId4elrdkHOWGiEGQRY9cpmU98_cZNkxQlFrnPCjgSydZbAUsncAzD3VZCLHdQTVbwbTMlyt41IdtdF8Jq4zqmp9sNe5niVDt9LpaGBNYNE6Pv_GsgbDaq6dj88Jq9lRY-pD_IvGhKErtLvAFX5M5FuEwg-CrldicvqO7mOlkVS606JbGNog2g5Vhi-GLGOaJMl4EDkW7NYkKjy4fIXhxtmqnG9SX-thl62Gyt9g4OvOay3DOgYghR5AzGK13aEkCKeMtrSP1PUOgi1rjCVnRFrG2gfw-Sb5R8nxWUzJ4_TOxG6fLWX7YgGtVdHO-A5XXn8sJb1AanUPBlawV_UxwSVG6epfURa7neXJwMYeysXpaMRkjnBpf2Yott3XO2wRV48w_KVNin1MUTxYZKb_KxKtG3dyt0gD2mTN0vyOgQ-SFrt-QRprVwvmVtN2Tta7ohdwH99ZZ_ojuKA3nSvu6mXRl25S3VRSTjtr1Ho3jC0KOcdFS56BuTzphoAJ1PiySwLCYbOlyyDb4uu7rg1XMRJHJy33cIu6kqKNnVyiUFs1pn2-If86JZ8xI_Z62Sm1vlWDudtyLowEJkF5zjzxI8gh6BynZ2sANR40_zwA8gjLSfLpeWo6VGma_yjJF9bIeLLVM24voJeP_X3n-vjwsjaU6DD0G4g9gTTlrPx31FXNBIR_9gf-WCcHU7sq82jOzkGpYB7ua6MqKJ658HjDZcthdnX_ip13xqkOAipG2IWg2QL5-vU7FssDJAlKxGXGj3Pt88P4P0StneRsVNvtQi3KxtpeEfT-FJL671WpYa2YI&amp;__tn__=%2As-R&amp;paipv=0\">Ludvie&#8217;s Oil<\/a> Red<\/p>\n<\/div>","protected":false},"excerpt":{"rendered":"<p>Elegantn\u00ed miska p\u0159\u00edrodn\u00edch tvar\u016f z p\u0159ekr\u00e1sn\u00e9ho d\u0159eva tisu \u010derven\u00e9ho. D\u0159evo tisu m\u00e1 z na\u0161ich jehli\u010dnat\u00fdch d\u0159evin suver\u00e9nn\u011b nejvy\u0161\u0161\u00ed hustotu a svoj\u00ed tvrdost\u00ed p\u0159ekon\u00e1 i v\u011bt\u0161inu u n\u00e1s b\u011b\u017en\u011b rostouc\u00edch d\u0159evin. D\u00edky jeho hou\u017eevnatosti a pru\u017enosti se v minulosti s oblibou pou\u017e\u00edvalo pro v\u00fdrobu luk\u016f, jejich\u017e dost\u0159el p\u0159ekon\u00e1val luky vyroben\u00e9 z jasanu. Tis pat\u0159\u00ed mezi pomalu [&hellip;]<\/p>\n","protected":false},"featured_media":5483,"template":"","meta":{"_editorskit_title_hidden":false,"_editorskit_reading_time":0,"_editorskit_is_block_options_detached":false,"_editorskit_block_options_position":"{}"},"product_brand":[394],"product_cat":[78],"product_tag":[],"class_list":{"0":"post-5404","1":"product","2":"type-product","3":"status-publish","4":"has-post-thumbnail","6":"product_brand-wood-punk","7":"product_cat-drevene-misky","8":"pa_material-tisove-drevo","9":"pa_povrchova-uprava-ludvies-oil-red","10":"pa_technika-live-edge","12":"entry","13":"has-media","15":"first","16":"outofstock","17":"shipping-taxable","18":"purchasable","19":"product-type-simple","20":"col","21":"span_1_of_5","22":"owp-content-center","23":"owp-thumbs-layout-horizontal","24":"owp-btn-normal","25":"owp-tabs-layout-horizontal"},"yoast_head":"<!-- This site is optimized with the Yoast SEO plugin v27.4 - https:\/\/yoast.com\/product\/yoast-seo-wordpress\/ -->\n<title>Miska ze d\u0159eva tisu \u010derven\u00e9ho (20x8 cm) | WOOD PUNK<\/title>\n<meta name=\"description\" content=\"Elegantn\u00ed miska p\u0159\u00edrodn\u00edch tvar\u016f z p\u0159ekr\u00e1sn\u00e9ho d\u0159eva tisu \u010derven\u00e9ho. D\u0159evo tisu m\u00e1 z na\u0161ich jehli\u010dnat\u00fdch d\u0159evin suver\u00e9nn\u011b nejvy\u0161\u0161\u00ed hustotu.\" \/>\n<meta name=\"robots\" content=\"index, follow, max-snippet:-1, max-image-preview:large, max-video-preview:-1\" \/>\n<link rel=\"canonical\" href=\"https:\/\/woodpunk.cz\/en\/product\/miska-ze-dreva-tisu-cerveneho-20x8-cm\/\" \/>\n<meta property=\"og:locale\" content=\"en_US\" \/>\n<meta property=\"og:type\" content=\"article\" \/>\n<meta property=\"og:title\" content=\"Miska ze d\u0159eva tisu \u010derven\u00e9ho (20x8 cm) | WOOD PUNK\" \/>\n<meta property=\"og:description\" content=\"Elegantn\u00ed miska p\u0159\u00edrodn\u00edch tvar\u016f z p\u0159ekr\u00e1sn\u00e9ho d\u0159eva tisu \u010derven\u00e9ho. D\u0159evo tisu m\u00e1 z na\u0161ich jehli\u010dnat\u00fdch d\u0159evin suver\u00e9nn\u011b nejvy\u0161\u0161\u00ed hustotu.\" \/>\n<meta property=\"og:url\" content=\"https:\/\/woodpunk.cz\/en\/product\/miska-ze-dreva-tisu-cerveneho-20x8-cm\/\" \/>\n<meta property=\"og:site_name\" content=\"WOOD PUNK\" \/>\n<meta property=\"article:publisher\" content=\"https:\/\/www.facebook.com\/JL.WoodPunk\" \/>\n<meta property=\"article:modified_time\" content=\"2025-05-30T10:30:18+00:00\" \/>\n<meta property=\"og:image\" content=\"https:\/\/woodpunk.cz\/wp-content\/uploads\/2024\/08\/miska-ze-dreva-tisu-cerveneho-20x8-cm.jpg\" \/>\n\t<meta property=\"og:image:width\" content=\"1024\" \/>\n\t<meta property=\"og:image:height\" content=\"820\" \/>\n\t<meta property=\"og:image:type\" content=\"image\/jpeg\" \/>\n<meta name=\"twitter:card\" content=\"summary_large_image\" \/>\n<meta name=\"twitter:label1\" content=\"Est. reading time\" \/>\n\t<meta name=\"twitter:data1\" content=\"1 minute\" \/>\n<script type=\"application\/ld+json\" class=\"yoast-schema-graph\">{\"@context\":\"https:\\\/\\\/schema.org\",\"@graph\":[{\"@type\":\"WebPage\",\"@id\":\"https:\\\/\\\/woodpunk.cz\\\/produkt\\\/miska-ze-dreva-tisu-cerveneho-20x8-cm\\\/\",\"url\":\"https:\\\/\\\/woodpunk.cz\\\/produkt\\\/miska-ze-dreva-tisu-cerveneho-20x8-cm\\\/\",\"name\":\"Miska ze d\u0159eva tisu \u010derven\u00e9ho (20x8 cm) | WOOD PUNK\",\"isPartOf\":{\"@id\":\"https:\\\/\\\/woodpunk.cz\\\/#website\"},\"primaryImageOfPage\":{\"@id\":\"https:\\\/\\\/woodpunk.cz\\\/produkt\\\/miska-ze-dreva-tisu-cerveneho-20x8-cm\\\/#primaryimage\"},\"image\":{\"@id\":\"https:\\\/\\\/woodpunk.cz\\\/produkt\\\/miska-ze-dreva-tisu-cerveneho-20x8-cm\\\/#primaryimage\"},\"thumbnailUrl\":\"https:\\\/\\\/woodpunk.cz\\\/wp-content\\\/uploads\\\/2024\\\/08\\\/miska-ze-dreva-tisu-cerveneho-20x8-cm.jpg\",\"datePublished\":\"2024-08-30T12:48:06+00:00\",\"dateModified\":\"2025-05-30T10:30:18+00:00\",\"description\":\"Elegantn\u00ed miska p\u0159\u00edrodn\u00edch tvar\u016f z p\u0159ekr\u00e1sn\u00e9ho d\u0159eva tisu \u010derven\u00e9ho. D\u0159evo tisu m\u00e1 z na\u0161ich jehli\u010dnat\u00fdch d\u0159evin suver\u00e9nn\u011b nejvy\u0161\u0161\u00ed hustotu.\",\"breadcrumb\":{\"@id\":\"https:\\\/\\\/woodpunk.cz\\\/produkt\\\/miska-ze-dreva-tisu-cerveneho-20x8-cm\\\/#breadcrumb\"},\"inLanguage\":\"en-US\",\"potentialAction\":[{\"@type\":\"ReadAction\",\"target\":[\"https:\\\/\\\/woodpunk.cz\\\/produkt\\\/miska-ze-dreva-tisu-cerveneho-20x8-cm\\\/\"]}]},{\"@type\":\"ImageObject\",\"inLanguage\":\"en-US\",\"@id\":\"https:\\\/\\\/woodpunk.cz\\\/produkt\\\/miska-ze-dreva-tisu-cerveneho-20x8-cm\\\/#primaryimage\",\"url\":\"https:\\\/\\\/woodpunk.cz\\\/wp-content\\\/uploads\\\/2024\\\/08\\\/miska-ze-dreva-tisu-cerveneho-20x8-cm.jpg\",\"contentUrl\":\"https:\\\/\\\/woodpunk.cz\\\/wp-content\\\/uploads\\\/2024\\\/08\\\/miska-ze-dreva-tisu-cerveneho-20x8-cm.jpg\",\"width\":1024,\"height\":820,\"caption\":\"Elegantn\u00ed miska p\u0159\u00edrodn\u00edch tvar\u016f z p\u0159ekr\u00e1sn\u00e9ho d\u0159eva tisu \u010derven\u00e9ho. D\u0159evo tisu m\u00e1 z na\u0161ich jehli\u010dnat\u00fdch d\u0159evin suver\u00e9nn\u011b nejvy\u0161\u0161\u00ed hustotu.\"},{\"@type\":\"BreadcrumbList\",\"@id\":\"https:\\\/\\\/woodpunk.cz\\\/produkt\\\/miska-ze-dreva-tisu-cerveneho-20x8-cm\\\/#breadcrumb\",\"itemListElement\":[{\"@type\":\"ListItem\",\"position\":1,\"name\":\"Dom\u016f\",\"item\":\"https:\\\/\\\/woodpunk.cz\\\/\"},{\"@type\":\"ListItem\",\"position\":2,\"name\":\"Obchod s d\u0159ev\u011bn\u00fdmi miskami a v\u00fdrobky z masivn\u00edho d\u0159eva\",\"item\":\"https:\\\/\\\/woodpunk.cz\\\/drevene-misky-a-vyrobky-ze-dreva\\\/\"},{\"@type\":\"ListItem\",\"position\":3,\"name\":\"Miska ze d\u0159eva tisu \u010derven\u00e9ho (20&#215;8 cm)\"}]},{\"@type\":\"WebSite\",\"@id\":\"https:\\\/\\\/woodpunk.cz\\\/#website\",\"url\":\"https:\\\/\\\/woodpunk.cz\\\/\",\"name\":\"WOOD PUNK\",\"description\":\"\",\"publisher\":{\"@id\":\"https:\\\/\\\/woodpunk.cz\\\/#organization\"},\"alternateName\":\"\u0158emesln\u00e1 v\u00fdroba a prodej d\u0159ev\u011bn\u00fdch misek, v\u00e1z, kv\u011btn\u00edk\u016f a dal\u0161\u00edch d\u0159ev\u011bn\u00fdch nejenom soustru\u017een\u00fdch v\u00fdrobk\u016f.\",\"potentialAction\":[{\"@type\":\"SearchAction\",\"target\":{\"@type\":\"EntryPoint\",\"urlTemplate\":\"https:\\\/\\\/woodpunk.cz\\\/?s={search_term_string}\"},\"query-input\":{\"@type\":\"PropertyValueSpecification\",\"valueRequired\":true,\"valueName\":\"search_term_string\"}}],\"inLanguage\":\"en-US\"},{\"@type\":\"Organization\",\"@id\":\"https:\\\/\\\/woodpunk.cz\\\/#organization\",\"name\":\"WOOD PUNK\",\"alternateName\":\"\u0158emesln\u00e1 v\u00fdroba d\u0159ev\u011bn\u00fdch misek, v\u00e1z, kv\u011btn\u00edk\u016f a dal\u0161\u00edch d\u0159ev\u011bn\u00fdch nejenom soustru\u017een\u00fdch v\u00fdrobk\u016f.\",\"url\":\"https:\\\/\\\/woodpunk.cz\\\/\",\"logo\":{\"@type\":\"ImageObject\",\"inLanguage\":\"en-US\",\"@id\":\"https:\\\/\\\/woodpunk.cz\\\/#\\\/schema\\\/logo\\\/image\\\/\",\"url\":\"https:\\\/\\\/woodpunk.cz\\\/wp-content\\\/uploads\\\/2024\\\/04\\\/woodpunk_logo_260x213_f1f1f1ff.png\",\"contentUrl\":\"https:\\\/\\\/woodpunk.cz\\\/wp-content\\\/uploads\\\/2024\\\/04\\\/woodpunk_logo_260x213_f1f1f1ff.png\",\"width\":260,\"height\":213,\"caption\":\"WOOD PUNK\"},\"image\":{\"@id\":\"https:\\\/\\\/woodpunk.cz\\\/#\\\/schema\\\/logo\\\/image\\\/\"},\"sameAs\":[\"https:\\\/\\\/www.facebook.com\\\/JL.WoodPunk\",\"https:\\\/\\\/www.instagram.com\\\/jlwoodpunk\\\/\",\"https:\\\/\\\/www.youtube.com\\\/channel\\\/UCbpihje-owPtI1dpoNOqkyA\"]}]}<\/script>\n<!-- \/ Yoast SEO plugin. -->","yoast_head_json":{"title":"Miska ze d\u0159eva tisu \u010derven\u00e9ho (20x8 cm) | WOOD PUNK","description":"Elegantn\u00ed miska p\u0159\u00edrodn\u00edch tvar\u016f z p\u0159ekr\u00e1sn\u00e9ho d\u0159eva tisu \u010derven\u00e9ho. D\u0159evo tisu m\u00e1 z na\u0161ich jehli\u010dnat\u00fdch d\u0159evin suver\u00e9nn\u011b nejvy\u0161\u0161\u00ed hustotu.","robots":{"index":"index","follow":"follow","max-snippet":"max-snippet:-1","max-image-preview":"max-image-preview:large","max-video-preview":"max-video-preview:-1"},"canonical":"https:\/\/woodpunk.cz\/en\/product\/miska-ze-dreva-tisu-cerveneho-20x8-cm\/","og_locale":"en_US","og_type":"article","og_title":"Miska ze d\u0159eva tisu \u010derven\u00e9ho (20x8 cm) | WOOD PUNK","og_description":"Elegantn\u00ed miska p\u0159\u00edrodn\u00edch tvar\u016f z p\u0159ekr\u00e1sn\u00e9ho d\u0159eva tisu \u010derven\u00e9ho. D\u0159evo tisu m\u00e1 z na\u0161ich jehli\u010dnat\u00fdch d\u0159evin suver\u00e9nn\u011b nejvy\u0161\u0161\u00ed hustotu.","og_url":"https:\/\/woodpunk.cz\/en\/product\/miska-ze-dreva-tisu-cerveneho-20x8-cm\/","og_site_name":"WOOD PUNK","article_publisher":"https:\/\/www.facebook.com\/JL.WoodPunk","article_modified_time":"2025-05-30T10:30:18+00:00","og_image":[{"width":1024,"height":820,"url":"https:\/\/woodpunk.cz\/wp-content\/uploads\/2024\/08\/miska-ze-dreva-tisu-cerveneho-20x8-cm.jpg","type":"image\/jpeg"}],"twitter_card":"summary_large_image","twitter_misc":{"Est. reading time":"1 minute"},"schema":{"@context":"https:\/\/schema.org","@graph":[{"@type":"WebPage","@id":"https:\/\/woodpunk.cz\/produkt\/miska-ze-dreva-tisu-cerveneho-20x8-cm\/","url":"https:\/\/woodpunk.cz\/produkt\/miska-ze-dreva-tisu-cerveneho-20x8-cm\/","name":"Miska ze d\u0159eva tisu \u010derven\u00e9ho (20x8 cm) | WOOD PUNK","isPartOf":{"@id":"https:\/\/woodpunk.cz\/#website"},"primaryImageOfPage":{"@id":"https:\/\/woodpunk.cz\/produkt\/miska-ze-dreva-tisu-cerveneho-20x8-cm\/#primaryimage"},"image":{"@id":"https:\/\/woodpunk.cz\/produkt\/miska-ze-dreva-tisu-cerveneho-20x8-cm\/#primaryimage"},"thumbnailUrl":"https:\/\/woodpunk.cz\/wp-content\/uploads\/2024\/08\/miska-ze-dreva-tisu-cerveneho-20x8-cm.jpg","datePublished":"2024-08-30T12:48:06+00:00","dateModified":"2025-05-30T10:30:18+00:00","description":"Elegantn\u00ed miska p\u0159\u00edrodn\u00edch tvar\u016f z p\u0159ekr\u00e1sn\u00e9ho d\u0159eva tisu \u010derven\u00e9ho. D\u0159evo tisu m\u00e1 z na\u0161ich jehli\u010dnat\u00fdch d\u0159evin suver\u00e9nn\u011b nejvy\u0161\u0161\u00ed hustotu.","breadcrumb":{"@id":"https:\/\/woodpunk.cz\/produkt\/miska-ze-dreva-tisu-cerveneho-20x8-cm\/#breadcrumb"},"inLanguage":"en-US","potentialAction":[{"@type":"ReadAction","target":["https:\/\/woodpunk.cz\/produkt\/miska-ze-dreva-tisu-cerveneho-20x8-cm\/"]}]},{"@type":"ImageObject","inLanguage":"en-US","@id":"https:\/\/woodpunk.cz\/produkt\/miska-ze-dreva-tisu-cerveneho-20x8-cm\/#primaryimage","url":"https:\/\/woodpunk.cz\/wp-content\/uploads\/2024\/08\/miska-ze-dreva-tisu-cerveneho-20x8-cm.jpg","contentUrl":"https:\/\/woodpunk.cz\/wp-content\/uploads\/2024\/08\/miska-ze-dreva-tisu-cerveneho-20x8-cm.jpg","width":1024,"height":820,"caption":"Elegantn\u00ed miska p\u0159\u00edrodn\u00edch tvar\u016f z p\u0159ekr\u00e1sn\u00e9ho d\u0159eva tisu \u010derven\u00e9ho. D\u0159evo tisu m\u00e1 z na\u0161ich jehli\u010dnat\u00fdch d\u0159evin suver\u00e9nn\u011b nejvy\u0161\u0161\u00ed hustotu."},{"@type":"BreadcrumbList","@id":"https:\/\/woodpunk.cz\/produkt\/miska-ze-dreva-tisu-cerveneho-20x8-cm\/#breadcrumb","itemListElement":[{"@type":"ListItem","position":1,"name":"Dom\u016f","item":"https:\/\/woodpunk.cz\/"},{"@type":"ListItem","position":2,"name":"Obchod s d\u0159ev\u011bn\u00fdmi miskami a v\u00fdrobky z masivn\u00edho d\u0159eva","item":"https:\/\/woodpunk.cz\/drevene-misky-a-vyrobky-ze-dreva\/"},{"@type":"ListItem","position":3,"name":"Miska ze d\u0159eva tisu \u010derven\u00e9ho (20&#215;8 cm)"}]},{"@type":"WebSite","@id":"https:\/\/woodpunk.cz\/#website","url":"https:\/\/woodpunk.cz\/","name":"WOOD PUNK","description":"","publisher":{"@id":"https:\/\/woodpunk.cz\/#organization"},"alternateName":"\u0158emesln\u00e1 v\u00fdroba a prodej d\u0159ev\u011bn\u00fdch misek, v\u00e1z, kv\u011btn\u00edk\u016f a dal\u0161\u00edch d\u0159ev\u011bn\u00fdch nejenom soustru\u017een\u00fdch v\u00fdrobk\u016f.","potentialAction":[{"@type":"SearchAction","target":{"@type":"EntryPoint","urlTemplate":"https:\/\/woodpunk.cz\/?s={search_term_string}"},"query-input":{"@type":"PropertyValueSpecification","valueRequired":true,"valueName":"search_term_string"}}],"inLanguage":"en-US"},{"@type":"Organization","@id":"https:\/\/woodpunk.cz\/#organization","name":"WOOD PUNK","alternateName":"\u0158emesln\u00e1 v\u00fdroba d\u0159ev\u011bn\u00fdch misek, v\u00e1z, kv\u011btn\u00edk\u016f a dal\u0161\u00edch d\u0159ev\u011bn\u00fdch nejenom soustru\u017een\u00fdch v\u00fdrobk\u016f.","url":"https:\/\/woodpunk.cz\/","logo":{"@type":"ImageObject","inLanguage":"en-US","@id":"https:\/\/woodpunk.cz\/#\/schema\/logo\/image\/","url":"https:\/\/woodpunk.cz\/wp-content\/uploads\/2024\/04\/woodpunk_logo_260x213_f1f1f1ff.png","contentUrl":"https:\/\/woodpunk.cz\/wp-content\/uploads\/2024\/04\/woodpunk_logo_260x213_f1f1f1ff.png","width":260,"height":213,"caption":"WOOD PUNK"},"image":{"@id":"https:\/\/woodpunk.cz\/#\/schema\/logo\/image\/"},"sameAs":["https:\/\/www.facebook.com\/JL.WoodPunk","https:\/\/www.instagram.com\/jlwoodpunk\/","https:\/\/www.youtube.com\/channel\/UCbpihje-owPtI1dpoNOqkyA"]}]}},"_links":{"self":[{"href":"https:\/\/woodpunk.cz\/en\/wp-json\/wp\/v2\/product\/5404","targetHints":{"allow":["GET"]}}],"collection":[{"href":"https:\/\/woodpunk.cz\/en\/wp-json\/wp\/v2\/product"}],"about":[{"href":"https:\/\/woodpunk.cz\/en\/wp-json\/wp\/v2\/types\/product"}],"wp:featuredmedia":[{"embeddable":true,"href":"https:\/\/woodpunk.cz\/en\/wp-json\/wp\/v2\/media\/5483"}],"wp:attachment":[{"href":"https:\/\/woodpunk.cz\/en\/wp-json\/wp\/v2\/media?parent=5404"}],"wp:term":[{"taxonomy":"product_brand","embeddable":true,"href":"https:\/\/woodpunk.cz\/en\/wp-json\/wp\/v2\/product_brand?post=5404"},{"taxonomy":"product_cat","embeddable":true,"href":"https:\/\/woodpunk.cz\/en\/wp-json\/wp\/v2\/product_cat?post=5404"},{"taxonomy":"product_tag","embeddable":true,"href":"https:\/\/woodpunk.cz\/en\/wp-json\/wp\/v2\/product_tag?post=5404"}],"curies":[{"name":"wp","href":"https:\/\/api.w.org\/{rel}","templated":true}]}}