{"id":5317,"date":"2024-06-23T22:55:13","date_gmt":"2024-06-23T20:55:13","guid":{"rendered":"https:\/\/woodpunk.cz\/?p=5317"},"modified":"2025-05-30T12:30:18","modified_gmt":"2025-05-30T10:30:18","slug":"jasanova-misa-32x9-cm","status":"publish","type":"product","link":"https:\/\/woodpunk.cz\/en\/product\/jasanova-misa-32x9-cm\/","title":{"rendered":"Jasanov\u00e1 m\u00edsa (32&#215;9 cm)"},"content":{"rendered":"<div>\n<div id=\"u_0_1z_zk\" style=\"display: none;\">\n<p>&nbsp;<\/p>\n<p>Vn\u011bj\u0161\u00ed strana ebonizovan\u00e1, okraj op\u00e1len\u00fd.<\/p>\n<p>Povrchov\u00e1 \u00faprava: <a href=\"https:\/\/facebook.com\/ludviesoil?eav=Afb8lsWVx-QynIFomiLANpjHmP2-3y8zpUxqJiw59Ymc2Y2xdeCP7Eu21luIpL-apx4&amp;_ft_=encrypted_tracking_data.0AY-r6Zo_qtksKk902uxB-ne_Zbt_qssfkLphXe3TLgPs8owSxVA9UnCo2gyTu-U7IPubuXZ-UmM4SGxHEn80qEOvIrPAo2TfpFbFag0NZe3v3E21NrQ71w1OXitk2wuBZVDzBHVfGy2ABZgTKMUG6sS0q99eKONf42UFuQ5yV-87qumqPC9lbrszwJj9wcypw-vWra1QTZbcVV9ZKN1zN_JWplJ931q7MU3xef7jZUKlBJ2V7imB8odbM79-v27zdNxlb2YusUNpDmXqJYJglVBa6vSh91PHdL9jYqOH4aQt8lqph25sptEAs4o0o-T7h5HhXEFpEN4u_mmcOTOpEJ_RUmcrMfy6OQQXLWYUPp3VPuenLx_oqUctkC4xeBpqCjqOYZggDFn26ahccx_LgrfGtflNXH8K3zzJD3X4CkPAaF6GsL_U0u8T5DqcOp7Q_a-tFEvjSUWg_r3fW4OPxrq0BsMFXWluUKt5Jbl2Z06mEH8BKYn7MmJwvpynxvPG79sKR6WiKWo_i9L89nU_T8qkGpVW75Zb9TFkW0RyjzFi76qMpoOqDcpJNbWOmiIwZF-W2TxOp24hQo0B_WAHfPvXUZ1iiEdlS5XdFHYqHDmwhX-V02kPs5gv_lSv1fp0TPNAlM7fJY7GwddUikXx6xcHr9-W2_4QsQLUZUFNhwbOo75WWxYC_0iQzSmibB-eabnw58bSevEdv9RNq6RqeuwGOE_ziZcnbBVFnZOyXiK3Jk0TxEloq_iv0g-F-OruOwiybzPoeQ3YEo0NcKQMnPkAnmPTuOPkZNntMdUtoRiFIl4P7lWtCBI4ykiXJF4jojjYZPT5EDomF3smed4MSs9v_l3IDJDyNFgMG302A8QuugeyEvhwlrRx8FflNHHgvUOOFYEPo9PsZHbiBWQYYvJY8LqMVp_jCXbRtRTW-Jgkwq9o7Syp7N9FQG7CJZRXjxbUqSZcOSxn3U9l4BQ4Yg4P9VHnemkyPKQtBqhGp40DWuQeE7qjxT6l-b30eyCeQY-x6vHHntWwgVrzP0IAg-Y9tI0jMGZmGX_pyfzSYMD8bca5AYDoZoFOtI1e2cqdwlsC0vOkqEfwy3A2a2gKfiH8gYTOGfsZzlWG7ycwvaY5PY-PyGr7bwXFJRQ9_o5Cq5kWt-5YrRRDbmd5IMCQdutdy8HSBmmyfpXddxkISoa-5GeHrwC3d4qY8dZgyEFWsrdgctjIeOsDJeug-xba5bi5VpL1Pku6y_qh_ptcs5UO9oWjVwp0XJQt1QGEzsUUulqr27lEB962XcOWUwY-JZ24QCbaAQ1y0jZ6Ew5N89wHmQEYA2idKyl1D84sjPdwtPLjhL3pRwyoNMJvDbQze35yZ_anNA77Rvl3LwRkPhUtg1GfVJdCqvi94PClOnXPKHMQrpJScT5WiRW_skE8oVeRnQvUGroF2yvBAfQNt-70xnOAz-NZ4fuEC7Bqgyy6k0UOmRh3cjiypQVpNpD1Ee78Ht7mukqPY73bf1XoGRIAPC4GWZnIlV2gdsi2jjbjjLdTTjkjDQUNo0Hkh_iE74wYtsn0dmVT-fXpwEnWZBzZjS0tmbYQO_8dqERFoiOf7OLimNYMH01qsa5-6ZlL35SeAYzx5-IipBiyKi2vFHYzKjNbA60SKDXz9u84d0mIeivgt2cVXBbswSL9j8HaZb398VsFQq48jFYyqzJfmmq6Q1eh0Q3iCFJwkIO_AlWsLeEmvM5iHl2nyJwWrVDdeqpaJcQvTKICvCia5LaKVxhfSgTZM9xZAtRaog&amp;__tn__=%2As-R&amp;paipv=0\">Ludvie&#8217;s Oil<\/a> Pure.<\/p>\n<p>&nbsp;<\/p>\n<\/div>\n<\/div>\n<div class=\"_1ss6 _2pit _x7p _3nc8\">\n<p>Exkluzivn\u00ed jasanov\u00e1 m\u00edsa s kr\u00e1snou kresbou neprav\u00e9ho j\u00e1dra se zv\u00fdrazn\u011bn\u00fdm okrajem technikou <a href=\"https:\/\/woodpunk.cz\/technika\/opaleni\/\">op\u00e1len\u00ed<\/a>.<\/p>\n<p>Vn\u011bj\u0161\u00ed strana <a href=\"https:\/\/woodpunk.cz\/technika\/ebonizace-dreva\/\">ebonizov\u00e1na<\/a>.<\/p>\n<p>Povrchov\u00e1 \u00faprava:\u00a0<a href=\"https:\/\/woodpunk.cz\/povrchova-uprava\/ludvies-oil-pure\/\">Ludvie\u00b4s Oil Pure<\/a>.<\/p>\n<\/div>\n<p><a href=\"https:\/\/woodpunk.cz\/wp-content\/uploads\/2024\/06\/Jasanova-misa-32x9-cm.jpg\"><img loading=\"lazy\" decoding=\"async\" class=\"wp_automatic_fb_img alignnone\" src=\"https:\/\/woodpunk.cz\/wp-content\/uploads\/2024\/06\/Jasanova-misa-32x9-cm.jpg\" alt=\"Exkluzivn\u00ed jasanov\u00e1 m\u00edsa se zv\u00fdrazn\u011bn\u00fdm okrajem\" width=\"2048\" height=\"2048\" \/><\/a><br \/>\n<a href=\"https:\/\/woodpunk.cz\/wp-content\/uploads\/2024\/06\/1719176109_442_Jasanova-misa-32x9-cm.jpg\"><img loading=\"lazy\" decoding=\"async\" class=\"wp_automatic_fb_img alignnone\" src=\"https:\/\/woodpunk.cz\/wp-content\/uploads\/2024\/06\/1719176109_442_Jasanova-misa-32x9-cm.jpg\" alt=\"Exkluzivn\u00ed jasanov\u00e1 m\u00edsa se zv\u00fdrazn\u011bn\u00fdm okrajem\" width=\"1281\" height=\"960\" \/><\/a><br \/>\n<a href=\"https:\/\/woodpunk.cz\/wp-content\/uploads\/2024\/06\/1719176109_668_Jasanova-misa-32x9-cm.jpg\"><img decoding=\"async\" class=\"wp_automatic_fb_img\" title=\"\" src=\"https:\/\/woodpunk.cz\/wp-content\/uploads\/2024\/06\/1719176109_668_Jasanova-misa-32x9-cm.jpg\" \/><\/a><br \/>\n<a href=\"https:\/\/woodpunk.cz\/wp-content\/uploads\/2024\/06\/1719176109_530_Jasanova-misa-32x9-cm.jpg\"><img decoding=\"async\" class=\"wp_automatic_fb_img\" title=\"\" src=\"https:\/\/woodpunk.cz\/wp-content\/uploads\/2024\/06\/1719176109_530_Jasanova-misa-32x9-cm.jpg\" \/><\/a><\/p>","protected":false},"excerpt":{"rendered":"<div class=\"_1ss6 _2pit _x7p _3nc8\">\n<p>Exkluzivn\u00ed jasanov\u00e1 m\u00edsa s kr\u00e1snou kresbou neprav\u00e9ho j\u00e1dra se zv\u00fdrazn\u011bn\u00fdm okrajem technikou <a href=\"https:\/\/woodpunk.cz\/technika\/opaleni\/\">op\u00e1len\u00ed<\/a>.<\/p>\n<p>Vn\u011bj\u0161\u00ed strana <a href=\"https:\/\/woodpunk.cz\/technika\/ebonizace-dreva\/\">ebonizov\u00e1na<\/a>.<\/p>\n<p>Povrchov\u00e1 \u00faprava:\u00a0<a href=\"https:\/\/woodpunk.cz\/povrchova-uprava\/ludvies-oil-pure\/\">Ludvie\u00b4s Oil Pure<\/a>.<\/p>\n<\/div>","protected":false},"featured_media":5318,"template":"","meta":{"_editorskit_title_hidden":false,"_editorskit_reading_time":0,"_editorskit_is_block_options_detached":false,"_editorskit_block_options_position":"{}"},"product_brand":[394],"product_cat":[78],"product_tag":[],"class_list":{"0":"post-5317","1":"product","2":"type-product","3":"status-publish","4":"has-post-thumbnail","6":"product_brand-wood-punk","7":"product_cat-drevene-misky","8":"pa_material-jasanove-drevo","9":"pa_povrchova-uprava-ludvies-oil-pure","10":"pa_technika-ebonizace-dreva","11":"pa_technika-opalovani-dreva-shou-sugi-ban","13":"entry","14":"has-media","16":"first","17":"outofstock","18":"shipping-taxable","19":"purchasable","20":"product-type-simple","21":"col","22":"span_1_of_5","23":"owp-content-center","24":"owp-thumbs-layout-horizontal","25":"owp-btn-normal","26":"owp-tabs-layout-horizontal","27":"has-no-thumbnails"},"yoast_head":"<!-- This site is optimized with the Yoast SEO plugin v27.4 - https:\/\/yoast.com\/product\/yoast-seo-wordpress\/ -->\n<title>Exkluzivn\u00ed jasanov\u00e1 m\u00edsa | WOOD PUNK<\/title>\n<meta name=\"description\" content=\"Exkluzivn\u00ed jasanov\u00e1 m\u00edsa s kr\u00e1snou kresbou neprav\u00e9ho j\u00e1dra se zv\u00fdrazn\u011bn\u00fdm okrajem technikou op\u00e1len\u00ed. Vn\u011bj\u0161\u00ed strana ebonizov\u00e1na.\" \/>\n<meta name=\"robots\" content=\"index, follow, max-snippet:-1, max-image-preview:large, max-video-preview:-1\" \/>\n<link rel=\"canonical\" href=\"https:\/\/woodpunk.cz\/en\/product\/jasanova-misa-32x9-cm\/\" \/>\n<meta property=\"og:locale\" content=\"en_US\" \/>\n<meta property=\"og:type\" content=\"article\" \/>\n<meta property=\"og:title\" content=\"Exkluzivn\u00ed jasanov\u00e1 m\u00edsa | WOOD PUNK\" \/>\n<meta property=\"og:description\" content=\"Exkluzivn\u00ed jasanov\u00e1 m\u00edsa s kr\u00e1snou kresbou neprav\u00e9ho j\u00e1dra se zv\u00fdrazn\u011bn\u00fdm okrajem technikou op\u00e1len\u00ed. Vn\u011bj\u0161\u00ed strana ebonizov\u00e1na.\" \/>\n<meta property=\"og:url\" content=\"https:\/\/woodpunk.cz\/en\/product\/jasanova-misa-32x9-cm\/\" \/>\n<meta property=\"og:site_name\" content=\"WOOD PUNK\" \/>\n<meta property=\"article:publisher\" content=\"https:\/\/www.facebook.com\/JL.WoodPunk\" \/>\n<meta property=\"article:modified_time\" content=\"2025-05-30T10:30:18+00:00\" \/>\n<meta property=\"og:image\" content=\"https:\/\/woodpunk.cz\/wp-content\/uploads\/2024\/06\/Jasanova-misa-32x9-cm.jpg\" \/>\n\t<meta property=\"og:image:width\" content=\"2048\" \/>\n\t<meta property=\"og:image:height\" content=\"2048\" \/>\n\t<meta property=\"og:image:type\" content=\"image\/jpeg\" \/>\n<meta name=\"twitter:card\" content=\"summary_large_image\" \/>\n<meta name=\"twitter:label1\" content=\"Est. reading time\" \/>\n\t<meta name=\"twitter:data1\" content=\"2 minutes\" \/>\n<script type=\"application\/ld+json\" class=\"yoast-schema-graph\">{\"@context\":\"https:\\\/\\\/schema.org\",\"@graph\":[{\"@type\":\"WebPage\",\"@id\":\"https:\\\/\\\/woodpunk.cz\\\/produkt\\\/jasanova-misa-32x9-cm\\\/\",\"url\":\"https:\\\/\\\/woodpunk.cz\\\/produkt\\\/jasanova-misa-32x9-cm\\\/\",\"name\":\"Exkluzivn\u00ed jasanov\u00e1 m\u00edsa | WOOD PUNK\",\"isPartOf\":{\"@id\":\"https:\\\/\\\/woodpunk.cz\\\/#website\"},\"primaryImageOfPage\":{\"@id\":\"https:\\\/\\\/woodpunk.cz\\\/produkt\\\/jasanova-misa-32x9-cm\\\/#primaryimage\"},\"image\":{\"@id\":\"https:\\\/\\\/woodpunk.cz\\\/produkt\\\/jasanova-misa-32x9-cm\\\/#primaryimage\"},\"thumbnailUrl\":\"https:\\\/\\\/woodpunk.cz\\\/wp-content\\\/uploads\\\/2024\\\/06\\\/Jasanova-misa-32x9-cm.jpg\",\"datePublished\":\"2024-06-23T20:55:13+00:00\",\"dateModified\":\"2025-05-30T10:30:18+00:00\",\"description\":\"Exkluzivn\u00ed jasanov\u00e1 m\u00edsa s kr\u00e1snou kresbou neprav\u00e9ho j\u00e1dra se zv\u00fdrazn\u011bn\u00fdm okrajem technikou op\u00e1len\u00ed. Vn\u011bj\u0161\u00ed strana ebonizov\u00e1na.\",\"breadcrumb\":{\"@id\":\"https:\\\/\\\/woodpunk.cz\\\/produkt\\\/jasanova-misa-32x9-cm\\\/#breadcrumb\"},\"inLanguage\":\"en-US\",\"potentialAction\":[{\"@type\":\"ReadAction\",\"target\":[\"https:\\\/\\\/woodpunk.cz\\\/produkt\\\/jasanova-misa-32x9-cm\\\/\"]}]},{\"@type\":\"ImageObject\",\"inLanguage\":\"en-US\",\"@id\":\"https:\\\/\\\/woodpunk.cz\\\/produkt\\\/jasanova-misa-32x9-cm\\\/#primaryimage\",\"url\":\"https:\\\/\\\/woodpunk.cz\\\/wp-content\\\/uploads\\\/2024\\\/06\\\/Jasanova-misa-32x9-cm.jpg\",\"contentUrl\":\"https:\\\/\\\/woodpunk.cz\\\/wp-content\\\/uploads\\\/2024\\\/06\\\/Jasanova-misa-32x9-cm.jpg\",\"width\":2048,\"height\":2048},{\"@type\":\"BreadcrumbList\",\"@id\":\"https:\\\/\\\/woodpunk.cz\\\/produkt\\\/jasanova-misa-32x9-cm\\\/#breadcrumb\",\"itemListElement\":[{\"@type\":\"ListItem\",\"position\":1,\"name\":\"Dom\u016f\",\"item\":\"https:\\\/\\\/woodpunk.cz\\\/\"},{\"@type\":\"ListItem\",\"position\":2,\"name\":\"Obchod s d\u0159ev\u011bn\u00fdmi miskami a v\u00fdrobky z masivn\u00edho d\u0159eva\",\"item\":\"https:\\\/\\\/woodpunk.cz\\\/drevene-misky-a-vyrobky-ze-dreva\\\/\"},{\"@type\":\"ListItem\",\"position\":3,\"name\":\"Jasanov\u00e1 m\u00edsa (32&#215;9 cm)\"}]},{\"@type\":\"WebSite\",\"@id\":\"https:\\\/\\\/woodpunk.cz\\\/#website\",\"url\":\"https:\\\/\\\/woodpunk.cz\\\/\",\"name\":\"WOOD PUNK\",\"description\":\"\",\"publisher\":{\"@id\":\"https:\\\/\\\/woodpunk.cz\\\/#organization\"},\"alternateName\":\"\u0158emesln\u00e1 v\u00fdroba a prodej d\u0159ev\u011bn\u00fdch misek, v\u00e1z, kv\u011btn\u00edk\u016f a dal\u0161\u00edch d\u0159ev\u011bn\u00fdch nejenom soustru\u017een\u00fdch v\u00fdrobk\u016f.\",\"potentialAction\":[{\"@type\":\"SearchAction\",\"target\":{\"@type\":\"EntryPoint\",\"urlTemplate\":\"https:\\\/\\\/woodpunk.cz\\\/?s={search_term_string}\"},\"query-input\":{\"@type\":\"PropertyValueSpecification\",\"valueRequired\":true,\"valueName\":\"search_term_string\"}}],\"inLanguage\":\"en-US\"},{\"@type\":\"Organization\",\"@id\":\"https:\\\/\\\/woodpunk.cz\\\/#organization\",\"name\":\"WOOD PUNK\",\"alternateName\":\"\u0158emesln\u00e1 v\u00fdroba d\u0159ev\u011bn\u00fdch misek, v\u00e1z, kv\u011btn\u00edk\u016f a dal\u0161\u00edch d\u0159ev\u011bn\u00fdch nejenom soustru\u017een\u00fdch v\u00fdrobk\u016f.\",\"url\":\"https:\\\/\\\/woodpunk.cz\\\/\",\"logo\":{\"@type\":\"ImageObject\",\"inLanguage\":\"en-US\",\"@id\":\"https:\\\/\\\/woodpunk.cz\\\/#\\\/schema\\\/logo\\\/image\\\/\",\"url\":\"https:\\\/\\\/woodpunk.cz\\\/wp-content\\\/uploads\\\/2024\\\/04\\\/woodpunk_logo_260x213_f1f1f1ff.png\",\"contentUrl\":\"https:\\\/\\\/woodpunk.cz\\\/wp-content\\\/uploads\\\/2024\\\/04\\\/woodpunk_logo_260x213_f1f1f1ff.png\",\"width\":260,\"height\":213,\"caption\":\"WOOD PUNK\"},\"image\":{\"@id\":\"https:\\\/\\\/woodpunk.cz\\\/#\\\/schema\\\/logo\\\/image\\\/\"},\"sameAs\":[\"https:\\\/\\\/www.facebook.com\\\/JL.WoodPunk\",\"https:\\\/\\\/www.instagram.com\\\/jlwoodpunk\\\/\",\"https:\\\/\\\/www.youtube.com\\\/channel\\\/UCbpihje-owPtI1dpoNOqkyA\"]}]}<\/script>\n<!-- \/ Yoast SEO plugin. -->","yoast_head_json":{"title":"Exkluzivn\u00ed jasanov\u00e1 m\u00edsa | WOOD PUNK","description":"Exkluzivn\u00ed jasanov\u00e1 m\u00edsa s kr\u00e1snou kresbou neprav\u00e9ho j\u00e1dra se zv\u00fdrazn\u011bn\u00fdm okrajem technikou op\u00e1len\u00ed. Vn\u011bj\u0161\u00ed strana ebonizov\u00e1na.","robots":{"index":"index","follow":"follow","max-snippet":"max-snippet:-1","max-image-preview":"max-image-preview:large","max-video-preview":"max-video-preview:-1"},"canonical":"https:\/\/woodpunk.cz\/en\/product\/jasanova-misa-32x9-cm\/","og_locale":"en_US","og_type":"article","og_title":"Exkluzivn\u00ed jasanov\u00e1 m\u00edsa | WOOD PUNK","og_description":"Exkluzivn\u00ed jasanov\u00e1 m\u00edsa s kr\u00e1snou kresbou neprav\u00e9ho j\u00e1dra se zv\u00fdrazn\u011bn\u00fdm okrajem technikou op\u00e1len\u00ed. Vn\u011bj\u0161\u00ed strana ebonizov\u00e1na.","og_url":"https:\/\/woodpunk.cz\/en\/product\/jasanova-misa-32x9-cm\/","og_site_name":"WOOD PUNK","article_publisher":"https:\/\/www.facebook.com\/JL.WoodPunk","article_modified_time":"2025-05-30T10:30:18+00:00","og_image":[{"width":2048,"height":2048,"url":"https:\/\/woodpunk.cz\/wp-content\/uploads\/2024\/06\/Jasanova-misa-32x9-cm.jpg","type":"image\/jpeg"}],"twitter_card":"summary_large_image","twitter_misc":{"Est. reading time":"2 minutes"},"schema":{"@context":"https:\/\/schema.org","@graph":[{"@type":"WebPage","@id":"https:\/\/woodpunk.cz\/produkt\/jasanova-misa-32x9-cm\/","url":"https:\/\/woodpunk.cz\/produkt\/jasanova-misa-32x9-cm\/","name":"Exkluzivn\u00ed jasanov\u00e1 m\u00edsa | WOOD PUNK","isPartOf":{"@id":"https:\/\/woodpunk.cz\/#website"},"primaryImageOfPage":{"@id":"https:\/\/woodpunk.cz\/produkt\/jasanova-misa-32x9-cm\/#primaryimage"},"image":{"@id":"https:\/\/woodpunk.cz\/produkt\/jasanova-misa-32x9-cm\/#primaryimage"},"thumbnailUrl":"https:\/\/woodpunk.cz\/wp-content\/uploads\/2024\/06\/Jasanova-misa-32x9-cm.jpg","datePublished":"2024-06-23T20:55:13+00:00","dateModified":"2025-05-30T10:30:18+00:00","description":"Exkluzivn\u00ed jasanov\u00e1 m\u00edsa s kr\u00e1snou kresbou neprav\u00e9ho j\u00e1dra se zv\u00fdrazn\u011bn\u00fdm okrajem technikou op\u00e1len\u00ed. Vn\u011bj\u0161\u00ed strana ebonizov\u00e1na.","breadcrumb":{"@id":"https:\/\/woodpunk.cz\/produkt\/jasanova-misa-32x9-cm\/#breadcrumb"},"inLanguage":"en-US","potentialAction":[{"@type":"ReadAction","target":["https:\/\/woodpunk.cz\/produkt\/jasanova-misa-32x9-cm\/"]}]},{"@type":"ImageObject","inLanguage":"en-US","@id":"https:\/\/woodpunk.cz\/produkt\/jasanova-misa-32x9-cm\/#primaryimage","url":"https:\/\/woodpunk.cz\/wp-content\/uploads\/2024\/06\/Jasanova-misa-32x9-cm.jpg","contentUrl":"https:\/\/woodpunk.cz\/wp-content\/uploads\/2024\/06\/Jasanova-misa-32x9-cm.jpg","width":2048,"height":2048},{"@type":"BreadcrumbList","@id":"https:\/\/woodpunk.cz\/produkt\/jasanova-misa-32x9-cm\/#breadcrumb","itemListElement":[{"@type":"ListItem","position":1,"name":"Dom\u016f","item":"https:\/\/woodpunk.cz\/"},{"@type":"ListItem","position":2,"name":"Obchod s d\u0159ev\u011bn\u00fdmi miskami a v\u00fdrobky z masivn\u00edho d\u0159eva","item":"https:\/\/woodpunk.cz\/drevene-misky-a-vyrobky-ze-dreva\/"},{"@type":"ListItem","position":3,"name":"Jasanov\u00e1 m\u00edsa (32&#215;9 cm)"}]},{"@type":"WebSite","@id":"https:\/\/woodpunk.cz\/#website","url":"https:\/\/woodpunk.cz\/","name":"WOOD PUNK","description":"","publisher":{"@id":"https:\/\/woodpunk.cz\/#organization"},"alternateName":"\u0158emesln\u00e1 v\u00fdroba a prodej d\u0159ev\u011bn\u00fdch misek, v\u00e1z, kv\u011btn\u00edk\u016f a dal\u0161\u00edch d\u0159ev\u011bn\u00fdch nejenom soustru\u017een\u00fdch v\u00fdrobk\u016f.","potentialAction":[{"@type":"SearchAction","target":{"@type":"EntryPoint","urlTemplate":"https:\/\/woodpunk.cz\/?s={search_term_string}"},"query-input":{"@type":"PropertyValueSpecification","valueRequired":true,"valueName":"search_term_string"}}],"inLanguage":"en-US"},{"@type":"Organization","@id":"https:\/\/woodpunk.cz\/#organization","name":"WOOD PUNK","alternateName":"\u0158emesln\u00e1 v\u00fdroba d\u0159ev\u011bn\u00fdch misek, v\u00e1z, kv\u011btn\u00edk\u016f a dal\u0161\u00edch d\u0159ev\u011bn\u00fdch nejenom soustru\u017een\u00fdch v\u00fdrobk\u016f.","url":"https:\/\/woodpunk.cz\/","logo":{"@type":"ImageObject","inLanguage":"en-US","@id":"https:\/\/woodpunk.cz\/#\/schema\/logo\/image\/","url":"https:\/\/woodpunk.cz\/wp-content\/uploads\/2024\/04\/woodpunk_logo_260x213_f1f1f1ff.png","contentUrl":"https:\/\/woodpunk.cz\/wp-content\/uploads\/2024\/04\/woodpunk_logo_260x213_f1f1f1ff.png","width":260,"height":213,"caption":"WOOD PUNK"},"image":{"@id":"https:\/\/woodpunk.cz\/#\/schema\/logo\/image\/"},"sameAs":["https:\/\/www.facebook.com\/JL.WoodPunk","https:\/\/www.instagram.com\/jlwoodpunk\/","https:\/\/www.youtube.com\/channel\/UCbpihje-owPtI1dpoNOqkyA"]}]}},"_links":{"self":[{"href":"https:\/\/woodpunk.cz\/en\/wp-json\/wp\/v2\/product\/5317","targetHints":{"allow":["GET"]}}],"collection":[{"href":"https:\/\/woodpunk.cz\/en\/wp-json\/wp\/v2\/product"}],"about":[{"href":"https:\/\/woodpunk.cz\/en\/wp-json\/wp\/v2\/types\/product"}],"wp:featuredmedia":[{"embeddable":true,"href":"https:\/\/woodpunk.cz\/en\/wp-json\/wp\/v2\/media\/5318"}],"wp:attachment":[{"href":"https:\/\/woodpunk.cz\/en\/wp-json\/wp\/v2\/media?parent=5317"}],"wp:term":[{"taxonomy":"product_brand","embeddable":true,"href":"https:\/\/woodpunk.cz\/en\/wp-json\/wp\/v2\/product_brand?post=5317"},{"taxonomy":"product_cat","embeddable":true,"href":"https:\/\/woodpunk.cz\/en\/wp-json\/wp\/v2\/product_cat?post=5317"},{"taxonomy":"product_tag","embeddable":true,"href":"https:\/\/woodpunk.cz\/en\/wp-json\/wp\/v2\/product_tag?post=5317"}],"curies":[{"name":"wp","href":"https:\/\/api.w.org\/{rel}","templated":true}]}}