{"id":3590,"date":"2024-03-29T20:09:37","date_gmt":"2024-03-29T19:09:37","guid":{"rendered":"https:\/\/woodpunk.cz\/jablonova-vaza-22x9-12-cm\/"},"modified":"2025-08-30T17:48:48","modified_gmt":"2025-08-30T15:48:48","slug":"jablonova-vaza-22x9-12-cm","status":"publish","type":"product","link":"https:\/\/woodpunk.cz\/en\/product\/jablonova-vaza-22x9-12-cm\/","title":{"rendered":"Jablo\u0148ov\u00e1 v\u00e1za (23&#215;11 cm)"},"content":{"rendered":"<p>\u010carokr\u00e1sn\u00e1 v\u00e1za z jablo\u0148ov\u00e9ho d\u0159eva s n\u00e1dhernou divokou kresbou. V\u00e1za je p\u0159ipravena k pou\u017eit\u00ed na such\u00e9 kv\u011btiny. V\u00e1zu je mo\u017en\u00e9 pou\u017e\u00edt i na \u010derstv\u00e9 \u0159ezan\u00e9 kv\u011btiny, ale je nutn\u00e9 do n\u00ed zakoupit vod\u011bodolnou sklen\u011bnou nebo plastovou vlo\u017eku.<\/p>\n<hr \/>\n<p>Povrchov\u00e1 \u00faprava: <a href=\"https:\/\/facebook.com\/ludviesoil?eav=AfY2hB52XYubXr4AJkXTdUZNubQMJnmOOXughSyr8Zemhnjb7D0mvvXMycprRbat3b0&amp;_ft_=encrypted_tracking_data.0AY_nUmj0Apy-VIce1zqji9HbC115b4e4LhAW6bchVs3n2khkx9vhLTxJmb4uoDrj2wXYyyzTVk1ZsZz28ohWDT5TWgkRn3S5aMgQZw3Q2OXyv2-IpJGHMpXTJt8mzFylQXXTSKfJQDZ72LEj2UTH6Bwhwc6V6X2hSWp3PVdsWGiFUyDU1VwTdBPTIV-wFNQYexiMNvh7MZKRLmfkzNP4VHHp2oMb2XsRFm_uFwB88pigAm9E4488qbQKUNDg1VAdI8uy66wVTAYIK-Oah2VZNCa5WA1j9-WKoX1t4XyL6vxoNu5Ds6IKJo717rsc4W2dqim1bBFbnQF8Um7LhRoSLoSsG7Ili2s1tjp7lAZsy4D2ccVo-rI7tsE2DYmLC9W_iVLwSwM6emZF5nJfP9aDbl7rBqF10aNKM5ZXCCMP2uJpN1MQ_C_9GLD4c1qqKd1nd6EdGeUQeliASai9dZTCB-nv4uqQlYjZMpN3BuFtUjb4vgkhq7SVEOst_7ONGJxGsyiFRPuDAjkLzxVAFb1cnOFShhcuojlY5a9pJlP2R553JwBbNQ3E3LThAEkxCt-NxwMdDK93kfsOUdH8PYWUacphfVpJ5zgMK9ZnumN9JFcXpLDV4eC9OaP1IrqOcb_MIyuJemXN1HsO53z89js_oldgC0u5sxkvCDz3ebPGSDq2EwmNDK7v_JTIyecnjhc03ALed07SrfIS7IE6XghIuYezCTGQjznENi7DHFXmFCmXqIMyywsdqKU5WQWl6PLyYXnu6G4DXuPgXYjR20pQCaVeeEe-gucGEVhOQ5ainvBOjYrz9PZOJmYs70WlNcRUVXhoitTkFIpyCiQ4kqY_ZR8op0TCUKu9-CrHZGvSCVSewcIsaGblkR9kEWWvxxEyuFIBMV0WlmY3A2FC1h2QK_1LLUhWAHIAt8guUsVpL7LR0CsbU-vmTUBUYiqocyeSPjX5TP5M-xVsKQieHhkAAgjCCrkg3vWEoL6HMg6VCXxFou4H6Y6eoBxZdszlYIuIh4pEjo9aSBrnlMScznFof5BoUTn3_BqdfCA8LgEPbWCib_ljtdP3tOuFkUUFQVTpfLe2ueaI4TaO8V6IiwH59ZDknSuHlfdSsEzgiDrj3luCcWh2NQu6BE92jvQQk2OkXiouyAmSlLZRxfPFOsqAUjgokYGJvngr3hPiR-4MuLWSRjMs8lJDYsrbejsqoSEwd_emIlUwb116rfAUJzcG9-UP30ItmB28BmieSJeUJoPLQdP-DG29Onw5gQtJOOgmM1f4qfTIEykGEB5qp-D0Nnsfw_UUJSeTQUX_3426S3TuOh47nqH-RamEja79i_Wh1ob2itx6iumruTfFVfGEu0udzMkyOYfx2EfMaeRpXYbDJKqcU_elxPMi-LcLyXgAGdkC-Mcrt3mYT8TJdICxWFLjT6P8aVd1Q62L4qUWiwZ1r7wf1vQrQlh-lLkSS6zcJ7myFiCCpvwkpxCdV4p5c5rrys7ygR7HkZILP0SXCsqIYczFlgLADm25p6_LFMigKQ9kmo_lDWU1NERF66njjRw3HCTiAnk6KeP6ZxJSKcWEhA-L4MXW3J9BlTbiNVZjNwF4YtLNXb-T1bIu57xpiwhlnAKnrBAAIB-X-cprDYEiT5jLPCgpm1W67SZyBLpZdi_NVGiKZQSgFapP3aMWTYpRjpdoYP38mzIFh3UY2_PFWTenMqCAyD7w0z6sNdBSUZhN5-ldvqrpbZOrGhOsqIZoQZTJEq4VmwyVSoDSD4cGWr0Oxqxk5nFt-lZosil0iY2e9EoSdVRzTbkF5EkXyYj4Olf0uj0l-pU2rB1f-fmWOOWBmEmKcRqrCXmeQPkINFsCil1uJSCr1Q&amp;__tn__=%2As-R&amp;paipv=0\">Ludvie\u2019s Oil<\/a>\u00a0Pure.<\/p>","protected":false},"excerpt":{"rendered":"<p>\u010carokr\u00e1sn\u00e1 v\u00e1za z jablo\u0148ov\u00e9ho d\u0159eva s n\u00e1dhernou divokou kresbou. V\u00e1za je p\u0159ipravena k pou\u017eit\u00ed na such\u00e9 kv\u011btiny. V\u00e1zu je mo\u017en\u00e9 pou\u017e\u00edt i na \u010derstv\u00e9 \u0159ezan\u00e9 kv\u011btiny, ale je nutn\u00e9 do n\u00ed zakoupit vod\u011bodolnou sklen\u011bnou nebo plastovou vlo\u017eku. Povrchov\u00e1 \u00faprava: Ludvie\u2019s Oil\u00a0Pure.<\/p>","protected":false},"featured_media":5522,"template":"","meta":{"_editorskit_title_hidden":false,"_editorskit_reading_time":0,"_editorskit_is_block_options_detached":false,"_editorskit_block_options_position":"{}"},"product_brand":[394],"product_cat":[370],"product_tag":[],"class_list":{"0":"post-3590","1":"product","2":"type-product","3":"status-publish","4":"has-post-thumbnail","6":"product_brand-wood-punk","7":"product_cat-drevene-vazy","8":"pa_material-jablonove-drevo","9":"pa_povrchova-uprava-ludvies-oil-pure","11":"entry","12":"has-media","14":"first","15":"outofstock","16":"shipping-taxable","17":"purchasable","18":"product-type-simple","19":"col","20":"span_1_of_5","21":"owp-content-center","22":"owp-thumbs-layout-horizontal","23":"owp-btn-normal","24":"owp-tabs-layout-horizontal"},"yoast_head":"<!-- This site is optimized with the Yoast SEO plugin v27.4 - https:\/\/yoast.com\/product\/yoast-seo-wordpress\/ -->\n<title>\u010carokr\u00e1sn\u00e1 v\u00e1za z jablo\u0148ov\u00e9ho d\u0159eva | WOOD PUNK<\/title>\n<meta name=\"description\" content=\"\u010carokr\u00e1sn\u00e1 v\u00e1za z jablo\u0148ov\u00e9ho d\u0159eva s n\u00e1dhernou divokou kresbou. V\u00e1zu je mo\u017en\u00e9 pou\u017e\u00edt i na \u010derstv\u00e9 \u0159ezan\u00e9 kv\u011btiny po dokoupen\u00ed vodot\u011bsn\u00e9 vlo\u017eky.\" \/>\n<meta name=\"robots\" content=\"index, follow, max-snippet:-1, max-image-preview:large, max-video-preview:-1\" \/>\n<link rel=\"canonical\" href=\"https:\/\/woodpunk.cz\/en\/product\/jablonova-vaza-22x9-12-cm\/\" \/>\n<meta property=\"og:locale\" content=\"en_US\" \/>\n<meta property=\"og:type\" content=\"article\" \/>\n<meta property=\"og:title\" content=\"\u010carokr\u00e1sn\u00e1 v\u00e1za z jablo\u0148ov\u00e9ho d\u0159eva | WOOD PUNK\" \/>\n<meta property=\"og:description\" content=\"\u010carokr\u00e1sn\u00e1 v\u00e1za z jablo\u0148ov\u00e9ho d\u0159eva s n\u00e1dhernou divokou kresbou. V\u00e1zu je mo\u017en\u00e9 pou\u017e\u00edt i na \u010derstv\u00e9 \u0159ezan\u00e9 kv\u011btiny po dokoupen\u00ed vodot\u011bsn\u00e9 vlo\u017eky.\" \/>\n<meta property=\"og:url\" content=\"https:\/\/woodpunk.cz\/en\/product\/jablonova-vaza-22x9-12-cm\/\" \/>\n<meta property=\"og:site_name\" content=\"WOOD PUNK\" \/>\n<meta property=\"article:publisher\" content=\"https:\/\/www.facebook.com\/JL.WoodPunk\" \/>\n<meta property=\"article:modified_time\" content=\"2025-08-30T15:48:48+00:00\" \/>\n<meta property=\"og:image\" content=\"https:\/\/woodpunk.cz\/wp-content\/uploads\/2024\/03\/jablonova-vaza-22x9-12-cm.jpg\" \/>\n\t<meta property=\"og:image:width\" content=\"960\" \/>\n\t<meta property=\"og:image:height\" content=\"960\" \/>\n\t<meta property=\"og:image:type\" content=\"image\/jpeg\" \/>\n<meta name=\"twitter:card\" content=\"summary_large_image\" \/>\n<meta name=\"twitter:label1\" content=\"Est. reading time\" \/>\n\t<meta name=\"twitter:data1\" content=\"1 minute\" \/>\n<script type=\"application\/ld+json\" class=\"yoast-schema-graph\">{\"@context\":\"https:\\\/\\\/schema.org\",\"@graph\":[{\"@type\":\"WebPage\",\"@id\":\"https:\\\/\\\/woodpunk.cz\\\/produkt\\\/jablonova-vaza-22x9-12-cm\\\/\",\"url\":\"https:\\\/\\\/woodpunk.cz\\\/produkt\\\/jablonova-vaza-22x9-12-cm\\\/\",\"name\":\"\u010carokr\u00e1sn\u00e1 v\u00e1za z jablo\u0148ov\u00e9ho d\u0159eva | WOOD PUNK\",\"isPartOf\":{\"@id\":\"https:\\\/\\\/woodpunk.cz\\\/#website\"},\"primaryImageOfPage\":{\"@id\":\"https:\\\/\\\/woodpunk.cz\\\/produkt\\\/jablonova-vaza-22x9-12-cm\\\/#primaryimage\"},\"image\":{\"@id\":\"https:\\\/\\\/woodpunk.cz\\\/produkt\\\/jablonova-vaza-22x9-12-cm\\\/#primaryimage\"},\"thumbnailUrl\":\"https:\\\/\\\/woodpunk.cz\\\/wp-content\\\/uploads\\\/2024\\\/03\\\/jablonova-vaza-22x9-12-cm.jpg\",\"datePublished\":\"2024-03-29T19:09:37+00:00\",\"dateModified\":\"2025-08-30T15:48:48+00:00\",\"description\":\"\u010carokr\u00e1sn\u00e1 v\u00e1za z jablo\u0148ov\u00e9ho d\u0159eva s n\u00e1dhernou divokou kresbou. V\u00e1zu je mo\u017en\u00e9 pou\u017e\u00edt i na \u010derstv\u00e9 \u0159ezan\u00e9 kv\u011btiny po dokoupen\u00ed vodot\u011bsn\u00e9 vlo\u017eky.\",\"breadcrumb\":{\"@id\":\"https:\\\/\\\/woodpunk.cz\\\/produkt\\\/jablonova-vaza-22x9-12-cm\\\/#breadcrumb\"},\"inLanguage\":\"en-US\",\"potentialAction\":[{\"@type\":\"ReadAction\",\"target\":[\"https:\\\/\\\/woodpunk.cz\\\/produkt\\\/jablonova-vaza-22x9-12-cm\\\/\"]}]},{\"@type\":\"ImageObject\",\"inLanguage\":\"en-US\",\"@id\":\"https:\\\/\\\/woodpunk.cz\\\/produkt\\\/jablonova-vaza-22x9-12-cm\\\/#primaryimage\",\"url\":\"https:\\\/\\\/woodpunk.cz\\\/wp-content\\\/uploads\\\/2024\\\/03\\\/jablonova-vaza-22x9-12-cm.jpg\",\"contentUrl\":\"https:\\\/\\\/woodpunk.cz\\\/wp-content\\\/uploads\\\/2024\\\/03\\\/jablonova-vaza-22x9-12-cm.jpg\",\"width\":960,\"height\":960,\"caption\":\"jablonova-vaza-22x9-12-cm\"},{\"@type\":\"BreadcrumbList\",\"@id\":\"https:\\\/\\\/woodpunk.cz\\\/produkt\\\/jablonova-vaza-22x9-12-cm\\\/#breadcrumb\",\"itemListElement\":[{\"@type\":\"ListItem\",\"position\":1,\"name\":\"Dom\u016f\",\"item\":\"https:\\\/\\\/woodpunk.cz\\\/\"},{\"@type\":\"ListItem\",\"position\":2,\"name\":\"Obchod s d\u0159ev\u011bn\u00fdmi miskami a v\u00fdrobky z masivn\u00edho d\u0159eva\",\"item\":\"https:\\\/\\\/woodpunk.cz\\\/drevene-misky-a-vyrobky-ze-dreva\\\/\"},{\"@type\":\"ListItem\",\"position\":3,\"name\":\"Jablo\u0148ov\u00e1 v\u00e1za (23&#215;11 cm)\"}]},{\"@type\":\"WebSite\",\"@id\":\"https:\\\/\\\/woodpunk.cz\\\/#website\",\"url\":\"https:\\\/\\\/woodpunk.cz\\\/\",\"name\":\"WOOD PUNK\",\"description\":\"\",\"publisher\":{\"@id\":\"https:\\\/\\\/woodpunk.cz\\\/#organization\"},\"alternateName\":\"\u0158emesln\u00e1 v\u00fdroba a prodej d\u0159ev\u011bn\u00fdch misek, v\u00e1z, kv\u011btn\u00edk\u016f a dal\u0161\u00edch d\u0159ev\u011bn\u00fdch nejenom soustru\u017een\u00fdch v\u00fdrobk\u016f.\",\"potentialAction\":[{\"@type\":\"SearchAction\",\"target\":{\"@type\":\"EntryPoint\",\"urlTemplate\":\"https:\\\/\\\/woodpunk.cz\\\/?s={search_term_string}\"},\"query-input\":{\"@type\":\"PropertyValueSpecification\",\"valueRequired\":true,\"valueName\":\"search_term_string\"}}],\"inLanguage\":\"en-US\"},{\"@type\":\"Organization\",\"@id\":\"https:\\\/\\\/woodpunk.cz\\\/#organization\",\"name\":\"WOOD PUNK\",\"alternateName\":\"\u0158emesln\u00e1 v\u00fdroba d\u0159ev\u011bn\u00fdch misek, v\u00e1z, kv\u011btn\u00edk\u016f a dal\u0161\u00edch d\u0159ev\u011bn\u00fdch nejenom soustru\u017een\u00fdch v\u00fdrobk\u016f.\",\"url\":\"https:\\\/\\\/woodpunk.cz\\\/\",\"logo\":{\"@type\":\"ImageObject\",\"inLanguage\":\"en-US\",\"@id\":\"https:\\\/\\\/woodpunk.cz\\\/#\\\/schema\\\/logo\\\/image\\\/\",\"url\":\"https:\\\/\\\/woodpunk.cz\\\/wp-content\\\/uploads\\\/2024\\\/04\\\/woodpunk_logo_260x213_f1f1f1ff.png\",\"contentUrl\":\"https:\\\/\\\/woodpunk.cz\\\/wp-content\\\/uploads\\\/2024\\\/04\\\/woodpunk_logo_260x213_f1f1f1ff.png\",\"width\":260,\"height\":213,\"caption\":\"WOOD PUNK\"},\"image\":{\"@id\":\"https:\\\/\\\/woodpunk.cz\\\/#\\\/schema\\\/logo\\\/image\\\/\"},\"sameAs\":[\"https:\\\/\\\/www.facebook.com\\\/JL.WoodPunk\",\"https:\\\/\\\/www.instagram.com\\\/jlwoodpunk\\\/\",\"https:\\\/\\\/www.youtube.com\\\/channel\\\/UCbpihje-owPtI1dpoNOqkyA\"]}]}<\/script>\n<!-- \/ Yoast SEO plugin. -->","yoast_head_json":{"title":"\u010carokr\u00e1sn\u00e1 v\u00e1za z jablo\u0148ov\u00e9ho d\u0159eva | WOOD PUNK","description":"\u010carokr\u00e1sn\u00e1 v\u00e1za z jablo\u0148ov\u00e9ho d\u0159eva s n\u00e1dhernou divokou kresbou. V\u00e1zu je mo\u017en\u00e9 pou\u017e\u00edt i na \u010derstv\u00e9 \u0159ezan\u00e9 kv\u011btiny po dokoupen\u00ed vodot\u011bsn\u00e9 vlo\u017eky.","robots":{"index":"index","follow":"follow","max-snippet":"max-snippet:-1","max-image-preview":"max-image-preview:large","max-video-preview":"max-video-preview:-1"},"canonical":"https:\/\/woodpunk.cz\/en\/product\/jablonova-vaza-22x9-12-cm\/","og_locale":"en_US","og_type":"article","og_title":"\u010carokr\u00e1sn\u00e1 v\u00e1za z jablo\u0148ov\u00e9ho d\u0159eva | WOOD PUNK","og_description":"\u010carokr\u00e1sn\u00e1 v\u00e1za z jablo\u0148ov\u00e9ho d\u0159eva s n\u00e1dhernou divokou kresbou. V\u00e1zu je mo\u017en\u00e9 pou\u017e\u00edt i na \u010derstv\u00e9 \u0159ezan\u00e9 kv\u011btiny po dokoupen\u00ed vodot\u011bsn\u00e9 vlo\u017eky.","og_url":"https:\/\/woodpunk.cz\/en\/product\/jablonova-vaza-22x9-12-cm\/","og_site_name":"WOOD PUNK","article_publisher":"https:\/\/www.facebook.com\/JL.WoodPunk","article_modified_time":"2025-08-30T15:48:48+00:00","og_image":[{"width":960,"height":960,"url":"https:\/\/woodpunk.cz\/wp-content\/uploads\/2024\/03\/jablonova-vaza-22x9-12-cm.jpg","type":"image\/jpeg"}],"twitter_card":"summary_large_image","twitter_misc":{"Est. reading time":"1 minute"},"schema":{"@context":"https:\/\/schema.org","@graph":[{"@type":"WebPage","@id":"https:\/\/woodpunk.cz\/produkt\/jablonova-vaza-22x9-12-cm\/","url":"https:\/\/woodpunk.cz\/produkt\/jablonova-vaza-22x9-12-cm\/","name":"\u010carokr\u00e1sn\u00e1 v\u00e1za z jablo\u0148ov\u00e9ho d\u0159eva | WOOD PUNK","isPartOf":{"@id":"https:\/\/woodpunk.cz\/#website"},"primaryImageOfPage":{"@id":"https:\/\/woodpunk.cz\/produkt\/jablonova-vaza-22x9-12-cm\/#primaryimage"},"image":{"@id":"https:\/\/woodpunk.cz\/produkt\/jablonova-vaza-22x9-12-cm\/#primaryimage"},"thumbnailUrl":"https:\/\/woodpunk.cz\/wp-content\/uploads\/2024\/03\/jablonova-vaza-22x9-12-cm.jpg","datePublished":"2024-03-29T19:09:37+00:00","dateModified":"2025-08-30T15:48:48+00:00","description":"\u010carokr\u00e1sn\u00e1 v\u00e1za z jablo\u0148ov\u00e9ho d\u0159eva s n\u00e1dhernou divokou kresbou. V\u00e1zu je mo\u017en\u00e9 pou\u017e\u00edt i na \u010derstv\u00e9 \u0159ezan\u00e9 kv\u011btiny po dokoupen\u00ed vodot\u011bsn\u00e9 vlo\u017eky.","breadcrumb":{"@id":"https:\/\/woodpunk.cz\/produkt\/jablonova-vaza-22x9-12-cm\/#breadcrumb"},"inLanguage":"en-US","potentialAction":[{"@type":"ReadAction","target":["https:\/\/woodpunk.cz\/produkt\/jablonova-vaza-22x9-12-cm\/"]}]},{"@type":"ImageObject","inLanguage":"en-US","@id":"https:\/\/woodpunk.cz\/produkt\/jablonova-vaza-22x9-12-cm\/#primaryimage","url":"https:\/\/woodpunk.cz\/wp-content\/uploads\/2024\/03\/jablonova-vaza-22x9-12-cm.jpg","contentUrl":"https:\/\/woodpunk.cz\/wp-content\/uploads\/2024\/03\/jablonova-vaza-22x9-12-cm.jpg","width":960,"height":960,"caption":"jablonova-vaza-22x9-12-cm"},{"@type":"BreadcrumbList","@id":"https:\/\/woodpunk.cz\/produkt\/jablonova-vaza-22x9-12-cm\/#breadcrumb","itemListElement":[{"@type":"ListItem","position":1,"name":"Dom\u016f","item":"https:\/\/woodpunk.cz\/"},{"@type":"ListItem","position":2,"name":"Obchod s d\u0159ev\u011bn\u00fdmi miskami a v\u00fdrobky z masivn\u00edho d\u0159eva","item":"https:\/\/woodpunk.cz\/drevene-misky-a-vyrobky-ze-dreva\/"},{"@type":"ListItem","position":3,"name":"Jablo\u0148ov\u00e1 v\u00e1za (23&#215;11 cm)"}]},{"@type":"WebSite","@id":"https:\/\/woodpunk.cz\/#website","url":"https:\/\/woodpunk.cz\/","name":"WOOD PUNK","description":"","publisher":{"@id":"https:\/\/woodpunk.cz\/#organization"},"alternateName":"\u0158emesln\u00e1 v\u00fdroba a prodej d\u0159ev\u011bn\u00fdch misek, v\u00e1z, kv\u011btn\u00edk\u016f a dal\u0161\u00edch d\u0159ev\u011bn\u00fdch nejenom soustru\u017een\u00fdch v\u00fdrobk\u016f.","potentialAction":[{"@type":"SearchAction","target":{"@type":"EntryPoint","urlTemplate":"https:\/\/woodpunk.cz\/?s={search_term_string}"},"query-input":{"@type":"PropertyValueSpecification","valueRequired":true,"valueName":"search_term_string"}}],"inLanguage":"en-US"},{"@type":"Organization","@id":"https:\/\/woodpunk.cz\/#organization","name":"WOOD PUNK","alternateName":"\u0158emesln\u00e1 v\u00fdroba d\u0159ev\u011bn\u00fdch misek, v\u00e1z, kv\u011btn\u00edk\u016f a dal\u0161\u00edch d\u0159ev\u011bn\u00fdch nejenom soustru\u017een\u00fdch v\u00fdrobk\u016f.","url":"https:\/\/woodpunk.cz\/","logo":{"@type":"ImageObject","inLanguage":"en-US","@id":"https:\/\/woodpunk.cz\/#\/schema\/logo\/image\/","url":"https:\/\/woodpunk.cz\/wp-content\/uploads\/2024\/04\/woodpunk_logo_260x213_f1f1f1ff.png","contentUrl":"https:\/\/woodpunk.cz\/wp-content\/uploads\/2024\/04\/woodpunk_logo_260x213_f1f1f1ff.png","width":260,"height":213,"caption":"WOOD PUNK"},"image":{"@id":"https:\/\/woodpunk.cz\/#\/schema\/logo\/image\/"},"sameAs":["https:\/\/www.facebook.com\/JL.WoodPunk","https:\/\/www.instagram.com\/jlwoodpunk\/","https:\/\/www.youtube.com\/channel\/UCbpihje-owPtI1dpoNOqkyA"]}]}},"_links":{"self":[{"href":"https:\/\/woodpunk.cz\/en\/wp-json\/wp\/v2\/product\/3590","targetHints":{"allow":["GET"]}}],"collection":[{"href":"https:\/\/woodpunk.cz\/en\/wp-json\/wp\/v2\/product"}],"about":[{"href":"https:\/\/woodpunk.cz\/en\/wp-json\/wp\/v2\/types\/product"}],"wp:featuredmedia":[{"embeddable":true,"href":"https:\/\/woodpunk.cz\/en\/wp-json\/wp\/v2\/media\/5522"}],"wp:attachment":[{"href":"https:\/\/woodpunk.cz\/en\/wp-json\/wp\/v2\/media?parent=3590"}],"wp:term":[{"taxonomy":"product_brand","embeddable":true,"href":"https:\/\/woodpunk.cz\/en\/wp-json\/wp\/v2\/product_brand?post=3590"},{"taxonomy":"product_cat","embeddable":true,"href":"https:\/\/woodpunk.cz\/en\/wp-json\/wp\/v2\/product_cat?post=3590"},{"taxonomy":"product_tag","embeddable":true,"href":"https:\/\/woodpunk.cz\/en\/wp-json\/wp\/v2\/product_tag?post=3590"}],"curies":[{"name":"wp","href":"https:\/\/api.w.org\/{rel}","templated":true}]}}