{"id":3584,"date":"2024-03-27T21:16:22","date_gmt":"2024-03-27T20:16:22","guid":{"rendered":"https:\/\/woodpunk.cz\/jasanova-vaza-28x12-cm-hloub\/"},"modified":"2025-05-30T12:30:18","modified_gmt":"2025-05-30T10:30:18","slug":"jasanova-vaza-28x12-cm","status":"publish","type":"product","link":"https:\/\/woodpunk.cz\/en\/product\/jasanova-vaza-28x12-cm\/","title":{"rendered":"Jasanov\u00e1 v\u00e1za (28&#215;12 cm)"},"content":{"rendered":"<p>Velk\u00e1 tenkost\u011bnn\u00e1 v\u00e1za z jasanov\u00e9ho d\u0159eva s divokou kresbou zv\u00fdrazn\u011bnou hn\u011bd\u00fdm p\u0159\u00edrodn\u00edm pigmentem. V\u00e1za je p\u0159ipravena k pou\u017eit\u00ed na such\u00e9 kv\u011btiny. V\u00e1zu je mo\u017en\u00e9 pou\u017e\u00edt i na \u010derstv\u00e9 \u0159ezan\u00e9 kv\u011btiny, ale je nutn\u00e9 do n\u00ed zakoupit vod\u011bodolnou sklen\u011bnou nebo plastovou vlo\u017eku.<\/p>\n<div>\n<hr \/>\n<p>Povrchov\u00e1 \u00faprava:\u00a0<a href=\"https:\/\/woodpunk.cz\/ludvies-oil\/\">Ludvie\u2019s Oil<\/a> Pure.<\/p>\n<\/div>","protected":false},"excerpt":{"rendered":"<p>Velk\u00e1 tenkost\u011bnn\u00e1 v\u00e1za z jasanov\u00e9ho d\u0159eva s divokou kresbou zv\u00fdrazn\u011bnou hn\u011bd\u00fdm p\u0159\u00edrodn\u00edm pigmentem. V\u00e1za je p\u0159ipravena k pou\u017eit\u00ed na such\u00e9 kv\u011btiny. V\u00e1zu je mo\u017en\u00e9 pou\u017e\u00edt i na \u010derstv\u00e9 \u0159ezan\u00e9 kv\u011btiny, ale je nutn\u00e9 do n\u00ed zakoupit vod\u011bodolnou sklen\u011bnou nebo plastovou vlo\u017eku. Povrchov\u00e1 \u00faprava:\u00a0Ludvie\u2019s Oil Pure.<\/p>","protected":false},"featured_media":5518,"template":"","meta":{"_editorskit_title_hidden":false,"_editorskit_reading_time":0,"_editorskit_is_block_options_detached":false,"_editorskit_block_options_position":"{}"},"product_brand":[394],"product_cat":[370],"product_tag":[],"class_list":{"0":"post-3584","1":"product","2":"type-product","3":"status-publish","4":"has-post-thumbnail","6":"product_brand-wood-punk","7":"product_cat-drevene-vazy","8":"pa_material-jasanove-drevo","9":"pa_povrchova-uprava-ludvies-oil-dark","11":"entry","12":"has-media","14":"first","15":"instock","16":"shipping-taxable","17":"purchasable","18":"product-type-simple","19":"col","20":"span_1_of_5","21":"owp-content-center","22":"owp-thumbs-layout-horizontal","23":"owp-btn-normal","24":"owp-tabs-layout-horizontal"},"yoast_head":"<!-- This site is optimized with the Yoast SEO plugin v27.4 - https:\/\/yoast.com\/product\/yoast-seo-wordpress\/ -->\n<title>Velk\u00e1 v\u00e1za z jasanov\u00e9ho d\u0159eva | WOOD PUNK<\/title>\n<meta name=\"description\" content=\"Velk\u00e1 tenkost\u011bnn\u00e1 v\u00e1za z jasanov\u00e9ho d\u0159eva divokou kresbou. V\u00e1zu je mo\u017en\u00e9 pou\u017e\u00edt i na \u010derstv\u00e9 \u0159ezan\u00e9 kv\u011btiny po pou\u017eit\u00ed vod\u011bodoln\u00e9 vlo\u017eky.\" \/>\n<meta name=\"robots\" content=\"index, follow, max-snippet:-1, max-image-preview:large, max-video-preview:-1\" \/>\n<link rel=\"canonical\" href=\"https:\/\/woodpunk.cz\/en\/product\/jasanova-vaza-28x12-cm\/\" \/>\n<meta property=\"og:locale\" content=\"en_US\" \/>\n<meta property=\"og:type\" content=\"article\" \/>\n<meta property=\"og:title\" content=\"Velk\u00e1 v\u00e1za z jasanov\u00e9ho d\u0159eva | WOOD PUNK\" \/>\n<meta property=\"og:description\" content=\"Velk\u00e1 tenkost\u011bnn\u00e1 v\u00e1za z jasanov\u00e9ho d\u0159eva divokou kresbou. V\u00e1zu je mo\u017en\u00e9 pou\u017e\u00edt i na \u010derstv\u00e9 \u0159ezan\u00e9 kv\u011btiny po pou\u017eit\u00ed vod\u011bodoln\u00e9 vlo\u017eky.\" \/>\n<meta property=\"og:url\" content=\"https:\/\/woodpunk.cz\/en\/product\/jasanova-vaza-28x12-cm\/\" \/>\n<meta property=\"og:site_name\" content=\"WOOD PUNK\" \/>\n<meta property=\"article:publisher\" content=\"https:\/\/www.facebook.com\/JL.WoodPunk\" \/>\n<meta property=\"article:modified_time\" content=\"2025-05-30T10:30:18+00:00\" \/>\n<meta property=\"og:image\" content=\"https:\/\/woodpunk.cz\/wp-content\/uploads\/2024\/03\/jasanova-vaza-28x12-cm-1.jpg\" \/>\n\t<meta property=\"og:image:width\" content=\"1024\" \/>\n\t<meta property=\"og:image:height\" content=\"1024\" \/>\n\t<meta property=\"og:image:type\" content=\"image\/jpeg\" \/>\n<meta name=\"twitter:card\" content=\"summary_large_image\" \/>\n<meta name=\"twitter:label1\" content=\"Est. reading time\" \/>\n\t<meta name=\"twitter:data1\" content=\"1 minute\" \/>\n<script type=\"application\/ld+json\" class=\"yoast-schema-graph\">{\"@context\":\"https:\\\/\\\/schema.org\",\"@graph\":[{\"@type\":\"WebPage\",\"@id\":\"https:\\\/\\\/woodpunk.cz\\\/produkt\\\/jasanova-vaza-28x12-cm\\\/\",\"url\":\"https:\\\/\\\/woodpunk.cz\\\/produkt\\\/jasanova-vaza-28x12-cm\\\/\",\"name\":\"Velk\u00e1 v\u00e1za z jasanov\u00e9ho d\u0159eva | WOOD PUNK\",\"isPartOf\":{\"@id\":\"https:\\\/\\\/woodpunk.cz\\\/#website\"},\"primaryImageOfPage\":{\"@id\":\"https:\\\/\\\/woodpunk.cz\\\/produkt\\\/jasanova-vaza-28x12-cm\\\/#primaryimage\"},\"image\":{\"@id\":\"https:\\\/\\\/woodpunk.cz\\\/produkt\\\/jasanova-vaza-28x12-cm\\\/#primaryimage\"},\"thumbnailUrl\":\"https:\\\/\\\/woodpunk.cz\\\/wp-content\\\/uploads\\\/2024\\\/03\\\/jasanova-vaza-28x12-cm-1.jpg\",\"datePublished\":\"2024-03-27T20:16:22+00:00\",\"dateModified\":\"2025-05-30T10:30:18+00:00\",\"description\":\"Velk\u00e1 tenkost\u011bnn\u00e1 v\u00e1za z jasanov\u00e9ho d\u0159eva divokou kresbou. V\u00e1zu je mo\u017en\u00e9 pou\u017e\u00edt i na \u010derstv\u00e9 \u0159ezan\u00e9 kv\u011btiny po pou\u017eit\u00ed vod\u011bodoln\u00e9 vlo\u017eky.\",\"breadcrumb\":{\"@id\":\"https:\\\/\\\/woodpunk.cz\\\/produkt\\\/jasanova-vaza-28x12-cm\\\/#breadcrumb\"},\"inLanguage\":\"en-US\",\"potentialAction\":[{\"@type\":\"ReadAction\",\"target\":[\"https:\\\/\\\/woodpunk.cz\\\/produkt\\\/jasanova-vaza-28x12-cm\\\/\"]}]},{\"@type\":\"ImageObject\",\"inLanguage\":\"en-US\",\"@id\":\"https:\\\/\\\/woodpunk.cz\\\/produkt\\\/jasanova-vaza-28x12-cm\\\/#primaryimage\",\"url\":\"https:\\\/\\\/woodpunk.cz\\\/wp-content\\\/uploads\\\/2024\\\/03\\\/jasanova-vaza-28x12-cm-1.jpg\",\"contentUrl\":\"https:\\\/\\\/woodpunk.cz\\\/wp-content\\\/uploads\\\/2024\\\/03\\\/jasanova-vaza-28x12-cm-1.jpg\",\"width\":1024,\"height\":1024,\"caption\":\"Velk\u00e1 tenkost\u011bnn\u00e1 v\u00e1za z jasanov\u00e9ho d\u0159eva s divokou kresbou zv\u00fdrazn\u011bnou hn\u011bd\u00fdm p\u0159\u00edrodn\u00edm pigmentem.\"},{\"@type\":\"BreadcrumbList\",\"@id\":\"https:\\\/\\\/woodpunk.cz\\\/produkt\\\/jasanova-vaza-28x12-cm\\\/#breadcrumb\",\"itemListElement\":[{\"@type\":\"ListItem\",\"position\":1,\"name\":\"Dom\u016f\",\"item\":\"https:\\\/\\\/woodpunk.cz\\\/\"},{\"@type\":\"ListItem\",\"position\":2,\"name\":\"Obchod s d\u0159ev\u011bn\u00fdmi miskami a v\u00fdrobky z masivn\u00edho d\u0159eva\",\"item\":\"https:\\\/\\\/woodpunk.cz\\\/drevene-misky-a-vyrobky-ze-dreva\\\/\"},{\"@type\":\"ListItem\",\"position\":3,\"name\":\"Jasanov\u00e1 v\u00e1za (28&#215;12 cm)\"}]},{\"@type\":\"WebSite\",\"@id\":\"https:\\\/\\\/woodpunk.cz\\\/#website\",\"url\":\"https:\\\/\\\/woodpunk.cz\\\/\",\"name\":\"WOOD PUNK\",\"description\":\"\",\"publisher\":{\"@id\":\"https:\\\/\\\/woodpunk.cz\\\/#organization\"},\"alternateName\":\"\u0158emesln\u00e1 v\u00fdroba a prodej d\u0159ev\u011bn\u00fdch misek, v\u00e1z, kv\u011btn\u00edk\u016f a dal\u0161\u00edch d\u0159ev\u011bn\u00fdch nejenom soustru\u017een\u00fdch v\u00fdrobk\u016f.\",\"potentialAction\":[{\"@type\":\"SearchAction\",\"target\":{\"@type\":\"EntryPoint\",\"urlTemplate\":\"https:\\\/\\\/woodpunk.cz\\\/?s={search_term_string}\"},\"query-input\":{\"@type\":\"PropertyValueSpecification\",\"valueRequired\":true,\"valueName\":\"search_term_string\"}}],\"inLanguage\":\"en-US\"},{\"@type\":\"Organization\",\"@id\":\"https:\\\/\\\/woodpunk.cz\\\/#organization\",\"name\":\"WOOD PUNK\",\"alternateName\":\"\u0158emesln\u00e1 v\u00fdroba d\u0159ev\u011bn\u00fdch misek, v\u00e1z, kv\u011btn\u00edk\u016f a dal\u0161\u00edch d\u0159ev\u011bn\u00fdch nejenom soustru\u017een\u00fdch v\u00fdrobk\u016f.\",\"url\":\"https:\\\/\\\/woodpunk.cz\\\/\",\"logo\":{\"@type\":\"ImageObject\",\"inLanguage\":\"en-US\",\"@id\":\"https:\\\/\\\/woodpunk.cz\\\/#\\\/schema\\\/logo\\\/image\\\/\",\"url\":\"https:\\\/\\\/woodpunk.cz\\\/wp-content\\\/uploads\\\/2024\\\/04\\\/woodpunk_logo_260x213_f1f1f1ff.png\",\"contentUrl\":\"https:\\\/\\\/woodpunk.cz\\\/wp-content\\\/uploads\\\/2024\\\/04\\\/woodpunk_logo_260x213_f1f1f1ff.png\",\"width\":260,\"height\":213,\"caption\":\"WOOD PUNK\"},\"image\":{\"@id\":\"https:\\\/\\\/woodpunk.cz\\\/#\\\/schema\\\/logo\\\/image\\\/\"},\"sameAs\":[\"https:\\\/\\\/www.facebook.com\\\/JL.WoodPunk\",\"https:\\\/\\\/www.instagram.com\\\/jlwoodpunk\\\/\",\"https:\\\/\\\/www.youtube.com\\\/channel\\\/UCbpihje-owPtI1dpoNOqkyA\"]}]}<\/script>\n<!-- \/ Yoast SEO plugin. -->","yoast_head_json":{"title":"Velk\u00e1 v\u00e1za z jasanov\u00e9ho d\u0159eva | WOOD PUNK","description":"Velk\u00e1 tenkost\u011bnn\u00e1 v\u00e1za z jasanov\u00e9ho d\u0159eva divokou kresbou. V\u00e1zu je mo\u017en\u00e9 pou\u017e\u00edt i na \u010derstv\u00e9 \u0159ezan\u00e9 kv\u011btiny po pou\u017eit\u00ed vod\u011bodoln\u00e9 vlo\u017eky.","robots":{"index":"index","follow":"follow","max-snippet":"max-snippet:-1","max-image-preview":"max-image-preview:large","max-video-preview":"max-video-preview:-1"},"canonical":"https:\/\/woodpunk.cz\/en\/product\/jasanova-vaza-28x12-cm\/","og_locale":"en_US","og_type":"article","og_title":"Velk\u00e1 v\u00e1za z jasanov\u00e9ho d\u0159eva | WOOD PUNK","og_description":"Velk\u00e1 tenkost\u011bnn\u00e1 v\u00e1za z jasanov\u00e9ho d\u0159eva divokou kresbou. V\u00e1zu je mo\u017en\u00e9 pou\u017e\u00edt i na \u010derstv\u00e9 \u0159ezan\u00e9 kv\u011btiny po pou\u017eit\u00ed vod\u011bodoln\u00e9 vlo\u017eky.","og_url":"https:\/\/woodpunk.cz\/en\/product\/jasanova-vaza-28x12-cm\/","og_site_name":"WOOD PUNK","article_publisher":"https:\/\/www.facebook.com\/JL.WoodPunk","article_modified_time":"2025-05-30T10:30:18+00:00","og_image":[{"width":1024,"height":1024,"url":"https:\/\/woodpunk.cz\/wp-content\/uploads\/2024\/03\/jasanova-vaza-28x12-cm-1.jpg","type":"image\/jpeg"}],"twitter_card":"summary_large_image","twitter_misc":{"Est. reading time":"1 minute"},"schema":{"@context":"https:\/\/schema.org","@graph":[{"@type":"WebPage","@id":"https:\/\/woodpunk.cz\/produkt\/jasanova-vaza-28x12-cm\/","url":"https:\/\/woodpunk.cz\/produkt\/jasanova-vaza-28x12-cm\/","name":"Velk\u00e1 v\u00e1za z jasanov\u00e9ho d\u0159eva | WOOD PUNK","isPartOf":{"@id":"https:\/\/woodpunk.cz\/#website"},"primaryImageOfPage":{"@id":"https:\/\/woodpunk.cz\/produkt\/jasanova-vaza-28x12-cm\/#primaryimage"},"image":{"@id":"https:\/\/woodpunk.cz\/produkt\/jasanova-vaza-28x12-cm\/#primaryimage"},"thumbnailUrl":"https:\/\/woodpunk.cz\/wp-content\/uploads\/2024\/03\/jasanova-vaza-28x12-cm-1.jpg","datePublished":"2024-03-27T20:16:22+00:00","dateModified":"2025-05-30T10:30:18+00:00","description":"Velk\u00e1 tenkost\u011bnn\u00e1 v\u00e1za z jasanov\u00e9ho d\u0159eva divokou kresbou. V\u00e1zu je mo\u017en\u00e9 pou\u017e\u00edt i na \u010derstv\u00e9 \u0159ezan\u00e9 kv\u011btiny po pou\u017eit\u00ed vod\u011bodoln\u00e9 vlo\u017eky.","breadcrumb":{"@id":"https:\/\/woodpunk.cz\/produkt\/jasanova-vaza-28x12-cm\/#breadcrumb"},"inLanguage":"en-US","potentialAction":[{"@type":"ReadAction","target":["https:\/\/woodpunk.cz\/produkt\/jasanova-vaza-28x12-cm\/"]}]},{"@type":"ImageObject","inLanguage":"en-US","@id":"https:\/\/woodpunk.cz\/produkt\/jasanova-vaza-28x12-cm\/#primaryimage","url":"https:\/\/woodpunk.cz\/wp-content\/uploads\/2024\/03\/jasanova-vaza-28x12-cm-1.jpg","contentUrl":"https:\/\/woodpunk.cz\/wp-content\/uploads\/2024\/03\/jasanova-vaza-28x12-cm-1.jpg","width":1024,"height":1024,"caption":"Velk\u00e1 tenkost\u011bnn\u00e1 v\u00e1za z jasanov\u00e9ho d\u0159eva s divokou kresbou zv\u00fdrazn\u011bnou hn\u011bd\u00fdm p\u0159\u00edrodn\u00edm pigmentem."},{"@type":"BreadcrumbList","@id":"https:\/\/woodpunk.cz\/produkt\/jasanova-vaza-28x12-cm\/#breadcrumb","itemListElement":[{"@type":"ListItem","position":1,"name":"Dom\u016f","item":"https:\/\/woodpunk.cz\/"},{"@type":"ListItem","position":2,"name":"Obchod s d\u0159ev\u011bn\u00fdmi miskami a v\u00fdrobky z masivn\u00edho d\u0159eva","item":"https:\/\/woodpunk.cz\/drevene-misky-a-vyrobky-ze-dreva\/"},{"@type":"ListItem","position":3,"name":"Jasanov\u00e1 v\u00e1za (28&#215;12 cm)"}]},{"@type":"WebSite","@id":"https:\/\/woodpunk.cz\/#website","url":"https:\/\/woodpunk.cz\/","name":"WOOD PUNK","description":"","publisher":{"@id":"https:\/\/woodpunk.cz\/#organization"},"alternateName":"\u0158emesln\u00e1 v\u00fdroba a prodej d\u0159ev\u011bn\u00fdch misek, v\u00e1z, kv\u011btn\u00edk\u016f a dal\u0161\u00edch d\u0159ev\u011bn\u00fdch nejenom soustru\u017een\u00fdch v\u00fdrobk\u016f.","potentialAction":[{"@type":"SearchAction","target":{"@type":"EntryPoint","urlTemplate":"https:\/\/woodpunk.cz\/?s={search_term_string}"},"query-input":{"@type":"PropertyValueSpecification","valueRequired":true,"valueName":"search_term_string"}}],"inLanguage":"en-US"},{"@type":"Organization","@id":"https:\/\/woodpunk.cz\/#organization","name":"WOOD PUNK","alternateName":"\u0158emesln\u00e1 v\u00fdroba d\u0159ev\u011bn\u00fdch misek, v\u00e1z, kv\u011btn\u00edk\u016f a dal\u0161\u00edch d\u0159ev\u011bn\u00fdch nejenom soustru\u017een\u00fdch v\u00fdrobk\u016f.","url":"https:\/\/woodpunk.cz\/","logo":{"@type":"ImageObject","inLanguage":"en-US","@id":"https:\/\/woodpunk.cz\/#\/schema\/logo\/image\/","url":"https:\/\/woodpunk.cz\/wp-content\/uploads\/2024\/04\/woodpunk_logo_260x213_f1f1f1ff.png","contentUrl":"https:\/\/woodpunk.cz\/wp-content\/uploads\/2024\/04\/woodpunk_logo_260x213_f1f1f1ff.png","width":260,"height":213,"caption":"WOOD PUNK"},"image":{"@id":"https:\/\/woodpunk.cz\/#\/schema\/logo\/image\/"},"sameAs":["https:\/\/www.facebook.com\/JL.WoodPunk","https:\/\/www.instagram.com\/jlwoodpunk\/","https:\/\/www.youtube.com\/channel\/UCbpihje-owPtI1dpoNOqkyA"]}]}},"_links":{"self":[{"href":"https:\/\/woodpunk.cz\/en\/wp-json\/wp\/v2\/product\/3584","targetHints":{"allow":["GET"]}}],"collection":[{"href":"https:\/\/woodpunk.cz\/en\/wp-json\/wp\/v2\/product"}],"about":[{"href":"https:\/\/woodpunk.cz\/en\/wp-json\/wp\/v2\/types\/product"}],"wp:featuredmedia":[{"embeddable":true,"href":"https:\/\/woodpunk.cz\/en\/wp-json\/wp\/v2\/media\/5518"}],"wp:attachment":[{"href":"https:\/\/woodpunk.cz\/en\/wp-json\/wp\/v2\/media?parent=3584"}],"wp:term":[{"taxonomy":"product_brand","embeddable":true,"href":"https:\/\/woodpunk.cz\/en\/wp-json\/wp\/v2\/product_brand?post=3584"},{"taxonomy":"product_cat","embeddable":true,"href":"https:\/\/woodpunk.cz\/en\/wp-json\/wp\/v2\/product_cat?post=3584"},{"taxonomy":"product_tag","embeddable":true,"href":"https:\/\/woodpunk.cz\/en\/wp-json\/wp\/v2\/product_tag?post=3584"}],"curies":[{"name":"wp","href":"https:\/\/api.w.org\/{rel}","templated":true}]}}