{"id":2149,"date":"2024-02-16T20:10:33","date_gmt":"2024-02-16T19:10:33","guid":{"rendered":"https:\/\/www.woodpunk.cz\/?p=2149"},"modified":"2025-05-30T12:30:56","modified_gmt":"2025-05-30T10:30:56","slug":"jasanova-misa-29x13-cm","status":"publish","type":"product","link":"https:\/\/woodpunk.cz\/en\/product\/jasanova-misa-29x13-cm\/","title":{"rendered":"Jasanov\u00e1 m\u00edsa (29&#215;13 cm)"},"content":{"rendered":"<p>[ad_1]<\/p>\n<div>\n<p>&nbsp;<\/p>\n<p><a class=\"_5ayv _qdx\" href=\"https:\/\/facebook.com\/hashtag\/woodpunk?_ft_=encrypted_tracking_data.0AY9-yuZZXZCtYguaxc1ZIxL4mld6XQZvEWOvMZ_P16ZNdR-eEeUhLupC5EMe7JzPGY5q46Dv1aBATnxKpeUOob5Kkr42JLyeLDRcL_nXA2VVA---1y9pASHLeVnpaIi1NbYb_bwiKbS7FUtpUZJoyB-O7Rf4aSICxbMTkV31XJK3EuxGgdyDv88D3BhuEwn7S7LSxFRWLrijXFZuTNbwKcBdzGLvacebmm4oUniS6Zb1lGMic91NpsP8c5elityZKfjLTJwxVq9w9Nkmi6TAkx4UEnXslRoDvZVJ14CqhqpIMjKuNyGsboUowhHYr1P6IUb_oJv92-WC21URK10zUIzswFxJac8NuRH8tWpkGiYdq7AkdCZxx6uWSz_y03FjARKyv8-b8mIMkP6N02qe8Lg8Out1LvG7Yiw6XO3b1Ihaxps7mDTRU4Iqk37hKXUDwI4lmpaR8n0vqcL9APSRRYD2mFWEuMfTN9jk_t13yr-cyu28oREuWfa9YZeceU-bFY55LqV8pOmM6sjgr0ebRA7YeDxnTF_5rq8KxNbNOJ7pWbg4__htvLmrydr1ihdZfRbgMYqEz-lyHRvyO2wqpcFnKfZrjri5Wv46y_zxT9n0GXk38TNwNc77MwMbI-7nzK-4Izr-YbrHbplLfGeBUCsIw5rOCD74X9GOEeo32XbiuCZuyt9fBh1MLPeK-tW1wTNXaAIAzpc9Q0KPGK7O9B0PHAjqAkOIN8MUBPsi48nw-IkvRPQGiZNdQNotp9zD-P0ZxmUEh_3HG44sDZoxX4V4X4VRw3YMt0p6KW3526Mzrd8AfPygVIyVlTJYHysQMcSUHc3fowEmZBCh4OdKcxjYTYEpkRwNTPY7Wokd1iY-EQZgvrDND5Skg79EwAY3SEMpJmTtos_3DQ6p2_NZxAsRy0u0St16FlfLld7gxH0G2bmGE3DFgXOn4EwWDeTQlGbgrt0tSav_p7I7AsA7AczuIu6_fxT4Yseg-j2KgKTWeTjeZYtckSKhFe7TJHh36mG_9ThgzE2w5S05muON0UUKbWXQQ-QK8fkmCM-VCyCoCt3sNQzrbDpr3VSK0o312VIxeJ-8yGMCdF_P5-eUJriC4dDLrbeU6TINaDnnpes3WGousDU5_oIrHvRiqZBjwbxHOfSQfwEAohuQuSlFTJhJ1GJcDMGLdUsSmB3KUNNSMv3V0Fvoh66N1KEDLfbOBxcsJfJ7NKN6sxjRH5cXYe0Ts7lO_eWFvh3pooacy76JAxZRtBUY5KdKSpnzR_n1mqo2PWv8BWy9C_zwBKFlhm0kSPVgWXphATl6HJ9hGUVGi8Vo3fnREhF_osALSt2gVfFOIlCSp2--VZ6YReFaKtNSjE-0Itw62y-AChVej32wMGVIMmBdY6HsVgBszCBHXAdId09XDmn3vdvUyitqMaHF233SbA0rFRQrEneGXwFAVqQPgmjIb2tHGFcYkRIKYTJw-w-5bOYZkQ1a8IYcktvMTocXpPgj4AQeRurxkpt73hD2OsCc2L93u9eT7tSTicDHB5s0qHQXqC1Aoym3lqwp3ziRjmwuqXWpl_MYiM-AeZ8yiDp7i_Bc2jrCBTJyTpaFm_SGkmaex6YmpoAVjUTj&amp;__tn__=%2As-R&amp;paipv=0&amp;eav=AfYDNoqs70ryv9QveTfuhDXrSi0ziVLPqkfYvn7-Na_G-mVQ519tr1kDO5BHSi8ZkjI\"><span class=\"_5aw4 _qdz\">#WoodPunk<\/span><\/a> <a class=\"_5ayv _qdx\" href=\"https:\/\/facebook.com\/hashtag\/jasan?_ft_=encrypted_tracking_data.0AY9-yuZZXZCtYguaxc1ZIxL4mld6XQZvEWOvMZ_P16ZNdR-eEeUhLupC5EMe7JzPGY5q46Dv1aBATnxKpeUOob5Kkr42JLyeLDRcL_nXA2VVA---1y9pASHLeVnpaIi1NbYb_bwiKbS7FUtpUZJoyB-O7Rf4aSICxbMTkV31XJK3EuxGgdyDv88D3BhuEwn7S7LSxFRWLrijXFZuTNbwKcBdzGLvacebmm4oUniS6Zb1lGMic91NpsP8c5elityZKfjLTJwxVq9w9Nkmi6TAkx4UEnXslRoDvZVJ14CqhqpIMjKuNyGsboUowhHYr1P6IUb_oJv92-WC21URK10zUIzswFxJac8NuRH8tWpkGiYdq7AkdCZxx6uWSz_y03FjARKyv8-b8mIMkP6N02qe8Lg8Out1LvG7Yiw6XO3b1Ihaxps7mDTRU4Iqk37hKXUDwI4lmpaR8n0vqcL9APSRRYD2mFWEuMfTN9jk_t13yr-cyu28oREuWfa9YZeceU-bFY55LqV8pOmM6sjgr0ebRA7YeDxnTF_5rq8KxNbNOJ7pWbg4__htvLmrydr1ihdZfRbgMYqEz-lyHRvyO2wqpcFnKfZrjri5Wv46y_zxT9n0GXk38TNwNc77MwMbI-7nzK-4Izr-YbrHbplLfGeBUCsIw5rOCD74X9GOEeo32XbiuCZuyt9fBh1MLPeK-tW1wTNXaAIAzpc9Q0KPGK7O9B0PHAjqAkOIN8MUBPsi48nw-IkvRPQGiZNdQNotp9zD-P0ZxmUEh_3HG44sDZoxX4V4X4VRw3YMt0p6KW3526Mzrd8AfPygVIyVlTJYHysQMcSUHc3fowEmZBCh4OdKcxjYTYEpkRwNTPY7Wokd1iY-EQZgvrDND5Skg79EwAY3SEMpJmTtos_3DQ6p2_NZxAsRy0u0St16FlfLld7gxH0G2bmGE3DFgXOn4EwWDeTQlGbgrt0tSav_p7I7AsA7AczuIu6_fxT4Yseg-j2KgKTWeTjeZYtckSKhFe7TJHh36mG_9ThgzE2w5S05muON0UUKbWXQQ-QK8fkmCM-VCyCoCt3sNQzrbDpr3VSK0o312VIxeJ-8yGMCdF_P5-eUJriC4dDLrbeU6TINaDnnpes3WGousDU5_oIrHvRiqZBjwbxHOfSQfwEAohuQuSlFTJhJ1GJcDMGLdUsSmB3KUNNSMv3V0Fvoh66N1KEDLfbOBxcsJfJ7NKN6sxjRH5cXYe0Ts7lO_eWFvh3pooacy76JAxZRtBUY5KdKSpnzR_n1mqo2PWv8BWy9C_zwBKFlhm0kSPVgWXphATl6HJ9hGUVGi8Vo3fnREhF_osALSt2gVfFOIlCSp2--VZ6YReFaKtNSjE-0Itw62y-AChVej32wMGVIMmBdY6HsVgBszCBHXAdId09XDmn3vdvUyitqMaHF233SbA0rFRQrEneGXwFAVqQPgmjIb2tHGFcYkRIKYTJw-w-5bOYZkQ1a8IYcktvMTocXpPgj4AQeRurxkpt73hD2OsCc2L93u9eT7tSTicDHB5s0qHQXqC1Aoym3lqwp3ziRjmwuqXWpl_MYiM-AeZ8yiDp7i_Bc2jrCBTJyTpaFm_SGkmaex6YmpoAVjUTj&amp;__tn__=%2As-R&amp;paipv=0&amp;eav=AfYk-pYLcjje6dsi498xBiyNm31mI8huJIn2tQKMGRrJVcidA9ENTBBkyGO1kCDiiiA\"><span class=\"_5aw4 _qdz\">#Jasan<\/span><\/a> <a class=\"_5ayv _qdx\" href=\"https:\/\/facebook.com\/hashtag\/ash?_ft_=encrypted_tracking_data.0AY9-yuZZXZCtYguaxc1ZIxL4mld6XQZvEWOvMZ_P16ZNdR-eEeUhLupC5EMe7JzPGY5q46Dv1aBATnxKpeUOob5Kkr42JLyeLDRcL_nXA2VVA---1y9pASHLeVnpaIi1NbYb_bwiKbS7FUtpUZJoyB-O7Rf4aSICxbMTkV31XJK3EuxGgdyDv88D3BhuEwn7S7LSxFRWLrijXFZuTNbwKcBdzGLvacebmm4oUniS6Zb1lGMic91NpsP8c5elityZKfjLTJwxVq9w9Nkmi6TAkx4UEnXslRoDvZVJ14CqhqpIMjKuNyGsboUowhHYr1P6IUb_oJv92-WC21URK10zUIzswFxJac8NuRH8tWpkGiYdq7AkdCZxx6uWSz_y03FjARKyv8-b8mIMkP6N02qe8Lg8Out1LvG7Yiw6XO3b1Ihaxps7mDTRU4Iqk37hKXUDwI4lmpaR8n0vqcL9APSRRYD2mFWEuMfTN9jk_t13yr-cyu28oREuWfa9YZeceU-bFY55LqV8pOmM6sjgr0ebRA7YeDxnTF_5rq8KxNbNOJ7pWbg4__htvLmrydr1ihdZfRbgMYqEz-lyHRvyO2wqpcFnKfZrjri5Wv46y_zxT9n0GXk38TNwNc77MwMbI-7nzK-4Izr-YbrHbplLfGeBUCsIw5rOCD74X9GOEeo32XbiuCZuyt9fBh1MLPeK-tW1wTNXaAIAzpc9Q0KPGK7O9B0PHAjqAkOIN8MUBPsi48nw-IkvRPQGiZNdQNotp9zD-P0ZxmUEh_3HG44sDZoxX4V4X4VRw3YMt0p6KW3526Mzrd8AfPygVIyVlTJYHysQMcSUHc3fowEmZBCh4OdKcxjYTYEpkRwNTPY7Wokd1iY-EQZgvrDND5Skg79EwAY3SEMpJmTtos_3DQ6p2_NZxAsRy0u0St16FlfLld7gxH0G2bmGE3DFgXOn4EwWDeTQlGbgrt0tSav_p7I7AsA7AczuIu6_fxT4Yseg-j2KgKTWeTjeZYtckSKhFe7TJHh36mG_9ThgzE2w5S05muON0UUKbWXQQ-QK8fkmCM-VCyCoCt3sNQzrbDpr3VSK0o312VIxeJ-8yGMCdF_P5-eUJriC4dDLrbeU6TINaDnnpes3WGousDU5_oIrHvRiqZBjwbxHOfSQfwEAohuQuSlFTJhJ1GJcDMGLdUsSmB3KUNNSMv3V0Fvoh66N1KEDLfbOBxcsJfJ7NKN6sxjRH5cXYe0Ts7lO_eWFvh3pooacy76JAxZRtBUY5KdKSpnzR_n1mqo2PWv8BWy9C_zwBKFlhm0kSPVgWXphATl6HJ9hGUVGi8Vo3fnREhF_osALSt2gVfFOIlCSp2--VZ6YReFaKtNSjE-0Itw62y-AChVej32wMGVIMmBdY6HsVgBszCBHXAdId09XDmn3vdvUyitqMaHF233SbA0rFRQrEneGXwFAVqQPgmjIb2tHGFcYkRIKYTJw-w-5bOYZkQ1a8IYcktvMTocXpPgj4AQeRurxkpt73hD2OsCc2L93u9eT7tSTicDHB5s0qHQXqC1Aoym3lqwp3ziRjmwuqXWpl_MYiM-AeZ8yiDp7i_Bc2jrCBTJyTpaFm_SGkmaex6YmpoAVjUTj&amp;__tn__=%2As-R&amp;paipv=0&amp;eav=AfaZAIueY4dF9s16amvJwS4GbIai_J1bHkLfSA8OZWiXi-pMf4uD3R3zd-s9Jw4LPAY\"><span class=\"_5aw4 _qdz\">#Ash<\/span><\/a> <a class=\"_5ayv _qdx\" href=\"https:\/\/facebook.com\/hashtag\/liveedge?_ft_=encrypted_tracking_data.0AY9-yuZZXZCtYguaxc1ZIxL4mld6XQZvEWOvMZ_P16ZNdR-eEeUhLupC5EMe7JzPGY5q46Dv1aBATnxKpeUOob5Kkr42JLyeLDRcL_nXA2VVA---1y9pASHLeVnpaIi1NbYb_bwiKbS7FUtpUZJoyB-O7Rf4aSICxbMTkV31XJK3EuxGgdyDv88D3BhuEwn7S7LSxFRWLrijXFZuTNbwKcBdzGLvacebmm4oUniS6Zb1lGMic91NpsP8c5elityZKfjLTJwxVq9w9Nkmi6TAkx4UEnXslRoDvZVJ14CqhqpIMjKuNyGsboUowhHYr1P6IUb_oJv92-WC21URK10zUIzswFxJac8NuRH8tWpkGiYdq7AkdCZxx6uWSz_y03FjARKyv8-b8mIMkP6N02qe8Lg8Out1LvG7Yiw6XO3b1Ihaxps7mDTRU4Iqk37hKXUDwI4lmpaR8n0vqcL9APSRRYD2mFWEuMfTN9jk_t13yr-cyu28oREuWfa9YZeceU-bFY55LqV8pOmM6sjgr0ebRA7YeDxnTF_5rq8KxNbNOJ7pWbg4__htvLmrydr1ihdZfRbgMYqEz-lyHRvyO2wqpcFnKfZrjri5Wv46y_zxT9n0GXk38TNwNc77MwMbI-7nzK-4Izr-YbrHbplLfGeBUCsIw5rOCD74X9GOEeo32XbiuCZuyt9fBh1MLPeK-tW1wTNXaAIAzpc9Q0KPGK7O9B0PHAjqAkOIN8MUBPsi48nw-IkvRPQGiZNdQNotp9zD-P0ZxmUEh_3HG44sDZoxX4V4X4VRw3YMt0p6KW3526Mzrd8AfPygVIyVlTJYHysQMcSUHc3fowEmZBCh4OdKcxjYTYEpkRwNTPY7Wokd1iY-EQZgvrDND5Skg79EwAY3SEMpJmTtos_3DQ6p2_NZxAsRy0u0St16FlfLld7gxH0G2bmGE3DFgXOn4EwWDeTQlGbgrt0tSav_p7I7AsA7AczuIu6_fxT4Yseg-j2KgKTWeTjeZYtckSKhFe7TJHh36mG_9ThgzE2w5S05muON0UUKbWXQQ-QK8fkmCM-VCyCoCt3sNQzrbDpr3VSK0o312VIxeJ-8yGMCdF_P5-eUJriC4dDLrbeU6TINaDnnpes3WGousDU5_oIrHvRiqZBjwbxHOfSQfwEAohuQuSlFTJhJ1GJcDMGLdUsSmB3KUNNSMv3V0Fvoh66N1KEDLfbOBxcsJfJ7NKN6sxjRH5cXYe0Ts7lO_eWFvh3pooacy76JAxZRtBUY5KdKSpnzR_n1mqo2PWv8BWy9C_zwBKFlhm0kSPVgWXphATl6HJ9hGUVGi8Vo3fnREhF_osALSt2gVfFOIlCSp2--VZ6YReFaKtNSjE-0Itw62y-AChVej32wMGVIMmBdY6HsVgBszCBHXAdId09XDmn3vdvUyitqMaHF233SbA0rFRQrEneGXwFAVqQPgmjIb2tHGFcYkRIKYTJw-w-5bOYZkQ1a8IYcktvMTocXpPgj4AQeRurxkpt73hD2OsCc2L93u9eT7tSTicDHB5s0qHQXqC1Aoym3lqwp3ziRjmwuqXWpl_MYiM-AeZ8yiDp7i_Bc2jrCBTJyTpaFm_SGkmaex6YmpoAVjUTj&amp;__tn__=%2As-R&amp;paipv=0&amp;eav=AfZdWgcBm8K5uSVIMDoLFz7uZ54l2nCmz3_Z3fZhMpTODC9eVo8sIVYSjNxlsKk8Slc\"><span class=\"_5aw4 _qdz\">#LiveEdge<\/span><\/a><\/p>\n<p>&nbsp;<\/p>\n<\/div>\n<p><a href=\"https:\/\/www.woodpunk.cz\/wp-content\/uploads\/2023\/10\/Jasanova-misa-29x13-cm.jpg\"><img decoding=\"async\" class=\"wp_automatic_fb_img\" title=\"\" src=\"https:\/\/www.woodpunk.cz\/wp-content\/uploads\/2023\/10\/Jasanova-misa-29x13-cm.jpg\" \/><\/a><br \/>\n<a href=\"https:\/\/www.woodpunk.cz\/wp-content\/uploads\/2023\/10\/1696795517_75_Jasanova-misa-29x13-cm.jpg\"><img decoding=\"async\" class=\"wp_automatic_fb_img\" title=\"\" src=\"https:\/\/www.woodpunk.cz\/wp-content\/uploads\/2023\/10\/1696795517_75_Jasanova-misa-29x13-cm.jpg\" \/><\/a><br \/>\n<a href=\"https:\/\/www.woodpunk.cz\/wp-content\/uploads\/2023\/10\/1696795517_749_Jasanova-misa-29x13-cm.jpg\"><img decoding=\"async\" class=\"wp_automatic_fb_img\" title=\"\" src=\"https:\/\/www.woodpunk.cz\/wp-content\/uploads\/2023\/10\/1696795517_749_Jasanova-misa-29x13-cm.jpg\" \/><\/a><br \/>\n<a href=\"https:\/\/www.woodpunk.cz\/wp-content\/uploads\/2023\/10\/1696795517_577_Jasanova-misa-29x13-cm.jpg\"><img decoding=\"async\" class=\"wp_automatic_fb_img\" title=\"\" src=\"https:\/\/www.woodpunk.cz\/wp-content\/uploads\/2023\/10\/1696795517_577_Jasanova-misa-29x13-cm.jpg\" \/><\/a><br \/>\n<a href=\"https:\/\/www.woodpunk.cz\/wp-content\/uploads\/2023\/10\/1696795517_294_Jasanova-misa-29x13-cm.jpg\"><img decoding=\"async\" class=\"wp_automatic_fb_img\" title=\"\" src=\"https:\/\/www.woodpunk.cz\/wp-content\/uploads\/2023\/10\/1696795517_294_Jasanova-misa-29x13-cm.jpg\" \/><\/a><br \/>\n<a href=\"https:\/\/www.woodpunk.cz\/wp-content\/uploads\/2023\/10\/1696795517_904_Jasanova-misa-29x13-cm.jpg\"><img decoding=\"async\" class=\"wp_automatic_fb_img\" title=\"\" src=\"https:\/\/www.woodpunk.cz\/wp-content\/uploads\/2023\/10\/1696795517_904_Jasanova-misa-29x13-cm.jpg\" \/><\/a><br \/>\n[ad_2]<\/p>\n<p><a href=\"https:\/\/www.facebook.com\/100083326702029\/posts\/303041939150027\">Facebook<\/a><\/p>\n","protected":false},"excerpt":{"rendered":"<p>[ad_1] &nbsp; #WoodPunk #Jasan #Ash #LiveEdge &nbsp; [ad_2] Facebook<\/p>\n","protected":false},"featured_media":1376,"template":"","meta":{"_editorskit_title_hidden":false,"_editorskit_reading_time":0,"_editorskit_is_block_options_detached":false,"_editorskit_block_options_position":"{}"},"product_brand":[394],"product_cat":[78],"product_tag":[],"class_list":{"0":"post-2149","1":"product","2":"type-product","3":"status-publish","4":"has-post-thumbnail","6":"product_brand-wood-punk","7":"product_cat-drevene-misky","9":"entry","10":"has-media","12":"first","13":"outofstock","14":"shipping-taxable","15":"purchasable","16":"product-type-simple","17":"col","18":"span_1_of_5","19":"owp-content-center","20":"owp-thumbs-layout-horizontal","21":"owp-btn-normal","22":"owp-tabs-layout-horizontal","23":"has-no-thumbnails"},"yoast_head":"<!-- This site is optimized with the Yoast SEO plugin v27.4 - https:\/\/yoast.com\/product\/yoast-seo-wordpress\/ -->\n<title>Jasanov\u00e1 m\u00edsa (29x13 cm) | WOOD PUNK<\/title>\n<meta name=\"robots\" content=\"index, follow, max-snippet:-1, max-image-preview:large, max-video-preview:-1\" \/>\n<link rel=\"canonical\" href=\"https:\/\/woodpunk.cz\/en\/product\/jasanova-misa-29x13-cm\/\" \/>\n<meta property=\"og:locale\" content=\"en_US\" \/>\n<meta property=\"og:type\" content=\"article\" \/>\n<meta property=\"og:title\" content=\"Jasanov\u00e1 m\u00edsa (29x13 cm) | WOOD PUNK\" \/>\n<meta property=\"og:description\" content=\"[ad_1] &nbsp; #WoodPunk #Jasan #Ash #LiveEdge &nbsp; [ad_2] Facebook\" \/>\n<meta property=\"og:url\" content=\"https:\/\/woodpunk.cz\/en\/product\/jasanova-misa-29x13-cm\/\" \/>\n<meta property=\"og:site_name\" content=\"WOOD PUNK\" \/>\n<meta property=\"article:publisher\" content=\"https:\/\/www.facebook.com\/JL.WoodPunk\" \/>\n<meta property=\"article:modified_time\" content=\"2025-05-30T10:30:56+00:00\" \/>\n<meta property=\"og:image\" content=\"https:\/\/woodpunk.cz\/wp-content\/uploads\/2023\/10\/Jasanova-misa-29x13-cm.jpg\" \/>\n\t<meta property=\"og:image:width\" content=\"600\" \/>\n\t<meta property=\"og:image:height\" content=\"450\" \/>\n\t<meta property=\"og:image:type\" content=\"image\/jpeg\" \/>\n<meta name=\"twitter:card\" content=\"summary_large_image\" \/>\n<meta name=\"twitter:label1\" content=\"Est. reading time\" \/>\n\t<meta name=\"twitter:data1\" content=\"2 minutes\" \/>\n<script type=\"application\/ld+json\" class=\"yoast-schema-graph\">{\"@context\":\"https:\\\/\\\/schema.org\",\"@graph\":[{\"@type\":\"WebPage\",\"@id\":\"https:\\\/\\\/woodpunk.cz\\\/produkt\\\/jasanova-misa-29x13-cm\\\/\",\"url\":\"https:\\\/\\\/woodpunk.cz\\\/produkt\\\/jasanova-misa-29x13-cm\\\/\",\"name\":\"Jasanov\u00e1 m\u00edsa (29x13 cm) | WOOD PUNK\",\"isPartOf\":{\"@id\":\"https:\\\/\\\/woodpunk.cz\\\/#website\"},\"primaryImageOfPage\":{\"@id\":\"https:\\\/\\\/woodpunk.cz\\\/produkt\\\/jasanova-misa-29x13-cm\\\/#primaryimage\"},\"image\":{\"@id\":\"https:\\\/\\\/woodpunk.cz\\\/produkt\\\/jasanova-misa-29x13-cm\\\/#primaryimage\"},\"thumbnailUrl\":\"https:\\\/\\\/woodpunk.cz\\\/wp-content\\\/uploads\\\/2023\\\/10\\\/Jasanova-misa-29x13-cm.jpg\",\"datePublished\":\"2024-02-16T19:10:33+00:00\",\"dateModified\":\"2025-05-30T10:30:56+00:00\",\"breadcrumb\":{\"@id\":\"https:\\\/\\\/woodpunk.cz\\\/produkt\\\/jasanova-misa-29x13-cm\\\/#breadcrumb\"},\"inLanguage\":\"en-US\",\"potentialAction\":[{\"@type\":\"ReadAction\",\"target\":[\"https:\\\/\\\/woodpunk.cz\\\/produkt\\\/jasanova-misa-29x13-cm\\\/\"]}]},{\"@type\":\"ImageObject\",\"inLanguage\":\"en-US\",\"@id\":\"https:\\\/\\\/woodpunk.cz\\\/produkt\\\/jasanova-misa-29x13-cm\\\/#primaryimage\",\"url\":\"https:\\\/\\\/woodpunk.cz\\\/wp-content\\\/uploads\\\/2023\\\/10\\\/Jasanova-misa-29x13-cm.jpg\",\"contentUrl\":\"https:\\\/\\\/woodpunk.cz\\\/wp-content\\\/uploads\\\/2023\\\/10\\\/Jasanova-misa-29x13-cm.jpg\",\"width\":600,\"height\":450},{\"@type\":\"BreadcrumbList\",\"@id\":\"https:\\\/\\\/woodpunk.cz\\\/produkt\\\/jasanova-misa-29x13-cm\\\/#breadcrumb\",\"itemListElement\":[{\"@type\":\"ListItem\",\"position\":1,\"name\":\"Dom\u016f\",\"item\":\"https:\\\/\\\/woodpunk.cz\\\/\"},{\"@type\":\"ListItem\",\"position\":2,\"name\":\"Obchod s d\u0159ev\u011bn\u00fdmi miskami a v\u00fdrobky z masivn\u00edho d\u0159eva\",\"item\":\"https:\\\/\\\/woodpunk.cz\\\/drevene-misky-a-vyrobky-ze-dreva\\\/\"},{\"@type\":\"ListItem\",\"position\":3,\"name\":\"Jasanov\u00e1 m\u00edsa (29&#215;13 cm)\"}]},{\"@type\":\"WebSite\",\"@id\":\"https:\\\/\\\/woodpunk.cz\\\/#website\",\"url\":\"https:\\\/\\\/woodpunk.cz\\\/\",\"name\":\"WOOD PUNK\",\"description\":\"\",\"publisher\":{\"@id\":\"https:\\\/\\\/woodpunk.cz\\\/#organization\"},\"alternateName\":\"\u0158emesln\u00e1 v\u00fdroba a prodej d\u0159ev\u011bn\u00fdch misek, v\u00e1z, kv\u011btn\u00edk\u016f a dal\u0161\u00edch d\u0159ev\u011bn\u00fdch nejenom soustru\u017een\u00fdch v\u00fdrobk\u016f.\",\"potentialAction\":[{\"@type\":\"SearchAction\",\"target\":{\"@type\":\"EntryPoint\",\"urlTemplate\":\"https:\\\/\\\/woodpunk.cz\\\/?s={search_term_string}\"},\"query-input\":{\"@type\":\"PropertyValueSpecification\",\"valueRequired\":true,\"valueName\":\"search_term_string\"}}],\"inLanguage\":\"en-US\"},{\"@type\":\"Organization\",\"@id\":\"https:\\\/\\\/woodpunk.cz\\\/#organization\",\"name\":\"WOOD PUNK\",\"alternateName\":\"\u0158emesln\u00e1 v\u00fdroba d\u0159ev\u011bn\u00fdch misek, v\u00e1z, kv\u011btn\u00edk\u016f a dal\u0161\u00edch d\u0159ev\u011bn\u00fdch nejenom soustru\u017een\u00fdch v\u00fdrobk\u016f.\",\"url\":\"https:\\\/\\\/woodpunk.cz\\\/\",\"logo\":{\"@type\":\"ImageObject\",\"inLanguage\":\"en-US\",\"@id\":\"https:\\\/\\\/woodpunk.cz\\\/#\\\/schema\\\/logo\\\/image\\\/\",\"url\":\"https:\\\/\\\/woodpunk.cz\\\/wp-content\\\/uploads\\\/2024\\\/04\\\/woodpunk_logo_260x213_f1f1f1ff.png\",\"contentUrl\":\"https:\\\/\\\/woodpunk.cz\\\/wp-content\\\/uploads\\\/2024\\\/04\\\/woodpunk_logo_260x213_f1f1f1ff.png\",\"width\":260,\"height\":213,\"caption\":\"WOOD PUNK\"},\"image\":{\"@id\":\"https:\\\/\\\/woodpunk.cz\\\/#\\\/schema\\\/logo\\\/image\\\/\"},\"sameAs\":[\"https:\\\/\\\/www.facebook.com\\\/JL.WoodPunk\",\"https:\\\/\\\/www.instagram.com\\\/jlwoodpunk\\\/\",\"https:\\\/\\\/www.youtube.com\\\/channel\\\/UCbpihje-owPtI1dpoNOqkyA\"]}]}<\/script>\n<!-- \/ Yoast SEO plugin. -->","yoast_head_json":{"title":"Jasanov\u00e1 m\u00edsa (29x13 cm) | WOOD PUNK","robots":{"index":"index","follow":"follow","max-snippet":"max-snippet:-1","max-image-preview":"max-image-preview:large","max-video-preview":"max-video-preview:-1"},"canonical":"https:\/\/woodpunk.cz\/en\/product\/jasanova-misa-29x13-cm\/","og_locale":"en_US","og_type":"article","og_title":"Jasanov\u00e1 m\u00edsa (29x13 cm) | WOOD PUNK","og_description":"[ad_1] &nbsp; #WoodPunk #Jasan #Ash #LiveEdge &nbsp; [ad_2] Facebook","og_url":"https:\/\/woodpunk.cz\/en\/product\/jasanova-misa-29x13-cm\/","og_site_name":"WOOD PUNK","article_publisher":"https:\/\/www.facebook.com\/JL.WoodPunk","article_modified_time":"2025-05-30T10:30:56+00:00","og_image":[{"width":600,"height":450,"url":"https:\/\/woodpunk.cz\/wp-content\/uploads\/2023\/10\/Jasanova-misa-29x13-cm.jpg","type":"image\/jpeg"}],"twitter_card":"summary_large_image","twitter_misc":{"Est. reading time":"2 minutes"},"schema":{"@context":"https:\/\/schema.org","@graph":[{"@type":"WebPage","@id":"https:\/\/woodpunk.cz\/produkt\/jasanova-misa-29x13-cm\/","url":"https:\/\/woodpunk.cz\/produkt\/jasanova-misa-29x13-cm\/","name":"Jasanov\u00e1 m\u00edsa (29x13 cm) | WOOD PUNK","isPartOf":{"@id":"https:\/\/woodpunk.cz\/#website"},"primaryImageOfPage":{"@id":"https:\/\/woodpunk.cz\/produkt\/jasanova-misa-29x13-cm\/#primaryimage"},"image":{"@id":"https:\/\/woodpunk.cz\/produkt\/jasanova-misa-29x13-cm\/#primaryimage"},"thumbnailUrl":"https:\/\/woodpunk.cz\/wp-content\/uploads\/2023\/10\/Jasanova-misa-29x13-cm.jpg","datePublished":"2024-02-16T19:10:33+00:00","dateModified":"2025-05-30T10:30:56+00:00","breadcrumb":{"@id":"https:\/\/woodpunk.cz\/produkt\/jasanova-misa-29x13-cm\/#breadcrumb"},"inLanguage":"en-US","potentialAction":[{"@type":"ReadAction","target":["https:\/\/woodpunk.cz\/produkt\/jasanova-misa-29x13-cm\/"]}]},{"@type":"ImageObject","inLanguage":"en-US","@id":"https:\/\/woodpunk.cz\/produkt\/jasanova-misa-29x13-cm\/#primaryimage","url":"https:\/\/woodpunk.cz\/wp-content\/uploads\/2023\/10\/Jasanova-misa-29x13-cm.jpg","contentUrl":"https:\/\/woodpunk.cz\/wp-content\/uploads\/2023\/10\/Jasanova-misa-29x13-cm.jpg","width":600,"height":450},{"@type":"BreadcrumbList","@id":"https:\/\/woodpunk.cz\/produkt\/jasanova-misa-29x13-cm\/#breadcrumb","itemListElement":[{"@type":"ListItem","position":1,"name":"Dom\u016f","item":"https:\/\/woodpunk.cz\/"},{"@type":"ListItem","position":2,"name":"Obchod s d\u0159ev\u011bn\u00fdmi miskami a v\u00fdrobky z masivn\u00edho d\u0159eva","item":"https:\/\/woodpunk.cz\/drevene-misky-a-vyrobky-ze-dreva\/"},{"@type":"ListItem","position":3,"name":"Jasanov\u00e1 m\u00edsa (29&#215;13 cm)"}]},{"@type":"WebSite","@id":"https:\/\/woodpunk.cz\/#website","url":"https:\/\/woodpunk.cz\/","name":"WOOD PUNK","description":"","publisher":{"@id":"https:\/\/woodpunk.cz\/#organization"},"alternateName":"\u0158emesln\u00e1 v\u00fdroba a prodej d\u0159ev\u011bn\u00fdch misek, v\u00e1z, kv\u011btn\u00edk\u016f a dal\u0161\u00edch d\u0159ev\u011bn\u00fdch nejenom soustru\u017een\u00fdch v\u00fdrobk\u016f.","potentialAction":[{"@type":"SearchAction","target":{"@type":"EntryPoint","urlTemplate":"https:\/\/woodpunk.cz\/?s={search_term_string}"},"query-input":{"@type":"PropertyValueSpecification","valueRequired":true,"valueName":"search_term_string"}}],"inLanguage":"en-US"},{"@type":"Organization","@id":"https:\/\/woodpunk.cz\/#organization","name":"WOOD PUNK","alternateName":"\u0158emesln\u00e1 v\u00fdroba d\u0159ev\u011bn\u00fdch misek, v\u00e1z, kv\u011btn\u00edk\u016f a dal\u0161\u00edch d\u0159ev\u011bn\u00fdch nejenom soustru\u017een\u00fdch v\u00fdrobk\u016f.","url":"https:\/\/woodpunk.cz\/","logo":{"@type":"ImageObject","inLanguage":"en-US","@id":"https:\/\/woodpunk.cz\/#\/schema\/logo\/image\/","url":"https:\/\/woodpunk.cz\/wp-content\/uploads\/2024\/04\/woodpunk_logo_260x213_f1f1f1ff.png","contentUrl":"https:\/\/woodpunk.cz\/wp-content\/uploads\/2024\/04\/woodpunk_logo_260x213_f1f1f1ff.png","width":260,"height":213,"caption":"WOOD PUNK"},"image":{"@id":"https:\/\/woodpunk.cz\/#\/schema\/logo\/image\/"},"sameAs":["https:\/\/www.facebook.com\/JL.WoodPunk","https:\/\/www.instagram.com\/jlwoodpunk\/","https:\/\/www.youtube.com\/channel\/UCbpihje-owPtI1dpoNOqkyA"]}]}},"_links":{"self":[{"href":"https:\/\/woodpunk.cz\/en\/wp-json\/wp\/v2\/product\/2149","targetHints":{"allow":["GET"]}}],"collection":[{"href":"https:\/\/woodpunk.cz\/en\/wp-json\/wp\/v2\/product"}],"about":[{"href":"https:\/\/woodpunk.cz\/en\/wp-json\/wp\/v2\/types\/product"}],"wp:featuredmedia":[{"embeddable":true,"href":"https:\/\/woodpunk.cz\/en\/wp-json\/wp\/v2\/media\/1376"}],"wp:attachment":[{"href":"https:\/\/woodpunk.cz\/en\/wp-json\/wp\/v2\/media?parent=2149"}],"wp:term":[{"taxonomy":"product_brand","embeddable":true,"href":"https:\/\/woodpunk.cz\/en\/wp-json\/wp\/v2\/product_brand?post=2149"},{"taxonomy":"product_cat","embeddable":true,"href":"https:\/\/woodpunk.cz\/en\/wp-json\/wp\/v2\/product_cat?post=2149"},{"taxonomy":"product_tag","embeddable":true,"href":"https:\/\/woodpunk.cz\/en\/wp-json\/wp\/v2\/product_tag?post=2149"}],"curies":[{"name":"wp","href":"https:\/\/api.w.org\/{rel}","templated":true}]}}