{"id":1843,"date":"2024-01-31T18:33:31","date_gmt":"2024-01-31T17:33:31","guid":{"rendered":"https:\/\/www.woodpunk.cz\/tresnova-miska-19x9-cm\/"},"modified":"2025-05-30T12:30:57","modified_gmt":"2025-05-30T10:30:57","slug":"tresnova-miska-19x9-cm","status":"publish","type":"product","link":"https:\/\/woodpunk.cz\/en\/product\/tresnova-miska-19x9-cm\/","title":{"rendered":"T\u0159e\u0161\u0148ov\u00e1 miska (19&#215;9 cm)"},"content":{"rendered":"<p>Tenkost\u011bnn\u00e1 elegantn\u00ed t\u0159e\u0161\u0148ov\u00e1 miska s vn\u011bj\u0161\u00ed stranou <a href=\"https:\/\/woodpunk.cz\/technika\/ebonizace\/\">ebonizovanou<\/a>.<\/p>\n<div>\n<p>Povrchov\u00e1 \u00faprava: <a href=\"https:\/\/woodpunk.cz\/povrchova-uprava\/ludvies-oil-pure\/\">Ludvie\u00b4s Oil Pure<\/a>.<\/p>\n<p><a href=\"https:\/\/www.woodpunk.cz\/wp-content\/uploads\/2024\/02\/Tresnova-miska-19x9-cm.jpg\"><img decoding=\"async\" class=\"wp_automatic_fb_img\" title=\"\" src=\"https:\/\/www.woodpunk.cz\/wp-content\/uploads\/2024\/02\/Tresnova-miska-19x9-cm.jpg\" \/><\/a><\/p>\n<\/div>\n<p><a href=\"https:\/\/www.woodpunk.cz\/wp-content\/uploads\/2024\/02\/1706779447_685_Tresnova-miska-19x9-cm.jpg\"><img decoding=\"async\" class=\"wp_automatic_fb_img\" title=\"\" src=\"https:\/\/www.woodpunk.cz\/wp-content\/uploads\/2024\/02\/1706779447_685_Tresnova-miska-19x9-cm.jpg\" \/><\/a><br \/>\n<a href=\"https:\/\/www.woodpunk.cz\/wp-content\/uploads\/2024\/02\/1706779447_812_Tresnova-miska-19x9-cm.jpg\"><img decoding=\"async\" class=\"wp_automatic_fb_img\" title=\"\" src=\"https:\/\/www.woodpunk.cz\/wp-content\/uploads\/2024\/02\/1706779447_812_Tresnova-miska-19x9-cm.jpg\" \/><\/a><br \/>\n<a href=\"https:\/\/www.woodpunk.cz\/wp-content\/uploads\/2024\/02\/1706779447_399_Tresnova-miska-19x9-cm.jpg\"><img decoding=\"async\" class=\"wp_automatic_fb_img\" title=\"\" src=\"https:\/\/www.woodpunk.cz\/wp-content\/uploads\/2024\/02\/1706779447_399_Tresnova-miska-19x9-cm.jpg\" \/><\/a><br \/>\n<a href=\"https:\/\/www.woodpunk.cz\/wp-content\/uploads\/2024\/02\/1706779447_199_Tresnova-miska-19x9-cm.jpg\"><img decoding=\"async\" class=\"wp_automatic_fb_img\" title=\"\" src=\"https:\/\/www.woodpunk.cz\/wp-content\/uploads\/2024\/02\/1706779447_199_Tresnova-miska-19x9-cm.jpg\" \/><\/a><\/p>","protected":false},"excerpt":{"rendered":"<p>Tenkost\u011bnn\u00e1 elegantn\u00ed t\u0159e\u0161\u0148ov\u00e1 miska s vn\u011bj\u0161\u00ed stranou ebonizovanou. Povrchov\u00e1 \u00faprava: Ludvie\u00b4s Oil Pure.<\/p>","protected":false},"featured_media":1844,"template":"","meta":{"_editorskit_title_hidden":false,"_editorskit_reading_time":0,"_editorskit_is_block_options_detached":false,"_editorskit_block_options_position":"{}"},"product_brand":[394],"product_cat":[78],"product_tag":[],"class_list":{"0":"post-1843","1":"product","2":"type-product","3":"status-publish","4":"has-post-thumbnail","6":"product_brand-wood-punk","7":"product_cat-drevene-misky","8":"pa_material-tresnove-drevo","9":"pa_povrchova-uprava-ludvies-oil-pure","10":"pa_technika-ebonizace-dreva","12":"entry","13":"has-media","15":"first","16":"outofstock","17":"shipping-taxable","18":"purchasable","19":"product-type-simple","20":"col","21":"span_1_of_5","22":"owp-content-center","23":"owp-thumbs-layout-horizontal","24":"owp-btn-normal","25":"owp-tabs-layout-horizontal","26":"has-no-thumbnails"},"yoast_head":"<!-- This site is optimized with the Yoast SEO plugin v27.4 - https:\/\/yoast.com\/product\/yoast-seo-wordpress\/ -->\n<title>T\u0159e\u0161\u0148ov\u00e1 miska (19x9 cm) | WOOD PUNK<\/title>\n<meta name=\"description\" content=\"Tenkost\u011bnn\u00e1 elegantn\u00ed t\u0159e\u0161\u0148ov\u00e1 miska s vn\u011bj\u0161\u00ed stranou ebonizovanou. Povrchov\u00e1 \u00faprava: Ludvie\u00b4s Oil Pure.\" \/>\n<meta name=\"robots\" content=\"index, follow, max-snippet:-1, max-image-preview:large, max-video-preview:-1\" \/>\n<link rel=\"canonical\" href=\"https:\/\/woodpunk.cz\/en\/product\/tresnova-miska-19x9-cm\/\" \/>\n<meta property=\"og:locale\" content=\"en_US\" \/>\n<meta property=\"og:type\" content=\"article\" \/>\n<meta property=\"og:title\" content=\"T\u0159e\u0161\u0148ov\u00e1 miska (19x9 cm) | WOOD PUNK\" \/>\n<meta property=\"og:description\" content=\"Tenkost\u011bnn\u00e1 elegantn\u00ed t\u0159e\u0161\u0148ov\u00e1 miska s vn\u011bj\u0161\u00ed stranou ebonizovanou. Povrchov\u00e1 \u00faprava: Ludvie\u00b4s Oil Pure.\" \/>\n<meta property=\"og:url\" content=\"https:\/\/woodpunk.cz\/en\/product\/tresnova-miska-19x9-cm\/\" \/>\n<meta property=\"og:site_name\" content=\"WOOD PUNK\" \/>\n<meta property=\"article:publisher\" content=\"https:\/\/www.facebook.com\/JL.WoodPunk\" \/>\n<meta property=\"article:modified_time\" content=\"2025-05-30T10:30:57+00:00\" \/>\n<meta property=\"og:image\" content=\"https:\/\/woodpunk.cz\/wp-content\/uploads\/2024\/02\/Tresnova-miska-19x9-cm.jpg\" \/>\n\t<meta property=\"og:image:width\" content=\"600\" \/>\n\t<meta property=\"og:image:height\" content=\"480\" \/>\n\t<meta property=\"og:image:type\" content=\"image\/jpeg\" \/>\n<meta name=\"twitter:card\" content=\"summary_large_image\" \/>\n<meta name=\"twitter:label1\" content=\"Est. reading time\" \/>\n\t<meta name=\"twitter:data1\" content=\"2 minutes\" \/>\n<script type=\"application\/ld+json\" class=\"yoast-schema-graph\">{\"@context\":\"https:\\\/\\\/schema.org\",\"@graph\":[{\"@type\":\"WebPage\",\"@id\":\"https:\\\/\\\/woodpunk.cz\\\/produkt\\\/tresnova-miska-19x9-cm\\\/\",\"url\":\"https:\\\/\\\/woodpunk.cz\\\/produkt\\\/tresnova-miska-19x9-cm\\\/\",\"name\":\"T\u0159e\u0161\u0148ov\u00e1 miska (19x9 cm) | WOOD PUNK\",\"isPartOf\":{\"@id\":\"https:\\\/\\\/woodpunk.cz\\\/#website\"},\"primaryImageOfPage\":{\"@id\":\"https:\\\/\\\/woodpunk.cz\\\/produkt\\\/tresnova-miska-19x9-cm\\\/#primaryimage\"},\"image\":{\"@id\":\"https:\\\/\\\/woodpunk.cz\\\/produkt\\\/tresnova-miska-19x9-cm\\\/#primaryimage\"},\"thumbnailUrl\":\"https:\\\/\\\/woodpunk.cz\\\/wp-content\\\/uploads\\\/2024\\\/02\\\/Tresnova-miska-19x9-cm.jpg\",\"datePublished\":\"2024-01-31T17:33:31+00:00\",\"dateModified\":\"2025-05-30T10:30:57+00:00\",\"description\":\"Tenkost\u011bnn\u00e1 elegantn\u00ed t\u0159e\u0161\u0148ov\u00e1 miska s vn\u011bj\u0161\u00ed stranou ebonizovanou. Povrchov\u00e1 \u00faprava: Ludvie\u00b4s Oil Pure.\",\"breadcrumb\":{\"@id\":\"https:\\\/\\\/woodpunk.cz\\\/produkt\\\/tresnova-miska-19x9-cm\\\/#breadcrumb\"},\"inLanguage\":\"en-US\",\"potentialAction\":[{\"@type\":\"ReadAction\",\"target\":[\"https:\\\/\\\/woodpunk.cz\\\/produkt\\\/tresnova-miska-19x9-cm\\\/\"]}]},{\"@type\":\"ImageObject\",\"inLanguage\":\"en-US\",\"@id\":\"https:\\\/\\\/woodpunk.cz\\\/produkt\\\/tresnova-miska-19x9-cm\\\/#primaryimage\",\"url\":\"https:\\\/\\\/woodpunk.cz\\\/wp-content\\\/uploads\\\/2024\\\/02\\\/Tresnova-miska-19x9-cm.jpg\",\"contentUrl\":\"https:\\\/\\\/woodpunk.cz\\\/wp-content\\\/uploads\\\/2024\\\/02\\\/Tresnova-miska-19x9-cm.jpg\",\"width\":600,\"height\":480},{\"@type\":\"BreadcrumbList\",\"@id\":\"https:\\\/\\\/woodpunk.cz\\\/produkt\\\/tresnova-miska-19x9-cm\\\/#breadcrumb\",\"itemListElement\":[{\"@type\":\"ListItem\",\"position\":1,\"name\":\"Dom\u016f\",\"item\":\"https:\\\/\\\/woodpunk.cz\\\/\"},{\"@type\":\"ListItem\",\"position\":2,\"name\":\"Obchod s d\u0159ev\u011bn\u00fdmi miskami a v\u00fdrobky z masivn\u00edho d\u0159eva\",\"item\":\"https:\\\/\\\/woodpunk.cz\\\/drevene-misky-a-vyrobky-ze-dreva\\\/\"},{\"@type\":\"ListItem\",\"position\":3,\"name\":\"T\u0159e\u0161\u0148ov\u00e1 miska (19&#215;9 cm)\"}]},{\"@type\":\"WebSite\",\"@id\":\"https:\\\/\\\/woodpunk.cz\\\/#website\",\"url\":\"https:\\\/\\\/woodpunk.cz\\\/\",\"name\":\"WOOD PUNK\",\"description\":\"\",\"publisher\":{\"@id\":\"https:\\\/\\\/woodpunk.cz\\\/#organization\"},\"alternateName\":\"\u0158emesln\u00e1 v\u00fdroba a prodej d\u0159ev\u011bn\u00fdch misek, v\u00e1z, kv\u011btn\u00edk\u016f a dal\u0161\u00edch d\u0159ev\u011bn\u00fdch nejenom soustru\u017een\u00fdch v\u00fdrobk\u016f.\",\"potentialAction\":[{\"@type\":\"SearchAction\",\"target\":{\"@type\":\"EntryPoint\",\"urlTemplate\":\"https:\\\/\\\/woodpunk.cz\\\/?s={search_term_string}\"},\"query-input\":{\"@type\":\"PropertyValueSpecification\",\"valueRequired\":true,\"valueName\":\"search_term_string\"}}],\"inLanguage\":\"en-US\"},{\"@type\":\"Organization\",\"@id\":\"https:\\\/\\\/woodpunk.cz\\\/#organization\",\"name\":\"WOOD PUNK\",\"alternateName\":\"\u0158emesln\u00e1 v\u00fdroba d\u0159ev\u011bn\u00fdch misek, v\u00e1z, kv\u011btn\u00edk\u016f a dal\u0161\u00edch d\u0159ev\u011bn\u00fdch nejenom soustru\u017een\u00fdch v\u00fdrobk\u016f.\",\"url\":\"https:\\\/\\\/woodpunk.cz\\\/\",\"logo\":{\"@type\":\"ImageObject\",\"inLanguage\":\"en-US\",\"@id\":\"https:\\\/\\\/woodpunk.cz\\\/#\\\/schema\\\/logo\\\/image\\\/\",\"url\":\"https:\\\/\\\/woodpunk.cz\\\/wp-content\\\/uploads\\\/2024\\\/04\\\/woodpunk_logo_260x213_f1f1f1ff.png\",\"contentUrl\":\"https:\\\/\\\/woodpunk.cz\\\/wp-content\\\/uploads\\\/2024\\\/04\\\/woodpunk_logo_260x213_f1f1f1ff.png\",\"width\":260,\"height\":213,\"caption\":\"WOOD PUNK\"},\"image\":{\"@id\":\"https:\\\/\\\/woodpunk.cz\\\/#\\\/schema\\\/logo\\\/image\\\/\"},\"sameAs\":[\"https:\\\/\\\/www.facebook.com\\\/JL.WoodPunk\",\"https:\\\/\\\/www.instagram.com\\\/jlwoodpunk\\\/\",\"https:\\\/\\\/www.youtube.com\\\/channel\\\/UCbpihje-owPtI1dpoNOqkyA\"]}]}<\/script>\n<!-- \/ Yoast SEO plugin. -->","yoast_head_json":{"title":"T\u0159e\u0161\u0148ov\u00e1 miska (19x9 cm) | WOOD PUNK","description":"Tenkost\u011bnn\u00e1 elegantn\u00ed t\u0159e\u0161\u0148ov\u00e1 miska s vn\u011bj\u0161\u00ed stranou ebonizovanou. Povrchov\u00e1 \u00faprava: Ludvie\u00b4s Oil Pure.","robots":{"index":"index","follow":"follow","max-snippet":"max-snippet:-1","max-image-preview":"max-image-preview:large","max-video-preview":"max-video-preview:-1"},"canonical":"https:\/\/woodpunk.cz\/en\/product\/tresnova-miska-19x9-cm\/","og_locale":"en_US","og_type":"article","og_title":"T\u0159e\u0161\u0148ov\u00e1 miska (19x9 cm) | WOOD PUNK","og_description":"Tenkost\u011bnn\u00e1 elegantn\u00ed t\u0159e\u0161\u0148ov\u00e1 miska s vn\u011bj\u0161\u00ed stranou ebonizovanou. Povrchov\u00e1 \u00faprava: Ludvie\u00b4s Oil Pure.","og_url":"https:\/\/woodpunk.cz\/en\/product\/tresnova-miska-19x9-cm\/","og_site_name":"WOOD PUNK","article_publisher":"https:\/\/www.facebook.com\/JL.WoodPunk","article_modified_time":"2025-05-30T10:30:57+00:00","og_image":[{"width":600,"height":480,"url":"https:\/\/woodpunk.cz\/wp-content\/uploads\/2024\/02\/Tresnova-miska-19x9-cm.jpg","type":"image\/jpeg"}],"twitter_card":"summary_large_image","twitter_misc":{"Est. reading time":"2 minutes"},"schema":{"@context":"https:\/\/schema.org","@graph":[{"@type":"WebPage","@id":"https:\/\/woodpunk.cz\/produkt\/tresnova-miska-19x9-cm\/","url":"https:\/\/woodpunk.cz\/produkt\/tresnova-miska-19x9-cm\/","name":"T\u0159e\u0161\u0148ov\u00e1 miska (19x9 cm) | WOOD PUNK","isPartOf":{"@id":"https:\/\/woodpunk.cz\/#website"},"primaryImageOfPage":{"@id":"https:\/\/woodpunk.cz\/produkt\/tresnova-miska-19x9-cm\/#primaryimage"},"image":{"@id":"https:\/\/woodpunk.cz\/produkt\/tresnova-miska-19x9-cm\/#primaryimage"},"thumbnailUrl":"https:\/\/woodpunk.cz\/wp-content\/uploads\/2024\/02\/Tresnova-miska-19x9-cm.jpg","datePublished":"2024-01-31T17:33:31+00:00","dateModified":"2025-05-30T10:30:57+00:00","description":"Tenkost\u011bnn\u00e1 elegantn\u00ed t\u0159e\u0161\u0148ov\u00e1 miska s vn\u011bj\u0161\u00ed stranou ebonizovanou. Povrchov\u00e1 \u00faprava: Ludvie\u00b4s Oil Pure.","breadcrumb":{"@id":"https:\/\/woodpunk.cz\/produkt\/tresnova-miska-19x9-cm\/#breadcrumb"},"inLanguage":"en-US","potentialAction":[{"@type":"ReadAction","target":["https:\/\/woodpunk.cz\/produkt\/tresnova-miska-19x9-cm\/"]}]},{"@type":"ImageObject","inLanguage":"en-US","@id":"https:\/\/woodpunk.cz\/produkt\/tresnova-miska-19x9-cm\/#primaryimage","url":"https:\/\/woodpunk.cz\/wp-content\/uploads\/2024\/02\/Tresnova-miska-19x9-cm.jpg","contentUrl":"https:\/\/woodpunk.cz\/wp-content\/uploads\/2024\/02\/Tresnova-miska-19x9-cm.jpg","width":600,"height":480},{"@type":"BreadcrumbList","@id":"https:\/\/woodpunk.cz\/produkt\/tresnova-miska-19x9-cm\/#breadcrumb","itemListElement":[{"@type":"ListItem","position":1,"name":"Dom\u016f","item":"https:\/\/woodpunk.cz\/"},{"@type":"ListItem","position":2,"name":"Obchod s d\u0159ev\u011bn\u00fdmi miskami a v\u00fdrobky z masivn\u00edho d\u0159eva","item":"https:\/\/woodpunk.cz\/drevene-misky-a-vyrobky-ze-dreva\/"},{"@type":"ListItem","position":3,"name":"T\u0159e\u0161\u0148ov\u00e1 miska (19&#215;9 cm)"}]},{"@type":"WebSite","@id":"https:\/\/woodpunk.cz\/#website","url":"https:\/\/woodpunk.cz\/","name":"WOOD PUNK","description":"","publisher":{"@id":"https:\/\/woodpunk.cz\/#organization"},"alternateName":"\u0158emesln\u00e1 v\u00fdroba a prodej d\u0159ev\u011bn\u00fdch misek, v\u00e1z, kv\u011btn\u00edk\u016f a dal\u0161\u00edch d\u0159ev\u011bn\u00fdch nejenom soustru\u017een\u00fdch v\u00fdrobk\u016f.","potentialAction":[{"@type":"SearchAction","target":{"@type":"EntryPoint","urlTemplate":"https:\/\/woodpunk.cz\/?s={search_term_string}"},"query-input":{"@type":"PropertyValueSpecification","valueRequired":true,"valueName":"search_term_string"}}],"inLanguage":"en-US"},{"@type":"Organization","@id":"https:\/\/woodpunk.cz\/#organization","name":"WOOD PUNK","alternateName":"\u0158emesln\u00e1 v\u00fdroba d\u0159ev\u011bn\u00fdch misek, v\u00e1z, kv\u011btn\u00edk\u016f a dal\u0161\u00edch d\u0159ev\u011bn\u00fdch nejenom soustru\u017een\u00fdch v\u00fdrobk\u016f.","url":"https:\/\/woodpunk.cz\/","logo":{"@type":"ImageObject","inLanguage":"en-US","@id":"https:\/\/woodpunk.cz\/#\/schema\/logo\/image\/","url":"https:\/\/woodpunk.cz\/wp-content\/uploads\/2024\/04\/woodpunk_logo_260x213_f1f1f1ff.png","contentUrl":"https:\/\/woodpunk.cz\/wp-content\/uploads\/2024\/04\/woodpunk_logo_260x213_f1f1f1ff.png","width":260,"height":213,"caption":"WOOD PUNK"},"image":{"@id":"https:\/\/woodpunk.cz\/#\/schema\/logo\/image\/"},"sameAs":["https:\/\/www.facebook.com\/JL.WoodPunk","https:\/\/www.instagram.com\/jlwoodpunk\/","https:\/\/www.youtube.com\/channel\/UCbpihje-owPtI1dpoNOqkyA"]}]}},"_links":{"self":[{"href":"https:\/\/woodpunk.cz\/en\/wp-json\/wp\/v2\/product\/1843","targetHints":{"allow":["GET"]}}],"collection":[{"href":"https:\/\/woodpunk.cz\/en\/wp-json\/wp\/v2\/product"}],"about":[{"href":"https:\/\/woodpunk.cz\/en\/wp-json\/wp\/v2\/types\/product"}],"wp:featuredmedia":[{"embeddable":true,"href":"https:\/\/woodpunk.cz\/en\/wp-json\/wp\/v2\/media\/1844"}],"wp:attachment":[{"href":"https:\/\/woodpunk.cz\/en\/wp-json\/wp\/v2\/media?parent=1843"}],"wp:term":[{"taxonomy":"product_brand","embeddable":true,"href":"https:\/\/woodpunk.cz\/en\/wp-json\/wp\/v2\/product_brand?post=1843"},{"taxonomy":"product_cat","embeddable":true,"href":"https:\/\/woodpunk.cz\/en\/wp-json\/wp\/v2\/product_cat?post=1843"},{"taxonomy":"product_tag","embeddable":true,"href":"https:\/\/woodpunk.cz\/en\/wp-json\/wp\/v2\/product_tag?post=1843"}],"curies":[{"name":"wp","href":"https:\/\/api.w.org\/{rel}","templated":true}]}}