{"id":1623,"date":"2023-03-17T20:34:39","date_gmt":"2023-03-17T19:34:39","guid":{"rendered":"https:\/\/www.woodpunk.cz\/jasanovy-kvetnik-15x12-cm\/"},"modified":"2025-05-30T12:33:59","modified_gmt":"2025-05-30T10:33:59","slug":"jasanovy-kvetnik-15x12-cm","status":"publish","type":"product","link":"https:\/\/woodpunk.cz\/en\/product\/jasanovy-kvetnik-15x12-cm\/","title":{"rendered":"Jasanov\u00fd kv\u011btn\u00edk (15&#215;12 cm)"},"content":{"rendered":"<p>Elegantn\u00ed baculat\u00fd tenkost\u011bnn\u00fd kv\u011btn\u00edk z <a href=\"https:\/\/woodpunk.cz\/material\/jasan\/\">jasanov\u00e9ho d\u0159eva<\/a> s p\u0159\u00edrodn\u00edm okrajem s k\u016frou.<\/p>\n<p>Povrchov\u00e1 \u00faprava: <a href=\"https:\/\/woodpunk.cz\/povrchova-uprava\/ludvies-oil-pure\/\">Ludvie&#8217;s Oil Pure<\/a>.<\/p>\n<p>[ad_1]<\/p>\n<p><a href=\"https:\/\/www.woodpunk.cz\/wp-content\/uploads\/2024\/01\/Jasanovy-kvetnik-15x12-cm.jpg\"><img loading=\"lazy\" decoding=\"async\" class=\"wp_automatic_fb_img alignnone\" src=\"https:\/\/www.woodpunk.cz\/wp-content\/uploads\/2024\/01\/Jasanovy-kvetnik-15x12-cm.jpg\" alt=\"Elegantn\u00ed baculat\u00fd kv\u011btn\u00edk z jasanov\u00e9ho d\u0159eva s p\u0159\u00edrodn\u00edm okrajem s k\u016frou.\" width=\"600\" height=\"600\" \/><\/a><br \/>\n<a href=\"https:\/\/www.woodpunk.cz\/wp-content\/uploads\/2024\/01\/1704543550_56_Jasanovy-kvetnik-15x12-cm.jpg\"><img loading=\"lazy\" decoding=\"async\" class=\"wp_automatic_fb_img alignnone\" src=\"https:\/\/www.woodpunk.cz\/wp-content\/uploads\/2024\/01\/1704543550_56_Jasanovy-kvetnik-15x12-cm.jpg\" alt=\"Elegantn\u00ed baculat\u00fd kv\u011btn\u00edk z jasanov\u00e9ho d\u0159eva s p\u0159\u00edrodn\u00edm okrajem s k\u016frou.\" width=\"600\" height=\"600\" \/><\/a><br \/>\n<a href=\"https:\/\/www.woodpunk.cz\/wp-content\/uploads\/2024\/01\/1704543550_142_Jasanovy-kvetnik-15x12-cm.jpg\"><img decoding=\"async\" class=\"wp_automatic_fb_img\" title=\"\" src=\"https:\/\/www.woodpunk.cz\/wp-content\/uploads\/2024\/01\/1704543550_142_Jasanovy-kvetnik-15x12-cm.jpg\" \/><\/a><br \/>\n<a href=\"https:\/\/www.woodpunk.cz\/wp-content\/uploads\/2024\/01\/1704543550_610_Jasanovy-kvetnik-15x12-cm.jpg\"><img decoding=\"async\" class=\"wp_automatic_fb_img\" title=\"\" src=\"https:\/\/www.woodpunk.cz\/wp-content\/uploads\/2024\/01\/1704543550_610_Jasanovy-kvetnik-15x12-cm.jpg\" \/><\/a><br \/>\n<a href=\"https:\/\/www.woodpunk.cz\/wp-content\/uploads\/2024\/01\/1704543551_293_Jasanovy-kvetnik-15x12-cm.jpg\"><img decoding=\"async\" class=\"wp_automatic_fb_img\" title=\"\" src=\"https:\/\/www.woodpunk.cz\/wp-content\/uploads\/2024\/01\/1704543551_293_Jasanovy-kvetnik-15x12-cm.jpg\" \/><\/a><br \/>\n[ad_2]<\/p>\n<p><a href=\"https:\/\/www.facebook.com\/100083326702029\/posts\/pfbid02VPWuPnSghP7fraChwJ9XunzqoYCAeV9gPKvnYGVcQfuRJxzjhn4yrwmEhMTawCFDl\">Facebook<\/a><\/p>\n","protected":false},"excerpt":{"rendered":"<p>Elegantn\u00ed baculat\u00fd tenkost\u011bnn\u00fd kv\u011btn\u00edk z jasanov\u00e9ho d\u0159eva s p\u0159\u00edrodn\u00edm okrajem s k\u016frou. Povrchov\u00e1 \u00faprava: Ludvie&#8217;s Oil Pure. [ad_1] [ad_2] Facebook<\/p>\n","protected":false},"featured_media":1624,"template":"","meta":{"_editorskit_title_hidden":false,"_editorskit_reading_time":0,"_editorskit_is_block_options_detached":false,"_editorskit_block_options_position":"{}"},"product_brand":[394],"product_cat":[106],"product_tag":[],"class_list":{"0":"post-1623","1":"product","2":"type-product","3":"status-publish","4":"has-post-thumbnail","6":"product_brand-wood-punk","7":"product_cat-drevene-kvetniky-nadoby","8":"pa_material-jasanove-drevo","9":"pa_povrchova-uprava-ludvies-oil-pure","10":"pa_technika-live-edge","12":"entry","13":"has-media","15":"first","16":"outofstock","17":"shipping-taxable","18":"purchasable","19":"product-type-simple","20":"col","21":"span_1_of_5","22":"owp-content-center","23":"owp-thumbs-layout-horizontal","24":"owp-btn-normal","25":"owp-tabs-layout-horizontal","26":"has-no-thumbnails"},"yoast_head":"<!-- This site is optimized with the Yoast SEO plugin v27.4 - https:\/\/yoast.com\/product\/yoast-seo-wordpress\/ -->\n<title>Kv\u011btn\u00edk z jasanov\u00e9ho d\u0159eva | WOOD PUNK<\/title>\n<meta name=\"description\" content=\"Elegantn\u00ed baculat\u00fd tenkost\u011bnn\u00fd kv\u011btn\u00edk z jasanov\u00e9ho d\u0159eva s p\u0159\u00edrodn\u00edm okrajem s k\u016frou. Povrchov\u00e1 \u00faprava: Ludvie&#039;s Oil Pure.\" \/>\n<meta name=\"robots\" content=\"index, follow, max-snippet:-1, max-image-preview:large, max-video-preview:-1\" \/>\n<link rel=\"canonical\" href=\"https:\/\/woodpunk.cz\/en\/product\/jasanovy-kvetnik-15x12-cm\/\" \/>\n<meta property=\"og:locale\" content=\"en_US\" \/>\n<meta property=\"og:type\" content=\"article\" \/>\n<meta property=\"og:title\" content=\"Kv\u011btn\u00edk z jasanov\u00e9ho d\u0159eva | WOOD PUNK\" \/>\n<meta property=\"og:description\" content=\"Elegantn\u00ed baculat\u00fd tenkost\u011bnn\u00fd kv\u011btn\u00edk z jasanov\u00e9ho d\u0159eva s p\u0159\u00edrodn\u00edm okrajem s k\u016frou. Povrchov\u00e1 \u00faprava: Ludvie&#039;s Oil Pure.\" \/>\n<meta property=\"og:url\" content=\"https:\/\/woodpunk.cz\/en\/product\/jasanovy-kvetnik-15x12-cm\/\" \/>\n<meta property=\"og:site_name\" content=\"WOOD PUNK\" \/>\n<meta property=\"article:publisher\" content=\"https:\/\/www.facebook.com\/JL.WoodPunk\" \/>\n<meta property=\"article:modified_time\" content=\"2025-05-30T10:33:59+00:00\" \/>\n<meta property=\"og:image\" content=\"https:\/\/woodpunk.cz\/wp-content\/uploads\/2024\/01\/Jasanovy-kvetnik-15x12-cm.jpg\" \/>\n\t<meta property=\"og:image:width\" content=\"600\" \/>\n\t<meta property=\"og:image:height\" content=\"600\" \/>\n\t<meta property=\"og:image:type\" content=\"image\/jpeg\" \/>\n<meta name=\"twitter:card\" content=\"summary_large_image\" \/>\n<meta name=\"twitter:label1\" content=\"Est. reading time\" \/>\n\t<meta name=\"twitter:data1\" content=\"2 minutes\" \/>\n<script type=\"application\/ld+json\" class=\"yoast-schema-graph\">{\"@context\":\"https:\\\/\\\/schema.org\",\"@graph\":[{\"@type\":\"WebPage\",\"@id\":\"https:\\\/\\\/woodpunk.cz\\\/produkt\\\/jasanovy-kvetnik-15x12-cm\\\/\",\"url\":\"https:\\\/\\\/woodpunk.cz\\\/produkt\\\/jasanovy-kvetnik-15x12-cm\\\/\",\"name\":\"Kv\u011btn\u00edk z jasanov\u00e9ho d\u0159eva | WOOD PUNK\",\"isPartOf\":{\"@id\":\"https:\\\/\\\/woodpunk.cz\\\/#website\"},\"primaryImageOfPage\":{\"@id\":\"https:\\\/\\\/woodpunk.cz\\\/produkt\\\/jasanovy-kvetnik-15x12-cm\\\/#primaryimage\"},\"image\":{\"@id\":\"https:\\\/\\\/woodpunk.cz\\\/produkt\\\/jasanovy-kvetnik-15x12-cm\\\/#primaryimage\"},\"thumbnailUrl\":\"https:\\\/\\\/woodpunk.cz\\\/wp-content\\\/uploads\\\/2024\\\/01\\\/Jasanovy-kvetnik-15x12-cm.jpg\",\"datePublished\":\"2023-03-17T19:34:39+00:00\",\"dateModified\":\"2025-05-30T10:33:59+00:00\",\"description\":\"Elegantn\u00ed baculat\u00fd tenkost\u011bnn\u00fd kv\u011btn\u00edk z jasanov\u00e9ho d\u0159eva s p\u0159\u00edrodn\u00edm okrajem s k\u016frou. Povrchov\u00e1 \u00faprava: Ludvie's Oil Pure.\",\"breadcrumb\":{\"@id\":\"https:\\\/\\\/woodpunk.cz\\\/produkt\\\/jasanovy-kvetnik-15x12-cm\\\/#breadcrumb\"},\"inLanguage\":\"en-US\",\"potentialAction\":[{\"@type\":\"ReadAction\",\"target\":[\"https:\\\/\\\/woodpunk.cz\\\/produkt\\\/jasanovy-kvetnik-15x12-cm\\\/\"]}]},{\"@type\":\"ImageObject\",\"inLanguage\":\"en-US\",\"@id\":\"https:\\\/\\\/woodpunk.cz\\\/produkt\\\/jasanovy-kvetnik-15x12-cm\\\/#primaryimage\",\"url\":\"https:\\\/\\\/woodpunk.cz\\\/wp-content\\\/uploads\\\/2024\\\/01\\\/Jasanovy-kvetnik-15x12-cm.jpg\",\"contentUrl\":\"https:\\\/\\\/woodpunk.cz\\\/wp-content\\\/uploads\\\/2024\\\/01\\\/Jasanovy-kvetnik-15x12-cm.jpg\",\"width\":600,\"height\":600,\"caption\":\"Elegantn\u00ed baculat\u00fd kv\u011btn\u00edk z jasanov\u00e9ho d\u0159eva s p\u0159\u00edrodn\u00edm okrajem s k\u016frou.\"},{\"@type\":\"BreadcrumbList\",\"@id\":\"https:\\\/\\\/woodpunk.cz\\\/produkt\\\/jasanovy-kvetnik-15x12-cm\\\/#breadcrumb\",\"itemListElement\":[{\"@type\":\"ListItem\",\"position\":1,\"name\":\"Dom\u016f\",\"item\":\"https:\\\/\\\/woodpunk.cz\\\/\"},{\"@type\":\"ListItem\",\"position\":2,\"name\":\"Obchod s d\u0159ev\u011bn\u00fdmi miskami a v\u00fdrobky z masivn\u00edho d\u0159eva\",\"item\":\"https:\\\/\\\/woodpunk.cz\\\/drevene-misky-a-vyrobky-ze-dreva\\\/\"},{\"@type\":\"ListItem\",\"position\":3,\"name\":\"Jasanov\u00fd kv\u011btn\u00edk (15&#215;12 cm)\"}]},{\"@type\":\"WebSite\",\"@id\":\"https:\\\/\\\/woodpunk.cz\\\/#website\",\"url\":\"https:\\\/\\\/woodpunk.cz\\\/\",\"name\":\"WOOD PUNK\",\"description\":\"\",\"publisher\":{\"@id\":\"https:\\\/\\\/woodpunk.cz\\\/#organization\"},\"alternateName\":\"\u0158emesln\u00e1 v\u00fdroba a prodej d\u0159ev\u011bn\u00fdch misek, v\u00e1z, kv\u011btn\u00edk\u016f a dal\u0161\u00edch d\u0159ev\u011bn\u00fdch nejenom soustru\u017een\u00fdch v\u00fdrobk\u016f.\",\"potentialAction\":[{\"@type\":\"SearchAction\",\"target\":{\"@type\":\"EntryPoint\",\"urlTemplate\":\"https:\\\/\\\/woodpunk.cz\\\/?s={search_term_string}\"},\"query-input\":{\"@type\":\"PropertyValueSpecification\",\"valueRequired\":true,\"valueName\":\"search_term_string\"}}],\"inLanguage\":\"en-US\"},{\"@type\":\"Organization\",\"@id\":\"https:\\\/\\\/woodpunk.cz\\\/#organization\",\"name\":\"WOOD PUNK\",\"alternateName\":\"\u0158emesln\u00e1 v\u00fdroba d\u0159ev\u011bn\u00fdch misek, v\u00e1z, kv\u011btn\u00edk\u016f a dal\u0161\u00edch d\u0159ev\u011bn\u00fdch nejenom soustru\u017een\u00fdch v\u00fdrobk\u016f.\",\"url\":\"https:\\\/\\\/woodpunk.cz\\\/\",\"logo\":{\"@type\":\"ImageObject\",\"inLanguage\":\"en-US\",\"@id\":\"https:\\\/\\\/woodpunk.cz\\\/#\\\/schema\\\/logo\\\/image\\\/\",\"url\":\"https:\\\/\\\/woodpunk.cz\\\/wp-content\\\/uploads\\\/2024\\\/04\\\/woodpunk_logo_260x213_f1f1f1ff.png\",\"contentUrl\":\"https:\\\/\\\/woodpunk.cz\\\/wp-content\\\/uploads\\\/2024\\\/04\\\/woodpunk_logo_260x213_f1f1f1ff.png\",\"width\":260,\"height\":213,\"caption\":\"WOOD PUNK\"},\"image\":{\"@id\":\"https:\\\/\\\/woodpunk.cz\\\/#\\\/schema\\\/logo\\\/image\\\/\"},\"sameAs\":[\"https:\\\/\\\/www.facebook.com\\\/JL.WoodPunk\",\"https:\\\/\\\/www.instagram.com\\\/jlwoodpunk\\\/\",\"https:\\\/\\\/www.youtube.com\\\/channel\\\/UCbpihje-owPtI1dpoNOqkyA\"]}]}<\/script>\n<!-- \/ Yoast SEO plugin. -->","yoast_head_json":{"title":"Kv\u011btn\u00edk z jasanov\u00e9ho d\u0159eva | WOOD PUNK","description":"Elegantn\u00ed baculat\u00fd tenkost\u011bnn\u00fd kv\u011btn\u00edk z jasanov\u00e9ho d\u0159eva s p\u0159\u00edrodn\u00edm okrajem s k\u016frou. Povrchov\u00e1 \u00faprava: Ludvie's Oil Pure.","robots":{"index":"index","follow":"follow","max-snippet":"max-snippet:-1","max-image-preview":"max-image-preview:large","max-video-preview":"max-video-preview:-1"},"canonical":"https:\/\/woodpunk.cz\/en\/product\/jasanovy-kvetnik-15x12-cm\/","og_locale":"en_US","og_type":"article","og_title":"Kv\u011btn\u00edk z jasanov\u00e9ho d\u0159eva | WOOD PUNK","og_description":"Elegantn\u00ed baculat\u00fd tenkost\u011bnn\u00fd kv\u011btn\u00edk z jasanov\u00e9ho d\u0159eva s p\u0159\u00edrodn\u00edm okrajem s k\u016frou. Povrchov\u00e1 \u00faprava: Ludvie's Oil Pure.","og_url":"https:\/\/woodpunk.cz\/en\/product\/jasanovy-kvetnik-15x12-cm\/","og_site_name":"WOOD PUNK","article_publisher":"https:\/\/www.facebook.com\/JL.WoodPunk","article_modified_time":"2025-05-30T10:33:59+00:00","og_image":[{"width":600,"height":600,"url":"https:\/\/woodpunk.cz\/wp-content\/uploads\/2024\/01\/Jasanovy-kvetnik-15x12-cm.jpg","type":"image\/jpeg"}],"twitter_card":"summary_large_image","twitter_misc":{"Est. reading time":"2 minutes"},"schema":{"@context":"https:\/\/schema.org","@graph":[{"@type":"WebPage","@id":"https:\/\/woodpunk.cz\/produkt\/jasanovy-kvetnik-15x12-cm\/","url":"https:\/\/woodpunk.cz\/produkt\/jasanovy-kvetnik-15x12-cm\/","name":"Kv\u011btn\u00edk z jasanov\u00e9ho d\u0159eva | WOOD PUNK","isPartOf":{"@id":"https:\/\/woodpunk.cz\/#website"},"primaryImageOfPage":{"@id":"https:\/\/woodpunk.cz\/produkt\/jasanovy-kvetnik-15x12-cm\/#primaryimage"},"image":{"@id":"https:\/\/woodpunk.cz\/produkt\/jasanovy-kvetnik-15x12-cm\/#primaryimage"},"thumbnailUrl":"https:\/\/woodpunk.cz\/wp-content\/uploads\/2024\/01\/Jasanovy-kvetnik-15x12-cm.jpg","datePublished":"2023-03-17T19:34:39+00:00","dateModified":"2025-05-30T10:33:59+00:00","description":"Elegantn\u00ed baculat\u00fd tenkost\u011bnn\u00fd kv\u011btn\u00edk z jasanov\u00e9ho d\u0159eva s p\u0159\u00edrodn\u00edm okrajem s k\u016frou. Povrchov\u00e1 \u00faprava: Ludvie's Oil Pure.","breadcrumb":{"@id":"https:\/\/woodpunk.cz\/produkt\/jasanovy-kvetnik-15x12-cm\/#breadcrumb"},"inLanguage":"en-US","potentialAction":[{"@type":"ReadAction","target":["https:\/\/woodpunk.cz\/produkt\/jasanovy-kvetnik-15x12-cm\/"]}]},{"@type":"ImageObject","inLanguage":"en-US","@id":"https:\/\/woodpunk.cz\/produkt\/jasanovy-kvetnik-15x12-cm\/#primaryimage","url":"https:\/\/woodpunk.cz\/wp-content\/uploads\/2024\/01\/Jasanovy-kvetnik-15x12-cm.jpg","contentUrl":"https:\/\/woodpunk.cz\/wp-content\/uploads\/2024\/01\/Jasanovy-kvetnik-15x12-cm.jpg","width":600,"height":600,"caption":"Elegantn\u00ed baculat\u00fd kv\u011btn\u00edk z jasanov\u00e9ho d\u0159eva s p\u0159\u00edrodn\u00edm okrajem s k\u016frou."},{"@type":"BreadcrumbList","@id":"https:\/\/woodpunk.cz\/produkt\/jasanovy-kvetnik-15x12-cm\/#breadcrumb","itemListElement":[{"@type":"ListItem","position":1,"name":"Dom\u016f","item":"https:\/\/woodpunk.cz\/"},{"@type":"ListItem","position":2,"name":"Obchod s d\u0159ev\u011bn\u00fdmi miskami a v\u00fdrobky z masivn\u00edho d\u0159eva","item":"https:\/\/woodpunk.cz\/drevene-misky-a-vyrobky-ze-dreva\/"},{"@type":"ListItem","position":3,"name":"Jasanov\u00fd kv\u011btn\u00edk (15&#215;12 cm)"}]},{"@type":"WebSite","@id":"https:\/\/woodpunk.cz\/#website","url":"https:\/\/woodpunk.cz\/","name":"WOOD PUNK","description":"","publisher":{"@id":"https:\/\/woodpunk.cz\/#organization"},"alternateName":"\u0158emesln\u00e1 v\u00fdroba a prodej d\u0159ev\u011bn\u00fdch misek, v\u00e1z, kv\u011btn\u00edk\u016f a dal\u0161\u00edch d\u0159ev\u011bn\u00fdch nejenom soustru\u017een\u00fdch v\u00fdrobk\u016f.","potentialAction":[{"@type":"SearchAction","target":{"@type":"EntryPoint","urlTemplate":"https:\/\/woodpunk.cz\/?s={search_term_string}"},"query-input":{"@type":"PropertyValueSpecification","valueRequired":true,"valueName":"search_term_string"}}],"inLanguage":"en-US"},{"@type":"Organization","@id":"https:\/\/woodpunk.cz\/#organization","name":"WOOD PUNK","alternateName":"\u0158emesln\u00e1 v\u00fdroba d\u0159ev\u011bn\u00fdch misek, v\u00e1z, kv\u011btn\u00edk\u016f a dal\u0161\u00edch d\u0159ev\u011bn\u00fdch nejenom soustru\u017een\u00fdch v\u00fdrobk\u016f.","url":"https:\/\/woodpunk.cz\/","logo":{"@type":"ImageObject","inLanguage":"en-US","@id":"https:\/\/woodpunk.cz\/#\/schema\/logo\/image\/","url":"https:\/\/woodpunk.cz\/wp-content\/uploads\/2024\/04\/woodpunk_logo_260x213_f1f1f1ff.png","contentUrl":"https:\/\/woodpunk.cz\/wp-content\/uploads\/2024\/04\/woodpunk_logo_260x213_f1f1f1ff.png","width":260,"height":213,"caption":"WOOD PUNK"},"image":{"@id":"https:\/\/woodpunk.cz\/#\/schema\/logo\/image\/"},"sameAs":["https:\/\/www.facebook.com\/JL.WoodPunk","https:\/\/www.instagram.com\/jlwoodpunk\/","https:\/\/www.youtube.com\/channel\/UCbpihje-owPtI1dpoNOqkyA"]}]}},"_links":{"self":[{"href":"https:\/\/woodpunk.cz\/en\/wp-json\/wp\/v2\/product\/1623","targetHints":{"allow":["GET"]}}],"collection":[{"href":"https:\/\/woodpunk.cz\/en\/wp-json\/wp\/v2\/product"}],"about":[{"href":"https:\/\/woodpunk.cz\/en\/wp-json\/wp\/v2\/types\/product"}],"wp:featuredmedia":[{"embeddable":true,"href":"https:\/\/woodpunk.cz\/en\/wp-json\/wp\/v2\/media\/1624"}],"wp:attachment":[{"href":"https:\/\/woodpunk.cz\/en\/wp-json\/wp\/v2\/media?parent=1623"}],"wp:term":[{"taxonomy":"product_brand","embeddable":true,"href":"https:\/\/woodpunk.cz\/en\/wp-json\/wp\/v2\/product_brand?post=1623"},{"taxonomy":"product_cat","embeddable":true,"href":"https:\/\/woodpunk.cz\/en\/wp-json\/wp\/v2\/product_cat?post=1623"},{"taxonomy":"product_tag","embeddable":true,"href":"https:\/\/woodpunk.cz\/en\/wp-json\/wp\/v2\/product_tag?post=1623"}],"curies":[{"name":"wp","href":"https:\/\/api.w.org\/{rel}","templated":true}]}}