{"id":1516,"date":"2023-12-01T11:47:32","date_gmt":"2023-12-01T10:47:32","guid":{"rendered":"https:\/\/www.woodpunk.cz\/?p=1516"},"modified":"2025-05-30T12:30:57","modified_gmt":"2025-05-30T10:30:57","slug":"jasanova-misa-275x95-mm","status":"publish","type":"product","link":"https:\/\/woodpunk.cz\/en\/product\/jasanova-misa-275x95-mm\/","title":{"rendered":"Jasanov\u00e1 m\u00edsa (275&#215;95 mm)"},"content":{"rendered":"<p>[ad_1]<\/p>\n<div>\n<p>&nbsp;<\/p>\n<p><a class=\"_5ayv _qdx\" href=\"https:\/\/facebook.com\/hashtag\/woodpunk?_ft_=encrypted_tracking_data.0AY9V7v8Df4NgKch00AjMQtRuYOwcV3z_fHajqFcDYdS07O4Mg-f4nIldMxjWoijAnggQuNdQ8O34R9LEMI1EvSfuSniPCOPonUV2F4ZIR8InSdJ7q6N2anvtfGsGriHRccjv_7YOggaN0plvSj6dqw6JeOuBcUCv2pA6EaUTO9y_qYF5nBBPSmC1buKGP-kiUMF5NEDMfTcB_06wYVH0wTOpwxg6c8okFTI3oBUdymUqppiDu07fYZB1nsanP8F9YmPpH9DXZ052IS8CCJtr5nPbDXdG31cX-DWCOsA-Cn91gRaCT7Oi39J8Lvkn300B9XCSW-mIOLj8WQabswOfUtiJNxCcsExio0N-lW2Nl4ee_el8w_xW_Xv63ADy3QYvlRhxuKoRjQktIxz2-_PVrALzmp5gxpCqphiio3ff1gBDxC8VeF8MJZeIet3V902wPLp9anvl-SZAw6uGnc9RQ2IaBjHgbDFmHF-iWteN5k0LTGT4JHqHedekxLwGdfra71v6GlsPxca_Dtl5GdFhZYFnqFI8UA5QpAFh3nAcu33BfFcBJzdPOLoMN4VCeQTvsHBzmfDvjXUunKFbh7FN44Mkzrb-GCw7bAr96uI6Nqk2G2SP4HzIwiBsjMcxei3QLVwaAgW1o6WYMoqCOnUP8SmzNlYr99kmqfiHZyx2PsfhZMFCQRKVIHqFmMqvFQKHC8csseLyhBAdkkRQ-hxolOC79LrcwqETOM6OkvMkNe0a-zVB1ZrYkOZIgcKjMYOAyKIk0EwSB9_NmDzmrkZlj2CcXHN_Ml1SzGcML8UCVU8m-yR-8UasB1XXAYlYF0vlXzi-Ux97sBl2ADdwVqPNM35bM5LeU63_HplGSgR1pWrjt2MluJRRNVB50QdxT1kPQRj5nKqN3xeAafeyaGQOPA7Cxwy5ZVgRdA8AmZitkp_3NN91UzfyG4NA48MrxqxiZqim3Fn2lAc7ZVBfuPUD3TzZeeekPU-U4BKU3DezBPC3xzPPtfYa-06mbDlBKczGP7bo3tCq9fMnS0PfPNVXFUnY77r1Mo69muLB4_wO7Bgpri4raIz3OE2GC2dYZ56Yn9xtl00Wkk2cofdya_JM4otDLXa2WVK-EQmusILL--dH5C9jDBMpkcvuRBA3ErN2bavd1zFbc4zEdZZuYeTQJPNaQGF7CZKZ53vmTbXqKAjBq7DJX87fiec2CFbaNU_tuPFDDc3lELQ5wyeLNIuhAbdQKQF4pbsTv7Ysm5-JwIufWuAOotqn3DHY1k7hfJSX5HO9E2Fw4smJdzbQt2W1dgx6RpW72wGGruh2w_lrq8DlIMO20D5ThoIku9kO9Yyj9v93Yr016QRyqST0ymssDcYQRFMmQQJDGE7LqS5nKQ2QLFj8QhjzBz_HQ3yRRoUsV5lm07Yeu3rK7oYlB8UAj7oFtxkD323EhYYwAkl_JPynW-oHJ2qVH1R1juK1bImrsCS8OYxu9-75SiRVQTbZwG5t8W37qL8e5xC4cHdDxjgLvT2wRMN4Io0HPLVe4xF9u7j_qGHlYvhC-NF6NlH5ixG3Oa3_fatnFc6OE3iGMQpDjy0oefCptl59J7QFXXTeuau_Rfd7u1p6QEKcLPAbPDuh&amp;__tn__=%2As-R&amp;paipv=0&amp;eav=AfZCpNyQynCyAKCTa0ScS6ufmGKcYdoNbxJsp0KFpLgMGSBXHXDZe6MrjG13osjXBqg\"><span class=\"_5aw4 _qdz\">#WoodPunk<\/span><\/a> <a class=\"_5ayv _qdx\" href=\"https:\/\/facebook.com\/hashtag\/jasan?_ft_=encrypted_tracking_data.0AY9V7v8Df4NgKch00AjMQtRuYOwcV3z_fHajqFcDYdS07O4Mg-f4nIldMxjWoijAnggQuNdQ8O34R9LEMI1EvSfuSniPCOPonUV2F4ZIR8InSdJ7q6N2anvtfGsGriHRccjv_7YOggaN0plvSj6dqw6JeOuBcUCv2pA6EaUTO9y_qYF5nBBPSmC1buKGP-kiUMF5NEDMfTcB_06wYVH0wTOpwxg6c8okFTI3oBUdymUqppiDu07fYZB1nsanP8F9YmPpH9DXZ052IS8CCJtr5nPbDXdG31cX-DWCOsA-Cn91gRaCT7Oi39J8Lvkn300B9XCSW-mIOLj8WQabswOfUtiJNxCcsExio0N-lW2Nl4ee_el8w_xW_Xv63ADy3QYvlRhxuKoRjQktIxz2-_PVrALzmp5gxpCqphiio3ff1gBDxC8VeF8MJZeIet3V902wPLp9anvl-SZAw6uGnc9RQ2IaBjHgbDFmHF-iWteN5k0LTGT4JHqHedekxLwGdfra71v6GlsPxca_Dtl5GdFhZYFnqFI8UA5QpAFh3nAcu33BfFcBJzdPOLoMN4VCeQTvsHBzmfDvjXUunKFbh7FN44Mkzrb-GCw7bAr96uI6Nqk2G2SP4HzIwiBsjMcxei3QLVwaAgW1o6WYMoqCOnUP8SmzNlYr99kmqfiHZyx2PsfhZMFCQRKVIHqFmMqvFQKHC8csseLyhBAdkkRQ-hxolOC79LrcwqETOM6OkvMkNe0a-zVB1ZrYkOZIgcKjMYOAyKIk0EwSB9_NmDzmrkZlj2CcXHN_Ml1SzGcML8UCVU8m-yR-8UasB1XXAYlYF0vlXzi-Ux97sBl2ADdwVqPNM35bM5LeU63_HplGSgR1pWrjt2MluJRRNVB50QdxT1kPQRj5nKqN3xeAafeyaGQOPA7Cxwy5ZVgRdA8AmZitkp_3NN91UzfyG4NA48MrxqxiZqim3Fn2lAc7ZVBfuPUD3TzZeeekPU-U4BKU3DezBPC3xzPPtfYa-06mbDlBKczGP7bo3tCq9fMnS0PfPNVXFUnY77r1Mo69muLB4_wO7Bgpri4raIz3OE2GC2dYZ56Yn9xtl00Wkk2cofdya_JM4otDLXa2WVK-EQmusILL--dH5C9jDBMpkcvuRBA3ErN2bavd1zFbc4zEdZZuYeTQJPNaQGF7CZKZ53vmTbXqKAjBq7DJX87fiec2CFbaNU_tuPFDDc3lELQ5wyeLNIuhAbdQKQF4pbsTv7Ysm5-JwIufWuAOotqn3DHY1k7hfJSX5HO9E2Fw4smJdzbQt2W1dgx6RpW72wGGruh2w_lrq8DlIMO20D5ThoIku9kO9Yyj9v93Yr016QRyqST0ymssDcYQRFMmQQJDGE7LqS5nKQ2QLFj8QhjzBz_HQ3yRRoUsV5lm07Yeu3rK7oYlB8UAj7oFtxkD323EhYYwAkl_JPynW-oHJ2qVH1R1juK1bImrsCS8OYxu9-75SiRVQTbZwG5t8W37qL8e5xC4cHdDxjgLvT2wRMN4Io0HPLVe4xF9u7j_qGHlYvhC-NF6NlH5ixG3Oa3_fatnFc6OE3iGMQpDjy0oefCptl59J7QFXXTeuau_Rfd7u1p6QEKcLPAbPDuh&amp;__tn__=%2As-R&amp;paipv=0&amp;eav=AfbKQlCikLe56V-5ItzI1h_jKeyNMSZTwN7r7Ws9Pt5dyAHcAl8qGTHFgx4xxvED_eI\"><span class=\"_5aw4 _qdz\">#Jasan<\/span><\/a> <a class=\"_5ayv _qdx\" href=\"https:\/\/facebook.com\/hashtag\/ash?_ft_=encrypted_tracking_data.0AY9V7v8Df4NgKch00AjMQtRuYOwcV3z_fHajqFcDYdS07O4Mg-f4nIldMxjWoijAnggQuNdQ8O34R9LEMI1EvSfuSniPCOPonUV2F4ZIR8InSdJ7q6N2anvtfGsGriHRccjv_7YOggaN0plvSj6dqw6JeOuBcUCv2pA6EaUTO9y_qYF5nBBPSmC1buKGP-kiUMF5NEDMfTcB_06wYVH0wTOpwxg6c8okFTI3oBUdymUqppiDu07fYZB1nsanP8F9YmPpH9DXZ052IS8CCJtr5nPbDXdG31cX-DWCOsA-Cn91gRaCT7Oi39J8Lvkn300B9XCSW-mIOLj8WQabswOfUtiJNxCcsExio0N-lW2Nl4ee_el8w_xW_Xv63ADy3QYvlRhxuKoRjQktIxz2-_PVrALzmp5gxpCqphiio3ff1gBDxC8VeF8MJZeIet3V902wPLp9anvl-SZAw6uGnc9RQ2IaBjHgbDFmHF-iWteN5k0LTGT4JHqHedekxLwGdfra71v6GlsPxca_Dtl5GdFhZYFnqFI8UA5QpAFh3nAcu33BfFcBJzdPOLoMN4VCeQTvsHBzmfDvjXUunKFbh7FN44Mkzrb-GCw7bAr96uI6Nqk2G2SP4HzIwiBsjMcxei3QLVwaAgW1o6WYMoqCOnUP8SmzNlYr99kmqfiHZyx2PsfhZMFCQRKVIHqFmMqvFQKHC8csseLyhBAdkkRQ-hxolOC79LrcwqETOM6OkvMkNe0a-zVB1ZrYkOZIgcKjMYOAyKIk0EwSB9_NmDzmrkZlj2CcXHN_Ml1SzGcML8UCVU8m-yR-8UasB1XXAYlYF0vlXzi-Ux97sBl2ADdwVqPNM35bM5LeU63_HplGSgR1pWrjt2MluJRRNVB50QdxT1kPQRj5nKqN3xeAafeyaGQOPA7Cxwy5ZVgRdA8AmZitkp_3NN91UzfyG4NA48MrxqxiZqim3Fn2lAc7ZVBfuPUD3TzZeeekPU-U4BKU3DezBPC3xzPPtfYa-06mbDlBKczGP7bo3tCq9fMnS0PfPNVXFUnY77r1Mo69muLB4_wO7Bgpri4raIz3OE2GC2dYZ56Yn9xtl00Wkk2cofdya_JM4otDLXa2WVK-EQmusILL--dH5C9jDBMpkcvuRBA3ErN2bavd1zFbc4zEdZZuYeTQJPNaQGF7CZKZ53vmTbXqKAjBq7DJX87fiec2CFbaNU_tuPFDDc3lELQ5wyeLNIuhAbdQKQF4pbsTv7Ysm5-JwIufWuAOotqn3DHY1k7hfJSX5HO9E2Fw4smJdzbQt2W1dgx6RpW72wGGruh2w_lrq8DlIMO20D5ThoIku9kO9Yyj9v93Yr016QRyqST0ymssDcYQRFMmQQJDGE7LqS5nKQ2QLFj8QhjzBz_HQ3yRRoUsV5lm07Yeu3rK7oYlB8UAj7oFtxkD323EhYYwAkl_JPynW-oHJ2qVH1R1juK1bImrsCS8OYxu9-75SiRVQTbZwG5t8W37qL8e5xC4cHdDxjgLvT2wRMN4Io0HPLVe4xF9u7j_qGHlYvhC-NF6NlH5ixG3Oa3_fatnFc6OE3iGMQpDjy0oefCptl59J7QFXXTeuau_Rfd7u1p6QEKcLPAbPDuh&amp;__tn__=%2As-R&amp;paipv=0&amp;eav=AfYADbxOgqgJuTh_FjtQaLm6hdWRvOFvup9My-phlV6rSbkO_M6aEye3dFN37y4NMQ8\"><span class=\"_5aw4 _qdz\">#Ash<\/span><\/a><\/p>\n<p>&nbsp;<\/p>\n<\/div>\n<p><a href=\"https:\/\/www.woodpunk.cz\/wp-content\/uploads\/2023\/12\/Jasanova-misa-275x95-mm.jpg\"><img decoding=\"async\" class=\"wp_automatic_fb_img\" title=\"\" src=\"https:\/\/www.woodpunk.cz\/wp-content\/uploads\/2023\/12\/Jasanova-misa-275x95-mm.jpg\" \/><\/a><br \/>\n<a href=\"https:\/\/www.woodpunk.cz\/wp-content\/uploads\/2023\/12\/1701413198_514_Jasanova-misa-275x95-mm.jpg\"><img decoding=\"async\" class=\"wp_automatic_fb_img\" title=\"\" src=\"https:\/\/www.woodpunk.cz\/wp-content\/uploads\/2023\/12\/1701413198_514_Jasanova-misa-275x95-mm.jpg\" \/><\/a><br \/>\n<a href=\"https:\/\/www.woodpunk.cz\/wp-content\/uploads\/2023\/12\/1701413198_70_Jasanova-misa-275x95-mm.jpg\"><img decoding=\"async\" class=\"wp_automatic_fb_img\" title=\"\" src=\"https:\/\/www.woodpunk.cz\/wp-content\/uploads\/2023\/12\/1701413198_70_Jasanova-misa-275x95-mm.jpg\" \/><\/a><br \/>\n<a href=\"https:\/\/www.woodpunk.cz\/wp-content\/uploads\/2023\/12\/1701413198_472_Jasanova-misa-275x95-mm.jpg\"><img decoding=\"async\" class=\"wp_automatic_fb_img\" title=\"\" src=\"https:\/\/www.woodpunk.cz\/wp-content\/uploads\/2023\/12\/1701413198_472_Jasanova-misa-275x95-mm.jpg\" \/><\/a><br \/>\n<a href=\"https:\/\/www.woodpunk.cz\/wp-content\/uploads\/2023\/12\/1701413198_474_Jasanova-misa-275x95-mm.jpg\"><img decoding=\"async\" class=\"wp_automatic_fb_img\" title=\"\" src=\"https:\/\/www.woodpunk.cz\/wp-content\/uploads\/2023\/12\/1701413198_474_Jasanova-misa-275x95-mm.jpg\" \/><\/a><br \/>\n<a href=\"https:\/\/www.woodpunk.cz\/wp-content\/uploads\/2023\/12\/1701413198_442_Jasanova-misa-275x95-mm.jpg\"><img decoding=\"async\" class=\"wp_automatic_fb_img\" title=\"\" src=\"https:\/\/www.woodpunk.cz\/wp-content\/uploads\/2023\/12\/1701413198_442_Jasanova-misa-275x95-mm.jpg\" \/><\/a><br \/>\n[ad_2]<\/p>\n<p><a href=\"https:\/\/www.facebook.com\/100083326702029\/posts\/333608862760001\">Facebook<\/a><\/p>\n","protected":false},"excerpt":{"rendered":"<p>[ad_1] &nbsp; #WoodPunk #Jasan #Ash &nbsp; [ad_2] Facebook<\/p>\n","protected":false},"featured_media":1514,"template":"","meta":{"_editorskit_title_hidden":false,"_editorskit_reading_time":0,"_editorskit_is_block_options_detached":false,"_editorskit_block_options_position":"{}"},"product_brand":[394],"product_cat":[78],"product_tag":[],"class_list":{"0":"post-1516","1":"product","2":"type-product","3":"status-publish","4":"has-post-thumbnail","6":"product_brand-wood-punk","7":"product_cat-drevene-misky","8":"pa_material-jasanove-drevo","9":"pa_povrchova-uprava-ludvies-oil-shine","11":"entry","12":"has-media","14":"first","15":"outofstock","16":"shipping-taxable","17":"purchasable","18":"product-type-simple","19":"col","20":"span_1_of_5","21":"owp-content-center","22":"owp-thumbs-layout-horizontal","23":"owp-btn-normal","24":"owp-tabs-layout-horizontal","25":"has-no-thumbnails"},"yoast_head":"<!-- This site is optimized with the Yoast SEO plugin v27.4 - https:\/\/yoast.com\/product\/yoast-seo-wordpress\/ -->\n<title>Jasanov\u00e1 m\u00edsa (275x95 mm) | WOOD PUNK<\/title>\n<meta name=\"robots\" content=\"index, follow, max-snippet:-1, max-image-preview:large, max-video-preview:-1\" \/>\n<link rel=\"canonical\" href=\"https:\/\/woodpunk.cz\/en\/product\/jasanova-misa-275x95-mm\/\" \/>\n<meta property=\"og:locale\" content=\"en_US\" \/>\n<meta property=\"og:type\" content=\"article\" \/>\n<meta property=\"og:title\" content=\"Jasanov\u00e1 m\u00edsa (275x95 mm) | WOOD PUNK\" \/>\n<meta property=\"og:description\" content=\"[ad_1] &nbsp; #WoodPunk #Jasan #Ash &nbsp; [ad_2] Facebook\" \/>\n<meta property=\"og:url\" content=\"https:\/\/woodpunk.cz\/en\/product\/jasanova-misa-275x95-mm\/\" \/>\n<meta property=\"og:site_name\" content=\"WOOD PUNK\" \/>\n<meta property=\"article:publisher\" content=\"https:\/\/www.facebook.com\/JL.WoodPunk\" \/>\n<meta property=\"article:modified_time\" content=\"2025-05-30T10:30:57+00:00\" \/>\n<meta property=\"og:image\" content=\"https:\/\/woodpunk.cz\/wp-content\/uploads\/2023\/12\/Jasanova-misa-275x95-mm.jpg\" \/>\n\t<meta property=\"og:image:width\" content=\"593\" \/>\n\t<meta property=\"og:image:height\" content=\"395\" \/>\n\t<meta property=\"og:image:type\" content=\"image\/jpeg\" \/>\n<meta name=\"twitter:card\" content=\"summary_large_image\" \/>\n<meta name=\"twitter:label1\" content=\"Est. reading time\" \/>\n\t<meta name=\"twitter:data1\" content=\"2 minutes\" \/>\n<script type=\"application\/ld+json\" class=\"yoast-schema-graph\">{\"@context\":\"https:\\\/\\\/schema.org\",\"@graph\":[{\"@type\":\"WebPage\",\"@id\":\"https:\\\/\\\/woodpunk.cz\\\/produkt\\\/jasanova-misa-275x95-mm\\\/\",\"url\":\"https:\\\/\\\/woodpunk.cz\\\/produkt\\\/jasanova-misa-275x95-mm\\\/\",\"name\":\"Jasanov\u00e1 m\u00edsa (275x95 mm) | WOOD PUNK\",\"isPartOf\":{\"@id\":\"https:\\\/\\\/woodpunk.cz\\\/#website\"},\"primaryImageOfPage\":{\"@id\":\"https:\\\/\\\/woodpunk.cz\\\/produkt\\\/jasanova-misa-275x95-mm\\\/#primaryimage\"},\"image\":{\"@id\":\"https:\\\/\\\/woodpunk.cz\\\/produkt\\\/jasanova-misa-275x95-mm\\\/#primaryimage\"},\"thumbnailUrl\":\"https:\\\/\\\/woodpunk.cz\\\/wp-content\\\/uploads\\\/2023\\\/12\\\/Jasanova-misa-275x95-mm.jpg\",\"datePublished\":\"2023-12-01T10:47:32+00:00\",\"dateModified\":\"2025-05-30T10:30:57+00:00\",\"breadcrumb\":{\"@id\":\"https:\\\/\\\/woodpunk.cz\\\/produkt\\\/jasanova-misa-275x95-mm\\\/#breadcrumb\"},\"inLanguage\":\"en-US\",\"potentialAction\":[{\"@type\":\"ReadAction\",\"target\":[\"https:\\\/\\\/woodpunk.cz\\\/produkt\\\/jasanova-misa-275x95-mm\\\/\"]}]},{\"@type\":\"ImageObject\",\"inLanguage\":\"en-US\",\"@id\":\"https:\\\/\\\/woodpunk.cz\\\/produkt\\\/jasanova-misa-275x95-mm\\\/#primaryimage\",\"url\":\"https:\\\/\\\/woodpunk.cz\\\/wp-content\\\/uploads\\\/2023\\\/12\\\/Jasanova-misa-275x95-mm.jpg\",\"contentUrl\":\"https:\\\/\\\/woodpunk.cz\\\/wp-content\\\/uploads\\\/2023\\\/12\\\/Jasanova-misa-275x95-mm.jpg\",\"width\":593,\"height\":395},{\"@type\":\"BreadcrumbList\",\"@id\":\"https:\\\/\\\/woodpunk.cz\\\/produkt\\\/jasanova-misa-275x95-mm\\\/#breadcrumb\",\"itemListElement\":[{\"@type\":\"ListItem\",\"position\":1,\"name\":\"Dom\u016f\",\"item\":\"https:\\\/\\\/woodpunk.cz\\\/\"},{\"@type\":\"ListItem\",\"position\":2,\"name\":\"Obchod s d\u0159ev\u011bn\u00fdmi miskami a v\u00fdrobky z masivn\u00edho d\u0159eva\",\"item\":\"https:\\\/\\\/woodpunk.cz\\\/drevene-misky-a-vyrobky-ze-dreva\\\/\"},{\"@type\":\"ListItem\",\"position\":3,\"name\":\"Jasanov\u00e1 m\u00edsa (275&#215;95 mm)\"}]},{\"@type\":\"WebSite\",\"@id\":\"https:\\\/\\\/woodpunk.cz\\\/#website\",\"url\":\"https:\\\/\\\/woodpunk.cz\\\/\",\"name\":\"WOOD PUNK\",\"description\":\"\",\"publisher\":{\"@id\":\"https:\\\/\\\/woodpunk.cz\\\/#organization\"},\"alternateName\":\"\u0158emesln\u00e1 v\u00fdroba a prodej d\u0159ev\u011bn\u00fdch misek, v\u00e1z, kv\u011btn\u00edk\u016f a dal\u0161\u00edch d\u0159ev\u011bn\u00fdch nejenom soustru\u017een\u00fdch v\u00fdrobk\u016f.\",\"potentialAction\":[{\"@type\":\"SearchAction\",\"target\":{\"@type\":\"EntryPoint\",\"urlTemplate\":\"https:\\\/\\\/woodpunk.cz\\\/?s={search_term_string}\"},\"query-input\":{\"@type\":\"PropertyValueSpecification\",\"valueRequired\":true,\"valueName\":\"search_term_string\"}}],\"inLanguage\":\"en-US\"},{\"@type\":\"Organization\",\"@id\":\"https:\\\/\\\/woodpunk.cz\\\/#organization\",\"name\":\"WOOD PUNK\",\"alternateName\":\"\u0158emesln\u00e1 v\u00fdroba d\u0159ev\u011bn\u00fdch misek, v\u00e1z, kv\u011btn\u00edk\u016f a dal\u0161\u00edch d\u0159ev\u011bn\u00fdch nejenom soustru\u017een\u00fdch v\u00fdrobk\u016f.\",\"url\":\"https:\\\/\\\/woodpunk.cz\\\/\",\"logo\":{\"@type\":\"ImageObject\",\"inLanguage\":\"en-US\",\"@id\":\"https:\\\/\\\/woodpunk.cz\\\/#\\\/schema\\\/logo\\\/image\\\/\",\"url\":\"https:\\\/\\\/woodpunk.cz\\\/wp-content\\\/uploads\\\/2024\\\/04\\\/woodpunk_logo_260x213_f1f1f1ff.png\",\"contentUrl\":\"https:\\\/\\\/woodpunk.cz\\\/wp-content\\\/uploads\\\/2024\\\/04\\\/woodpunk_logo_260x213_f1f1f1ff.png\",\"width\":260,\"height\":213,\"caption\":\"WOOD PUNK\"},\"image\":{\"@id\":\"https:\\\/\\\/woodpunk.cz\\\/#\\\/schema\\\/logo\\\/image\\\/\"},\"sameAs\":[\"https:\\\/\\\/www.facebook.com\\\/JL.WoodPunk\",\"https:\\\/\\\/www.instagram.com\\\/jlwoodpunk\\\/\",\"https:\\\/\\\/www.youtube.com\\\/channel\\\/UCbpihje-owPtI1dpoNOqkyA\"]}]}<\/script>\n<!-- \/ Yoast SEO plugin. -->","yoast_head_json":{"title":"Jasanov\u00e1 m\u00edsa (275x95 mm) | WOOD PUNK","robots":{"index":"index","follow":"follow","max-snippet":"max-snippet:-1","max-image-preview":"max-image-preview:large","max-video-preview":"max-video-preview:-1"},"canonical":"https:\/\/woodpunk.cz\/en\/product\/jasanova-misa-275x95-mm\/","og_locale":"en_US","og_type":"article","og_title":"Jasanov\u00e1 m\u00edsa (275x95 mm) | WOOD PUNK","og_description":"[ad_1] &nbsp; #WoodPunk #Jasan #Ash &nbsp; [ad_2] Facebook","og_url":"https:\/\/woodpunk.cz\/en\/product\/jasanova-misa-275x95-mm\/","og_site_name":"WOOD PUNK","article_publisher":"https:\/\/www.facebook.com\/JL.WoodPunk","article_modified_time":"2025-05-30T10:30:57+00:00","og_image":[{"width":593,"height":395,"url":"https:\/\/woodpunk.cz\/wp-content\/uploads\/2023\/12\/Jasanova-misa-275x95-mm.jpg","type":"image\/jpeg"}],"twitter_card":"summary_large_image","twitter_misc":{"Est. reading time":"2 minutes"},"schema":{"@context":"https:\/\/schema.org","@graph":[{"@type":"WebPage","@id":"https:\/\/woodpunk.cz\/produkt\/jasanova-misa-275x95-mm\/","url":"https:\/\/woodpunk.cz\/produkt\/jasanova-misa-275x95-mm\/","name":"Jasanov\u00e1 m\u00edsa (275x95 mm) | WOOD PUNK","isPartOf":{"@id":"https:\/\/woodpunk.cz\/#website"},"primaryImageOfPage":{"@id":"https:\/\/woodpunk.cz\/produkt\/jasanova-misa-275x95-mm\/#primaryimage"},"image":{"@id":"https:\/\/woodpunk.cz\/produkt\/jasanova-misa-275x95-mm\/#primaryimage"},"thumbnailUrl":"https:\/\/woodpunk.cz\/wp-content\/uploads\/2023\/12\/Jasanova-misa-275x95-mm.jpg","datePublished":"2023-12-01T10:47:32+00:00","dateModified":"2025-05-30T10:30:57+00:00","breadcrumb":{"@id":"https:\/\/woodpunk.cz\/produkt\/jasanova-misa-275x95-mm\/#breadcrumb"},"inLanguage":"en-US","potentialAction":[{"@type":"ReadAction","target":["https:\/\/woodpunk.cz\/produkt\/jasanova-misa-275x95-mm\/"]}]},{"@type":"ImageObject","inLanguage":"en-US","@id":"https:\/\/woodpunk.cz\/produkt\/jasanova-misa-275x95-mm\/#primaryimage","url":"https:\/\/woodpunk.cz\/wp-content\/uploads\/2023\/12\/Jasanova-misa-275x95-mm.jpg","contentUrl":"https:\/\/woodpunk.cz\/wp-content\/uploads\/2023\/12\/Jasanova-misa-275x95-mm.jpg","width":593,"height":395},{"@type":"BreadcrumbList","@id":"https:\/\/woodpunk.cz\/produkt\/jasanova-misa-275x95-mm\/#breadcrumb","itemListElement":[{"@type":"ListItem","position":1,"name":"Dom\u016f","item":"https:\/\/woodpunk.cz\/"},{"@type":"ListItem","position":2,"name":"Obchod s d\u0159ev\u011bn\u00fdmi miskami a v\u00fdrobky z masivn\u00edho d\u0159eva","item":"https:\/\/woodpunk.cz\/drevene-misky-a-vyrobky-ze-dreva\/"},{"@type":"ListItem","position":3,"name":"Jasanov\u00e1 m\u00edsa (275&#215;95 mm)"}]},{"@type":"WebSite","@id":"https:\/\/woodpunk.cz\/#website","url":"https:\/\/woodpunk.cz\/","name":"WOOD PUNK","description":"","publisher":{"@id":"https:\/\/woodpunk.cz\/#organization"},"alternateName":"\u0158emesln\u00e1 v\u00fdroba a prodej d\u0159ev\u011bn\u00fdch misek, v\u00e1z, kv\u011btn\u00edk\u016f a dal\u0161\u00edch d\u0159ev\u011bn\u00fdch nejenom soustru\u017een\u00fdch v\u00fdrobk\u016f.","potentialAction":[{"@type":"SearchAction","target":{"@type":"EntryPoint","urlTemplate":"https:\/\/woodpunk.cz\/?s={search_term_string}"},"query-input":{"@type":"PropertyValueSpecification","valueRequired":true,"valueName":"search_term_string"}}],"inLanguage":"en-US"},{"@type":"Organization","@id":"https:\/\/woodpunk.cz\/#organization","name":"WOOD PUNK","alternateName":"\u0158emesln\u00e1 v\u00fdroba d\u0159ev\u011bn\u00fdch misek, v\u00e1z, kv\u011btn\u00edk\u016f a dal\u0161\u00edch d\u0159ev\u011bn\u00fdch nejenom soustru\u017een\u00fdch v\u00fdrobk\u016f.","url":"https:\/\/woodpunk.cz\/","logo":{"@type":"ImageObject","inLanguage":"en-US","@id":"https:\/\/woodpunk.cz\/#\/schema\/logo\/image\/","url":"https:\/\/woodpunk.cz\/wp-content\/uploads\/2024\/04\/woodpunk_logo_260x213_f1f1f1ff.png","contentUrl":"https:\/\/woodpunk.cz\/wp-content\/uploads\/2024\/04\/woodpunk_logo_260x213_f1f1f1ff.png","width":260,"height":213,"caption":"WOOD PUNK"},"image":{"@id":"https:\/\/woodpunk.cz\/#\/schema\/logo\/image\/"},"sameAs":["https:\/\/www.facebook.com\/JL.WoodPunk","https:\/\/www.instagram.com\/jlwoodpunk\/","https:\/\/www.youtube.com\/channel\/UCbpihje-owPtI1dpoNOqkyA"]}]}},"_links":{"self":[{"href":"https:\/\/woodpunk.cz\/en\/wp-json\/wp\/v2\/product\/1516","targetHints":{"allow":["GET"]}}],"collection":[{"href":"https:\/\/woodpunk.cz\/en\/wp-json\/wp\/v2\/product"}],"about":[{"href":"https:\/\/woodpunk.cz\/en\/wp-json\/wp\/v2\/types\/product"}],"wp:featuredmedia":[{"embeddable":true,"href":"https:\/\/woodpunk.cz\/en\/wp-json\/wp\/v2\/media\/1514"}],"wp:attachment":[{"href":"https:\/\/woodpunk.cz\/en\/wp-json\/wp\/v2\/media?parent=1516"}],"wp:term":[{"taxonomy":"product_brand","embeddable":true,"href":"https:\/\/woodpunk.cz\/en\/wp-json\/wp\/v2\/product_brand?post=1516"},{"taxonomy":"product_cat","embeddable":true,"href":"https:\/\/woodpunk.cz\/en\/wp-json\/wp\/v2\/product_cat?post=1516"},{"taxonomy":"product_tag","embeddable":true,"href":"https:\/\/woodpunk.cz\/en\/wp-json\/wp\/v2\/product_tag?post=1516"}],"curies":[{"name":"wp","href":"https:\/\/api.w.org\/{rel}","templated":true}]}}