{"id":1511,"date":"2023-11-30T15:38:05","date_gmt":"2023-11-30T14:38:05","guid":{"rendered":"https:\/\/www.woodpunk.cz\/?p=1511"},"modified":"2025-05-30T12:30:57","modified_gmt":"2025-05-30T10:30:57","slug":"jilmova-miska-20x9-cm","status":"publish","type":"product","link":"https:\/\/woodpunk.cz\/en\/product\/jilmova-miska-20x9-cm\/","title":{"rendered":"Jilmov\u00e1 miska (20&#215;9 cm)"},"content":{"rendered":"\r\n<p><a href=\"https:\/\/www.facebook.com\/hashtag\/woodpunk?__eep__=6&amp;__cft__[0]=AZXrGNO87vI5mgI2HyNhirDwTGo44ggMfpl3OVX54Fw6Xdz6sMyMSY9RFQQlss0EnjGm8MknpntBJNPSnd0r0OPpnPTQPgtwSj17etAOBgVH7cvOawGlOfXMaiJZFNHE06sl_-xH3wVDbrnXMrlS81WKFZu4nNOGm6O7EFvY5PLUFDPboZzhdYrFUEy7Re5oQwM&amp;__tn__=*NK-R\">#WoodPunk<\/a><a href=\"https:\/\/www.facebook.com\/hashtag\/jilm?__eep__=6&amp;__cft__[0]=AZXrGNO87vI5mgI2HyNhirDwTGo44ggMfpl3OVX54Fw6Xdz6sMyMSY9RFQQlss0EnjGm8MknpntBJNPSnd0r0OPpnPTQPgtwSj17etAOBgVH7cvOawGlOfXMaiJZFNHE06sl_-xH3wVDbrnXMrlS81WKFZu4nNOGm6O7EFvY5PLUFDPboZzhdYrFUEy7Re5oQwM&amp;__tn__=*NK-R\">#Jilm<\/a><a href=\"https:\/\/www.facebook.com\/hashtag\/elm?__eep__=6&amp;__cft__[0]=AZXrGNO87vI5mgI2HyNhirDwTGo44ggMfpl3OVX54Fw6Xdz6sMyMSY9RFQQlss0EnjGm8MknpntBJNPSnd0r0OPpnPTQPgtwSj17etAOBgVH7cvOawGlOfXMaiJZFNHE06sl_-xH3wVDbrnXMrlS81WKFZu4nNOGm6O7EFvY5PLUFDPboZzhdYrFUEy7Re5oQwM&amp;__tn__=*NK-R\">#Elm<\/a><\/p>\r\n\r\n\r\n\r\n<figure class=\"wp-block-image size-large\"><img loading=\"lazy\" decoding=\"async\" width=\"1024\" height=\"768\" class=\"wp-image-1505\" src=\"https:\/\/www.woodpunk.cz\/wp-content\/uploads\/2023\/11\/image-1024x768.png\" alt=\"\" srcset=\"https:\/\/woodpunk.cz\/wp-content\/uploads\/2023\/11\/image-1024x768.png 1024w, https:\/\/woodpunk.cz\/wp-content\/uploads\/2023\/11\/image-300x225.png 300w, https:\/\/woodpunk.cz\/wp-content\/uploads\/2023\/11\/image-600x450.png 600w, https:\/\/woodpunk.cz\/wp-content\/uploads\/2023\/11\/image-768x576.png 768w, https:\/\/woodpunk.cz\/wp-content\/uploads\/2023\/11\/image-1536x1152.png 1536w, https:\/\/woodpunk.cz\/wp-content\/uploads\/2023\/11\/image-16x12.png 16w, https:\/\/woodpunk.cz\/wp-content\/uploads\/2023\/11\/image.png 2048w\" sizes=\"auto, (max-width: 1024px) 100vw, 1024px\" \/><\/figure>\r\n\r\n\r\n\r\n<figure class=\"wp-block-image size-large\"><img loading=\"lazy\" decoding=\"async\" width=\"1024\" height=\"768\" class=\"wp-image-1506\" src=\"https:\/\/www.woodpunk.cz\/wp-content\/uploads\/2023\/11\/image-1-1024x768.png\" alt=\"\" srcset=\"https:\/\/woodpunk.cz\/wp-content\/uploads\/2023\/11\/image-1-1024x768.png 1024w, https:\/\/woodpunk.cz\/wp-content\/uploads\/2023\/11\/image-1-300x225.png 300w, https:\/\/woodpunk.cz\/wp-content\/uploads\/2023\/11\/image-1-600x450.png 600w, https:\/\/woodpunk.cz\/wp-content\/uploads\/2023\/11\/image-1-768x576.png 768w, https:\/\/woodpunk.cz\/wp-content\/uploads\/2023\/11\/image-1-1536x1152.png 1536w, https:\/\/woodpunk.cz\/wp-content\/uploads\/2023\/11\/image-1-16x12.png 16w, https:\/\/woodpunk.cz\/wp-content\/uploads\/2023\/11\/image-1.png 2048w\" sizes=\"auto, (max-width: 1024px) 100vw, 1024px\" \/><\/figure>\r\n\r\n\r\n\r\n<figure class=\"wp-block-image size-large\"><img loading=\"lazy\" decoding=\"async\" width=\"1024\" height=\"768\" class=\"wp-image-1507\" src=\"https:\/\/www.woodpunk.cz\/wp-content\/uploads\/2023\/11\/image-2-1024x768.png\" alt=\"\" srcset=\"https:\/\/woodpunk.cz\/wp-content\/uploads\/2023\/11\/image-2-1024x768.png 1024w, https:\/\/woodpunk.cz\/wp-content\/uploads\/2023\/11\/image-2-300x225.png 300w, https:\/\/woodpunk.cz\/wp-content\/uploads\/2023\/11\/image-2-600x450.png 600w, https:\/\/woodpunk.cz\/wp-content\/uploads\/2023\/11\/image-2-768x576.png 768w, https:\/\/woodpunk.cz\/wp-content\/uploads\/2023\/11\/image-2-1536x1152.png 1536w, https:\/\/woodpunk.cz\/wp-content\/uploads\/2023\/11\/image-2-16x12.png 16w, https:\/\/woodpunk.cz\/wp-content\/uploads\/2023\/11\/image-2.png 2048w\" sizes=\"auto, (max-width: 1024px) 100vw, 1024px\" \/><\/figure>\r\n\r\n\r\n\r\n<figure class=\"wp-block-image size-large\"><img loading=\"lazy\" decoding=\"async\" width=\"1024\" height=\"768\" class=\"wp-image-1508\" src=\"https:\/\/www.woodpunk.cz\/wp-content\/uploads\/2023\/11\/image-3-1024x768.png\" alt=\"\" srcset=\"https:\/\/woodpunk.cz\/wp-content\/uploads\/2023\/11\/image-3-1024x768.png 1024w, https:\/\/woodpunk.cz\/wp-content\/uploads\/2023\/11\/image-3-300x225.png 300w, https:\/\/woodpunk.cz\/wp-content\/uploads\/2023\/11\/image-3-600x450.png 600w, https:\/\/woodpunk.cz\/wp-content\/uploads\/2023\/11\/image-3-768x576.png 768w, https:\/\/woodpunk.cz\/wp-content\/uploads\/2023\/11\/image-3-1536x1152.png 1536w, https:\/\/woodpunk.cz\/wp-content\/uploads\/2023\/11\/image-3-16x12.png 16w, https:\/\/woodpunk.cz\/wp-content\/uploads\/2023\/11\/image-3.png 2048w\" sizes=\"auto, (max-width: 1024px) 100vw, 1024px\" \/><\/figure>\r\n\r\n\r\n\r\n<figure class=\"wp-block-image size-full\"><img loading=\"lazy\" decoding=\"async\" width=\"960\" height=\"720\" class=\"wp-image-1509\" src=\"https:\/\/www.woodpunk.cz\/wp-content\/uploads\/2023\/11\/image-4.png\" alt=\"\" srcset=\"https:\/\/woodpunk.cz\/wp-content\/uploads\/2023\/11\/image-4.png 960w, https:\/\/woodpunk.cz\/wp-content\/uploads\/2023\/11\/image-4-300x225.png 300w, https:\/\/woodpunk.cz\/wp-content\/uploads\/2023\/11\/image-4-600x450.png 600w, https:\/\/woodpunk.cz\/wp-content\/uploads\/2023\/11\/image-4-768x576.png 768w, https:\/\/woodpunk.cz\/wp-content\/uploads\/2023\/11\/image-4-16x12.png 16w\" sizes=\"auto, (max-width: 960px) 100vw, 960px\" \/><\/figure>\r\n\r\n\r\n\r\n<p>&nbsp;<\/p>\r\n","protected":false},"excerpt":{"rendered":"<p>#WoodPunk#Jilm#Elm &nbsp;<\/p>","protected":false},"featured_media":1505,"template":"","meta":{"_editorskit_title_hidden":false,"_editorskit_reading_time":0,"_editorskit_is_block_options_detached":false,"_editorskit_block_options_position":"{}"},"product_brand":[394],"product_cat":[78],"product_tag":[],"class_list":{"0":"post-1511","1":"product","2":"type-product","3":"status-publish","4":"has-post-thumbnail","6":"product_brand-wood-punk","7":"product_cat-drevene-misky","8":"pa_material-jilm","10":"entry","11":"has-media","13":"first","14":"outofstock","15":"shipping-taxable","16":"purchasable","17":"product-type-simple","18":"col","19":"span_1_of_5","20":"owp-content-center","21":"owp-thumbs-layout-horizontal","22":"owp-btn-normal","23":"owp-tabs-layout-horizontal","24":"has-no-thumbnails"},"yoast_head":"<!-- This site is optimized with the Yoast SEO plugin v27.4 - https:\/\/yoast.com\/product\/yoast-seo-wordpress\/ -->\n<title>Jilmov\u00e1 miska (20x9 cm) | WOOD PUNK<\/title>\n<meta name=\"robots\" content=\"index, follow, max-snippet:-1, max-image-preview:large, max-video-preview:-1\" \/>\n<link rel=\"canonical\" href=\"https:\/\/woodpunk.cz\/en\/product\/jilmova-miska-20x9-cm\/\" \/>\n<meta property=\"og:locale\" content=\"en_US\" \/>\n<meta property=\"og:type\" content=\"article\" \/>\n<meta property=\"og:title\" content=\"Jilmov\u00e1 miska (20x9 cm) | WOOD PUNK\" \/>\n<meta property=\"og:description\" content=\"#WoodPunk#Jilm#Elm &nbsp;\" \/>\n<meta property=\"og:url\" content=\"https:\/\/woodpunk.cz\/en\/product\/jilmova-miska-20x9-cm\/\" \/>\n<meta property=\"og:site_name\" content=\"WOOD PUNK\" \/>\n<meta property=\"article:publisher\" content=\"https:\/\/www.facebook.com\/JL.WoodPunk\" \/>\n<meta property=\"article:modified_time\" content=\"2025-05-30T10:30:57+00:00\" \/>\n<meta property=\"og:image\" content=\"https:\/\/woodpunk.cz\/wp-content\/uploads\/2023\/11\/image-1024x768.png\" \/>\n\t<meta property=\"og:image:width\" content=\"1024\" \/>\n\t<meta property=\"og:image:height\" content=\"768\" \/>\n\t<meta property=\"og:image:type\" content=\"image\/png\" \/>\n<meta name=\"twitter:card\" content=\"summary_large_image\" \/>\n<meta name=\"twitter:label1\" content=\"Est. reading time\" \/>\n\t<meta name=\"twitter:data1\" content=\"2 minutes\" \/>\n<script type=\"application\/ld+json\" class=\"yoast-schema-graph\">{\"@context\":\"https:\\\/\\\/schema.org\",\"@graph\":[{\"@type\":\"WebPage\",\"@id\":\"https:\\\/\\\/woodpunk.cz\\\/produkt\\\/jilmova-miska-20x9-cm\\\/\",\"url\":\"https:\\\/\\\/woodpunk.cz\\\/produkt\\\/jilmova-miska-20x9-cm\\\/\",\"name\":\"Jilmov\u00e1 miska (20x9 cm) | WOOD PUNK\",\"isPartOf\":{\"@id\":\"https:\\\/\\\/woodpunk.cz\\\/#website\"},\"primaryImageOfPage\":{\"@id\":\"https:\\\/\\\/woodpunk.cz\\\/produkt\\\/jilmova-miska-20x9-cm\\\/#primaryimage\"},\"image\":{\"@id\":\"https:\\\/\\\/woodpunk.cz\\\/produkt\\\/jilmova-miska-20x9-cm\\\/#primaryimage\"},\"thumbnailUrl\":\"https:\\\/\\\/woodpunk.cz\\\/wp-content\\\/uploads\\\/2023\\\/11\\\/image.png\",\"datePublished\":\"2023-11-30T14:38:05+00:00\",\"dateModified\":\"2025-05-30T10:30:57+00:00\",\"breadcrumb\":{\"@id\":\"https:\\\/\\\/woodpunk.cz\\\/produkt\\\/jilmova-miska-20x9-cm\\\/#breadcrumb\"},\"inLanguage\":\"en-US\",\"potentialAction\":[{\"@type\":\"ReadAction\",\"target\":[\"https:\\\/\\\/woodpunk.cz\\\/produkt\\\/jilmova-miska-20x9-cm\\\/\"]}]},{\"@type\":\"ImageObject\",\"inLanguage\":\"en-US\",\"@id\":\"https:\\\/\\\/woodpunk.cz\\\/produkt\\\/jilmova-miska-20x9-cm\\\/#primaryimage\",\"url\":\"https:\\\/\\\/woodpunk.cz\\\/wp-content\\\/uploads\\\/2023\\\/11\\\/image.png\",\"contentUrl\":\"https:\\\/\\\/woodpunk.cz\\\/wp-content\\\/uploads\\\/2023\\\/11\\\/image.png\",\"width\":2048,\"height\":1536},{\"@type\":\"BreadcrumbList\",\"@id\":\"https:\\\/\\\/woodpunk.cz\\\/produkt\\\/jilmova-miska-20x9-cm\\\/#breadcrumb\",\"itemListElement\":[{\"@type\":\"ListItem\",\"position\":1,\"name\":\"Dom\u016f\",\"item\":\"https:\\\/\\\/woodpunk.cz\\\/\"},{\"@type\":\"ListItem\",\"position\":2,\"name\":\"Obchod s d\u0159ev\u011bn\u00fdmi miskami a v\u00fdrobky z masivn\u00edho d\u0159eva\",\"item\":\"https:\\\/\\\/woodpunk.cz\\\/drevene-misky-a-vyrobky-ze-dreva\\\/\"},{\"@type\":\"ListItem\",\"position\":3,\"name\":\"Jilmov\u00e1 miska (20&#215;9 cm)\"}]},{\"@type\":\"WebSite\",\"@id\":\"https:\\\/\\\/woodpunk.cz\\\/#website\",\"url\":\"https:\\\/\\\/woodpunk.cz\\\/\",\"name\":\"WOOD PUNK\",\"description\":\"\",\"publisher\":{\"@id\":\"https:\\\/\\\/woodpunk.cz\\\/#organization\"},\"alternateName\":\"\u0158emesln\u00e1 v\u00fdroba a prodej d\u0159ev\u011bn\u00fdch misek, v\u00e1z, kv\u011btn\u00edk\u016f a dal\u0161\u00edch d\u0159ev\u011bn\u00fdch nejenom soustru\u017een\u00fdch v\u00fdrobk\u016f.\",\"potentialAction\":[{\"@type\":\"SearchAction\",\"target\":{\"@type\":\"EntryPoint\",\"urlTemplate\":\"https:\\\/\\\/woodpunk.cz\\\/?s={search_term_string}\"},\"query-input\":{\"@type\":\"PropertyValueSpecification\",\"valueRequired\":true,\"valueName\":\"search_term_string\"}}],\"inLanguage\":\"en-US\"},{\"@type\":\"Organization\",\"@id\":\"https:\\\/\\\/woodpunk.cz\\\/#organization\",\"name\":\"WOOD PUNK\",\"alternateName\":\"\u0158emesln\u00e1 v\u00fdroba d\u0159ev\u011bn\u00fdch misek, v\u00e1z, kv\u011btn\u00edk\u016f a dal\u0161\u00edch d\u0159ev\u011bn\u00fdch nejenom soustru\u017een\u00fdch v\u00fdrobk\u016f.\",\"url\":\"https:\\\/\\\/woodpunk.cz\\\/\",\"logo\":{\"@type\":\"ImageObject\",\"inLanguage\":\"en-US\",\"@id\":\"https:\\\/\\\/woodpunk.cz\\\/#\\\/schema\\\/logo\\\/image\\\/\",\"url\":\"https:\\\/\\\/woodpunk.cz\\\/wp-content\\\/uploads\\\/2024\\\/04\\\/woodpunk_logo_260x213_f1f1f1ff.png\",\"contentUrl\":\"https:\\\/\\\/woodpunk.cz\\\/wp-content\\\/uploads\\\/2024\\\/04\\\/woodpunk_logo_260x213_f1f1f1ff.png\",\"width\":260,\"height\":213,\"caption\":\"WOOD PUNK\"},\"image\":{\"@id\":\"https:\\\/\\\/woodpunk.cz\\\/#\\\/schema\\\/logo\\\/image\\\/\"},\"sameAs\":[\"https:\\\/\\\/www.facebook.com\\\/JL.WoodPunk\",\"https:\\\/\\\/www.instagram.com\\\/jlwoodpunk\\\/\",\"https:\\\/\\\/www.youtube.com\\\/channel\\\/UCbpihje-owPtI1dpoNOqkyA\"]}]}<\/script>\n<!-- \/ Yoast SEO plugin. -->","yoast_head_json":{"title":"Jilmov\u00e1 miska (20x9 cm) | WOOD PUNK","robots":{"index":"index","follow":"follow","max-snippet":"max-snippet:-1","max-image-preview":"max-image-preview:large","max-video-preview":"max-video-preview:-1"},"canonical":"https:\/\/woodpunk.cz\/en\/product\/jilmova-miska-20x9-cm\/","og_locale":"en_US","og_type":"article","og_title":"Jilmov\u00e1 miska (20x9 cm) | WOOD PUNK","og_description":"#WoodPunk#Jilm#Elm &nbsp;","og_url":"https:\/\/woodpunk.cz\/en\/product\/jilmova-miska-20x9-cm\/","og_site_name":"WOOD PUNK","article_publisher":"https:\/\/www.facebook.com\/JL.WoodPunk","article_modified_time":"2025-05-30T10:30:57+00:00","og_image":[{"width":1024,"height":768,"url":"https:\/\/woodpunk.cz\/wp-content\/uploads\/2023\/11\/image-1024x768.png","type":"image\/png"}],"twitter_card":"summary_large_image","twitter_misc":{"Est. reading time":"2 minutes"},"schema":{"@context":"https:\/\/schema.org","@graph":[{"@type":"WebPage","@id":"https:\/\/woodpunk.cz\/produkt\/jilmova-miska-20x9-cm\/","url":"https:\/\/woodpunk.cz\/produkt\/jilmova-miska-20x9-cm\/","name":"Jilmov\u00e1 miska (20x9 cm) | WOOD PUNK","isPartOf":{"@id":"https:\/\/woodpunk.cz\/#website"},"primaryImageOfPage":{"@id":"https:\/\/woodpunk.cz\/produkt\/jilmova-miska-20x9-cm\/#primaryimage"},"image":{"@id":"https:\/\/woodpunk.cz\/produkt\/jilmova-miska-20x9-cm\/#primaryimage"},"thumbnailUrl":"https:\/\/woodpunk.cz\/wp-content\/uploads\/2023\/11\/image.png","datePublished":"2023-11-30T14:38:05+00:00","dateModified":"2025-05-30T10:30:57+00:00","breadcrumb":{"@id":"https:\/\/woodpunk.cz\/produkt\/jilmova-miska-20x9-cm\/#breadcrumb"},"inLanguage":"en-US","potentialAction":[{"@type":"ReadAction","target":["https:\/\/woodpunk.cz\/produkt\/jilmova-miska-20x9-cm\/"]}]},{"@type":"ImageObject","inLanguage":"en-US","@id":"https:\/\/woodpunk.cz\/produkt\/jilmova-miska-20x9-cm\/#primaryimage","url":"https:\/\/woodpunk.cz\/wp-content\/uploads\/2023\/11\/image.png","contentUrl":"https:\/\/woodpunk.cz\/wp-content\/uploads\/2023\/11\/image.png","width":2048,"height":1536},{"@type":"BreadcrumbList","@id":"https:\/\/woodpunk.cz\/produkt\/jilmova-miska-20x9-cm\/#breadcrumb","itemListElement":[{"@type":"ListItem","position":1,"name":"Dom\u016f","item":"https:\/\/woodpunk.cz\/"},{"@type":"ListItem","position":2,"name":"Obchod s d\u0159ev\u011bn\u00fdmi miskami a v\u00fdrobky z masivn\u00edho d\u0159eva","item":"https:\/\/woodpunk.cz\/drevene-misky-a-vyrobky-ze-dreva\/"},{"@type":"ListItem","position":3,"name":"Jilmov\u00e1 miska (20&#215;9 cm)"}]},{"@type":"WebSite","@id":"https:\/\/woodpunk.cz\/#website","url":"https:\/\/woodpunk.cz\/","name":"WOOD PUNK","description":"","publisher":{"@id":"https:\/\/woodpunk.cz\/#organization"},"alternateName":"\u0158emesln\u00e1 v\u00fdroba a prodej d\u0159ev\u011bn\u00fdch misek, v\u00e1z, kv\u011btn\u00edk\u016f a dal\u0161\u00edch d\u0159ev\u011bn\u00fdch nejenom soustru\u017een\u00fdch v\u00fdrobk\u016f.","potentialAction":[{"@type":"SearchAction","target":{"@type":"EntryPoint","urlTemplate":"https:\/\/woodpunk.cz\/?s={search_term_string}"},"query-input":{"@type":"PropertyValueSpecification","valueRequired":true,"valueName":"search_term_string"}}],"inLanguage":"en-US"},{"@type":"Organization","@id":"https:\/\/woodpunk.cz\/#organization","name":"WOOD PUNK","alternateName":"\u0158emesln\u00e1 v\u00fdroba d\u0159ev\u011bn\u00fdch misek, v\u00e1z, kv\u011btn\u00edk\u016f a dal\u0161\u00edch d\u0159ev\u011bn\u00fdch nejenom soustru\u017een\u00fdch v\u00fdrobk\u016f.","url":"https:\/\/woodpunk.cz\/","logo":{"@type":"ImageObject","inLanguage":"en-US","@id":"https:\/\/woodpunk.cz\/#\/schema\/logo\/image\/","url":"https:\/\/woodpunk.cz\/wp-content\/uploads\/2024\/04\/woodpunk_logo_260x213_f1f1f1ff.png","contentUrl":"https:\/\/woodpunk.cz\/wp-content\/uploads\/2024\/04\/woodpunk_logo_260x213_f1f1f1ff.png","width":260,"height":213,"caption":"WOOD PUNK"},"image":{"@id":"https:\/\/woodpunk.cz\/#\/schema\/logo\/image\/"},"sameAs":["https:\/\/www.facebook.com\/JL.WoodPunk","https:\/\/www.instagram.com\/jlwoodpunk\/","https:\/\/www.youtube.com\/channel\/UCbpihje-owPtI1dpoNOqkyA"]}]}},"_links":{"self":[{"href":"https:\/\/woodpunk.cz\/en\/wp-json\/wp\/v2\/product\/1511","targetHints":{"allow":["GET"]}}],"collection":[{"href":"https:\/\/woodpunk.cz\/en\/wp-json\/wp\/v2\/product"}],"about":[{"href":"https:\/\/woodpunk.cz\/en\/wp-json\/wp\/v2\/types\/product"}],"wp:featuredmedia":[{"embeddable":true,"href":"https:\/\/woodpunk.cz\/en\/wp-json\/wp\/v2\/media\/1505"}],"wp:attachment":[{"href":"https:\/\/woodpunk.cz\/en\/wp-json\/wp\/v2\/media?parent=1511"}],"wp:term":[{"taxonomy":"product_brand","embeddable":true,"href":"https:\/\/woodpunk.cz\/en\/wp-json\/wp\/v2\/product_brand?post=1511"},{"taxonomy":"product_cat","embeddable":true,"href":"https:\/\/woodpunk.cz\/en\/wp-json\/wp\/v2\/product_cat?post=1511"},{"taxonomy":"product_tag","embeddable":true,"href":"https:\/\/woodpunk.cz\/en\/wp-json\/wp\/v2\/product_tag?post=1511"}],"curies":[{"name":"wp","href":"https:\/\/api.w.org\/{rel}","templated":true}]}}