{"id":1486,"date":"2022-12-30T18:06:39","date_gmt":"2022-12-30T17:06:39","guid":{"rendered":"https:\/\/www.woodpunk.cz\/jilmova-miska-24x5-cm-2\/"},"modified":"2025-05-30T12:33:59","modified_gmt":"2025-05-30T10:33:59","slug":"jilmova-miska-24x5-cm-2","status":"publish","type":"product","link":"https:\/\/woodpunk.cz\/en\/product\/jilmova-miska-24x5-cm-2\/","title":{"rendered":"Jilmov\u00e1 miska (24&#215;5 cm)"},"content":{"rendered":"<p>Masivn\u00ed miska z jilmov\u00e9ho d\u0159eva s kr\u00e1snou divokou kresbou a jemn\u00fdmi prasklinkami.<\/p>\n<p>Povrchov\u00e1 \u00faprava: <a href=\"https:\/\/woodpunk.cz\/povrchova-uprava\/ludvies-oil-pure\/\">Ludvie&#8217;s Oil Pure<\/a>.<\/p>\n<p>[ad_1]<\/p>\n<p><a href=\"https:\/\/www.woodpunk.cz\/wp-content\/uploads\/2023\/11\/Jilmova-miska-24x5-cm.jpg\"><img loading=\"lazy\" decoding=\"async\" class=\"wp_automatic_fb_img alignnone\" src=\"https:\/\/www.woodpunk.cz\/wp-content\/uploads\/2023\/11\/Jilmova-miska-24x5-cm.jpg\" alt=\"Masivn\u00ed miska z jilmov\u00e9ho d\u0159eva s kr\u00e1snou divokou kresbou a jemn\u00fdmi prasklinkami.\" width=\"2048\" height=\"1704\" \/><\/a><br \/>\n<a href=\"https:\/\/www.woodpunk.cz\/wp-content\/uploads\/2023\/11\/1700356408_605_Jilmova-miska-24x5-cm.jpg\"><img decoding=\"async\" class=\"wp_automatic_fb_img\" title=\"\" src=\"https:\/\/www.woodpunk.cz\/wp-content\/uploads\/2023\/11\/1700356408_605_Jilmova-miska-24x5-cm.jpg\" \/><\/a><br \/>\n<a href=\"https:\/\/www.woodpunk.cz\/wp-content\/uploads\/2023\/11\/1700356418_381_Jilmova-miska-24x5-cm.jpg\"><img decoding=\"async\" class=\"wp_automatic_fb_img\" title=\"\" src=\"https:\/\/www.woodpunk.cz\/wp-content\/uploads\/2023\/11\/1700356418_381_Jilmova-miska-24x5-cm.jpg\" \/><\/a><br \/>\n<a href=\"https:\/\/www.woodpunk.cz\/wp-content\/uploads\/2023\/11\/1700356428_753_Jilmova-miska-24x5-cm.jpg\"><img decoding=\"async\" class=\"wp_automatic_fb_img\" title=\"\" src=\"https:\/\/www.woodpunk.cz\/wp-content\/uploads\/2023\/11\/1700356428_753_Jilmova-miska-24x5-cm.jpg\" \/><\/a><br \/>\n<a href=\"https:\/\/www.woodpunk.cz\/wp-content\/uploads\/2023\/11\/1700356438_363_Jilmova-miska-24x5-cm.jpg\"><img decoding=\"async\" class=\"wp_automatic_fb_img\" title=\"\" src=\"https:\/\/www.woodpunk.cz\/wp-content\/uploads\/2023\/11\/1700356438_363_Jilmova-miska-24x5-cm.jpg\" \/><\/a><br \/>\n[ad_2]<\/p>\n<p><a href=\"https:\/\/www.facebook.com\/102759909132214\/posts\/167747605966777\">Facebook<\/a><\/p>\n","protected":false},"excerpt":{"rendered":"<p>Masivn\u00ed miska z jilmov\u00e9ho d\u0159eva s kr\u00e1snou divokou kresbou a jemn\u00fdmi prasklinkami. Povrchov\u00e1 \u00faprava: Ludvie&#8217;s Oil Pure. [ad_1] [ad_2] Facebook<\/p>\n","protected":false},"featured_media":1487,"template":"","meta":{"_editorskit_title_hidden":false,"_editorskit_reading_time":0,"_editorskit_is_block_options_detached":false,"_editorskit_block_options_position":"{}"},"product_brand":[394],"product_cat":[78],"product_tag":[],"class_list":{"0":"post-1486","1":"product","2":"type-product","3":"status-publish","4":"has-post-thumbnail","6":"product_brand-wood-punk","7":"product_cat-drevene-misky","8":"pa_material-jilm","9":"pa_povrchova-uprava-ludvies-oil-pure","11":"entry","12":"has-media","14":"first","15":"outofstock","16":"shipping-taxable","17":"purchasable","18":"product-type-simple","19":"col","20":"span_1_of_5","21":"owp-content-center","22":"owp-thumbs-layout-horizontal","23":"owp-btn-normal","24":"owp-tabs-layout-horizontal","25":"has-no-thumbnails"},"yoast_head":"<!-- This site is optimized with the Yoast SEO plugin v27.4 - https:\/\/yoast.com\/product\/yoast-seo-wordpress\/ -->\n<title>Masivn\u00ed miska z jilmov\u00e9ho d\u0159eva | WOOD PUNK<\/title>\n<meta name=\"description\" content=\"Masivn\u00ed miska z jilmov\u00e9ho d\u0159eva s kr\u00e1snou divokou kresbou a jemn\u00fdmi prasklinkami. Povrchov\u00e1 \u00faprava: Ludvie&#039;s Oil Pure.\" \/>\n<meta name=\"robots\" content=\"index, follow, max-snippet:-1, max-image-preview:large, max-video-preview:-1\" \/>\n<link rel=\"canonical\" href=\"https:\/\/woodpunk.cz\/en\/product\/jilmova-miska-24x5-cm-2\/\" \/>\n<meta property=\"og:locale\" content=\"en_US\" \/>\n<meta property=\"og:type\" content=\"article\" \/>\n<meta property=\"og:title\" content=\"Masivn\u00ed miska z jilmov\u00e9ho d\u0159eva | WOOD PUNK\" \/>\n<meta property=\"og:description\" content=\"Masivn\u00ed miska z jilmov\u00e9ho d\u0159eva s kr\u00e1snou divokou kresbou a jemn\u00fdmi prasklinkami. Povrchov\u00e1 \u00faprava: Ludvie&#039;s Oil Pure.\" \/>\n<meta property=\"og:url\" content=\"https:\/\/woodpunk.cz\/en\/product\/jilmova-miska-24x5-cm-2\/\" \/>\n<meta property=\"og:site_name\" content=\"WOOD PUNK\" \/>\n<meta property=\"article:publisher\" content=\"https:\/\/www.facebook.com\/JL.WoodPunk\" \/>\n<meta property=\"article:modified_time\" content=\"2025-05-30T10:33:59+00:00\" \/>\n<meta property=\"og:image\" content=\"https:\/\/woodpunk.cz\/wp-content\/uploads\/2023\/11\/Jilmova-miska-24x5-cm.jpg\" \/>\n\t<meta property=\"og:image:width\" content=\"2048\" \/>\n\t<meta property=\"og:image:height\" content=\"1704\" \/>\n\t<meta property=\"og:image:type\" content=\"image\/jpeg\" \/>\n<meta name=\"twitter:card\" content=\"summary_large_image\" \/>\n<meta name=\"twitter:label1\" content=\"Est. reading time\" \/>\n\t<meta name=\"twitter:data1\" content=\"2 minutes\" \/>\n<script type=\"application\/ld+json\" class=\"yoast-schema-graph\">{\"@context\":\"https:\\\/\\\/schema.org\",\"@graph\":[{\"@type\":\"WebPage\",\"@id\":\"https:\\\/\\\/woodpunk.cz\\\/produkt\\\/jilmova-miska-24x5-cm-2\\\/\",\"url\":\"https:\\\/\\\/woodpunk.cz\\\/produkt\\\/jilmova-miska-24x5-cm-2\\\/\",\"name\":\"Masivn\u00ed miska z jilmov\u00e9ho d\u0159eva | WOOD PUNK\",\"isPartOf\":{\"@id\":\"https:\\\/\\\/woodpunk.cz\\\/#website\"},\"primaryImageOfPage\":{\"@id\":\"https:\\\/\\\/woodpunk.cz\\\/produkt\\\/jilmova-miska-24x5-cm-2\\\/#primaryimage\"},\"image\":{\"@id\":\"https:\\\/\\\/woodpunk.cz\\\/produkt\\\/jilmova-miska-24x5-cm-2\\\/#primaryimage\"},\"thumbnailUrl\":\"https:\\\/\\\/woodpunk.cz\\\/wp-content\\\/uploads\\\/2023\\\/11\\\/Jilmova-miska-24x5-cm.jpg\",\"datePublished\":\"2022-12-30T17:06:39+00:00\",\"dateModified\":\"2025-05-30T10:33:59+00:00\",\"description\":\"Masivn\u00ed miska z jilmov\u00e9ho d\u0159eva s kr\u00e1snou divokou kresbou a jemn\u00fdmi prasklinkami. Povrchov\u00e1 \u00faprava: Ludvie's Oil Pure.\",\"breadcrumb\":{\"@id\":\"https:\\\/\\\/woodpunk.cz\\\/produkt\\\/jilmova-miska-24x5-cm-2\\\/#breadcrumb\"},\"inLanguage\":\"en-US\",\"potentialAction\":[{\"@type\":\"ReadAction\",\"target\":[\"https:\\\/\\\/woodpunk.cz\\\/produkt\\\/jilmova-miska-24x5-cm-2\\\/\"]}]},{\"@type\":\"ImageObject\",\"inLanguage\":\"en-US\",\"@id\":\"https:\\\/\\\/woodpunk.cz\\\/produkt\\\/jilmova-miska-24x5-cm-2\\\/#primaryimage\",\"url\":\"https:\\\/\\\/woodpunk.cz\\\/wp-content\\\/uploads\\\/2023\\\/11\\\/Jilmova-miska-24x5-cm.jpg\",\"contentUrl\":\"https:\\\/\\\/woodpunk.cz\\\/wp-content\\\/uploads\\\/2023\\\/11\\\/Jilmova-miska-24x5-cm.jpg\",\"width\":2048,\"height\":1704,\"caption\":\"Masivn\u00ed miska z jilmov\u00e9ho d\u0159eva s kr\u00e1snou divokou kresbou a jemn\u00fdmi prasklinkami.\"},{\"@type\":\"BreadcrumbList\",\"@id\":\"https:\\\/\\\/woodpunk.cz\\\/produkt\\\/jilmova-miska-24x5-cm-2\\\/#breadcrumb\",\"itemListElement\":[{\"@type\":\"ListItem\",\"position\":1,\"name\":\"Dom\u016f\",\"item\":\"https:\\\/\\\/woodpunk.cz\\\/\"},{\"@type\":\"ListItem\",\"position\":2,\"name\":\"Obchod s d\u0159ev\u011bn\u00fdmi miskami a v\u00fdrobky z masivn\u00edho d\u0159eva\",\"item\":\"https:\\\/\\\/woodpunk.cz\\\/drevene-misky-a-vyrobky-ze-dreva\\\/\"},{\"@type\":\"ListItem\",\"position\":3,\"name\":\"Jilmov\u00e1 miska (24&#215;5 cm)\"}]},{\"@type\":\"WebSite\",\"@id\":\"https:\\\/\\\/woodpunk.cz\\\/#website\",\"url\":\"https:\\\/\\\/woodpunk.cz\\\/\",\"name\":\"WOOD PUNK\",\"description\":\"\",\"publisher\":{\"@id\":\"https:\\\/\\\/woodpunk.cz\\\/#organization\"},\"alternateName\":\"\u0158emesln\u00e1 v\u00fdroba a prodej d\u0159ev\u011bn\u00fdch misek, v\u00e1z, kv\u011btn\u00edk\u016f a dal\u0161\u00edch d\u0159ev\u011bn\u00fdch nejenom soustru\u017een\u00fdch v\u00fdrobk\u016f.\",\"potentialAction\":[{\"@type\":\"SearchAction\",\"target\":{\"@type\":\"EntryPoint\",\"urlTemplate\":\"https:\\\/\\\/woodpunk.cz\\\/?s={search_term_string}\"},\"query-input\":{\"@type\":\"PropertyValueSpecification\",\"valueRequired\":true,\"valueName\":\"search_term_string\"}}],\"inLanguage\":\"en-US\"},{\"@type\":\"Organization\",\"@id\":\"https:\\\/\\\/woodpunk.cz\\\/#organization\",\"name\":\"WOOD PUNK\",\"alternateName\":\"\u0158emesln\u00e1 v\u00fdroba d\u0159ev\u011bn\u00fdch misek, v\u00e1z, kv\u011btn\u00edk\u016f a dal\u0161\u00edch d\u0159ev\u011bn\u00fdch nejenom soustru\u017een\u00fdch v\u00fdrobk\u016f.\",\"url\":\"https:\\\/\\\/woodpunk.cz\\\/\",\"logo\":{\"@type\":\"ImageObject\",\"inLanguage\":\"en-US\",\"@id\":\"https:\\\/\\\/woodpunk.cz\\\/#\\\/schema\\\/logo\\\/image\\\/\",\"url\":\"https:\\\/\\\/woodpunk.cz\\\/wp-content\\\/uploads\\\/2024\\\/04\\\/woodpunk_logo_260x213_f1f1f1ff.png\",\"contentUrl\":\"https:\\\/\\\/woodpunk.cz\\\/wp-content\\\/uploads\\\/2024\\\/04\\\/woodpunk_logo_260x213_f1f1f1ff.png\",\"width\":260,\"height\":213,\"caption\":\"WOOD PUNK\"},\"image\":{\"@id\":\"https:\\\/\\\/woodpunk.cz\\\/#\\\/schema\\\/logo\\\/image\\\/\"},\"sameAs\":[\"https:\\\/\\\/www.facebook.com\\\/JL.WoodPunk\",\"https:\\\/\\\/www.instagram.com\\\/jlwoodpunk\\\/\",\"https:\\\/\\\/www.youtube.com\\\/channel\\\/UCbpihje-owPtI1dpoNOqkyA\"]}]}<\/script>\n<!-- \/ Yoast SEO plugin. -->","yoast_head_json":{"title":"Masivn\u00ed miska z jilmov\u00e9ho d\u0159eva | WOOD PUNK","description":"Masivn\u00ed miska z jilmov\u00e9ho d\u0159eva s kr\u00e1snou divokou kresbou a jemn\u00fdmi prasklinkami. Povrchov\u00e1 \u00faprava: Ludvie's Oil Pure.","robots":{"index":"index","follow":"follow","max-snippet":"max-snippet:-1","max-image-preview":"max-image-preview:large","max-video-preview":"max-video-preview:-1"},"canonical":"https:\/\/woodpunk.cz\/en\/product\/jilmova-miska-24x5-cm-2\/","og_locale":"en_US","og_type":"article","og_title":"Masivn\u00ed miska z jilmov\u00e9ho d\u0159eva | WOOD PUNK","og_description":"Masivn\u00ed miska z jilmov\u00e9ho d\u0159eva s kr\u00e1snou divokou kresbou a jemn\u00fdmi prasklinkami. Povrchov\u00e1 \u00faprava: Ludvie's Oil Pure.","og_url":"https:\/\/woodpunk.cz\/en\/product\/jilmova-miska-24x5-cm-2\/","og_site_name":"WOOD PUNK","article_publisher":"https:\/\/www.facebook.com\/JL.WoodPunk","article_modified_time":"2025-05-30T10:33:59+00:00","og_image":[{"width":2048,"height":1704,"url":"https:\/\/woodpunk.cz\/wp-content\/uploads\/2023\/11\/Jilmova-miska-24x5-cm.jpg","type":"image\/jpeg"}],"twitter_card":"summary_large_image","twitter_misc":{"Est. reading time":"2 minutes"},"schema":{"@context":"https:\/\/schema.org","@graph":[{"@type":"WebPage","@id":"https:\/\/woodpunk.cz\/produkt\/jilmova-miska-24x5-cm-2\/","url":"https:\/\/woodpunk.cz\/produkt\/jilmova-miska-24x5-cm-2\/","name":"Masivn\u00ed miska z jilmov\u00e9ho d\u0159eva | WOOD PUNK","isPartOf":{"@id":"https:\/\/woodpunk.cz\/#website"},"primaryImageOfPage":{"@id":"https:\/\/woodpunk.cz\/produkt\/jilmova-miska-24x5-cm-2\/#primaryimage"},"image":{"@id":"https:\/\/woodpunk.cz\/produkt\/jilmova-miska-24x5-cm-2\/#primaryimage"},"thumbnailUrl":"https:\/\/woodpunk.cz\/wp-content\/uploads\/2023\/11\/Jilmova-miska-24x5-cm.jpg","datePublished":"2022-12-30T17:06:39+00:00","dateModified":"2025-05-30T10:33:59+00:00","description":"Masivn\u00ed miska z jilmov\u00e9ho d\u0159eva s kr\u00e1snou divokou kresbou a jemn\u00fdmi prasklinkami. Povrchov\u00e1 \u00faprava: Ludvie's Oil Pure.","breadcrumb":{"@id":"https:\/\/woodpunk.cz\/produkt\/jilmova-miska-24x5-cm-2\/#breadcrumb"},"inLanguage":"en-US","potentialAction":[{"@type":"ReadAction","target":["https:\/\/woodpunk.cz\/produkt\/jilmova-miska-24x5-cm-2\/"]}]},{"@type":"ImageObject","inLanguage":"en-US","@id":"https:\/\/woodpunk.cz\/produkt\/jilmova-miska-24x5-cm-2\/#primaryimage","url":"https:\/\/woodpunk.cz\/wp-content\/uploads\/2023\/11\/Jilmova-miska-24x5-cm.jpg","contentUrl":"https:\/\/woodpunk.cz\/wp-content\/uploads\/2023\/11\/Jilmova-miska-24x5-cm.jpg","width":2048,"height":1704,"caption":"Masivn\u00ed miska z jilmov\u00e9ho d\u0159eva s kr\u00e1snou divokou kresbou a jemn\u00fdmi prasklinkami."},{"@type":"BreadcrumbList","@id":"https:\/\/woodpunk.cz\/produkt\/jilmova-miska-24x5-cm-2\/#breadcrumb","itemListElement":[{"@type":"ListItem","position":1,"name":"Dom\u016f","item":"https:\/\/woodpunk.cz\/"},{"@type":"ListItem","position":2,"name":"Obchod s d\u0159ev\u011bn\u00fdmi miskami a v\u00fdrobky z masivn\u00edho d\u0159eva","item":"https:\/\/woodpunk.cz\/drevene-misky-a-vyrobky-ze-dreva\/"},{"@type":"ListItem","position":3,"name":"Jilmov\u00e1 miska (24&#215;5 cm)"}]},{"@type":"WebSite","@id":"https:\/\/woodpunk.cz\/#website","url":"https:\/\/woodpunk.cz\/","name":"WOOD PUNK","description":"","publisher":{"@id":"https:\/\/woodpunk.cz\/#organization"},"alternateName":"\u0158emesln\u00e1 v\u00fdroba a prodej d\u0159ev\u011bn\u00fdch misek, v\u00e1z, kv\u011btn\u00edk\u016f a dal\u0161\u00edch d\u0159ev\u011bn\u00fdch nejenom soustru\u017een\u00fdch v\u00fdrobk\u016f.","potentialAction":[{"@type":"SearchAction","target":{"@type":"EntryPoint","urlTemplate":"https:\/\/woodpunk.cz\/?s={search_term_string}"},"query-input":{"@type":"PropertyValueSpecification","valueRequired":true,"valueName":"search_term_string"}}],"inLanguage":"en-US"},{"@type":"Organization","@id":"https:\/\/woodpunk.cz\/#organization","name":"WOOD PUNK","alternateName":"\u0158emesln\u00e1 v\u00fdroba d\u0159ev\u011bn\u00fdch misek, v\u00e1z, kv\u011btn\u00edk\u016f a dal\u0161\u00edch d\u0159ev\u011bn\u00fdch nejenom soustru\u017een\u00fdch v\u00fdrobk\u016f.","url":"https:\/\/woodpunk.cz\/","logo":{"@type":"ImageObject","inLanguage":"en-US","@id":"https:\/\/woodpunk.cz\/#\/schema\/logo\/image\/","url":"https:\/\/woodpunk.cz\/wp-content\/uploads\/2024\/04\/woodpunk_logo_260x213_f1f1f1ff.png","contentUrl":"https:\/\/woodpunk.cz\/wp-content\/uploads\/2024\/04\/woodpunk_logo_260x213_f1f1f1ff.png","width":260,"height":213,"caption":"WOOD PUNK"},"image":{"@id":"https:\/\/woodpunk.cz\/#\/schema\/logo\/image\/"},"sameAs":["https:\/\/www.facebook.com\/JL.WoodPunk","https:\/\/www.instagram.com\/jlwoodpunk\/","https:\/\/www.youtube.com\/channel\/UCbpihje-owPtI1dpoNOqkyA"]}]}},"_links":{"self":[{"href":"https:\/\/woodpunk.cz\/en\/wp-json\/wp\/v2\/product\/1486","targetHints":{"allow":["GET"]}}],"collection":[{"href":"https:\/\/woodpunk.cz\/en\/wp-json\/wp\/v2\/product"}],"about":[{"href":"https:\/\/woodpunk.cz\/en\/wp-json\/wp\/v2\/types\/product"}],"wp:featuredmedia":[{"embeddable":true,"href":"https:\/\/woodpunk.cz\/en\/wp-json\/wp\/v2\/media\/1487"}],"wp:attachment":[{"href":"https:\/\/woodpunk.cz\/en\/wp-json\/wp\/v2\/media?parent=1486"}],"wp:term":[{"taxonomy":"product_brand","embeddable":true,"href":"https:\/\/woodpunk.cz\/en\/wp-json\/wp\/v2\/product_brand?post=1486"},{"taxonomy":"product_cat","embeddable":true,"href":"https:\/\/woodpunk.cz\/en\/wp-json\/wp\/v2\/product_cat?post=1486"},{"taxonomy":"product_tag","embeddable":true,"href":"https:\/\/woodpunk.cz\/en\/wp-json\/wp\/v2\/product_tag?post=1486"}],"curies":[{"name":"wp","href":"https:\/\/api.w.org\/{rel}","templated":true}]}}