{"id":1439,"date":"2023-10-16T18:33:56","date_gmt":"2023-10-16T16:33:56","guid":{"rendered":"https:\/\/www.woodpunk.cz\/?p=1439"},"modified":"2025-05-30T12:31:28","modified_gmt":"2025-05-30T10:31:28","slug":"jilmova-miska-24x5-cm","status":"publish","type":"product","link":"https:\/\/woodpunk.cz\/en\/product\/jilmova-miska-24x5-cm\/","title":{"rendered":"Jilmov\u00e1 miska (24&#215;5 cm)"},"content":{"rendered":"<p>[ad_1]<\/p>\n<div>\n<p>&nbsp;<\/p>\n<p>Materi\u00e1l: jilm (b\u0159est)<\/p>\n<p><a class=\"_5ayv _qdx\" href=\"https:\/\/facebook.com\/hashtag\/woodpunk?__tn__=%2As-R&amp;paipv=1&amp;eav=Afb13Y0asItPaXf0vjzzG6N1XCR9fDR0If4Fb3tBqC1rP9-k7jjHI-O5HsjKhcVDVcA\"><span class=\"_5aw4 _qdz\">#WoodPunk<\/span><\/a> <a class=\"_5ayv _qdx\" href=\"https:\/\/facebook.com\/hashtag\/jilm?__tn__=%2As-R&amp;paipv=1&amp;eav=AfayxHuuu5ytitDEiwOZp47t-o8FVUQRUlXfinUxiYW7zFPJ38MxbZwvk5eyNHJFsEk\"><span class=\"_5aw4 _qdz\">#Jilm<\/span><\/a> <a class=\"_5ayv _qdx\" href=\"https:\/\/facebook.com\/hashtag\/elm?__tn__=%2As-R&amp;paipv=1&amp;eav=AfYHmL7L-hB_oOfht5R6XtxQE1QvKFsMwFIODnoReFlv5b6r9lZprTd1u-bqJjyoTyU\"><span class=\"_5aw4 _qdz\">#Elm<\/span><\/a><\/p>\n<p>&nbsp;<\/p>\n<\/div>\n<p><a href=\"https:\/\/www.woodpunk.cz\/wp-content\/uploads\/2023\/04\/329162888_942664897148576_6521011004059186285_n.jpg\"><img decoding=\"async\" class=\"wp_automatic_fb_img\" title=\"\" src=\"https:\/\/www.woodpunk.cz\/wp-content\/uploads\/2023\/04\/329162888_942664897148576_6521011004059186285_n.jpg\" \/><\/a><br \/>\n<a href=\"https:\/\/www.woodpunk.cz\/wp-content\/uploads\/2023\/04\/Jilmova-miska-24x5-cm.jpg\"><img decoding=\"async\" class=\"wp_automatic_fb_img\" title=\"\" src=\"https:\/\/www.woodpunk.cz\/wp-content\/uploads\/2023\/04\/Jilmova-miska-24x5-cm.jpg\" \/><\/a><br \/>\n<a href=\"https:\/\/www.woodpunk.cz\/wp-content\/uploads\/2023\/04\/1681412450_717_Jilmova-miska-24x5-cm.jpg\"><img decoding=\"async\" class=\"wp_automatic_fb_img\" title=\"\" src=\"https:\/\/www.woodpunk.cz\/wp-content\/uploads\/2023\/04\/1681412450_717_Jilmova-miska-24x5-cm.jpg\" \/><\/a><br \/>\n<a href=\"https:\/\/www.woodpunk.cz\/wp-content\/uploads\/2023\/04\/1681412450_94_Jilmova-miska-24x5-cm.jpg\"><img decoding=\"async\" class=\"wp_automatic_fb_img\" title=\"\" src=\"https:\/\/www.woodpunk.cz\/wp-content\/uploads\/2023\/04\/1681412450_94_Jilmova-miska-24x5-cm.jpg\" \/><\/a><br \/>\n<a href=\"https:\/\/www.woodpunk.cz\/wp-content\/uploads\/2023\/04\/1681412450_566_Jilmova-miska-24x5-cm.jpg\"><img decoding=\"async\" class=\"wp_automatic_fb_img\" title=\"\" src=\"https:\/\/www.woodpunk.cz\/wp-content\/uploads\/2023\/04\/1681412450_566_Jilmova-miska-24x5-cm.jpg\" \/><\/a><br \/>\n[ad_2]<\/p>\n<p><a href=\"https:\/\/www.facebook.com\/102759909132214\/posts\/185868280821376\">Facebook<\/a><\/p>\n","protected":false},"excerpt":{"rendered":"<p>[ad_1] &nbsp; Materi\u00e1l: jilm (b\u0159est) #WoodPunk #Jilm #Elm &nbsp; [ad_2] Facebook<\/p>\n","protected":false},"featured_media":755,"template":"","meta":{"_editorskit_title_hidden":false,"_editorskit_reading_time":0,"_editorskit_is_block_options_detached":false,"_editorskit_block_options_position":"{}"},"product_brand":[394],"product_cat":[78],"product_tag":[],"class_list":{"0":"post-1439","1":"product","2":"type-product","3":"status-publish","4":"has-post-thumbnail","6":"product_brand-wood-punk","7":"product_cat-drevene-misky","9":"entry","10":"has-media","12":"first","13":"outofstock","14":"shipping-taxable","15":"purchasable","16":"product-type-simple","17":"col","18":"span_1_of_5","19":"owp-content-center","20":"owp-thumbs-layout-horizontal","21":"owp-btn-normal","22":"owp-tabs-layout-horizontal","23":"has-no-thumbnails"},"yoast_head":"<!-- This site is optimized with the Yoast SEO plugin v27.4 - https:\/\/yoast.com\/product\/yoast-seo-wordpress\/ -->\n<title>Jilmov\u00e1 miska (24x5 cm) | WOOD PUNK<\/title>\n<meta name=\"robots\" content=\"index, follow, max-snippet:-1, max-image-preview:large, max-video-preview:-1\" \/>\n<link rel=\"canonical\" href=\"https:\/\/woodpunk.cz\/en\/product\/jilmova-miska-24x5-cm\/\" \/>\n<meta property=\"og:locale\" content=\"en_US\" \/>\n<meta property=\"og:type\" content=\"article\" \/>\n<meta property=\"og:title\" content=\"Jilmov\u00e1 miska (24x5 cm) | WOOD PUNK\" \/>\n<meta property=\"og:description\" content=\"[ad_1] &nbsp; Materi\u00e1l: jilm (b\u0159est) #WoodPunk #Jilm #Elm &nbsp; [ad_2] Facebook\" \/>\n<meta property=\"og:url\" content=\"https:\/\/woodpunk.cz\/en\/product\/jilmova-miska-24x5-cm\/\" \/>\n<meta property=\"og:site_name\" content=\"WOOD PUNK\" \/>\n<meta property=\"article:publisher\" content=\"https:\/\/www.facebook.com\/JL.WoodPunk\" \/>\n<meta property=\"article:modified_time\" content=\"2025-05-30T10:31:28+00:00\" \/>\n<meta property=\"og:image\" content=\"https:\/\/woodpunk.cz\/wp-content\/uploads\/2023\/04\/1681412450_Jilmova-miska-24x5-cm.jpg\" \/>\n\t<meta property=\"og:image:width\" content=\"2048\" \/>\n\t<meta property=\"og:image:height\" content=\"1537\" \/>\n\t<meta property=\"og:image:type\" content=\"image\/jpeg\" \/>\n<meta name=\"twitter:card\" content=\"summary_large_image\" \/>\n<meta name=\"twitter:label1\" content=\"Est. reading time\" \/>\n\t<meta name=\"twitter:data1\" content=\"2 minutes\" \/>\n<script type=\"application\/ld+json\" class=\"yoast-schema-graph\">{\"@context\":\"https:\\\/\\\/schema.org\",\"@graph\":[{\"@type\":\"WebPage\",\"@id\":\"https:\\\/\\\/woodpunk.cz\\\/produkt\\\/jilmova-miska-24x5-cm\\\/\",\"url\":\"https:\\\/\\\/woodpunk.cz\\\/produkt\\\/jilmova-miska-24x5-cm\\\/\",\"name\":\"Jilmov\u00e1 miska (24x5 cm) | WOOD PUNK\",\"isPartOf\":{\"@id\":\"https:\\\/\\\/woodpunk.cz\\\/#website\"},\"primaryImageOfPage\":{\"@id\":\"https:\\\/\\\/woodpunk.cz\\\/produkt\\\/jilmova-miska-24x5-cm\\\/#primaryimage\"},\"image\":{\"@id\":\"https:\\\/\\\/woodpunk.cz\\\/produkt\\\/jilmova-miska-24x5-cm\\\/#primaryimage\"},\"thumbnailUrl\":\"https:\\\/\\\/woodpunk.cz\\\/wp-content\\\/uploads\\\/2023\\\/04\\\/1681412450_Jilmova-miska-24x5-cm.jpg\",\"datePublished\":\"2023-10-16T16:33:56+00:00\",\"dateModified\":\"2025-05-30T10:31:28+00:00\",\"breadcrumb\":{\"@id\":\"https:\\\/\\\/woodpunk.cz\\\/produkt\\\/jilmova-miska-24x5-cm\\\/#breadcrumb\"},\"inLanguage\":\"en-US\",\"potentialAction\":[{\"@type\":\"ReadAction\",\"target\":[\"https:\\\/\\\/woodpunk.cz\\\/produkt\\\/jilmova-miska-24x5-cm\\\/\"]}]},{\"@type\":\"ImageObject\",\"inLanguage\":\"en-US\",\"@id\":\"https:\\\/\\\/woodpunk.cz\\\/produkt\\\/jilmova-miska-24x5-cm\\\/#primaryimage\",\"url\":\"https:\\\/\\\/woodpunk.cz\\\/wp-content\\\/uploads\\\/2023\\\/04\\\/1681412450_Jilmova-miska-24x5-cm.jpg\",\"contentUrl\":\"https:\\\/\\\/woodpunk.cz\\\/wp-content\\\/uploads\\\/2023\\\/04\\\/1681412450_Jilmova-miska-24x5-cm.jpg\",\"width\":2048,\"height\":1537},{\"@type\":\"BreadcrumbList\",\"@id\":\"https:\\\/\\\/woodpunk.cz\\\/produkt\\\/jilmova-miska-24x5-cm\\\/#breadcrumb\",\"itemListElement\":[{\"@type\":\"ListItem\",\"position\":1,\"name\":\"Dom\u016f\",\"item\":\"https:\\\/\\\/woodpunk.cz\\\/\"},{\"@type\":\"ListItem\",\"position\":2,\"name\":\"Obchod s d\u0159ev\u011bn\u00fdmi miskami a v\u00fdrobky z masivn\u00edho d\u0159eva\",\"item\":\"https:\\\/\\\/woodpunk.cz\\\/drevene-misky-a-vyrobky-ze-dreva\\\/\"},{\"@type\":\"ListItem\",\"position\":3,\"name\":\"Jilmov\u00e1 miska (24&#215;5 cm)\"}]},{\"@type\":\"WebSite\",\"@id\":\"https:\\\/\\\/woodpunk.cz\\\/#website\",\"url\":\"https:\\\/\\\/woodpunk.cz\\\/\",\"name\":\"WOOD PUNK\",\"description\":\"\",\"publisher\":{\"@id\":\"https:\\\/\\\/woodpunk.cz\\\/#organization\"},\"alternateName\":\"\u0158emesln\u00e1 v\u00fdroba a prodej d\u0159ev\u011bn\u00fdch misek, v\u00e1z, kv\u011btn\u00edk\u016f a dal\u0161\u00edch d\u0159ev\u011bn\u00fdch nejenom soustru\u017een\u00fdch v\u00fdrobk\u016f.\",\"potentialAction\":[{\"@type\":\"SearchAction\",\"target\":{\"@type\":\"EntryPoint\",\"urlTemplate\":\"https:\\\/\\\/woodpunk.cz\\\/?s={search_term_string}\"},\"query-input\":{\"@type\":\"PropertyValueSpecification\",\"valueRequired\":true,\"valueName\":\"search_term_string\"}}],\"inLanguage\":\"en-US\"},{\"@type\":\"Organization\",\"@id\":\"https:\\\/\\\/woodpunk.cz\\\/#organization\",\"name\":\"WOOD PUNK\",\"alternateName\":\"\u0158emesln\u00e1 v\u00fdroba d\u0159ev\u011bn\u00fdch misek, v\u00e1z, kv\u011btn\u00edk\u016f a dal\u0161\u00edch d\u0159ev\u011bn\u00fdch nejenom soustru\u017een\u00fdch v\u00fdrobk\u016f.\",\"url\":\"https:\\\/\\\/woodpunk.cz\\\/\",\"logo\":{\"@type\":\"ImageObject\",\"inLanguage\":\"en-US\",\"@id\":\"https:\\\/\\\/woodpunk.cz\\\/#\\\/schema\\\/logo\\\/image\\\/\",\"url\":\"https:\\\/\\\/woodpunk.cz\\\/wp-content\\\/uploads\\\/2024\\\/04\\\/woodpunk_logo_260x213_f1f1f1ff.png\",\"contentUrl\":\"https:\\\/\\\/woodpunk.cz\\\/wp-content\\\/uploads\\\/2024\\\/04\\\/woodpunk_logo_260x213_f1f1f1ff.png\",\"width\":260,\"height\":213,\"caption\":\"WOOD PUNK\"},\"image\":{\"@id\":\"https:\\\/\\\/woodpunk.cz\\\/#\\\/schema\\\/logo\\\/image\\\/\"},\"sameAs\":[\"https:\\\/\\\/www.facebook.com\\\/JL.WoodPunk\",\"https:\\\/\\\/www.instagram.com\\\/jlwoodpunk\\\/\",\"https:\\\/\\\/www.youtube.com\\\/channel\\\/UCbpihje-owPtI1dpoNOqkyA\"]}]}<\/script>\n<!-- \/ Yoast SEO plugin. -->","yoast_head_json":{"title":"Jilmov\u00e1 miska (24x5 cm) | WOOD PUNK","robots":{"index":"index","follow":"follow","max-snippet":"max-snippet:-1","max-image-preview":"max-image-preview:large","max-video-preview":"max-video-preview:-1"},"canonical":"https:\/\/woodpunk.cz\/en\/product\/jilmova-miska-24x5-cm\/","og_locale":"en_US","og_type":"article","og_title":"Jilmov\u00e1 miska (24x5 cm) | WOOD PUNK","og_description":"[ad_1] &nbsp; Materi\u00e1l: jilm (b\u0159est) #WoodPunk #Jilm #Elm &nbsp; [ad_2] Facebook","og_url":"https:\/\/woodpunk.cz\/en\/product\/jilmova-miska-24x5-cm\/","og_site_name":"WOOD PUNK","article_publisher":"https:\/\/www.facebook.com\/JL.WoodPunk","article_modified_time":"2025-05-30T10:31:28+00:00","og_image":[{"width":2048,"height":1537,"url":"https:\/\/woodpunk.cz\/wp-content\/uploads\/2023\/04\/1681412450_Jilmova-miska-24x5-cm.jpg","type":"image\/jpeg"}],"twitter_card":"summary_large_image","twitter_misc":{"Est. reading time":"2 minutes"},"schema":{"@context":"https:\/\/schema.org","@graph":[{"@type":"WebPage","@id":"https:\/\/woodpunk.cz\/produkt\/jilmova-miska-24x5-cm\/","url":"https:\/\/woodpunk.cz\/produkt\/jilmova-miska-24x5-cm\/","name":"Jilmov\u00e1 miska (24x5 cm) | WOOD PUNK","isPartOf":{"@id":"https:\/\/woodpunk.cz\/#website"},"primaryImageOfPage":{"@id":"https:\/\/woodpunk.cz\/produkt\/jilmova-miska-24x5-cm\/#primaryimage"},"image":{"@id":"https:\/\/woodpunk.cz\/produkt\/jilmova-miska-24x5-cm\/#primaryimage"},"thumbnailUrl":"https:\/\/woodpunk.cz\/wp-content\/uploads\/2023\/04\/1681412450_Jilmova-miska-24x5-cm.jpg","datePublished":"2023-10-16T16:33:56+00:00","dateModified":"2025-05-30T10:31:28+00:00","breadcrumb":{"@id":"https:\/\/woodpunk.cz\/produkt\/jilmova-miska-24x5-cm\/#breadcrumb"},"inLanguage":"en-US","potentialAction":[{"@type":"ReadAction","target":["https:\/\/woodpunk.cz\/produkt\/jilmova-miska-24x5-cm\/"]}]},{"@type":"ImageObject","inLanguage":"en-US","@id":"https:\/\/woodpunk.cz\/produkt\/jilmova-miska-24x5-cm\/#primaryimage","url":"https:\/\/woodpunk.cz\/wp-content\/uploads\/2023\/04\/1681412450_Jilmova-miska-24x5-cm.jpg","contentUrl":"https:\/\/woodpunk.cz\/wp-content\/uploads\/2023\/04\/1681412450_Jilmova-miska-24x5-cm.jpg","width":2048,"height":1537},{"@type":"BreadcrumbList","@id":"https:\/\/woodpunk.cz\/produkt\/jilmova-miska-24x5-cm\/#breadcrumb","itemListElement":[{"@type":"ListItem","position":1,"name":"Dom\u016f","item":"https:\/\/woodpunk.cz\/"},{"@type":"ListItem","position":2,"name":"Obchod s d\u0159ev\u011bn\u00fdmi miskami a v\u00fdrobky z masivn\u00edho d\u0159eva","item":"https:\/\/woodpunk.cz\/drevene-misky-a-vyrobky-ze-dreva\/"},{"@type":"ListItem","position":3,"name":"Jilmov\u00e1 miska (24&#215;5 cm)"}]},{"@type":"WebSite","@id":"https:\/\/woodpunk.cz\/#website","url":"https:\/\/woodpunk.cz\/","name":"WOOD PUNK","description":"","publisher":{"@id":"https:\/\/woodpunk.cz\/#organization"},"alternateName":"\u0158emesln\u00e1 v\u00fdroba a prodej d\u0159ev\u011bn\u00fdch misek, v\u00e1z, kv\u011btn\u00edk\u016f a dal\u0161\u00edch d\u0159ev\u011bn\u00fdch nejenom soustru\u017een\u00fdch v\u00fdrobk\u016f.","potentialAction":[{"@type":"SearchAction","target":{"@type":"EntryPoint","urlTemplate":"https:\/\/woodpunk.cz\/?s={search_term_string}"},"query-input":{"@type":"PropertyValueSpecification","valueRequired":true,"valueName":"search_term_string"}}],"inLanguage":"en-US"},{"@type":"Organization","@id":"https:\/\/woodpunk.cz\/#organization","name":"WOOD PUNK","alternateName":"\u0158emesln\u00e1 v\u00fdroba d\u0159ev\u011bn\u00fdch misek, v\u00e1z, kv\u011btn\u00edk\u016f a dal\u0161\u00edch d\u0159ev\u011bn\u00fdch nejenom soustru\u017een\u00fdch v\u00fdrobk\u016f.","url":"https:\/\/woodpunk.cz\/","logo":{"@type":"ImageObject","inLanguage":"en-US","@id":"https:\/\/woodpunk.cz\/#\/schema\/logo\/image\/","url":"https:\/\/woodpunk.cz\/wp-content\/uploads\/2024\/04\/woodpunk_logo_260x213_f1f1f1ff.png","contentUrl":"https:\/\/woodpunk.cz\/wp-content\/uploads\/2024\/04\/woodpunk_logo_260x213_f1f1f1ff.png","width":260,"height":213,"caption":"WOOD PUNK"},"image":{"@id":"https:\/\/woodpunk.cz\/#\/schema\/logo\/image\/"},"sameAs":["https:\/\/www.facebook.com\/JL.WoodPunk","https:\/\/www.instagram.com\/jlwoodpunk\/","https:\/\/www.youtube.com\/channel\/UCbpihje-owPtI1dpoNOqkyA"]}]}},"_links":{"self":[{"href":"https:\/\/woodpunk.cz\/en\/wp-json\/wp\/v2\/product\/1439","targetHints":{"allow":["GET"]}}],"collection":[{"href":"https:\/\/woodpunk.cz\/en\/wp-json\/wp\/v2\/product"}],"about":[{"href":"https:\/\/woodpunk.cz\/en\/wp-json\/wp\/v2\/types\/product"}],"wp:featuredmedia":[{"embeddable":true,"href":"https:\/\/woodpunk.cz\/en\/wp-json\/wp\/v2\/media\/755"}],"wp:attachment":[{"href":"https:\/\/woodpunk.cz\/en\/wp-json\/wp\/v2\/media?parent=1439"}],"wp:term":[{"taxonomy":"product_brand","embeddable":true,"href":"https:\/\/woodpunk.cz\/en\/wp-json\/wp\/v2\/product_brand?post=1439"},{"taxonomy":"product_cat","embeddable":true,"href":"https:\/\/woodpunk.cz\/en\/wp-json\/wp\/v2\/product_cat?post=1439"},{"taxonomy":"product_tag","embeddable":true,"href":"https:\/\/woodpunk.cz\/en\/wp-json\/wp\/v2\/product_tag?post=1439"}],"curies":[{"name":"wp","href":"https:\/\/api.w.org\/{rel}","templated":true}]}}