{"id":1403,"date":"2023-10-11T09:52:09","date_gmt":"2023-10-11T07:52:09","guid":{"rendered":"https:\/\/www.woodpunk.cz\/?p=1403"},"modified":"2025-05-30T12:31:29","modified_gmt":"2025-05-30T10:31:29","slug":"orechova-misa-30x10-cm","status":"publish","type":"product","link":"https:\/\/woodpunk.cz\/en\/product\/orechova-misa-30x10-cm\/","title":{"rendered":"O\u0159echov\u00e1 m\u00edsa (30&#215;10 cm)"},"content":{"rendered":"<p>[ad_1]<\/p>\n<div>\n<p><a class=\"_5ayv _qdx\" href=\"https:\/\/facebook.com\/hashtag\/woodpunk?_ft_=encrypted_tracking_data.0AY-Gvx5UYZT_FckyOCi_g1VGXoQ-baWEy2bFGXPt6KfGBznrYQZMvpNYRYaWY6YNRf5A6rJ4KZPZ0_CRF4fCEANRrp5AUHKP5y2Aoeric55WiyIzNM6QREGbaJkCYcfX5lRIIm66zeKm1ou6LC38oHGBLQugCCooYkDeNNMnVFnLeBuwlx_Rrp1-lpsOEi1r_zIbOPYbWDZs783ROmlAwjIXJC7RTmPDdTffNYZUaEj2F1rUkt16FRUiFeAroED1HEyW2W_C2nzcoL-YnJypHJNS22SFbxjDObuD1FEk1FRHvpR99kWLMXcTlXKqjygYsvH1YAGKlcxwTQxo96jrokDBHGe3UOfp7sTLO2jbLE3fwcyzpohiyBZh9cgJ5WWQtv61312dkhRHqbkiAxhWF6eSpa0RgURjgQ0BjbADoVnGfTIyU7uQpWg-tG6oqyOL3J_T-iq1Yz89Cs4PHHPZW5BD_CfYSKSHPY0EnrguBImzwsGStNRqKl9hEuocBI8bUiIYwKdpxow1xMVDWH-JiCnMXZG2xHohyHtoM5XzxhHVBJuNPycreYGlOHyfvmPLPJGhnPb9xahUyGekh1QU2Bxc9SIUc6PaJXSLhQod5yuNq_n95S4xaMOspDz6XmDBWdTT_911gEAAx8U-jNJivhqC135kghaeHdljUgVlzOz1an5dG24A1utWk9LAkyQZvMMl-Tg91oW583SoAXEQ-qrSt8Xbb12PblX8FeBDuRs5LSGqqLQAMY8mN_teRqkOjOsKasFBlBCz7GyOESHSsEcyOa8FBCI5bWe4ITU6cwXr3GP3wemBSUij2ZWsIgpf_v4EsZA_lNzD67M2ce1iphv9OCF2TWrlbOwt1BzZTLSp4ltpcAgP9sKjSthHRSmOewmgkeAT7FP0fIFaYfcCVpeoGmJXEcneJoVA9lw5Mq8S1ptHvNIktuy84ABl9sDjYMmzr7fToo3Q3kVbznAOppvfi-b1bCp-wURp1MuWhRhR0d3RHpTHzI426Q1dKImhGG-4KsL0bpLzHIc26_gVRyqms8EJ0i0QmaNJx8FanP1HMtUhzqnm_ZHIMd3KiF6Q30QG5J7v3E8bKAVFaJWoGqQbYJV7r-36y1z0lkW2vHZKCmxjs026Y5a89qYVhwAFV8LD6E4LMgre8zG0bupkLXTLXIWfhcLYzgRDppPdWbts6pJDLeYpElLwsG97QGed9AFVNchX0WBGVo2BVYtvwRmiywfCYPjemdaBhIZY0pz5Ap8HCWdcqW_i2jB1L4Ry5i4wLvo4H_eTWzDzfEPvDXF6DKZbm4GCWRmz-OxsH9v72lYKgtAzFzvEwx2G-aZBTr4n9hU_uB30ianTXqircF7OKZtDjbchW7FAAKNqdlZF5HC29C6dEZoxlgRwDPNfm0-ZcbvIIT4raKZnZsfXKG6sypAQ2R2Yc92tQuT_j6hkew0GvEXlkBM7nExPgN1seRT0LlDxbPCIFe7fjFWSnjn2RgotjzsxctuUKd5Ov7s6gVdi8arl0i3wnOELHK1bJl_xTbOUNIwF3obclyfu7wftWne8QSapPS8CRG5XeI9C50E_7vfauLKu1G58W63Y4pOzG54jmSzbUhKZq4DCLVc&amp;__tn__=%2As-R&amp;paipv=0&amp;eav=AfbaJBsrHkGwCUS2wfX07RRBHwG0froOZlRHy-B4ciI-I_1YdcwF8kd_AjIhi7sN3ik\"><span class=\"_5aw4 _qdz\">#WoodPunk<\/span><\/a> <a class=\"_5ayv _qdx\" href=\"https:\/\/facebook.com\/hashtag\/o%C5%99e%C5%A1%C3%A1k?_ft_=encrypted_tracking_data.0AY-Gvx5UYZT_FckyOCi_g1VGXoQ-baWEy2bFGXPt6KfGBznrYQZMvpNYRYaWY6YNRf5A6rJ4KZPZ0_CRF4fCEANRrp5AUHKP5y2Aoeric55WiyIzNM6QREGbaJkCYcfX5lRIIm66zeKm1ou6LC38oHGBLQugCCooYkDeNNMnVFnLeBuwlx_Rrp1-lpsOEi1r_zIbOPYbWDZs783ROmlAwjIXJC7RTmPDdTffNYZUaEj2F1rUkt16FRUiFeAroED1HEyW2W_C2nzcoL-YnJypHJNS22SFbxjDObuD1FEk1FRHvpR99kWLMXcTlXKqjygYsvH1YAGKlcxwTQxo96jrokDBHGe3UOfp7sTLO2jbLE3fwcyzpohiyBZh9cgJ5WWQtv61312dkhRHqbkiAxhWF6eSpa0RgURjgQ0BjbADoVnGfTIyU7uQpWg-tG6oqyOL3J_T-iq1Yz89Cs4PHHPZW5BD_CfYSKSHPY0EnrguBImzwsGStNRqKl9hEuocBI8bUiIYwKdpxow1xMVDWH-JiCnMXZG2xHohyHtoM5XzxhHVBJuNPycreYGlOHyfvmPLPJGhnPb9xahUyGekh1QU2Bxc9SIUc6PaJXSLhQod5yuNq_n95S4xaMOspDz6XmDBWdTT_911gEAAx8U-jNJivhqC135kghaeHdljUgVlzOz1an5dG24A1utWk9LAkyQZvMMl-Tg91oW583SoAXEQ-qrSt8Xbb12PblX8FeBDuRs5LSGqqLQAMY8mN_teRqkOjOsKasFBlBCz7GyOESHSsEcyOa8FBCI5bWe4ITU6cwXr3GP3wemBSUij2ZWsIgpf_v4EsZA_lNzD67M2ce1iphv9OCF2TWrlbOwt1BzZTLSp4ltpcAgP9sKjSthHRSmOewmgkeAT7FP0fIFaYfcCVpeoGmJXEcneJoVA9lw5Mq8S1ptHvNIktuy84ABl9sDjYMmzr7fToo3Q3kVbznAOppvfi-b1bCp-wURp1MuWhRhR0d3RHpTHzI426Q1dKImhGG-4KsL0bpLzHIc26_gVRyqms8EJ0i0QmaNJx8FanP1HMtUhzqnm_ZHIMd3KiF6Q30QG5J7v3E8bKAVFaJWoGqQbYJV7r-36y1z0lkW2vHZKCmxjs026Y5a89qYVhwAFV8LD6E4LMgre8zG0bupkLXTLXIWfhcLYzgRDppPdWbts6pJDLeYpElLwsG97QGed9AFVNchX0WBGVo2BVYtvwRmiywfCYPjemdaBhIZY0pz5Ap8HCWdcqW_i2jB1L4Ry5i4wLvo4H_eTWzDzfEPvDXF6DKZbm4GCWRmz-OxsH9v72lYKgtAzFzvEwx2G-aZBTr4n9hU_uB30ianTXqircF7OKZtDjbchW7FAAKNqdlZF5HC29C6dEZoxlgRwDPNfm0-ZcbvIIT4raKZnZsfXKG6sypAQ2R2Yc92tQuT_j6hkew0GvEXlkBM7nExPgN1seRT0LlDxbPCIFe7fjFWSnjn2RgotjzsxctuUKd5Ov7s6gVdi8arl0i3wnOELHK1bJl_xTbOUNIwF3obclyfu7wftWne8QSapPS8CRG5XeI9C50E_7vfauLKu1G58W63Y4pOzG54jmSzbUhKZq4DCLVc&amp;__tn__=%2As-R&amp;paipv=0&amp;eav=AfaQvOwV0ugrEecp4qW23iAMIjk8IHidM50FO2d7YpT7bPvYVWOymo3Fs30HwJgkGYc\"><span class=\"_5aw4 _qdz\">#O\u0159e\u0161\u00e1k<\/span><\/a> <a class=\"_5ayv _qdx\" href=\"https:\/\/facebook.com\/hashtag\/o%C5%99ech?_ft_=encrypted_tracking_data.0AY-Gvx5UYZT_FckyOCi_g1VGXoQ-baWEy2bFGXPt6KfGBznrYQZMvpNYRYaWY6YNRf5A6rJ4KZPZ0_CRF4fCEANRrp5AUHKP5y2Aoeric55WiyIzNM6QREGbaJkCYcfX5lRIIm66zeKm1ou6LC38oHGBLQugCCooYkDeNNMnVFnLeBuwlx_Rrp1-lpsOEi1r_zIbOPYbWDZs783ROmlAwjIXJC7RTmPDdTffNYZUaEj2F1rUkt16FRUiFeAroED1HEyW2W_C2nzcoL-YnJypHJNS22SFbxjDObuD1FEk1FRHvpR99kWLMXcTlXKqjygYsvH1YAGKlcxwTQxo96jrokDBHGe3UOfp7sTLO2jbLE3fwcyzpohiyBZh9cgJ5WWQtv61312dkhRHqbkiAxhWF6eSpa0RgURjgQ0BjbADoVnGfTIyU7uQpWg-tG6oqyOL3J_T-iq1Yz89Cs4PHHPZW5BD_CfYSKSHPY0EnrguBImzwsGStNRqKl9hEuocBI8bUiIYwKdpxow1xMVDWH-JiCnMXZG2xHohyHtoM5XzxhHVBJuNPycreYGlOHyfvmPLPJGhnPb9xahUyGekh1QU2Bxc9SIUc6PaJXSLhQod5yuNq_n95S4xaMOspDz6XmDBWdTT_911gEAAx8U-jNJivhqC135kghaeHdljUgVlzOz1an5dG24A1utWk9LAkyQZvMMl-Tg91oW583SoAXEQ-qrSt8Xbb12PblX8FeBDuRs5LSGqqLQAMY8mN_teRqkOjOsKasFBlBCz7GyOESHSsEcyOa8FBCI5bWe4ITU6cwXr3GP3wemBSUij2ZWsIgpf_v4EsZA_lNzD67M2ce1iphv9OCF2TWrlbOwt1BzZTLSp4ltpcAgP9sKjSthHRSmOewmgkeAT7FP0fIFaYfcCVpeoGmJXEcneJoVA9lw5Mq8S1ptHvNIktuy84ABl9sDjYMmzr7fToo3Q3kVbznAOppvfi-b1bCp-wURp1MuWhRhR0d3RHpTHzI426Q1dKImhGG-4KsL0bpLzHIc26_gVRyqms8EJ0i0QmaNJx8FanP1HMtUhzqnm_ZHIMd3KiF6Q30QG5J7v3E8bKAVFaJWoGqQbYJV7r-36y1z0lkW2vHZKCmxjs026Y5a89qYVhwAFV8LD6E4LMgre8zG0bupkLXTLXIWfhcLYzgRDppPdWbts6pJDLeYpElLwsG97QGed9AFVNchX0WBGVo2BVYtvwRmiywfCYPjemdaBhIZY0pz5Ap8HCWdcqW_i2jB1L4Ry5i4wLvo4H_eTWzDzfEPvDXF6DKZbm4GCWRmz-OxsH9v72lYKgtAzFzvEwx2G-aZBTr4n9hU_uB30ianTXqircF7OKZtDjbchW7FAAKNqdlZF5HC29C6dEZoxlgRwDPNfm0-ZcbvIIT4raKZnZsfXKG6sypAQ2R2Yc92tQuT_j6hkew0GvEXlkBM7nExPgN1seRT0LlDxbPCIFe7fjFWSnjn2RgotjzsxctuUKd5Ov7s6gVdi8arl0i3wnOELHK1bJl_xTbOUNIwF3obclyfu7wftWne8QSapPS8CRG5XeI9C50E_7vfauLKu1G58W63Y4pOzG54jmSzbUhKZq4DCLVc&amp;__tn__=%2As-R&amp;paipv=0&amp;eav=AfaAc5K_lfls3MZFNsWVqctk7dt7fIRxAU7KRBHwoPw1JsyBqe2KnRpJQhTxbkewLSY\"><span class=\"_5aw4 _qdz\">#O\u0159ech<\/span><\/a> <a class=\"_5ayv _qdx\" href=\"https:\/\/facebook.com\/hashtag\/walnut?_ft_=encrypted_tracking_data.0AY-Gvx5UYZT_FckyOCi_g1VGXoQ-baWEy2bFGXPt6KfGBznrYQZMvpNYRYaWY6YNRf5A6rJ4KZPZ0_CRF4fCEANRrp5AUHKP5y2Aoeric55WiyIzNM6QREGbaJkCYcfX5lRIIm66zeKm1ou6LC38oHGBLQugCCooYkDeNNMnVFnLeBuwlx_Rrp1-lpsOEi1r_zIbOPYbWDZs783ROmlAwjIXJC7RTmPDdTffNYZUaEj2F1rUkt16FRUiFeAroED1HEyW2W_C2nzcoL-YnJypHJNS22SFbxjDObuD1FEk1FRHvpR99kWLMXcTlXKqjygYsvH1YAGKlcxwTQxo96jrokDBHGe3UOfp7sTLO2jbLE3fwcyzpohiyBZh9cgJ5WWQtv61312dkhRHqbkiAxhWF6eSpa0RgURjgQ0BjbADoVnGfTIyU7uQpWg-tG6oqyOL3J_T-iq1Yz89Cs4PHHPZW5BD_CfYSKSHPY0EnrguBImzwsGStNRqKl9hEuocBI8bUiIYwKdpxow1xMVDWH-JiCnMXZG2xHohyHtoM5XzxhHVBJuNPycreYGlOHyfvmPLPJGhnPb9xahUyGekh1QU2Bxc9SIUc6PaJXSLhQod5yuNq_n95S4xaMOspDz6XmDBWdTT_911gEAAx8U-jNJivhqC135kghaeHdljUgVlzOz1an5dG24A1utWk9LAkyQZvMMl-Tg91oW583SoAXEQ-qrSt8Xbb12PblX8FeBDuRs5LSGqqLQAMY8mN_teRqkOjOsKasFBlBCz7GyOESHSsEcyOa8FBCI5bWe4ITU6cwXr3GP3wemBSUij2ZWsIgpf_v4EsZA_lNzD67M2ce1iphv9OCF2TWrlbOwt1BzZTLSp4ltpcAgP9sKjSthHRSmOewmgkeAT7FP0fIFaYfcCVpeoGmJXEcneJoVA9lw5Mq8S1ptHvNIktuy84ABl9sDjYMmzr7fToo3Q3kVbznAOppvfi-b1bCp-wURp1MuWhRhR0d3RHpTHzI426Q1dKImhGG-4KsL0bpLzHIc26_gVRyqms8EJ0i0QmaNJx8FanP1HMtUhzqnm_ZHIMd3KiF6Q30QG5J7v3E8bKAVFaJWoGqQbYJV7r-36y1z0lkW2vHZKCmxjs026Y5a89qYVhwAFV8LD6E4LMgre8zG0bupkLXTLXIWfhcLYzgRDppPdWbts6pJDLeYpElLwsG97QGed9AFVNchX0WBGVo2BVYtvwRmiywfCYPjemdaBhIZY0pz5Ap8HCWdcqW_i2jB1L4Ry5i4wLvo4H_eTWzDzfEPvDXF6DKZbm4GCWRmz-OxsH9v72lYKgtAzFzvEwx2G-aZBTr4n9hU_uB30ianTXqircF7OKZtDjbchW7FAAKNqdlZF5HC29C6dEZoxlgRwDPNfm0-ZcbvIIT4raKZnZsfXKG6sypAQ2R2Yc92tQuT_j6hkew0GvEXlkBM7nExPgN1seRT0LlDxbPCIFe7fjFWSnjn2RgotjzsxctuUKd5Ov7s6gVdi8arl0i3wnOELHK1bJl_xTbOUNIwF3obclyfu7wftWne8QSapPS8CRG5XeI9C50E_7vfauLKu1G58W63Y4pOzG54jmSzbUhKZq4DCLVc&amp;__tn__=%2As-R&amp;paipv=0&amp;eav=AfZnzksT767Ba_nQlhJWVjWCr9NuUBwT1LKLQTIsOR8SvCM7FjRYOi-KeYw6STSVs5Y\"><span class=\"_5aw4 _qdz\">#Walnut<\/span><\/a> <a class=\"_5ayv _qdx\" href=\"https:\/\/facebook.com\/hashtag\/spalt?_ft_=encrypted_tracking_data.0AY-Gvx5UYZT_FckyOCi_g1VGXoQ-baWEy2bFGXPt6KfGBznrYQZMvpNYRYaWY6YNRf5A6rJ4KZPZ0_CRF4fCEANRrp5AUHKP5y2Aoeric55WiyIzNM6QREGbaJkCYcfX5lRIIm66zeKm1ou6LC38oHGBLQugCCooYkDeNNMnVFnLeBuwlx_Rrp1-lpsOEi1r_zIbOPYbWDZs783ROmlAwjIXJC7RTmPDdTffNYZUaEj2F1rUkt16FRUiFeAroED1HEyW2W_C2nzcoL-YnJypHJNS22SFbxjDObuD1FEk1FRHvpR99kWLMXcTlXKqjygYsvH1YAGKlcxwTQxo96jrokDBHGe3UOfp7sTLO2jbLE3fwcyzpohiyBZh9cgJ5WWQtv61312dkhRHqbkiAxhWF6eSpa0RgURjgQ0BjbADoVnGfTIyU7uQpWg-tG6oqyOL3J_T-iq1Yz89Cs4PHHPZW5BD_CfYSKSHPY0EnrguBImzwsGStNRqKl9hEuocBI8bUiIYwKdpxow1xMVDWH-JiCnMXZG2xHohyHtoM5XzxhHVBJuNPycreYGlOHyfvmPLPJGhnPb9xahUyGekh1QU2Bxc9SIUc6PaJXSLhQod5yuNq_n95S4xaMOspDz6XmDBWdTT_911gEAAx8U-jNJivhqC135kghaeHdljUgVlzOz1an5dG24A1utWk9LAkyQZvMMl-Tg91oW583SoAXEQ-qrSt8Xbb12PblX8FeBDuRs5LSGqqLQAMY8mN_teRqkOjOsKasFBlBCz7GyOESHSsEcyOa8FBCI5bWe4ITU6cwXr3GP3wemBSUij2ZWsIgpf_v4EsZA_lNzD67M2ce1iphv9OCF2TWrlbOwt1BzZTLSp4ltpcAgP9sKjSthHRSmOewmgkeAT7FP0fIFaYfcCVpeoGmJXEcneJoVA9lw5Mq8S1ptHvNIktuy84ABl9sDjYMmzr7fToo3Q3kVbznAOppvfi-b1bCp-wURp1MuWhRhR0d3RHpTHzI426Q1dKImhGG-4KsL0bpLzHIc26_gVRyqms8EJ0i0QmaNJx8FanP1HMtUhzqnm_ZHIMd3KiF6Q30QG5J7v3E8bKAVFaJWoGqQbYJV7r-36y1z0lkW2vHZKCmxjs026Y5a89qYVhwAFV8LD6E4LMgre8zG0bupkLXTLXIWfhcLYzgRDppPdWbts6pJDLeYpElLwsG97QGed9AFVNchX0WBGVo2BVYtvwRmiywfCYPjemdaBhIZY0pz5Ap8HCWdcqW_i2jB1L4Ry5i4wLvo4H_eTWzDzfEPvDXF6DKZbm4GCWRmz-OxsH9v72lYKgtAzFzvEwx2G-aZBTr4n9hU_uB30ianTXqircF7OKZtDjbchW7FAAKNqdlZF5HC29C6dEZoxlgRwDPNfm0-ZcbvIIT4raKZnZsfXKG6sypAQ2R2Yc92tQuT_j6hkew0GvEXlkBM7nExPgN1seRT0LlDxbPCIFe7fjFWSnjn2RgotjzsxctuUKd5Ov7s6gVdi8arl0i3wnOELHK1bJl_xTbOUNIwF3obclyfu7wftWne8QSapPS8CRG5XeI9C50E_7vfauLKu1G58W63Y4pOzG54jmSzbUhKZq4DCLVc&amp;__tn__=%2As-R&amp;paipv=0&amp;eav=AfaUql1UHiaAZwNnFQXsG0d04BJD5XUVFypLY7decvUTO_EyQtLed1Sp3vIyFUmdzbc\"><span class=\"_5aw4 _qdz\">#Spalt<\/span><\/a><\/p>\n<\/div>\n<p><a href=\"https:\/\/www.woodpunk.cz\/wp-content\/uploads\/2023\/08\/Orechova-misa-30x10-cm.jpg\"><img decoding=\"async\" class=\"wp_automatic_fb_img\" title=\"\" src=\"https:\/\/www.woodpunk.cz\/wp-content\/uploads\/2023\/08\/Orechova-misa-30x10-cm.jpg\" \/><\/a><br \/>\n<a href=\"https:\/\/www.woodpunk.cz\/wp-content\/uploads\/2023\/08\/1691407499_25_Orechova-misa-30x10-cm.jpg\"><img decoding=\"async\" class=\"wp_automatic_fb_img\" title=\"\" src=\"https:\/\/www.woodpunk.cz\/wp-content\/uploads\/2023\/08\/1691407499_25_Orechova-misa-30x10-cm.jpg\" \/><\/a><br \/>\n<a href=\"https:\/\/www.woodpunk.cz\/wp-content\/uploads\/2023\/08\/1691407500_489_Orechova-misa-30x10-cm.jpg\"><img decoding=\"async\" class=\"wp_automatic_fb_img\" title=\"\" src=\"https:\/\/www.woodpunk.cz\/wp-content\/uploads\/2023\/08\/1691407500_489_Orechova-misa-30x10-cm.jpg\" \/><\/a><br \/>\n<a href=\"https:\/\/www.woodpunk.cz\/wp-content\/uploads\/2023\/08\/1691407500_143_Orechova-misa-30x10-cm.jpg\"><img decoding=\"async\" class=\"wp_automatic_fb_img\" title=\"\" src=\"https:\/\/www.woodpunk.cz\/wp-content\/uploads\/2023\/08\/1691407500_143_Orechova-misa-30x10-cm.jpg\" \/><\/a><br \/>\n<a href=\"https:\/\/www.woodpunk.cz\/wp-content\/uploads\/2023\/08\/1691407500_587_Orechova-misa-30x10-cm.jpg\"><img decoding=\"async\" class=\"wp_automatic_fb_img\" title=\"\" src=\"https:\/\/www.woodpunk.cz\/wp-content\/uploads\/2023\/08\/1691407500_587_Orechova-misa-30x10-cm.jpg\" \/><\/a><\/p>\n<p>[ad_2]<\/p>\n<p><a href=\"https:\/\/www.facebook.com\/100083326702029\/posts\/264318656355689\">Facebook<\/a><\/p>\n","protected":false},"excerpt":{"rendered":"<p>[ad_1] #WoodPunk #O\u0159e\u0161\u00e1k #O\u0159ech #Walnut #Spalt [ad_2] Facebook<\/p>\n","protected":false},"featured_media":1257,"template":"","meta":{"_editorskit_title_hidden":false,"_editorskit_reading_time":0,"_editorskit_is_block_options_detached":false,"_editorskit_block_options_position":"{}"},"product_brand":[394],"product_cat":[78],"product_tag":[],"class_list":{"0":"post-1403","1":"product","2":"type-product","3":"status-publish","4":"has-post-thumbnail","6":"product_brand-wood-punk","7":"product_cat-drevene-misky","8":"pa_material-orechove-drevo","10":"entry","11":"has-media","13":"first","14":"outofstock","15":"shipping-taxable","16":"purchasable","17":"product-type-simple","18":"col","19":"span_1_of_5","20":"owp-content-center","21":"owp-thumbs-layout-horizontal","22":"owp-btn-normal","23":"owp-tabs-layout-horizontal","24":"has-no-thumbnails"},"yoast_head":"<!-- This site is optimized with the Yoast SEO plugin v27.5 - https:\/\/yoast.com\/product\/yoast-seo-wordpress\/ -->\n<title>O\u0159echov\u00e1 m\u00edsa (30x10 cm) | WOOD PUNK<\/title>\n<meta name=\"robots\" content=\"index, follow, max-snippet:-1, max-image-preview:large, max-video-preview:-1\" \/>\n<link rel=\"canonical\" href=\"https:\/\/woodpunk.cz\/en\/product\/orechova-misa-30x10-cm\/\" \/>\n<meta property=\"og:locale\" content=\"en_US\" \/>\n<meta property=\"og:type\" content=\"article\" \/>\n<meta property=\"og:title\" content=\"O\u0159echov\u00e1 m\u00edsa (30x10 cm) | WOOD PUNK\" \/>\n<meta property=\"og:description\" content=\"[ad_1] #WoodPunk #O\u0159e\u0161\u00e1k #O\u0159ech #Walnut #Spalt [ad_2] Facebook\" \/>\n<meta property=\"og:url\" content=\"https:\/\/woodpunk.cz\/en\/product\/orechova-misa-30x10-cm\/\" \/>\n<meta property=\"og:site_name\" content=\"WOOD PUNK\" \/>\n<meta property=\"article:publisher\" content=\"https:\/\/www.facebook.com\/JL.WoodPunk\" \/>\n<meta property=\"article:modified_time\" content=\"2025-05-30T10:31:29+00:00\" \/>\n<meta property=\"og:image\" content=\"https:\/\/woodpunk.cz\/wp-content\/uploads\/2023\/08\/Orechova-misa-30x10-cm.jpg\" \/>\n\t<meta property=\"og:image:width\" content=\"600\" \/>\n\t<meta property=\"og:image:height\" content=\"480\" \/>\n\t<meta property=\"og:image:type\" content=\"image\/jpeg\" \/>\n<meta name=\"twitter:card\" content=\"summary_large_image\" \/>\n<meta name=\"twitter:label1\" content=\"Est. reading time\" \/>\n\t<meta name=\"twitter:data1\" content=\"2 minutes\" \/>\n<script type=\"application\/ld+json\" class=\"yoast-schema-graph\">{\"@context\":\"https:\\\/\\\/schema.org\",\"@graph\":[{\"@type\":\"WebPage\",\"@id\":\"https:\\\/\\\/woodpunk.cz\\\/produkt\\\/orechova-misa-30x10-cm\\\/\",\"url\":\"https:\\\/\\\/woodpunk.cz\\\/produkt\\\/orechova-misa-30x10-cm\\\/\",\"name\":\"O\u0159echov\u00e1 m\u00edsa (30x10 cm) | WOOD PUNK\",\"isPartOf\":{\"@id\":\"https:\\\/\\\/woodpunk.cz\\\/#website\"},\"primaryImageOfPage\":{\"@id\":\"https:\\\/\\\/woodpunk.cz\\\/produkt\\\/orechova-misa-30x10-cm\\\/#primaryimage\"},\"image\":{\"@id\":\"https:\\\/\\\/woodpunk.cz\\\/produkt\\\/orechova-misa-30x10-cm\\\/#primaryimage\"},\"thumbnailUrl\":\"https:\\\/\\\/woodpunk.cz\\\/wp-content\\\/uploads\\\/2023\\\/08\\\/Orechova-misa-30x10-cm.jpg\",\"datePublished\":\"2023-10-11T07:52:09+00:00\",\"dateModified\":\"2025-05-30T10:31:29+00:00\",\"breadcrumb\":{\"@id\":\"https:\\\/\\\/woodpunk.cz\\\/produkt\\\/orechova-misa-30x10-cm\\\/#breadcrumb\"},\"inLanguage\":\"en-US\",\"potentialAction\":[{\"@type\":\"ReadAction\",\"target\":[\"https:\\\/\\\/woodpunk.cz\\\/produkt\\\/orechova-misa-30x10-cm\\\/\"]}]},{\"@type\":\"ImageObject\",\"inLanguage\":\"en-US\",\"@id\":\"https:\\\/\\\/woodpunk.cz\\\/produkt\\\/orechova-misa-30x10-cm\\\/#primaryimage\",\"url\":\"https:\\\/\\\/woodpunk.cz\\\/wp-content\\\/uploads\\\/2023\\\/08\\\/Orechova-misa-30x10-cm.jpg\",\"contentUrl\":\"https:\\\/\\\/woodpunk.cz\\\/wp-content\\\/uploads\\\/2023\\\/08\\\/Orechova-misa-30x10-cm.jpg\",\"width\":600,\"height\":480},{\"@type\":\"BreadcrumbList\",\"@id\":\"https:\\\/\\\/woodpunk.cz\\\/produkt\\\/orechova-misa-30x10-cm\\\/#breadcrumb\",\"itemListElement\":[{\"@type\":\"ListItem\",\"position\":1,\"name\":\"Dom\u016f\",\"item\":\"https:\\\/\\\/woodpunk.cz\\\/\"},{\"@type\":\"ListItem\",\"position\":2,\"name\":\"Obchod s d\u0159ev\u011bn\u00fdmi miskami a v\u00fdrobky z masivn\u00edho d\u0159eva\",\"item\":\"https:\\\/\\\/woodpunk.cz\\\/drevene-misky-a-vyrobky-ze-dreva\\\/\"},{\"@type\":\"ListItem\",\"position\":3,\"name\":\"O\u0159echov\u00e1 m\u00edsa (30&#215;10 cm)\"}]},{\"@type\":\"WebSite\",\"@id\":\"https:\\\/\\\/woodpunk.cz\\\/#website\",\"url\":\"https:\\\/\\\/woodpunk.cz\\\/\",\"name\":\"WOOD PUNK\",\"description\":\"\",\"publisher\":{\"@id\":\"https:\\\/\\\/woodpunk.cz\\\/#organization\"},\"alternateName\":\"\u0158emesln\u00e1 v\u00fdroba a prodej d\u0159ev\u011bn\u00fdch misek, v\u00e1z, kv\u011btn\u00edk\u016f a dal\u0161\u00edch d\u0159ev\u011bn\u00fdch nejenom soustru\u017een\u00fdch v\u00fdrobk\u016f.\",\"potentialAction\":[{\"@type\":\"SearchAction\",\"target\":{\"@type\":\"EntryPoint\",\"urlTemplate\":\"https:\\\/\\\/woodpunk.cz\\\/?s={search_term_string}\"},\"query-input\":{\"@type\":\"PropertyValueSpecification\",\"valueRequired\":true,\"valueName\":\"search_term_string\"}}],\"inLanguage\":\"en-US\"},{\"@type\":\"Organization\",\"@id\":\"https:\\\/\\\/woodpunk.cz\\\/#organization\",\"name\":\"WOOD PUNK\",\"alternateName\":\"\u0158emesln\u00e1 v\u00fdroba d\u0159ev\u011bn\u00fdch misek, v\u00e1z, kv\u011btn\u00edk\u016f a dal\u0161\u00edch d\u0159ev\u011bn\u00fdch nejenom soustru\u017een\u00fdch v\u00fdrobk\u016f.\",\"url\":\"https:\\\/\\\/woodpunk.cz\\\/\",\"logo\":{\"@type\":\"ImageObject\",\"inLanguage\":\"en-US\",\"@id\":\"https:\\\/\\\/woodpunk.cz\\\/#\\\/schema\\\/logo\\\/image\\\/\",\"url\":\"https:\\\/\\\/woodpunk.cz\\\/wp-content\\\/uploads\\\/2024\\\/04\\\/woodpunk_logo_260x213_f1f1f1ff.png\",\"contentUrl\":\"https:\\\/\\\/woodpunk.cz\\\/wp-content\\\/uploads\\\/2024\\\/04\\\/woodpunk_logo_260x213_f1f1f1ff.png\",\"width\":260,\"height\":213,\"caption\":\"WOOD PUNK\"},\"image\":{\"@id\":\"https:\\\/\\\/woodpunk.cz\\\/#\\\/schema\\\/logo\\\/image\\\/\"},\"sameAs\":[\"https:\\\/\\\/www.facebook.com\\\/JL.WoodPunk\",\"https:\\\/\\\/www.instagram.com\\\/jlwoodpunk\\\/\",\"https:\\\/\\\/www.youtube.com\\\/channel\\\/UCbpihje-owPtI1dpoNOqkyA\"]}]}<\/script>\n<!-- \/ Yoast SEO plugin. -->","yoast_head_json":{"title":"O\u0159echov\u00e1 m\u00edsa (30x10 cm) | WOOD PUNK","robots":{"index":"index","follow":"follow","max-snippet":"max-snippet:-1","max-image-preview":"max-image-preview:large","max-video-preview":"max-video-preview:-1"},"canonical":"https:\/\/woodpunk.cz\/en\/product\/orechova-misa-30x10-cm\/","og_locale":"en_US","og_type":"article","og_title":"O\u0159echov\u00e1 m\u00edsa (30x10 cm) | WOOD PUNK","og_description":"[ad_1] #WoodPunk #O\u0159e\u0161\u00e1k #O\u0159ech #Walnut #Spalt [ad_2] Facebook","og_url":"https:\/\/woodpunk.cz\/en\/product\/orechova-misa-30x10-cm\/","og_site_name":"WOOD PUNK","article_publisher":"https:\/\/www.facebook.com\/JL.WoodPunk","article_modified_time":"2025-05-30T10:31:29+00:00","og_image":[{"width":600,"height":480,"url":"https:\/\/woodpunk.cz\/wp-content\/uploads\/2023\/08\/Orechova-misa-30x10-cm.jpg","type":"image\/jpeg"}],"twitter_card":"summary_large_image","twitter_misc":{"Est. reading time":"2 minutes"},"schema":{"@context":"https:\/\/schema.org","@graph":[{"@type":"WebPage","@id":"https:\/\/woodpunk.cz\/produkt\/orechova-misa-30x10-cm\/","url":"https:\/\/woodpunk.cz\/produkt\/orechova-misa-30x10-cm\/","name":"O\u0159echov\u00e1 m\u00edsa (30x10 cm) | WOOD PUNK","isPartOf":{"@id":"https:\/\/woodpunk.cz\/#website"},"primaryImageOfPage":{"@id":"https:\/\/woodpunk.cz\/produkt\/orechova-misa-30x10-cm\/#primaryimage"},"image":{"@id":"https:\/\/woodpunk.cz\/produkt\/orechova-misa-30x10-cm\/#primaryimage"},"thumbnailUrl":"https:\/\/woodpunk.cz\/wp-content\/uploads\/2023\/08\/Orechova-misa-30x10-cm.jpg","datePublished":"2023-10-11T07:52:09+00:00","dateModified":"2025-05-30T10:31:29+00:00","breadcrumb":{"@id":"https:\/\/woodpunk.cz\/produkt\/orechova-misa-30x10-cm\/#breadcrumb"},"inLanguage":"en-US","potentialAction":[{"@type":"ReadAction","target":["https:\/\/woodpunk.cz\/produkt\/orechova-misa-30x10-cm\/"]}]},{"@type":"ImageObject","inLanguage":"en-US","@id":"https:\/\/woodpunk.cz\/produkt\/orechova-misa-30x10-cm\/#primaryimage","url":"https:\/\/woodpunk.cz\/wp-content\/uploads\/2023\/08\/Orechova-misa-30x10-cm.jpg","contentUrl":"https:\/\/woodpunk.cz\/wp-content\/uploads\/2023\/08\/Orechova-misa-30x10-cm.jpg","width":600,"height":480},{"@type":"BreadcrumbList","@id":"https:\/\/woodpunk.cz\/produkt\/orechova-misa-30x10-cm\/#breadcrumb","itemListElement":[{"@type":"ListItem","position":1,"name":"Dom\u016f","item":"https:\/\/woodpunk.cz\/"},{"@type":"ListItem","position":2,"name":"Obchod s d\u0159ev\u011bn\u00fdmi miskami a v\u00fdrobky z masivn\u00edho d\u0159eva","item":"https:\/\/woodpunk.cz\/drevene-misky-a-vyrobky-ze-dreva\/"},{"@type":"ListItem","position":3,"name":"O\u0159echov\u00e1 m\u00edsa (30&#215;10 cm)"}]},{"@type":"WebSite","@id":"https:\/\/woodpunk.cz\/#website","url":"https:\/\/woodpunk.cz\/","name":"WOOD PUNK","description":"","publisher":{"@id":"https:\/\/woodpunk.cz\/#organization"},"alternateName":"\u0158emesln\u00e1 v\u00fdroba a prodej d\u0159ev\u011bn\u00fdch misek, v\u00e1z, kv\u011btn\u00edk\u016f a dal\u0161\u00edch d\u0159ev\u011bn\u00fdch nejenom soustru\u017een\u00fdch v\u00fdrobk\u016f.","potentialAction":[{"@type":"SearchAction","target":{"@type":"EntryPoint","urlTemplate":"https:\/\/woodpunk.cz\/?s={search_term_string}"},"query-input":{"@type":"PropertyValueSpecification","valueRequired":true,"valueName":"search_term_string"}}],"inLanguage":"en-US"},{"@type":"Organization","@id":"https:\/\/woodpunk.cz\/#organization","name":"WOOD PUNK","alternateName":"\u0158emesln\u00e1 v\u00fdroba d\u0159ev\u011bn\u00fdch misek, v\u00e1z, kv\u011btn\u00edk\u016f a dal\u0161\u00edch d\u0159ev\u011bn\u00fdch nejenom soustru\u017een\u00fdch v\u00fdrobk\u016f.","url":"https:\/\/woodpunk.cz\/","logo":{"@type":"ImageObject","inLanguage":"en-US","@id":"https:\/\/woodpunk.cz\/#\/schema\/logo\/image\/","url":"https:\/\/woodpunk.cz\/wp-content\/uploads\/2024\/04\/woodpunk_logo_260x213_f1f1f1ff.png","contentUrl":"https:\/\/woodpunk.cz\/wp-content\/uploads\/2024\/04\/woodpunk_logo_260x213_f1f1f1ff.png","width":260,"height":213,"caption":"WOOD PUNK"},"image":{"@id":"https:\/\/woodpunk.cz\/#\/schema\/logo\/image\/"},"sameAs":["https:\/\/www.facebook.com\/JL.WoodPunk","https:\/\/www.instagram.com\/jlwoodpunk\/","https:\/\/www.youtube.com\/channel\/UCbpihje-owPtI1dpoNOqkyA"]}]}},"_links":{"self":[{"href":"https:\/\/woodpunk.cz\/en\/wp-json\/wp\/v2\/product\/1403","targetHints":{"allow":["GET"]}}],"collection":[{"href":"https:\/\/woodpunk.cz\/en\/wp-json\/wp\/v2\/product"}],"about":[{"href":"https:\/\/woodpunk.cz\/en\/wp-json\/wp\/v2\/types\/product"}],"wp:featuredmedia":[{"embeddable":true,"href":"https:\/\/woodpunk.cz\/en\/wp-json\/wp\/v2\/media\/1257"}],"wp:attachment":[{"href":"https:\/\/woodpunk.cz\/en\/wp-json\/wp\/v2\/media?parent=1403"}],"wp:term":[{"taxonomy":"product_brand","embeddable":true,"href":"https:\/\/woodpunk.cz\/en\/wp-json\/wp\/v2\/product_brand?post=1403"},{"taxonomy":"product_cat","embeddable":true,"href":"https:\/\/woodpunk.cz\/en\/wp-json\/wp\/v2\/product_cat?post=1403"},{"taxonomy":"product_tag","embeddable":true,"href":"https:\/\/woodpunk.cz\/en\/wp-json\/wp\/v2\/product_tag?post=1403"}],"curies":[{"name":"wp","href":"https:\/\/api.w.org\/{rel}","templated":true}]}}