{"id":1367,"date":"2023-10-06T12:46:33","date_gmt":"2023-10-06T10:46:33","guid":{"rendered":"https:\/\/www.woodpunk.cz\/?p=1367"},"modified":"2025-05-30T12:31:29","modified_gmt":"2025-05-30T10:31:29","slug":"jasanova-miska-18x6-cm","status":"publish","type":"product","link":"https:\/\/woodpunk.cz\/en\/product\/jasanova-miska-18x6-cm\/","title":{"rendered":"Jasanov\u00e1 miska (18&#215;6 cm)"},"content":{"rendered":"<p>[ad_1]<\/p>\n<div>\n<p><a class=\"_5ayv _qdx\" href=\"https:\/\/facebook.com\/hashtag\/woodpunk?_ft_=encrypted_tracking_data.0AY-D_22M6pcGTuHjjGJzUPMPR8fzdXPT7qYLCIzixUyS-0z6JwnEgB5Rop9EdpWDvbrusHOYDIH0CR3DGpnnkKrnJUaIJs3Oedm_9p3435FxtkMO6qCdUHd8ggFnNJxKMoCBz9gGWVF-C46a2z2JsmKCNZplPW6hT7DMoQQdGCnSIHCe3MFsBPkUBO3q_DPUcUq0YHyoDouNs0GDeKd3kjo_EuwvjrePxYfvN1Z04FdxKc0sjZhBtNo-WvH27EnQ4vPWdFBDFepD-9ld4dTh4A3jwUvzfH22J5GUlIApZa3ZSQBvR4UetDi5plV3KCjGEZC08_Y6J1fgLO_GwgadSRkReR4T5WajYAbHO_zK8XiXAGI8LE_FMiagYOIW_PaIy7uwBt_XLfBjqMu1AR_DtQQM-RhvS88ElYkyzBY34VUqloF04Lk6gFKhWY0ZTyxY1Djsm4m8PHotT-bTdcf3qS0XUjBCT_yQD-FaQUC4QI_E0SBJZJDljsuX0u8-3BCeH-hmyucvakMpqahtcy0PSMDHeK88sYxh41kWUell8YwZrvgk4K8Q0QCXEjoVU0szEOzi1vH676WsuoyUY0EjJ_hKFOTO-0b8MMp3ZKGxom1IG58i5pKVEcpfq2AZr9-0QJ_xZTkU5zOi1CGXGwi1L97EieY23DNrqq6WC7qBVxSZwqLWBMr6Q5XyzclQL6rfRTCw-KC5hsugMZYykMCbu0NOGyhn2gwEivmxY0-CUPx0bdiZsjfC2o3LELu-75LmPwMcM4NTYabFMsW3er2rMfh4wkWRcYNQOEmCFr4v_Lasdj_jt11P0u9PH0QMtJyA__8XYRow--xlZN-4Axr8w0BNX_ZGwk2i7GNTQAV-nrLtxf1oisDgEx6UQWXo8w0Z-E_W4CjT4sgkB8tSZmcbKCMNFkPF8jwfv9TVbk11avPC-B1TeNe7WdQaDLUC4ItlBtOhC0wNXVAysURJRWLuQfsB4XC4i8uB6xl3cY9StvhqQM0KYTDXcYHWd-hAR5foDt0McSBCgBWZUsQxcppmnLANGYs11v6BL5on06Ibh1qMbxGLDsH55McFeEXLoFDqVRw_r8oAI3Mj-CWHzqnIBpyp48nm4jt66mwoA2VLkEW7gLMMie0JaoggUqTc1cW1MbSh7brNFjdiZMIKqMUGV-drH6KCH__e5mJOGdrXUWPU1kpM8aUgGOGXyJkqoAF82bdOBlQ99BP_u_PqdUuwM6_qOH8hhmkXnuyIGUM706Asb6fhf_ELp5971AM0afudXEtqO9TD9jFs9lArWzdmRhp4LWukcp9U1UiXorUaz3h2csv1dXSZENDPFXXJZtt3mZ0XR-7YDafd_afMbWgGMKRc60p1_EH-KJIRWQp7x5z-teG0GUnZu24GLzWhekSydzhrlhxk4HjN3cDSbAQaYb00zKhNtPQhPbhlyOZJD57v0LMZfMObryGbuzebaGLAxgpzFyo2QbfoxQ2Qde8XaKrtzAoxMvx4SCe4w8jFP5jNLNjnq4X7xwGAzIpSQkNf5hvWnhxTeAEbaeHqFfr_ruFTND8dkPog8V_UzA3NbnKvjgjYjyqdAEB2jr7SANl7hzo&amp;__tn__=%2As-R&amp;paipv=0&amp;eav=AfYHk9s_qf_DJ5OwOmW0k8kh2ufkDfsRgeBCyjVwqQD0BqXyHocCpfydyUlJlFekowg\"><span class=\"_5aw4 _qdz\">#WoodPunk<\/span><\/a> <a class=\"_5ayv _qdx\" href=\"https:\/\/facebook.com\/hashtag\/jasan?_ft_=encrypted_tracking_data.0AY-D_22M6pcGTuHjjGJzUPMPR8fzdXPT7qYLCIzixUyS-0z6JwnEgB5Rop9EdpWDvbrusHOYDIH0CR3DGpnnkKrnJUaIJs3Oedm_9p3435FxtkMO6qCdUHd8ggFnNJxKMoCBz9gGWVF-C46a2z2JsmKCNZplPW6hT7DMoQQdGCnSIHCe3MFsBPkUBO3q_DPUcUq0YHyoDouNs0GDeKd3kjo_EuwvjrePxYfvN1Z04FdxKc0sjZhBtNo-WvH27EnQ4vPWdFBDFepD-9ld4dTh4A3jwUvzfH22J5GUlIApZa3ZSQBvR4UetDi5plV3KCjGEZC08_Y6J1fgLO_GwgadSRkReR4T5WajYAbHO_zK8XiXAGI8LE_FMiagYOIW_PaIy7uwBt_XLfBjqMu1AR_DtQQM-RhvS88ElYkyzBY34VUqloF04Lk6gFKhWY0ZTyxY1Djsm4m8PHotT-bTdcf3qS0XUjBCT_yQD-FaQUC4QI_E0SBJZJDljsuX0u8-3BCeH-hmyucvakMpqahtcy0PSMDHeK88sYxh41kWUell8YwZrvgk4K8Q0QCXEjoVU0szEOzi1vH676WsuoyUY0EjJ_hKFOTO-0b8MMp3ZKGxom1IG58i5pKVEcpfq2AZr9-0QJ_xZTkU5zOi1CGXGwi1L97EieY23DNrqq6WC7qBVxSZwqLWBMr6Q5XyzclQL6rfRTCw-KC5hsugMZYykMCbu0NOGyhn2gwEivmxY0-CUPx0bdiZsjfC2o3LELu-75LmPwMcM4NTYabFMsW3er2rMfh4wkWRcYNQOEmCFr4v_Lasdj_jt11P0u9PH0QMtJyA__8XYRow--xlZN-4Axr8w0BNX_ZGwk2i7GNTQAV-nrLtxf1oisDgEx6UQWXo8w0Z-E_W4CjT4sgkB8tSZmcbKCMNFkPF8jwfv9TVbk11avPC-B1TeNe7WdQaDLUC4ItlBtOhC0wNXVAysURJRWLuQfsB4XC4i8uB6xl3cY9StvhqQM0KYTDXcYHWd-hAR5foDt0McSBCgBWZUsQxcppmnLANGYs11v6BL5on06Ibh1qMbxGLDsH55McFeEXLoFDqVRw_r8oAI3Mj-CWHzqnIBpyp48nm4jt66mwoA2VLkEW7gLMMie0JaoggUqTc1cW1MbSh7brNFjdiZMIKqMUGV-drH6KCH__e5mJOGdrXUWPU1kpM8aUgGOGXyJkqoAF82bdOBlQ99BP_u_PqdUuwM6_qOH8hhmkXnuyIGUM706Asb6fhf_ELp5971AM0afudXEtqO9TD9jFs9lArWzdmRhp4LWukcp9U1UiXorUaz3h2csv1dXSZENDPFXXJZtt3mZ0XR-7YDafd_afMbWgGMKRc60p1_EH-KJIRWQp7x5z-teG0GUnZu24GLzWhekSydzhrlhxk4HjN3cDSbAQaYb00zKhNtPQhPbhlyOZJD57v0LMZfMObryGbuzebaGLAxgpzFyo2QbfoxQ2Qde8XaKrtzAoxMvx4SCe4w8jFP5jNLNjnq4X7xwGAzIpSQkNf5hvWnhxTeAEbaeHqFfr_ruFTND8dkPog8V_UzA3NbnKvjgjYjyqdAEB2jr7SANl7hzo&amp;__tn__=%2As-R&amp;paipv=0&amp;eav=AfatOjZPDai-sLGxQ5h5YKTaZi8kZSFAcy5qaCMsUHnnENi7tKFaeP0ToV5efZR-QE0\"><span class=\"_5aw4 _qdz\">#Jasan<\/span><\/a> <a class=\"_5ayv _qdx\" href=\"https:\/\/facebook.com\/hashtag\/ash?_ft_=encrypted_tracking_data.0AY-D_22M6pcGTuHjjGJzUPMPR8fzdXPT7qYLCIzixUyS-0z6JwnEgB5Rop9EdpWDvbrusHOYDIH0CR3DGpnnkKrnJUaIJs3Oedm_9p3435FxtkMO6qCdUHd8ggFnNJxKMoCBz9gGWVF-C46a2z2JsmKCNZplPW6hT7DMoQQdGCnSIHCe3MFsBPkUBO3q_DPUcUq0YHyoDouNs0GDeKd3kjo_EuwvjrePxYfvN1Z04FdxKc0sjZhBtNo-WvH27EnQ4vPWdFBDFepD-9ld4dTh4A3jwUvzfH22J5GUlIApZa3ZSQBvR4UetDi5plV3KCjGEZC08_Y6J1fgLO_GwgadSRkReR4T5WajYAbHO_zK8XiXAGI8LE_FMiagYOIW_PaIy7uwBt_XLfBjqMu1AR_DtQQM-RhvS88ElYkyzBY34VUqloF04Lk6gFKhWY0ZTyxY1Djsm4m8PHotT-bTdcf3qS0XUjBCT_yQD-FaQUC4QI_E0SBJZJDljsuX0u8-3BCeH-hmyucvakMpqahtcy0PSMDHeK88sYxh41kWUell8YwZrvgk4K8Q0QCXEjoVU0szEOzi1vH676WsuoyUY0EjJ_hKFOTO-0b8MMp3ZKGxom1IG58i5pKVEcpfq2AZr9-0QJ_xZTkU5zOi1CGXGwi1L97EieY23DNrqq6WC7qBVxSZwqLWBMr6Q5XyzclQL6rfRTCw-KC5hsugMZYykMCbu0NOGyhn2gwEivmxY0-CUPx0bdiZsjfC2o3LELu-75LmPwMcM4NTYabFMsW3er2rMfh4wkWRcYNQOEmCFr4v_Lasdj_jt11P0u9PH0QMtJyA__8XYRow--xlZN-4Axr8w0BNX_ZGwk2i7GNTQAV-nrLtxf1oisDgEx6UQWXo8w0Z-E_W4CjT4sgkB8tSZmcbKCMNFkPF8jwfv9TVbk11avPC-B1TeNe7WdQaDLUC4ItlBtOhC0wNXVAysURJRWLuQfsB4XC4i8uB6xl3cY9StvhqQM0KYTDXcYHWd-hAR5foDt0McSBCgBWZUsQxcppmnLANGYs11v6BL5on06Ibh1qMbxGLDsH55McFeEXLoFDqVRw_r8oAI3Mj-CWHzqnIBpyp48nm4jt66mwoA2VLkEW7gLMMie0JaoggUqTc1cW1MbSh7brNFjdiZMIKqMUGV-drH6KCH__e5mJOGdrXUWPU1kpM8aUgGOGXyJkqoAF82bdOBlQ99BP_u_PqdUuwM6_qOH8hhmkXnuyIGUM706Asb6fhf_ELp5971AM0afudXEtqO9TD9jFs9lArWzdmRhp4LWukcp9U1UiXorUaz3h2csv1dXSZENDPFXXJZtt3mZ0XR-7YDafd_afMbWgGMKRc60p1_EH-KJIRWQp7x5z-teG0GUnZu24GLzWhekSydzhrlhxk4HjN3cDSbAQaYb00zKhNtPQhPbhlyOZJD57v0LMZfMObryGbuzebaGLAxgpzFyo2QbfoxQ2Qde8XaKrtzAoxMvx4SCe4w8jFP5jNLNjnq4X7xwGAzIpSQkNf5hvWnhxTeAEbaeHqFfr_ruFTND8dkPog8V_UzA3NbnKvjgjYjyqdAEB2jr7SANl7hzo&amp;__tn__=%2As-R&amp;paipv=0&amp;eav=AfZuEBMyOutkgQSf_scaT2FXida9DxQdsmxcHf1h2rN4J4Dg-TyL3CqeInKIBXNnOSo\"><span class=\"_5aw4 _qdz\">#Ash<\/span><\/a><\/p>\n<\/div>\n<p><a href=\"https:\/\/www.woodpunk.cz\/wp-content\/uploads\/2023\/08\/Jasanova-miska-18x6-cm.jpg\"><img decoding=\"async\" class=\"wp_automatic_fb_img\" title=\"\" src=\"https:\/\/www.woodpunk.cz\/wp-content\/uploads\/2023\/08\/Jasanova-miska-18x6-cm.jpg\" \/><\/a><br \/>\n<a href=\"https:\/\/www.woodpunk.cz\/wp-content\/uploads\/2023\/08\/1691407511_168_Jasanova-miska-18x6-cm.jpg\"><img decoding=\"async\" class=\"wp_automatic_fb_img\" title=\"\" src=\"https:\/\/www.woodpunk.cz\/wp-content\/uploads\/2023\/08\/1691407511_168_Jasanova-miska-18x6-cm.jpg\" \/><\/a><br \/>\n<a href=\"https:\/\/www.woodpunk.cz\/wp-content\/uploads\/2023\/08\/1691407511_778_Jasanova-miska-18x6-cm.jpg\"><img decoding=\"async\" class=\"wp_automatic_fb_img\" title=\"\" src=\"https:\/\/www.woodpunk.cz\/wp-content\/uploads\/2023\/08\/1691407511_778_Jasanova-miska-18x6-cm.jpg\" \/><\/a><br \/>\n<a href=\"https:\/\/www.woodpunk.cz\/wp-content\/uploads\/2023\/08\/1691407512_682_Jasanova-miska-18x6-cm.jpg\"><img decoding=\"async\" class=\"wp_automatic_fb_img\" title=\"\" src=\"https:\/\/www.woodpunk.cz\/wp-content\/uploads\/2023\/08\/1691407512_682_Jasanova-miska-18x6-cm.jpg\" \/><\/a><\/p>\n<p>[ad_2]<\/p>\n<p><a href=\"https:\/\/www.facebook.com\/100083326702029\/posts\/263727356414819\">Facebook<\/a><\/p>\n","protected":false},"excerpt":{"rendered":"<p>[ad_1] #WoodPunk #Jasan #Ash [ad_2] Facebook<\/p>\n","protected":false},"featured_media":1259,"template":"","meta":{"_editorskit_title_hidden":false,"_editorskit_reading_time":0,"_editorskit_is_block_options_detached":false,"_editorskit_block_options_position":"{}"},"product_brand":[394],"product_cat":[78],"product_tag":[],"class_list":{"0":"post-1367","1":"product","2":"type-product","3":"status-publish","4":"has-post-thumbnail","6":"product_brand-wood-punk","7":"product_cat-drevene-misky","8":"pa_material-jasanove-drevo","10":"entry","11":"has-media","13":"first","14":"outofstock","15":"sold-individually","16":"shipping-taxable","17":"purchasable","18":"product-type-simple","19":"col","20":"span_1_of_5","21":"owp-content-center","22":"owp-thumbs-layout-horizontal","23":"owp-btn-normal","24":"owp-tabs-layout-horizontal","25":"has-no-thumbnails"},"yoast_head":"<!-- This site is optimized with the Yoast SEO plugin v27.4 - https:\/\/yoast.com\/product\/yoast-seo-wordpress\/ -->\n<title>Jasanov\u00e1 miska (18x6 cm) | WOOD PUNK<\/title>\n<meta name=\"robots\" content=\"index, follow, max-snippet:-1, max-image-preview:large, max-video-preview:-1\" \/>\n<link rel=\"canonical\" href=\"https:\/\/woodpunk.cz\/en\/product\/jasanova-miska-18x6-cm\/\" \/>\n<meta property=\"og:locale\" content=\"en_US\" \/>\n<meta property=\"og:type\" content=\"article\" \/>\n<meta property=\"og:title\" content=\"Jasanov\u00e1 miska (18x6 cm) | WOOD PUNK\" \/>\n<meta property=\"og:description\" content=\"[ad_1] #WoodPunk #Jasan #Ash [ad_2] Facebook\" \/>\n<meta property=\"og:url\" content=\"https:\/\/woodpunk.cz\/en\/product\/jasanova-miska-18x6-cm\/\" \/>\n<meta property=\"og:site_name\" content=\"WOOD PUNK\" \/>\n<meta property=\"article:publisher\" content=\"https:\/\/www.facebook.com\/JL.WoodPunk\" \/>\n<meta property=\"article:modified_time\" content=\"2025-05-30T10:31:29+00:00\" \/>\n<meta property=\"og:image\" content=\"https:\/\/woodpunk.cz\/wp-content\/uploads\/2023\/08\/Jasanova-miska-18x6-cm.jpg\" \/>\n\t<meta property=\"og:image:width\" content=\"592\" \/>\n\t<meta property=\"og:image:height\" content=\"395\" \/>\n\t<meta property=\"og:image:type\" content=\"image\/jpeg\" \/>\n<meta name=\"twitter:card\" content=\"summary_large_image\" \/>\n<meta name=\"twitter:label1\" content=\"Est. reading time\" \/>\n\t<meta name=\"twitter:data1\" content=\"2 minutes\" \/>\n<script type=\"application\/ld+json\" class=\"yoast-schema-graph\">{\"@context\":\"https:\\\/\\\/schema.org\",\"@graph\":[{\"@type\":\"WebPage\",\"@id\":\"https:\\\/\\\/woodpunk.cz\\\/produkt\\\/jasanova-miska-18x6-cm\\\/\",\"url\":\"https:\\\/\\\/woodpunk.cz\\\/produkt\\\/jasanova-miska-18x6-cm\\\/\",\"name\":\"Jasanov\u00e1 miska (18x6 cm) | WOOD PUNK\",\"isPartOf\":{\"@id\":\"https:\\\/\\\/woodpunk.cz\\\/#website\"},\"primaryImageOfPage\":{\"@id\":\"https:\\\/\\\/woodpunk.cz\\\/produkt\\\/jasanova-miska-18x6-cm\\\/#primaryimage\"},\"image\":{\"@id\":\"https:\\\/\\\/woodpunk.cz\\\/produkt\\\/jasanova-miska-18x6-cm\\\/#primaryimage\"},\"thumbnailUrl\":\"https:\\\/\\\/woodpunk.cz\\\/wp-content\\\/uploads\\\/2023\\\/08\\\/Jasanova-miska-18x6-cm.jpg\",\"datePublished\":\"2023-10-06T10:46:33+00:00\",\"dateModified\":\"2025-05-30T10:31:29+00:00\",\"breadcrumb\":{\"@id\":\"https:\\\/\\\/woodpunk.cz\\\/produkt\\\/jasanova-miska-18x6-cm\\\/#breadcrumb\"},\"inLanguage\":\"en-US\",\"potentialAction\":[{\"@type\":\"ReadAction\",\"target\":[\"https:\\\/\\\/woodpunk.cz\\\/produkt\\\/jasanova-miska-18x6-cm\\\/\"]}]},{\"@type\":\"ImageObject\",\"inLanguage\":\"en-US\",\"@id\":\"https:\\\/\\\/woodpunk.cz\\\/produkt\\\/jasanova-miska-18x6-cm\\\/#primaryimage\",\"url\":\"https:\\\/\\\/woodpunk.cz\\\/wp-content\\\/uploads\\\/2023\\\/08\\\/Jasanova-miska-18x6-cm.jpg\",\"contentUrl\":\"https:\\\/\\\/woodpunk.cz\\\/wp-content\\\/uploads\\\/2023\\\/08\\\/Jasanova-miska-18x6-cm.jpg\",\"width\":592,\"height\":395},{\"@type\":\"BreadcrumbList\",\"@id\":\"https:\\\/\\\/woodpunk.cz\\\/produkt\\\/jasanova-miska-18x6-cm\\\/#breadcrumb\",\"itemListElement\":[{\"@type\":\"ListItem\",\"position\":1,\"name\":\"Dom\u016f\",\"item\":\"https:\\\/\\\/woodpunk.cz\\\/\"},{\"@type\":\"ListItem\",\"position\":2,\"name\":\"Obchod s d\u0159ev\u011bn\u00fdmi miskami a v\u00fdrobky z masivn\u00edho d\u0159eva\",\"item\":\"https:\\\/\\\/woodpunk.cz\\\/drevene-misky-a-vyrobky-ze-dreva\\\/\"},{\"@type\":\"ListItem\",\"position\":3,\"name\":\"Jasanov\u00e1 miska (18&#215;6 cm)\"}]},{\"@type\":\"WebSite\",\"@id\":\"https:\\\/\\\/woodpunk.cz\\\/#website\",\"url\":\"https:\\\/\\\/woodpunk.cz\\\/\",\"name\":\"WOOD PUNK\",\"description\":\"\",\"publisher\":{\"@id\":\"https:\\\/\\\/woodpunk.cz\\\/#organization\"},\"alternateName\":\"\u0158emesln\u00e1 v\u00fdroba a prodej d\u0159ev\u011bn\u00fdch misek, v\u00e1z, kv\u011btn\u00edk\u016f a dal\u0161\u00edch d\u0159ev\u011bn\u00fdch nejenom soustru\u017een\u00fdch v\u00fdrobk\u016f.\",\"potentialAction\":[{\"@type\":\"SearchAction\",\"target\":{\"@type\":\"EntryPoint\",\"urlTemplate\":\"https:\\\/\\\/woodpunk.cz\\\/?s={search_term_string}\"},\"query-input\":{\"@type\":\"PropertyValueSpecification\",\"valueRequired\":true,\"valueName\":\"search_term_string\"}}],\"inLanguage\":\"en-US\"},{\"@type\":\"Organization\",\"@id\":\"https:\\\/\\\/woodpunk.cz\\\/#organization\",\"name\":\"WOOD PUNK\",\"alternateName\":\"\u0158emesln\u00e1 v\u00fdroba d\u0159ev\u011bn\u00fdch misek, v\u00e1z, kv\u011btn\u00edk\u016f a dal\u0161\u00edch d\u0159ev\u011bn\u00fdch nejenom soustru\u017een\u00fdch v\u00fdrobk\u016f.\",\"url\":\"https:\\\/\\\/woodpunk.cz\\\/\",\"logo\":{\"@type\":\"ImageObject\",\"inLanguage\":\"en-US\",\"@id\":\"https:\\\/\\\/woodpunk.cz\\\/#\\\/schema\\\/logo\\\/image\\\/\",\"url\":\"https:\\\/\\\/woodpunk.cz\\\/wp-content\\\/uploads\\\/2024\\\/04\\\/woodpunk_logo_260x213_f1f1f1ff.png\",\"contentUrl\":\"https:\\\/\\\/woodpunk.cz\\\/wp-content\\\/uploads\\\/2024\\\/04\\\/woodpunk_logo_260x213_f1f1f1ff.png\",\"width\":260,\"height\":213,\"caption\":\"WOOD PUNK\"},\"image\":{\"@id\":\"https:\\\/\\\/woodpunk.cz\\\/#\\\/schema\\\/logo\\\/image\\\/\"},\"sameAs\":[\"https:\\\/\\\/www.facebook.com\\\/JL.WoodPunk\",\"https:\\\/\\\/www.instagram.com\\\/jlwoodpunk\\\/\",\"https:\\\/\\\/www.youtube.com\\\/channel\\\/UCbpihje-owPtI1dpoNOqkyA\"]}]}<\/script>\n<!-- \/ Yoast SEO plugin. -->","yoast_head_json":{"title":"Jasanov\u00e1 miska (18x6 cm) | WOOD PUNK","robots":{"index":"index","follow":"follow","max-snippet":"max-snippet:-1","max-image-preview":"max-image-preview:large","max-video-preview":"max-video-preview:-1"},"canonical":"https:\/\/woodpunk.cz\/en\/product\/jasanova-miska-18x6-cm\/","og_locale":"en_US","og_type":"article","og_title":"Jasanov\u00e1 miska (18x6 cm) | WOOD PUNK","og_description":"[ad_1] #WoodPunk #Jasan #Ash [ad_2] Facebook","og_url":"https:\/\/woodpunk.cz\/en\/product\/jasanova-miska-18x6-cm\/","og_site_name":"WOOD PUNK","article_publisher":"https:\/\/www.facebook.com\/JL.WoodPunk","article_modified_time":"2025-05-30T10:31:29+00:00","og_image":[{"width":592,"height":395,"url":"https:\/\/woodpunk.cz\/wp-content\/uploads\/2023\/08\/Jasanova-miska-18x6-cm.jpg","type":"image\/jpeg"}],"twitter_card":"summary_large_image","twitter_misc":{"Est. reading time":"2 minutes"},"schema":{"@context":"https:\/\/schema.org","@graph":[{"@type":"WebPage","@id":"https:\/\/woodpunk.cz\/produkt\/jasanova-miska-18x6-cm\/","url":"https:\/\/woodpunk.cz\/produkt\/jasanova-miska-18x6-cm\/","name":"Jasanov\u00e1 miska (18x6 cm) | WOOD PUNK","isPartOf":{"@id":"https:\/\/woodpunk.cz\/#website"},"primaryImageOfPage":{"@id":"https:\/\/woodpunk.cz\/produkt\/jasanova-miska-18x6-cm\/#primaryimage"},"image":{"@id":"https:\/\/woodpunk.cz\/produkt\/jasanova-miska-18x6-cm\/#primaryimage"},"thumbnailUrl":"https:\/\/woodpunk.cz\/wp-content\/uploads\/2023\/08\/Jasanova-miska-18x6-cm.jpg","datePublished":"2023-10-06T10:46:33+00:00","dateModified":"2025-05-30T10:31:29+00:00","breadcrumb":{"@id":"https:\/\/woodpunk.cz\/produkt\/jasanova-miska-18x6-cm\/#breadcrumb"},"inLanguage":"en-US","potentialAction":[{"@type":"ReadAction","target":["https:\/\/woodpunk.cz\/produkt\/jasanova-miska-18x6-cm\/"]}]},{"@type":"ImageObject","inLanguage":"en-US","@id":"https:\/\/woodpunk.cz\/produkt\/jasanova-miska-18x6-cm\/#primaryimage","url":"https:\/\/woodpunk.cz\/wp-content\/uploads\/2023\/08\/Jasanova-miska-18x6-cm.jpg","contentUrl":"https:\/\/woodpunk.cz\/wp-content\/uploads\/2023\/08\/Jasanova-miska-18x6-cm.jpg","width":592,"height":395},{"@type":"BreadcrumbList","@id":"https:\/\/woodpunk.cz\/produkt\/jasanova-miska-18x6-cm\/#breadcrumb","itemListElement":[{"@type":"ListItem","position":1,"name":"Dom\u016f","item":"https:\/\/woodpunk.cz\/"},{"@type":"ListItem","position":2,"name":"Obchod s d\u0159ev\u011bn\u00fdmi miskami a v\u00fdrobky z masivn\u00edho d\u0159eva","item":"https:\/\/woodpunk.cz\/drevene-misky-a-vyrobky-ze-dreva\/"},{"@type":"ListItem","position":3,"name":"Jasanov\u00e1 miska (18&#215;6 cm)"}]},{"@type":"WebSite","@id":"https:\/\/woodpunk.cz\/#website","url":"https:\/\/woodpunk.cz\/","name":"WOOD PUNK","description":"","publisher":{"@id":"https:\/\/woodpunk.cz\/#organization"},"alternateName":"\u0158emesln\u00e1 v\u00fdroba a prodej d\u0159ev\u011bn\u00fdch misek, v\u00e1z, kv\u011btn\u00edk\u016f a dal\u0161\u00edch d\u0159ev\u011bn\u00fdch nejenom soustru\u017een\u00fdch v\u00fdrobk\u016f.","potentialAction":[{"@type":"SearchAction","target":{"@type":"EntryPoint","urlTemplate":"https:\/\/woodpunk.cz\/?s={search_term_string}"},"query-input":{"@type":"PropertyValueSpecification","valueRequired":true,"valueName":"search_term_string"}}],"inLanguage":"en-US"},{"@type":"Organization","@id":"https:\/\/woodpunk.cz\/#organization","name":"WOOD PUNK","alternateName":"\u0158emesln\u00e1 v\u00fdroba d\u0159ev\u011bn\u00fdch misek, v\u00e1z, kv\u011btn\u00edk\u016f a dal\u0161\u00edch d\u0159ev\u011bn\u00fdch nejenom soustru\u017een\u00fdch v\u00fdrobk\u016f.","url":"https:\/\/woodpunk.cz\/","logo":{"@type":"ImageObject","inLanguage":"en-US","@id":"https:\/\/woodpunk.cz\/#\/schema\/logo\/image\/","url":"https:\/\/woodpunk.cz\/wp-content\/uploads\/2024\/04\/woodpunk_logo_260x213_f1f1f1ff.png","contentUrl":"https:\/\/woodpunk.cz\/wp-content\/uploads\/2024\/04\/woodpunk_logo_260x213_f1f1f1ff.png","width":260,"height":213,"caption":"WOOD PUNK"},"image":{"@id":"https:\/\/woodpunk.cz\/#\/schema\/logo\/image\/"},"sameAs":["https:\/\/www.facebook.com\/JL.WoodPunk","https:\/\/www.instagram.com\/jlwoodpunk\/","https:\/\/www.youtube.com\/channel\/UCbpihje-owPtI1dpoNOqkyA"]}]}},"_links":{"self":[{"href":"https:\/\/woodpunk.cz\/en\/wp-json\/wp\/v2\/product\/1367","targetHints":{"allow":["GET"]}}],"collection":[{"href":"https:\/\/woodpunk.cz\/en\/wp-json\/wp\/v2\/product"}],"about":[{"href":"https:\/\/woodpunk.cz\/en\/wp-json\/wp\/v2\/types\/product"}],"wp:featuredmedia":[{"embeddable":true,"href":"https:\/\/woodpunk.cz\/en\/wp-json\/wp\/v2\/media\/1259"}],"wp:attachment":[{"href":"https:\/\/woodpunk.cz\/en\/wp-json\/wp\/v2\/media?parent=1367"}],"wp:term":[{"taxonomy":"product_brand","embeddable":true,"href":"https:\/\/woodpunk.cz\/en\/wp-json\/wp\/v2\/product_brand?post=1367"},{"taxonomy":"product_cat","embeddable":true,"href":"https:\/\/woodpunk.cz\/en\/wp-json\/wp\/v2\/product_cat?post=1367"},{"taxonomy":"product_tag","embeddable":true,"href":"https:\/\/woodpunk.cz\/en\/wp-json\/wp\/v2\/product_tag?post=1367"}],"curies":[{"name":"wp","href":"https:\/\/api.w.org\/{rel}","templated":true}]}}