{"id":1350,"date":"2023-10-06T11:50:05","date_gmt":"2023-10-06T09:50:05","guid":{"rendered":"https:\/\/www.woodpunk.cz\/?p=1350"},"modified":"2025-05-30T12:31:30","modified_gmt":"2025-05-30T10:31:30","slug":"jasanova-miska-20x7-cm","status":"publish","type":"product","link":"https:\/\/woodpunk.cz\/en\/product\/jasanova-miska-20x7-cm\/","title":{"rendered":"Jasanov\u00e1 miska (20&#215;7 cm)"},"content":{"rendered":"<p>[ad_1]<\/p>\n<div>\n<p>&nbsp;<\/p>\n<p><a class=\"_5ayv _qdx\" href=\"https:\/\/facebook.com\/hashtag\/woodpunk?_ft_=encrypted_tracking_data.0AY8ZP-Qz9IJZEcWoY4XrDkjPlC2RtVyqr-ew0MnvRvpzCUb0c7-lM2Z8kbKklHJ1O04PyjUJrUdtvgTEzDcAJcg38mA4_XywL40K7J6__NFhZoHJemn6lXEm1AdINwFVEq5wv29skWg5pArnzORCTwM8AL6IElCSU-0KEipcEJSt1TCneegXe_aXeWGbhUhNGsoQVYoVSn4OCLV6d2bwLx3N_SPQz2mHcF-17guNxUxCnLimFePntU4acdWjpWABNP5Pj7LMcE8RWDdFIvfKiRiBLWbW3mgZJ2l7OPDGPrCe39PxDT8iE_LAPx4mhDTRxRfs5LfexMzj2rU01j_8nUYmqfdsU4W-4WNn36Sl8F5bGXfQvTrEX_Xn1dFsAA1Hmi9FKYYpH1Qalm18wgSrf2zQLUsmV6WYKoN-p7-SWM_2BnlITBmmMZxjijnfG-4dHAKD7GJzN8Dh44PnA5HFmSmVSeWGDSkxBto1esf48REAv20KsjVm5I-M1SlTH6YQ8xenv6e5DR-rCgiPKxH4PU9_ZX0HVUPxDDQJ1NfQfdVLfV70QItGxb5WIunNFpvzwlyV4Tsg4KnRa76s4HevhBrZ4hEwEU3q38tTKO0L1hGUNwkQdpQXyIJwremU7wlY54QkbPqATW3Zwq_qEcywkCzIIKcGx4q1LtjK2uSWfg5EwaiKIyyG1sgxnW53G7UxXEcvnVeOmZ6tvCWocjs9aciSkDAjbnK-ABGV05JcumFuHdw7n0Y6pgnCB51ALonXLA7lfVbjObn-BCVPUXYFniwN6YoCRAdz_fYVluN_dNjVYbgfM9x6G6gi0R5OXHrtZahuI9CJ_INJtfFG6A6zHwbKIUBcKMM1gPIMNDsE_Pvnp7dHh3VdQ8SslDTwC3u1rtu9kpDz3pp-74BU5dbkBWEymYL5FSrEGdHhZ8qjAaTarYaPPaMKpVtIf4u6p-ygaa8QVbkGk8lhVqwYX-vvMKm2lQPUFDI5mXgOgtkNMggwOYYaBpKSgFwzyzFIM0Lco-eQrNPH4dq6EOMNmBApNY3JQL7zCkypHCFp2KMeRqYyVBY8hE3DQ3KwTeEYwMcdrY44oibn1KQBGGHZezwLChIld23NWSjqO-TDJZGOIVsB3vTReOdZeddp59ObLKsBkNmwUoaHGSTasx8CzHM75X52IjCXllMC1Qdyd8auYbRqRB2ww7Rtoa6v7-odSllLtwRSeziaqoB8d_JPkJlx2vsp4GizgIC0k2VCPC97XKLXG0zEjGWnJ4y6BQq4rRpdRq47-5U-o2WcQ-w2WO2AS8ScA02WhXP_L5DszyKTC9jwZlpWtPgTII6gelIbQgvWSeROEi9sMFFbfVbJ72s51kIcKTZ_zzVXfWk-d2uXm4Y81_Ga1EcmBZN4gSjVzO-d2mb_kGO_xgK2muTSoHNYJHrTRIIfq90HiA3tp_Iug5VZaWfD5pgNB6FuN7UOdEXx0ps5QrWB7wNQH93BN11gw_y2rzxdziGSMxMPoxOD7MsutKp9MqoSVi4XNbMnJeEhwKkLSK4C9nzASX_xgmBvXKwRHKFxr798cHHfyTl9qE0BF1iDMYkvNWlGXxfsaisUtpZ25GiyGFnDQRpGV7-GjHev&amp;__tn__=%2As-R&amp;paipv=0&amp;eav=AfbOsCRhufBqxrY7g8NxFdfyaP_TESHu5PZinbQIeDLNNzjp_evFBPsAbzmFrgy8C44\"><span class=\"_5aw4 _qdz\">#WoodPunk<\/span><\/a> <a class=\"_5ayv _qdx\" href=\"https:\/\/facebook.com\/hashtag\/jasan?_ft_=encrypted_tracking_data.0AY8ZP-Qz9IJZEcWoY4XrDkjPlC2RtVyqr-ew0MnvRvpzCUb0c7-lM2Z8kbKklHJ1O04PyjUJrUdtvgTEzDcAJcg38mA4_XywL40K7J6__NFhZoHJemn6lXEm1AdINwFVEq5wv29skWg5pArnzORCTwM8AL6IElCSU-0KEipcEJSt1TCneegXe_aXeWGbhUhNGsoQVYoVSn4OCLV6d2bwLx3N_SPQz2mHcF-17guNxUxCnLimFePntU4acdWjpWABNP5Pj7LMcE8RWDdFIvfKiRiBLWbW3mgZJ2l7OPDGPrCe39PxDT8iE_LAPx4mhDTRxRfs5LfexMzj2rU01j_8nUYmqfdsU4W-4WNn36Sl8F5bGXfQvTrEX_Xn1dFsAA1Hmi9FKYYpH1Qalm18wgSrf2zQLUsmV6WYKoN-p7-SWM_2BnlITBmmMZxjijnfG-4dHAKD7GJzN8Dh44PnA5HFmSmVSeWGDSkxBto1esf48REAv20KsjVm5I-M1SlTH6YQ8xenv6e5DR-rCgiPKxH4PU9_ZX0HVUPxDDQJ1NfQfdVLfV70QItGxb5WIunNFpvzwlyV4Tsg4KnRa76s4HevhBrZ4hEwEU3q38tTKO0L1hGUNwkQdpQXyIJwremU7wlY54QkbPqATW3Zwq_qEcywkCzIIKcGx4q1LtjK2uSWfg5EwaiKIyyG1sgxnW53G7UxXEcvnVeOmZ6tvCWocjs9aciSkDAjbnK-ABGV05JcumFuHdw7n0Y6pgnCB51ALonXLA7lfVbjObn-BCVPUXYFniwN6YoCRAdz_fYVluN_dNjVYbgfM9x6G6gi0R5OXHrtZahuI9CJ_INJtfFG6A6zHwbKIUBcKMM1gPIMNDsE_Pvnp7dHh3VdQ8SslDTwC3u1rtu9kpDz3pp-74BU5dbkBWEymYL5FSrEGdHhZ8qjAaTarYaPPaMKpVtIf4u6p-ygaa8QVbkGk8lhVqwYX-vvMKm2lQPUFDI5mXgOgtkNMggwOYYaBpKSgFwzyzFIM0Lco-eQrNPH4dq6EOMNmBApNY3JQL7zCkypHCFp2KMeRqYyVBY8hE3DQ3KwTeEYwMcdrY44oibn1KQBGGHZezwLChIld23NWSjqO-TDJZGOIVsB3vTReOdZeddp59ObLKsBkNmwUoaHGSTasx8CzHM75X52IjCXllMC1Qdyd8auYbRqRB2ww7Rtoa6v7-odSllLtwRSeziaqoB8d_JPkJlx2vsp4GizgIC0k2VCPC97XKLXG0zEjGWnJ4y6BQq4rRpdRq47-5U-o2WcQ-w2WO2AS8ScA02WhXP_L5DszyKTC9jwZlpWtPgTII6gelIbQgvWSeROEi9sMFFbfVbJ72s51kIcKTZ_zzVXfWk-d2uXm4Y81_Ga1EcmBZN4gSjVzO-d2mb_kGO_xgK2muTSoHNYJHrTRIIfq90HiA3tp_Iug5VZaWfD5pgNB6FuN7UOdEXx0ps5QrWB7wNQH93BN11gw_y2rzxdziGSMxMPoxOD7MsutKp9MqoSVi4XNbMnJeEhwKkLSK4C9nzASX_xgmBvXKwRHKFxr798cHHfyTl9qE0BF1iDMYkvNWlGXxfsaisUtpZ25GiyGFnDQRpGV7-GjHev&amp;__tn__=%2As-R&amp;paipv=0&amp;eav=AfYTYoY8RrmCdZjklcaYe0yeNrZDiymX30J1y3GMleWoQn7a4xWbnmm5RDSoGdqehus\"><span class=\"_5aw4 _qdz\">#Jasan<\/span><\/a> <a class=\"_5ayv _qdx\" href=\"https:\/\/facebook.com\/hashtag\/ash?_ft_=encrypted_tracking_data.0AY8ZP-Qz9IJZEcWoY4XrDkjPlC2RtVyqr-ew0MnvRvpzCUb0c7-lM2Z8kbKklHJ1O04PyjUJrUdtvgTEzDcAJcg38mA4_XywL40K7J6__NFhZoHJemn6lXEm1AdINwFVEq5wv29skWg5pArnzORCTwM8AL6IElCSU-0KEipcEJSt1TCneegXe_aXeWGbhUhNGsoQVYoVSn4OCLV6d2bwLx3N_SPQz2mHcF-17guNxUxCnLimFePntU4acdWjpWABNP5Pj7LMcE8RWDdFIvfKiRiBLWbW3mgZJ2l7OPDGPrCe39PxDT8iE_LAPx4mhDTRxRfs5LfexMzj2rU01j_8nUYmqfdsU4W-4WNn36Sl8F5bGXfQvTrEX_Xn1dFsAA1Hmi9FKYYpH1Qalm18wgSrf2zQLUsmV6WYKoN-p7-SWM_2BnlITBmmMZxjijnfG-4dHAKD7GJzN8Dh44PnA5HFmSmVSeWGDSkxBto1esf48REAv20KsjVm5I-M1SlTH6YQ8xenv6e5DR-rCgiPKxH4PU9_ZX0HVUPxDDQJ1NfQfdVLfV70QItGxb5WIunNFpvzwlyV4Tsg4KnRa76s4HevhBrZ4hEwEU3q38tTKO0L1hGUNwkQdpQXyIJwremU7wlY54QkbPqATW3Zwq_qEcywkCzIIKcGx4q1LtjK2uSWfg5EwaiKIyyG1sgxnW53G7UxXEcvnVeOmZ6tvCWocjs9aciSkDAjbnK-ABGV05JcumFuHdw7n0Y6pgnCB51ALonXLA7lfVbjObn-BCVPUXYFniwN6YoCRAdz_fYVluN_dNjVYbgfM9x6G6gi0R5OXHrtZahuI9CJ_INJtfFG6A6zHwbKIUBcKMM1gPIMNDsE_Pvnp7dHh3VdQ8SslDTwC3u1rtu9kpDz3pp-74BU5dbkBWEymYL5FSrEGdHhZ8qjAaTarYaPPaMKpVtIf4u6p-ygaa8QVbkGk8lhVqwYX-vvMKm2lQPUFDI5mXgOgtkNMggwOYYaBpKSgFwzyzFIM0Lco-eQrNPH4dq6EOMNmBApNY3JQL7zCkypHCFp2KMeRqYyVBY8hE3DQ3KwTeEYwMcdrY44oibn1KQBGGHZezwLChIld23NWSjqO-TDJZGOIVsB3vTReOdZeddp59ObLKsBkNmwUoaHGSTasx8CzHM75X52IjCXllMC1Qdyd8auYbRqRB2ww7Rtoa6v7-odSllLtwRSeziaqoB8d_JPkJlx2vsp4GizgIC0k2VCPC97XKLXG0zEjGWnJ4y6BQq4rRpdRq47-5U-o2WcQ-w2WO2AS8ScA02WhXP_L5DszyKTC9jwZlpWtPgTII6gelIbQgvWSeROEi9sMFFbfVbJ72s51kIcKTZ_zzVXfWk-d2uXm4Y81_Ga1EcmBZN4gSjVzO-d2mb_kGO_xgK2muTSoHNYJHrTRIIfq90HiA3tp_Iug5VZaWfD5pgNB6FuN7UOdEXx0ps5QrWB7wNQH93BN11gw_y2rzxdziGSMxMPoxOD7MsutKp9MqoSVi4XNbMnJeEhwKkLSK4C9nzASX_xgmBvXKwRHKFxr798cHHfyTl9qE0BF1iDMYkvNWlGXxfsaisUtpZ25GiyGFnDQRpGV7-GjHev&amp;__tn__=%2As-R&amp;paipv=0&amp;eav=AfYm5Y7dZfOCbSglR8PiubT6N7rtCUlbXFwCZK9NXYEiJUU7mr6UfNNPGj1WRSS7ecM\"><span class=\"_5aw4 _qdz\">#Ash<\/span><\/a><\/p>\n<p>&nbsp;<\/p>\n<\/div>\n<p><a href=\"https:\/\/www.woodpunk.cz\/wp-content\/uploads\/2023\/08\/Jasanova-miska-20x7-cm.jpg\"><img decoding=\"async\" class=\"wp_automatic_fb_img\" title=\"\" src=\"https:\/\/www.woodpunk.cz\/wp-content\/uploads\/2023\/08\/Jasanova-miska-20x7-cm.jpg\" \/><\/a><br \/>\n<a href=\"https:\/\/www.woodpunk.cz\/wp-content\/uploads\/2023\/08\/1692839862_47_Jasanova-miska-20x7-cm.jpg\"><img decoding=\"async\" class=\"wp_automatic_fb_img\" title=\"\" src=\"https:\/\/www.woodpunk.cz\/wp-content\/uploads\/2023\/08\/1692839862_47_Jasanova-miska-20x7-cm.jpg\" \/><\/a><br \/>\n<a href=\"https:\/\/www.woodpunk.cz\/wp-content\/uploads\/2023\/08\/1692839862_486_Jasanova-miska-20x7-cm.jpg\"><img decoding=\"async\" class=\"wp_automatic_fb_img\" title=\"\" src=\"https:\/\/www.woodpunk.cz\/wp-content\/uploads\/2023\/08\/1692839862_486_Jasanova-miska-20x7-cm.jpg\" \/><\/a><br \/>\n<a href=\"https:\/\/www.woodpunk.cz\/wp-content\/uploads\/2023\/08\/1692839862_226_Jasanova-miska-20x7-cm.jpg\"><img decoding=\"async\" class=\"wp_automatic_fb_img\" title=\"\" src=\"https:\/\/www.woodpunk.cz\/wp-content\/uploads\/2023\/08\/1692839862_226_Jasanova-miska-20x7-cm.jpg\" \/><\/a><br \/>\n<a href=\"https:\/\/www.woodpunk.cz\/wp-content\/uploads\/2023\/08\/1692839862_319_Jasanova-miska-20x7-cm.jpg\"><img decoding=\"async\" class=\"wp_automatic_fb_img\" title=\"\" src=\"https:\/\/www.woodpunk.cz\/wp-content\/uploads\/2023\/08\/1692839862_319_Jasanova-miska-20x7-cm.jpg\" \/><\/a><br \/>\n<a href=\"https:\/\/www.woodpunk.cz\/wp-content\/uploads\/2023\/08\/1692825387_603_Jasanova-misticka-14x6-cm.jpg\"><img decoding=\"async\" class=\"wp_automatic_fb_img\" title=\"\" src=\"https:\/\/www.woodpunk.cz\/wp-content\/uploads\/2023\/08\/1692825387_603_Jasanova-misticka-14x6-cm.jpg\" \/><\/a><br \/>\n[ad_2]<\/p>\n<p><a href=\"https:\/\/www.facebook.com\/100083326702029\/posts\/276610838459804\">Facebook<\/a><\/p>\n","protected":false},"excerpt":{"rendered":"<p>[ad_1] &nbsp; #WoodPunk #Jasan #Ash &nbsp; [ad_2] Facebook<\/p>\n","protected":false},"featured_media":1302,"template":"","meta":{"_editorskit_title_hidden":false,"_editorskit_reading_time":0,"_editorskit_is_block_options_detached":false,"_editorskit_block_options_position":"{}"},"product_brand":[394],"product_cat":[78],"product_tag":[],"class_list":{"0":"post-1350","1":"product","2":"type-product","3":"status-publish","4":"has-post-thumbnail","6":"product_brand-wood-punk","7":"product_cat-drevene-misky","8":"pa_material-jasanove-drevo","10":"entry","11":"has-media","13":"first","14":"outofstock","15":"sold-individually","16":"shipping-taxable","17":"purchasable","18":"product-type-simple","19":"col","20":"span_1_of_5","21":"owp-content-center","22":"owp-thumbs-layout-horizontal","23":"owp-btn-normal","24":"owp-tabs-layout-horizontal","25":"has-no-thumbnails"},"yoast_head":"<!-- This site is optimized with the Yoast SEO plugin v27.4 - https:\/\/yoast.com\/product\/yoast-seo-wordpress\/ -->\n<title>Jasanov\u00e1 miska (20x7 cm) | WOOD PUNK<\/title>\n<meta name=\"robots\" content=\"index, follow, max-snippet:-1, max-image-preview:large, max-video-preview:-1\" \/>\n<link rel=\"canonical\" href=\"https:\/\/woodpunk.cz\/en\/product\/jasanova-miska-20x7-cm\/\" \/>\n<meta property=\"og:locale\" content=\"en_US\" \/>\n<meta property=\"og:type\" content=\"article\" \/>\n<meta property=\"og:title\" content=\"Jasanov\u00e1 miska (20x7 cm) | WOOD PUNK\" \/>\n<meta property=\"og:description\" content=\"[ad_1] &nbsp; #WoodPunk #Jasan #Ash &nbsp; [ad_2] Facebook\" \/>\n<meta property=\"og:url\" content=\"https:\/\/woodpunk.cz\/en\/product\/jasanova-miska-20x7-cm\/\" \/>\n<meta property=\"og:site_name\" content=\"WOOD PUNK\" \/>\n<meta property=\"article:publisher\" content=\"https:\/\/www.facebook.com\/JL.WoodPunk\" \/>\n<meta property=\"article:modified_time\" content=\"2025-05-30T10:31:30+00:00\" \/>\n<meta property=\"og:image\" content=\"https:\/\/woodpunk.cz\/wp-content\/uploads\/2023\/08\/Jasanova-miska-20x7-cm.jpg\" \/>\n\t<meta property=\"og:image:width\" content=\"592\" \/>\n\t<meta property=\"og:image:height\" content=\"395\" \/>\n\t<meta property=\"og:image:type\" content=\"image\/jpeg\" \/>\n<meta name=\"twitter:card\" content=\"summary_large_image\" \/>\n<meta name=\"twitter:label1\" content=\"Est. reading time\" \/>\n\t<meta name=\"twitter:data1\" content=\"2 minutes\" \/>\n<script type=\"application\/ld+json\" class=\"yoast-schema-graph\">{\"@context\":\"https:\\\/\\\/schema.org\",\"@graph\":[{\"@type\":\"WebPage\",\"@id\":\"https:\\\/\\\/woodpunk.cz\\\/produkt\\\/jasanova-miska-20x7-cm\\\/\",\"url\":\"https:\\\/\\\/woodpunk.cz\\\/produkt\\\/jasanova-miska-20x7-cm\\\/\",\"name\":\"Jasanov\u00e1 miska (20x7 cm) | WOOD PUNK\",\"isPartOf\":{\"@id\":\"https:\\\/\\\/woodpunk.cz\\\/#website\"},\"primaryImageOfPage\":{\"@id\":\"https:\\\/\\\/woodpunk.cz\\\/produkt\\\/jasanova-miska-20x7-cm\\\/#primaryimage\"},\"image\":{\"@id\":\"https:\\\/\\\/woodpunk.cz\\\/produkt\\\/jasanova-miska-20x7-cm\\\/#primaryimage\"},\"thumbnailUrl\":\"https:\\\/\\\/woodpunk.cz\\\/wp-content\\\/uploads\\\/2023\\\/08\\\/Jasanova-miska-20x7-cm.jpg\",\"datePublished\":\"2023-10-06T09:50:05+00:00\",\"dateModified\":\"2025-05-30T10:31:30+00:00\",\"breadcrumb\":{\"@id\":\"https:\\\/\\\/woodpunk.cz\\\/produkt\\\/jasanova-miska-20x7-cm\\\/#breadcrumb\"},\"inLanguage\":\"en-US\",\"potentialAction\":[{\"@type\":\"ReadAction\",\"target\":[\"https:\\\/\\\/woodpunk.cz\\\/produkt\\\/jasanova-miska-20x7-cm\\\/\"]}]},{\"@type\":\"ImageObject\",\"inLanguage\":\"en-US\",\"@id\":\"https:\\\/\\\/woodpunk.cz\\\/produkt\\\/jasanova-miska-20x7-cm\\\/#primaryimage\",\"url\":\"https:\\\/\\\/woodpunk.cz\\\/wp-content\\\/uploads\\\/2023\\\/08\\\/Jasanova-miska-20x7-cm.jpg\",\"contentUrl\":\"https:\\\/\\\/woodpunk.cz\\\/wp-content\\\/uploads\\\/2023\\\/08\\\/Jasanova-miska-20x7-cm.jpg\",\"width\":592,\"height\":395},{\"@type\":\"BreadcrumbList\",\"@id\":\"https:\\\/\\\/woodpunk.cz\\\/produkt\\\/jasanova-miska-20x7-cm\\\/#breadcrumb\",\"itemListElement\":[{\"@type\":\"ListItem\",\"position\":1,\"name\":\"Dom\u016f\",\"item\":\"https:\\\/\\\/woodpunk.cz\\\/\"},{\"@type\":\"ListItem\",\"position\":2,\"name\":\"Obchod s d\u0159ev\u011bn\u00fdmi miskami a v\u00fdrobky z masivn\u00edho d\u0159eva\",\"item\":\"https:\\\/\\\/woodpunk.cz\\\/drevene-misky-a-vyrobky-ze-dreva\\\/\"},{\"@type\":\"ListItem\",\"position\":3,\"name\":\"Jasanov\u00e1 miska (20&#215;7 cm)\"}]},{\"@type\":\"WebSite\",\"@id\":\"https:\\\/\\\/woodpunk.cz\\\/#website\",\"url\":\"https:\\\/\\\/woodpunk.cz\\\/\",\"name\":\"WOOD PUNK\",\"description\":\"\",\"publisher\":{\"@id\":\"https:\\\/\\\/woodpunk.cz\\\/#organization\"},\"alternateName\":\"\u0158emesln\u00e1 v\u00fdroba a prodej d\u0159ev\u011bn\u00fdch misek, v\u00e1z, kv\u011btn\u00edk\u016f a dal\u0161\u00edch d\u0159ev\u011bn\u00fdch nejenom soustru\u017een\u00fdch v\u00fdrobk\u016f.\",\"potentialAction\":[{\"@type\":\"SearchAction\",\"target\":{\"@type\":\"EntryPoint\",\"urlTemplate\":\"https:\\\/\\\/woodpunk.cz\\\/?s={search_term_string}\"},\"query-input\":{\"@type\":\"PropertyValueSpecification\",\"valueRequired\":true,\"valueName\":\"search_term_string\"}}],\"inLanguage\":\"en-US\"},{\"@type\":\"Organization\",\"@id\":\"https:\\\/\\\/woodpunk.cz\\\/#organization\",\"name\":\"WOOD PUNK\",\"alternateName\":\"\u0158emesln\u00e1 v\u00fdroba d\u0159ev\u011bn\u00fdch misek, v\u00e1z, kv\u011btn\u00edk\u016f a dal\u0161\u00edch d\u0159ev\u011bn\u00fdch nejenom soustru\u017een\u00fdch v\u00fdrobk\u016f.\",\"url\":\"https:\\\/\\\/woodpunk.cz\\\/\",\"logo\":{\"@type\":\"ImageObject\",\"inLanguage\":\"en-US\",\"@id\":\"https:\\\/\\\/woodpunk.cz\\\/#\\\/schema\\\/logo\\\/image\\\/\",\"url\":\"https:\\\/\\\/woodpunk.cz\\\/wp-content\\\/uploads\\\/2024\\\/04\\\/woodpunk_logo_260x213_f1f1f1ff.png\",\"contentUrl\":\"https:\\\/\\\/woodpunk.cz\\\/wp-content\\\/uploads\\\/2024\\\/04\\\/woodpunk_logo_260x213_f1f1f1ff.png\",\"width\":260,\"height\":213,\"caption\":\"WOOD PUNK\"},\"image\":{\"@id\":\"https:\\\/\\\/woodpunk.cz\\\/#\\\/schema\\\/logo\\\/image\\\/\"},\"sameAs\":[\"https:\\\/\\\/www.facebook.com\\\/JL.WoodPunk\",\"https:\\\/\\\/www.instagram.com\\\/jlwoodpunk\\\/\",\"https:\\\/\\\/www.youtube.com\\\/channel\\\/UCbpihje-owPtI1dpoNOqkyA\"]}]}<\/script>\n<!-- \/ Yoast SEO plugin. -->","yoast_head_json":{"title":"Jasanov\u00e1 miska (20x7 cm) | WOOD PUNK","robots":{"index":"index","follow":"follow","max-snippet":"max-snippet:-1","max-image-preview":"max-image-preview:large","max-video-preview":"max-video-preview:-1"},"canonical":"https:\/\/woodpunk.cz\/en\/product\/jasanova-miska-20x7-cm\/","og_locale":"en_US","og_type":"article","og_title":"Jasanov\u00e1 miska (20x7 cm) | WOOD PUNK","og_description":"[ad_1] &nbsp; #WoodPunk #Jasan #Ash &nbsp; [ad_2] Facebook","og_url":"https:\/\/woodpunk.cz\/en\/product\/jasanova-miska-20x7-cm\/","og_site_name":"WOOD PUNK","article_publisher":"https:\/\/www.facebook.com\/JL.WoodPunk","article_modified_time":"2025-05-30T10:31:30+00:00","og_image":[{"width":592,"height":395,"url":"https:\/\/woodpunk.cz\/wp-content\/uploads\/2023\/08\/Jasanova-miska-20x7-cm.jpg","type":"image\/jpeg"}],"twitter_card":"summary_large_image","twitter_misc":{"Est. reading time":"2 minutes"},"schema":{"@context":"https:\/\/schema.org","@graph":[{"@type":"WebPage","@id":"https:\/\/woodpunk.cz\/produkt\/jasanova-miska-20x7-cm\/","url":"https:\/\/woodpunk.cz\/produkt\/jasanova-miska-20x7-cm\/","name":"Jasanov\u00e1 miska (20x7 cm) | WOOD PUNK","isPartOf":{"@id":"https:\/\/woodpunk.cz\/#website"},"primaryImageOfPage":{"@id":"https:\/\/woodpunk.cz\/produkt\/jasanova-miska-20x7-cm\/#primaryimage"},"image":{"@id":"https:\/\/woodpunk.cz\/produkt\/jasanova-miska-20x7-cm\/#primaryimage"},"thumbnailUrl":"https:\/\/woodpunk.cz\/wp-content\/uploads\/2023\/08\/Jasanova-miska-20x7-cm.jpg","datePublished":"2023-10-06T09:50:05+00:00","dateModified":"2025-05-30T10:31:30+00:00","breadcrumb":{"@id":"https:\/\/woodpunk.cz\/produkt\/jasanova-miska-20x7-cm\/#breadcrumb"},"inLanguage":"en-US","potentialAction":[{"@type":"ReadAction","target":["https:\/\/woodpunk.cz\/produkt\/jasanova-miska-20x7-cm\/"]}]},{"@type":"ImageObject","inLanguage":"en-US","@id":"https:\/\/woodpunk.cz\/produkt\/jasanova-miska-20x7-cm\/#primaryimage","url":"https:\/\/woodpunk.cz\/wp-content\/uploads\/2023\/08\/Jasanova-miska-20x7-cm.jpg","contentUrl":"https:\/\/woodpunk.cz\/wp-content\/uploads\/2023\/08\/Jasanova-miska-20x7-cm.jpg","width":592,"height":395},{"@type":"BreadcrumbList","@id":"https:\/\/woodpunk.cz\/produkt\/jasanova-miska-20x7-cm\/#breadcrumb","itemListElement":[{"@type":"ListItem","position":1,"name":"Dom\u016f","item":"https:\/\/woodpunk.cz\/"},{"@type":"ListItem","position":2,"name":"Obchod s d\u0159ev\u011bn\u00fdmi miskami a v\u00fdrobky z masivn\u00edho d\u0159eva","item":"https:\/\/woodpunk.cz\/drevene-misky-a-vyrobky-ze-dreva\/"},{"@type":"ListItem","position":3,"name":"Jasanov\u00e1 miska (20&#215;7 cm)"}]},{"@type":"WebSite","@id":"https:\/\/woodpunk.cz\/#website","url":"https:\/\/woodpunk.cz\/","name":"WOOD PUNK","description":"","publisher":{"@id":"https:\/\/woodpunk.cz\/#organization"},"alternateName":"\u0158emesln\u00e1 v\u00fdroba a prodej d\u0159ev\u011bn\u00fdch misek, v\u00e1z, kv\u011btn\u00edk\u016f a dal\u0161\u00edch d\u0159ev\u011bn\u00fdch nejenom soustru\u017een\u00fdch v\u00fdrobk\u016f.","potentialAction":[{"@type":"SearchAction","target":{"@type":"EntryPoint","urlTemplate":"https:\/\/woodpunk.cz\/?s={search_term_string}"},"query-input":{"@type":"PropertyValueSpecification","valueRequired":true,"valueName":"search_term_string"}}],"inLanguage":"en-US"},{"@type":"Organization","@id":"https:\/\/woodpunk.cz\/#organization","name":"WOOD PUNK","alternateName":"\u0158emesln\u00e1 v\u00fdroba d\u0159ev\u011bn\u00fdch misek, v\u00e1z, kv\u011btn\u00edk\u016f a dal\u0161\u00edch d\u0159ev\u011bn\u00fdch nejenom soustru\u017een\u00fdch v\u00fdrobk\u016f.","url":"https:\/\/woodpunk.cz\/","logo":{"@type":"ImageObject","inLanguage":"en-US","@id":"https:\/\/woodpunk.cz\/#\/schema\/logo\/image\/","url":"https:\/\/woodpunk.cz\/wp-content\/uploads\/2024\/04\/woodpunk_logo_260x213_f1f1f1ff.png","contentUrl":"https:\/\/woodpunk.cz\/wp-content\/uploads\/2024\/04\/woodpunk_logo_260x213_f1f1f1ff.png","width":260,"height":213,"caption":"WOOD PUNK"},"image":{"@id":"https:\/\/woodpunk.cz\/#\/schema\/logo\/image\/"},"sameAs":["https:\/\/www.facebook.com\/JL.WoodPunk","https:\/\/www.instagram.com\/jlwoodpunk\/","https:\/\/www.youtube.com\/channel\/UCbpihje-owPtI1dpoNOqkyA"]}]}},"_links":{"self":[{"href":"https:\/\/woodpunk.cz\/en\/wp-json\/wp\/v2\/product\/1350","targetHints":{"allow":["GET"]}}],"collection":[{"href":"https:\/\/woodpunk.cz\/en\/wp-json\/wp\/v2\/product"}],"about":[{"href":"https:\/\/woodpunk.cz\/en\/wp-json\/wp\/v2\/types\/product"}],"wp:featuredmedia":[{"embeddable":true,"href":"https:\/\/woodpunk.cz\/en\/wp-json\/wp\/v2\/media\/1302"}],"wp:attachment":[{"href":"https:\/\/woodpunk.cz\/en\/wp-json\/wp\/v2\/media?parent=1350"}],"wp:term":[{"taxonomy":"product_brand","embeddable":true,"href":"https:\/\/woodpunk.cz\/en\/wp-json\/wp\/v2\/product_brand?post=1350"},{"taxonomy":"product_cat","embeddable":true,"href":"https:\/\/woodpunk.cz\/en\/wp-json\/wp\/v2\/product_cat?post=1350"},{"taxonomy":"product_tag","embeddable":true,"href":"https:\/\/woodpunk.cz\/en\/wp-json\/wp\/v2\/product_tag?post=1350"}],"curies":[{"name":"wp","href":"https:\/\/api.w.org\/{rel}","templated":true}]}}