{"id":1346,"date":"2023-10-06T11:32:05","date_gmt":"2023-10-06T09:32:05","guid":{"rendered":"https:\/\/www.woodpunk.cz\/?p=1346"},"modified":"2025-05-30T12:32:03","modified_gmt":"2025-05-30T10:32:03","slug":"orechova-miska-21x9-cm","status":"publish","type":"product","link":"https:\/\/woodpunk.cz\/en\/product\/orechova-miska-21x9-cm\/","title":{"rendered":"O\u0159echov\u00e1 miska (21&#215;9 cm)"},"content":{"rendered":"<p>[ad_1]<\/p>\n<div>\n<p>&nbsp;<\/p>\n<p><a class=\"_5ayv _qdx\" href=\"https:\/\/facebook.com\/hashtag\/woodpunk?_ft_=encrypted_tracking_data.0AY9uLxK_ct2ZDm7XvyLJPl57WUXdPqq9RTvzZQ_uxZ962J-GQwwnD8XQp5Zx3RjQKGHmTRHNiNoNsl0TJnoDSFoD15TajC6vsuAMDDGK3Yfp5LSBJCuv2iuk3dBsFj-nJSxxx-W2P8dvxvS9ebGEt9cA6c9zC04VhXwT1MykK506WIlP4AJxhGqfOQo9hJMbrCVw088sNx2OhwC_CIlvIQFMXWrcO54z-__aaO5KdtiWCEAFgEdsZxbsnxDggHEW-C5yB7s9opIuiYgJudhFxhaJE6AnYMaR4khV3wBp16nAZoKOYyoj3rt6irFZiftNVM4p7rCuAKKPdkULJry24o47B6WyNWHXopTCwuP1Xr3m5jA_06OLh4ZsIDm7lOd8HoQ-kG2AbfcjI3K5BuoN2Quu5_CTNrtvu1bbBHMjs9kI8h2oLqGSMpBVE5qes2Cp-oXYJ_px2xVrzw7ltTIU-mCzNPKS3CCRxijHPDuRU_IXommVmN5gQP0GqHbElybaC_pggXUq7h_b1NBsiRMCLCWAZmKEAfQ9hlZmvujm-zjPLGS0L4-TzmFyQSgRpY30Vdpu3Rd3FvNrIVT4kBalg-sdQP_XWFuFBo2d_dF32m2c5K76lVK2VzYnx6G-Ud0UGOnIzVojwsKLlM_T3Ow2WWXq3VVRjvDVxZoHoL2T4izLSWh9oHOzk2C1zgPEDcwDFkfPoqbwm2FOn7jdxCIY25urKU5l9d9t5h9gjREgkfdAKbEuHCRO2C25RYhQr50FdfgCI6KI1vOwbZkW-xxYyQC6TlZATjhS1P9AkvjVDRrcHEh3gBoC-Uui4rEDwp0exr6hUokfMVsik43t39hUw2tuExomA3vTc2BvoGluG1tnijKA8v44UbrY5qerGRUMdzJXavasFzDMFDcoRPe8_pRMYyZs9wn5nn51zqYkaeZUsyFPFcK_I9Upf-KbPqRnXVvYTd8oPJkYbbxsbboKQw8ZSC2WpxpO_nlIJpx6X9NUOl3EiSMBqZWyIbVyr5Q_MfBM4wa0-mcNwcxCRadiW28HgMiGhHE1mE1WjVHkr_UHNM-z6ZsFRmsfrB7w9gGbpg4N1_sAvnantpRgYa9mWqufWS0De-DBBRiabW5zcoM3KYfOOBKlM8fuxNP7kzzcbnu_Wg6MzjAoaWWxOCnRO2SlLZUttKejkf7spMDI5V-yS2jPWYTLshOmjkls2isI-rO5uHS8MBozSpr6YRNkHiMJi4v7CJQRQGeN0ZLNndyuDrU-2wbKWEvsgCWb6OWNwmzP8HXkZck9mRdBC1y0G7LIS8-Oeswa6VX30_DSN3BvFs_rygsxhYsZpvLF3JV7Qlea_17jfgKS-zcQ-OPtkVIFBu2whc42gojOp72QG4Z-M4XfzSAGYndCAotXhObJEMrzaBcMQ9H_pCPmUEjE03jaIrVPCqxWfffGzRR1kNY7G1UWj3ws9dgX6-X_qcvf83xNCzSbov-QH7CK9KQZiF6legU-g13SV-Vf8-JfbxUIzMygp_2wrZMQhJ8Xl8_Fvu5Zr6X0ET5jtAfnFgwRSowT5l1oOBbyOnCrvinDSYhgb2fpRlPDdai7m_7oAoS-V5ywXbyp-URyRl4M-Sao_CYa&amp;__tn__=%2As-R&amp;paipv=0&amp;eav=AfZPMnV0WICdYjPC7LFDwjTP0C8F6CDoO9oubLMWIc3L4pPVrBJn7nG515f0sxyXcQs\"><span class=\"_5aw4 _qdz\">#WoodPunk<\/span><\/a> <a class=\"_5ayv _qdx\" href=\"https:\/\/facebook.com\/hashtag\/o%C5%99ech?_ft_=encrypted_tracking_data.0AY9uLxK_ct2ZDm7XvyLJPl57WUXdPqq9RTvzZQ_uxZ962J-GQwwnD8XQp5Zx3RjQKGHmTRHNiNoNsl0TJnoDSFoD15TajC6vsuAMDDGK3Yfp5LSBJCuv2iuk3dBsFj-nJSxxx-W2P8dvxvS9ebGEt9cA6c9zC04VhXwT1MykK506WIlP4AJxhGqfOQo9hJMbrCVw088sNx2OhwC_CIlvIQFMXWrcO54z-__aaO5KdtiWCEAFgEdsZxbsnxDggHEW-C5yB7s9opIuiYgJudhFxhaJE6AnYMaR4khV3wBp16nAZoKOYyoj3rt6irFZiftNVM4p7rCuAKKPdkULJry24o47B6WyNWHXopTCwuP1Xr3m5jA_06OLh4ZsIDm7lOd8HoQ-kG2AbfcjI3K5BuoN2Quu5_CTNrtvu1bbBHMjs9kI8h2oLqGSMpBVE5qes2Cp-oXYJ_px2xVrzw7ltTIU-mCzNPKS3CCRxijHPDuRU_IXommVmN5gQP0GqHbElybaC_pggXUq7h_b1NBsiRMCLCWAZmKEAfQ9hlZmvujm-zjPLGS0L4-TzmFyQSgRpY30Vdpu3Rd3FvNrIVT4kBalg-sdQP_XWFuFBo2d_dF32m2c5K76lVK2VzYnx6G-Ud0UGOnIzVojwsKLlM_T3Ow2WWXq3VVRjvDVxZoHoL2T4izLSWh9oHOzk2C1zgPEDcwDFkfPoqbwm2FOn7jdxCIY25urKU5l9d9t5h9gjREgkfdAKbEuHCRO2C25RYhQr50FdfgCI6KI1vOwbZkW-xxYyQC6TlZATjhS1P9AkvjVDRrcHEh3gBoC-Uui4rEDwp0exr6hUokfMVsik43t39hUw2tuExomA3vTc2BvoGluG1tnijKA8v44UbrY5qerGRUMdzJXavasFzDMFDcoRPe8_pRMYyZs9wn5nn51zqYkaeZUsyFPFcK_I9Upf-KbPqRnXVvYTd8oPJkYbbxsbboKQw8ZSC2WpxpO_nlIJpx6X9NUOl3EiSMBqZWyIbVyr5Q_MfBM4wa0-mcNwcxCRadiW28HgMiGhHE1mE1WjVHkr_UHNM-z6ZsFRmsfrB7w9gGbpg4N1_sAvnantpRgYa9mWqufWS0De-DBBRiabW5zcoM3KYfOOBKlM8fuxNP7kzzcbnu_Wg6MzjAoaWWxOCnRO2SlLZUttKejkf7spMDI5V-yS2jPWYTLshOmjkls2isI-rO5uHS8MBozSpr6YRNkHiMJi4v7CJQRQGeN0ZLNndyuDrU-2wbKWEvsgCWb6OWNwmzP8HXkZck9mRdBC1y0G7LIS8-Oeswa6VX30_DSN3BvFs_rygsxhYsZpvLF3JV7Qlea_17jfgKS-zcQ-OPtkVIFBu2whc42gojOp72QG4Z-M4XfzSAGYndCAotXhObJEMrzaBcMQ9H_pCPmUEjE03jaIrVPCqxWfffGzRR1kNY7G1UWj3ws9dgX6-X_qcvf83xNCzSbov-QH7CK9KQZiF6legU-g13SV-Vf8-JfbxUIzMygp_2wrZMQhJ8Xl8_Fvu5Zr6X0ET5jtAfnFgwRSowT5l1oOBbyOnCrvinDSYhgb2fpRlPDdai7m_7oAoS-V5ywXbyp-URyRl4M-Sao_CYa&amp;__tn__=%2As-R&amp;paipv=0&amp;eav=AfZohHQsQDeAEHBXp_0cNDOMFBQhMj6EWDyU0BHuJBVI2jQJ5-PMko0qy4azRJ5TO9Y\"><span class=\"_5aw4 _qdz\">#O\u0159ech<\/span><\/a> <a class=\"_5ayv _qdx\" href=\"https:\/\/facebook.com\/hashtag\/o%C5%99e%C5%A1%C3%A1k?_ft_=encrypted_tracking_data.0AY9uLxK_ct2ZDm7XvyLJPl57WUXdPqq9RTvzZQ_uxZ962J-GQwwnD8XQp5Zx3RjQKGHmTRHNiNoNsl0TJnoDSFoD15TajC6vsuAMDDGK3Yfp5LSBJCuv2iuk3dBsFj-nJSxxx-W2P8dvxvS9ebGEt9cA6c9zC04VhXwT1MykK506WIlP4AJxhGqfOQo9hJMbrCVw088sNx2OhwC_CIlvIQFMXWrcO54z-__aaO5KdtiWCEAFgEdsZxbsnxDggHEW-C5yB7s9opIuiYgJudhFxhaJE6AnYMaR4khV3wBp16nAZoKOYyoj3rt6irFZiftNVM4p7rCuAKKPdkULJry24o47B6WyNWHXopTCwuP1Xr3m5jA_06OLh4ZsIDm7lOd8HoQ-kG2AbfcjI3K5BuoN2Quu5_CTNrtvu1bbBHMjs9kI8h2oLqGSMpBVE5qes2Cp-oXYJ_px2xVrzw7ltTIU-mCzNPKS3CCRxijHPDuRU_IXommVmN5gQP0GqHbElybaC_pggXUq7h_b1NBsiRMCLCWAZmKEAfQ9hlZmvujm-zjPLGS0L4-TzmFyQSgRpY30Vdpu3Rd3FvNrIVT4kBalg-sdQP_XWFuFBo2d_dF32m2c5K76lVK2VzYnx6G-Ud0UGOnIzVojwsKLlM_T3Ow2WWXq3VVRjvDVxZoHoL2T4izLSWh9oHOzk2C1zgPEDcwDFkfPoqbwm2FOn7jdxCIY25urKU5l9d9t5h9gjREgkfdAKbEuHCRO2C25RYhQr50FdfgCI6KI1vOwbZkW-xxYyQC6TlZATjhS1P9AkvjVDRrcHEh3gBoC-Uui4rEDwp0exr6hUokfMVsik43t39hUw2tuExomA3vTc2BvoGluG1tnijKA8v44UbrY5qerGRUMdzJXavasFzDMFDcoRPe8_pRMYyZs9wn5nn51zqYkaeZUsyFPFcK_I9Upf-KbPqRnXVvYTd8oPJkYbbxsbboKQw8ZSC2WpxpO_nlIJpx6X9NUOl3EiSMBqZWyIbVyr5Q_MfBM4wa0-mcNwcxCRadiW28HgMiGhHE1mE1WjVHkr_UHNM-z6ZsFRmsfrB7w9gGbpg4N1_sAvnantpRgYa9mWqufWS0De-DBBRiabW5zcoM3KYfOOBKlM8fuxNP7kzzcbnu_Wg6MzjAoaWWxOCnRO2SlLZUttKejkf7spMDI5V-yS2jPWYTLshOmjkls2isI-rO5uHS8MBozSpr6YRNkHiMJi4v7CJQRQGeN0ZLNndyuDrU-2wbKWEvsgCWb6OWNwmzP8HXkZck9mRdBC1y0G7LIS8-Oeswa6VX30_DSN3BvFs_rygsxhYsZpvLF3JV7Qlea_17jfgKS-zcQ-OPtkVIFBu2whc42gojOp72QG4Z-M4XfzSAGYndCAotXhObJEMrzaBcMQ9H_pCPmUEjE03jaIrVPCqxWfffGzRR1kNY7G1UWj3ws9dgX6-X_qcvf83xNCzSbov-QH7CK9KQZiF6legU-g13SV-Vf8-JfbxUIzMygp_2wrZMQhJ8Xl8_Fvu5Zr6X0ET5jtAfnFgwRSowT5l1oOBbyOnCrvinDSYhgb2fpRlPDdai7m_7oAoS-V5ywXbyp-URyRl4M-Sao_CYa&amp;__tn__=%2As-R&amp;paipv=0&amp;eav=AfYH97esqGymvv7lctNtGluQ--E00vYztszg1pjwtKVCkqrG7QrBE2ZpdbyvrGML-5M\"><span class=\"_5aw4 _qdz\">#O\u0159e\u0161\u00e1k<\/span><\/a> <a class=\"_5ayv _qdx\" href=\"https:\/\/facebook.com\/hashtag\/walnut?_ft_=encrypted_tracking_data.0AY9uLxK_ct2ZDm7XvyLJPl57WUXdPqq9RTvzZQ_uxZ962J-GQwwnD8XQp5Zx3RjQKGHmTRHNiNoNsl0TJnoDSFoD15TajC6vsuAMDDGK3Yfp5LSBJCuv2iuk3dBsFj-nJSxxx-W2P8dvxvS9ebGEt9cA6c9zC04VhXwT1MykK506WIlP4AJxhGqfOQo9hJMbrCVw088sNx2OhwC_CIlvIQFMXWrcO54z-__aaO5KdtiWCEAFgEdsZxbsnxDggHEW-C5yB7s9opIuiYgJudhFxhaJE6AnYMaR4khV3wBp16nAZoKOYyoj3rt6irFZiftNVM4p7rCuAKKPdkULJry24o47B6WyNWHXopTCwuP1Xr3m5jA_06OLh4ZsIDm7lOd8HoQ-kG2AbfcjI3K5BuoN2Quu5_CTNrtvu1bbBHMjs9kI8h2oLqGSMpBVE5qes2Cp-oXYJ_px2xVrzw7ltTIU-mCzNPKS3CCRxijHPDuRU_IXommVmN5gQP0GqHbElybaC_pggXUq7h_b1NBsiRMCLCWAZmKEAfQ9hlZmvujm-zjPLGS0L4-TzmFyQSgRpY30Vdpu3Rd3FvNrIVT4kBalg-sdQP_XWFuFBo2d_dF32m2c5K76lVK2VzYnx6G-Ud0UGOnIzVojwsKLlM_T3Ow2WWXq3VVRjvDVxZoHoL2T4izLSWh9oHOzk2C1zgPEDcwDFkfPoqbwm2FOn7jdxCIY25urKU5l9d9t5h9gjREgkfdAKbEuHCRO2C25RYhQr50FdfgCI6KI1vOwbZkW-xxYyQC6TlZATjhS1P9AkvjVDRrcHEh3gBoC-Uui4rEDwp0exr6hUokfMVsik43t39hUw2tuExomA3vTc2BvoGluG1tnijKA8v44UbrY5qerGRUMdzJXavasFzDMFDcoRPe8_pRMYyZs9wn5nn51zqYkaeZUsyFPFcK_I9Upf-KbPqRnXVvYTd8oPJkYbbxsbboKQw8ZSC2WpxpO_nlIJpx6X9NUOl3EiSMBqZWyIbVyr5Q_MfBM4wa0-mcNwcxCRadiW28HgMiGhHE1mE1WjVHkr_UHNM-z6ZsFRmsfrB7w9gGbpg4N1_sAvnantpRgYa9mWqufWS0De-DBBRiabW5zcoM3KYfOOBKlM8fuxNP7kzzcbnu_Wg6MzjAoaWWxOCnRO2SlLZUttKejkf7spMDI5V-yS2jPWYTLshOmjkls2isI-rO5uHS8MBozSpr6YRNkHiMJi4v7CJQRQGeN0ZLNndyuDrU-2wbKWEvsgCWb6OWNwmzP8HXkZck9mRdBC1y0G7LIS8-Oeswa6VX30_DSN3BvFs_rygsxhYsZpvLF3JV7Qlea_17jfgKS-zcQ-OPtkVIFBu2whc42gojOp72QG4Z-M4XfzSAGYndCAotXhObJEMrzaBcMQ9H_pCPmUEjE03jaIrVPCqxWfffGzRR1kNY7G1UWj3ws9dgX6-X_qcvf83xNCzSbov-QH7CK9KQZiF6legU-g13SV-Vf8-JfbxUIzMygp_2wrZMQhJ8Xl8_Fvu5Zr6X0ET5jtAfnFgwRSowT5l1oOBbyOnCrvinDSYhgb2fpRlPDdai7m_7oAoS-V5ywXbyp-URyRl4M-Sao_CYa&amp;__tn__=%2As-R&amp;paipv=0&amp;eav=AfYWGelji88cpkbLUItmELP6HxQgwIKI98hvxQz_mCinReaj6Q_7tO5qQy8ifdJKvpw\"><span class=\"_5aw4 _qdz\">#Walnut<\/span><\/a><\/p>\n<p>&nbsp;<\/p>\n<\/div>\n<p><a href=\"https:\/\/www.woodpunk.cz\/wp-content\/uploads\/2023\/08\/Orechova-miska-22x9-cm.jpg\"><img decoding=\"async\" class=\"wp_automatic_fb_img\" title=\"\" src=\"https:\/\/www.woodpunk.cz\/wp-content\/uploads\/2023\/08\/Orechova-miska-22x9-cm.jpg\" \/><\/a><br \/>\n<a href=\"https:\/\/www.woodpunk.cz\/wp-content\/uploads\/2023\/08\/1693265611_920_Orechova-miska-22x9-cm.jpg\"><img decoding=\"async\" class=\"wp_automatic_fb_img\" title=\"\" src=\"https:\/\/www.woodpunk.cz\/wp-content\/uploads\/2023\/08\/1693265611_920_Orechova-miska-22x9-cm.jpg\" \/><\/a><br \/>\n<a href=\"https:\/\/www.woodpunk.cz\/wp-content\/uploads\/2023\/08\/1693265611_881_Orechova-miska-22x9-cm.jpg\"><img decoding=\"async\" class=\"wp_automatic_fb_img\" title=\"\" src=\"https:\/\/www.woodpunk.cz\/wp-content\/uploads\/2023\/08\/1693265611_881_Orechova-miska-22x9-cm.jpg\" \/><\/a><br \/>\n<a href=\"https:\/\/www.woodpunk.cz\/wp-content\/uploads\/2023\/08\/1693265611_645_Orechova-miska-22x9-cm.jpg\"><img decoding=\"async\" class=\"wp_automatic_fb_img\" title=\"\" src=\"https:\/\/www.woodpunk.cz\/wp-content\/uploads\/2023\/08\/1693265611_645_Orechova-miska-22x9-cm.jpg\" \/><\/a><br \/>\n<a href=\"https:\/\/www.woodpunk.cz\/wp-content\/uploads\/2023\/08\/1693265611_949_Orechova-miska-22x9-cm.jpg\"><img decoding=\"async\" class=\"wp_automatic_fb_img\" title=\"\" src=\"https:\/\/www.woodpunk.cz\/wp-content\/uploads\/2023\/08\/1693265611_949_Orechova-miska-22x9-cm.jpg\" \/><\/a><br \/>\n<a href=\"https:\/\/www.woodpunk.cz\/wp-content\/uploads\/2023\/08\/1693265611_983_Orechova-miska-22x9-cm.jpg\"><img decoding=\"async\" class=\"wp_automatic_fb_img\" title=\"\" src=\"https:\/\/www.woodpunk.cz\/wp-content\/uploads\/2023\/08\/1693265611_983_Orechova-miska-22x9-cm.jpg\" \/><\/a><br \/>\n[ad_2]<\/p>\n<p><a href=\"https:\/\/www.facebook.com\/100083326702029\/posts\/280069884780566\">Facebook<\/a><\/p>\n","protected":false},"excerpt":{"rendered":"<p>[ad_1] &nbsp; #WoodPunk #O\u0159ech #O\u0159e\u0161\u00e1k #Walnut &nbsp; [ad_2] Facebook<\/p>\n","protected":false},"featured_media":1304,"template":"","meta":{"_editorskit_title_hidden":false,"_editorskit_reading_time":0,"_editorskit_is_block_options_detached":false,"_editorskit_block_options_position":"{}"},"product_brand":[394],"product_cat":[78],"product_tag":[],"class_list":{"0":"post-1346","1":"product","2":"type-product","3":"status-publish","4":"has-post-thumbnail","6":"product_brand-wood-punk","7":"product_cat-drevene-misky","8":"pa_material-orechove-drevo","10":"entry","11":"has-media","13":"first","14":"outofstock","15":"sold-individually","16":"shipping-taxable","17":"purchasable","18":"product-type-simple","19":"col","20":"span_1_of_5","21":"owp-content-center","22":"owp-thumbs-layout-horizontal","23":"owp-btn-normal","24":"owp-tabs-layout-horizontal","25":"has-no-thumbnails"},"yoast_head":"<!-- This site is optimized with the Yoast SEO plugin v27.5 - https:\/\/yoast.com\/product\/yoast-seo-wordpress\/ -->\n<title>O\u0159echov\u00e1 miska (21x9 cm) | WOOD PUNK<\/title>\n<meta name=\"robots\" content=\"index, follow, max-snippet:-1, max-image-preview:large, max-video-preview:-1\" \/>\n<link rel=\"canonical\" href=\"https:\/\/woodpunk.cz\/en\/product\/orechova-miska-21x9-cm\/\" \/>\n<meta property=\"og:locale\" content=\"en_US\" \/>\n<meta property=\"og:type\" content=\"article\" \/>\n<meta property=\"og:title\" content=\"O\u0159echov\u00e1 miska (21x9 cm) | WOOD PUNK\" \/>\n<meta property=\"og:description\" content=\"[ad_1] &nbsp; #WoodPunk #O\u0159ech #O\u0159e\u0161\u00e1k #Walnut &nbsp; [ad_2] Facebook\" \/>\n<meta property=\"og:url\" content=\"https:\/\/woodpunk.cz\/en\/product\/orechova-miska-21x9-cm\/\" \/>\n<meta property=\"og:site_name\" content=\"WOOD PUNK\" \/>\n<meta property=\"article:publisher\" content=\"https:\/\/www.facebook.com\/JL.WoodPunk\" \/>\n<meta property=\"article:modified_time\" content=\"2025-05-30T10:32:03+00:00\" \/>\n<meta property=\"og:image\" content=\"https:\/\/woodpunk.cz\/wp-content\/uploads\/2023\/08\/Orechova-miska-22x9-cm.jpg\" \/>\n\t<meta property=\"og:image:width\" content=\"600\" \/>\n\t<meta property=\"og:image:height\" content=\"450\" \/>\n\t<meta property=\"og:image:type\" content=\"image\/jpeg\" \/>\n<meta name=\"twitter:card\" content=\"summary_large_image\" \/>\n<meta name=\"twitter:label1\" content=\"Est. reading time\" \/>\n\t<meta name=\"twitter:data1\" content=\"2 minutes\" \/>\n<script type=\"application\/ld+json\" class=\"yoast-schema-graph\">{\"@context\":\"https:\\\/\\\/schema.org\",\"@graph\":[{\"@type\":\"WebPage\",\"@id\":\"https:\\\/\\\/woodpunk.cz\\\/produkt\\\/orechova-miska-21x9-cm\\\/\",\"url\":\"https:\\\/\\\/woodpunk.cz\\\/produkt\\\/orechova-miska-21x9-cm\\\/\",\"name\":\"O\u0159echov\u00e1 miska (21x9 cm) | WOOD PUNK\",\"isPartOf\":{\"@id\":\"https:\\\/\\\/woodpunk.cz\\\/#website\"},\"primaryImageOfPage\":{\"@id\":\"https:\\\/\\\/woodpunk.cz\\\/produkt\\\/orechova-miska-21x9-cm\\\/#primaryimage\"},\"image\":{\"@id\":\"https:\\\/\\\/woodpunk.cz\\\/produkt\\\/orechova-miska-21x9-cm\\\/#primaryimage\"},\"thumbnailUrl\":\"https:\\\/\\\/woodpunk.cz\\\/wp-content\\\/uploads\\\/2023\\\/08\\\/Orechova-miska-22x9-cm.jpg\",\"datePublished\":\"2023-10-06T09:32:05+00:00\",\"dateModified\":\"2025-05-30T10:32:03+00:00\",\"breadcrumb\":{\"@id\":\"https:\\\/\\\/woodpunk.cz\\\/produkt\\\/orechova-miska-21x9-cm\\\/#breadcrumb\"},\"inLanguage\":\"en-US\",\"potentialAction\":[{\"@type\":\"ReadAction\",\"target\":[\"https:\\\/\\\/woodpunk.cz\\\/produkt\\\/orechova-miska-21x9-cm\\\/\"]}]},{\"@type\":\"ImageObject\",\"inLanguage\":\"en-US\",\"@id\":\"https:\\\/\\\/woodpunk.cz\\\/produkt\\\/orechova-miska-21x9-cm\\\/#primaryimage\",\"url\":\"https:\\\/\\\/woodpunk.cz\\\/wp-content\\\/uploads\\\/2023\\\/08\\\/Orechova-miska-22x9-cm.jpg\",\"contentUrl\":\"https:\\\/\\\/woodpunk.cz\\\/wp-content\\\/uploads\\\/2023\\\/08\\\/Orechova-miska-22x9-cm.jpg\",\"width\":600,\"height\":450},{\"@type\":\"BreadcrumbList\",\"@id\":\"https:\\\/\\\/woodpunk.cz\\\/produkt\\\/orechova-miska-21x9-cm\\\/#breadcrumb\",\"itemListElement\":[{\"@type\":\"ListItem\",\"position\":1,\"name\":\"Dom\u016f\",\"item\":\"https:\\\/\\\/woodpunk.cz\\\/\"},{\"@type\":\"ListItem\",\"position\":2,\"name\":\"Obchod s d\u0159ev\u011bn\u00fdmi miskami a v\u00fdrobky z masivn\u00edho d\u0159eva\",\"item\":\"https:\\\/\\\/woodpunk.cz\\\/drevene-misky-a-vyrobky-ze-dreva\\\/\"},{\"@type\":\"ListItem\",\"position\":3,\"name\":\"O\u0159echov\u00e1 miska (21&#215;9 cm)\"}]},{\"@type\":\"WebSite\",\"@id\":\"https:\\\/\\\/woodpunk.cz\\\/#website\",\"url\":\"https:\\\/\\\/woodpunk.cz\\\/\",\"name\":\"WOOD PUNK\",\"description\":\"\",\"publisher\":{\"@id\":\"https:\\\/\\\/woodpunk.cz\\\/#organization\"},\"alternateName\":\"\u0158emesln\u00e1 v\u00fdroba a prodej d\u0159ev\u011bn\u00fdch misek, v\u00e1z, kv\u011btn\u00edk\u016f a dal\u0161\u00edch d\u0159ev\u011bn\u00fdch nejenom soustru\u017een\u00fdch v\u00fdrobk\u016f.\",\"potentialAction\":[{\"@type\":\"SearchAction\",\"target\":{\"@type\":\"EntryPoint\",\"urlTemplate\":\"https:\\\/\\\/woodpunk.cz\\\/?s={search_term_string}\"},\"query-input\":{\"@type\":\"PropertyValueSpecification\",\"valueRequired\":true,\"valueName\":\"search_term_string\"}}],\"inLanguage\":\"en-US\"},{\"@type\":\"Organization\",\"@id\":\"https:\\\/\\\/woodpunk.cz\\\/#organization\",\"name\":\"WOOD PUNK\",\"alternateName\":\"\u0158emesln\u00e1 v\u00fdroba d\u0159ev\u011bn\u00fdch misek, v\u00e1z, kv\u011btn\u00edk\u016f a dal\u0161\u00edch d\u0159ev\u011bn\u00fdch nejenom soustru\u017een\u00fdch v\u00fdrobk\u016f.\",\"url\":\"https:\\\/\\\/woodpunk.cz\\\/\",\"logo\":{\"@type\":\"ImageObject\",\"inLanguage\":\"en-US\",\"@id\":\"https:\\\/\\\/woodpunk.cz\\\/#\\\/schema\\\/logo\\\/image\\\/\",\"url\":\"https:\\\/\\\/woodpunk.cz\\\/wp-content\\\/uploads\\\/2024\\\/04\\\/woodpunk_logo_260x213_f1f1f1ff.png\",\"contentUrl\":\"https:\\\/\\\/woodpunk.cz\\\/wp-content\\\/uploads\\\/2024\\\/04\\\/woodpunk_logo_260x213_f1f1f1ff.png\",\"width\":260,\"height\":213,\"caption\":\"WOOD PUNK\"},\"image\":{\"@id\":\"https:\\\/\\\/woodpunk.cz\\\/#\\\/schema\\\/logo\\\/image\\\/\"},\"sameAs\":[\"https:\\\/\\\/www.facebook.com\\\/JL.WoodPunk\",\"https:\\\/\\\/www.instagram.com\\\/jlwoodpunk\\\/\",\"https:\\\/\\\/www.youtube.com\\\/channel\\\/UCbpihje-owPtI1dpoNOqkyA\"]}]}<\/script>\n<!-- \/ Yoast SEO plugin. -->","yoast_head_json":{"title":"O\u0159echov\u00e1 miska (21x9 cm) | WOOD PUNK","robots":{"index":"index","follow":"follow","max-snippet":"max-snippet:-1","max-image-preview":"max-image-preview:large","max-video-preview":"max-video-preview:-1"},"canonical":"https:\/\/woodpunk.cz\/en\/product\/orechova-miska-21x9-cm\/","og_locale":"en_US","og_type":"article","og_title":"O\u0159echov\u00e1 miska (21x9 cm) | WOOD PUNK","og_description":"[ad_1] &nbsp; #WoodPunk #O\u0159ech #O\u0159e\u0161\u00e1k #Walnut &nbsp; [ad_2] Facebook","og_url":"https:\/\/woodpunk.cz\/en\/product\/orechova-miska-21x9-cm\/","og_site_name":"WOOD PUNK","article_publisher":"https:\/\/www.facebook.com\/JL.WoodPunk","article_modified_time":"2025-05-30T10:32:03+00:00","og_image":[{"width":600,"height":450,"url":"https:\/\/woodpunk.cz\/wp-content\/uploads\/2023\/08\/Orechova-miska-22x9-cm.jpg","type":"image\/jpeg"}],"twitter_card":"summary_large_image","twitter_misc":{"Est. reading time":"2 minutes"},"schema":{"@context":"https:\/\/schema.org","@graph":[{"@type":"WebPage","@id":"https:\/\/woodpunk.cz\/produkt\/orechova-miska-21x9-cm\/","url":"https:\/\/woodpunk.cz\/produkt\/orechova-miska-21x9-cm\/","name":"O\u0159echov\u00e1 miska (21x9 cm) | WOOD PUNK","isPartOf":{"@id":"https:\/\/woodpunk.cz\/#website"},"primaryImageOfPage":{"@id":"https:\/\/woodpunk.cz\/produkt\/orechova-miska-21x9-cm\/#primaryimage"},"image":{"@id":"https:\/\/woodpunk.cz\/produkt\/orechova-miska-21x9-cm\/#primaryimage"},"thumbnailUrl":"https:\/\/woodpunk.cz\/wp-content\/uploads\/2023\/08\/Orechova-miska-22x9-cm.jpg","datePublished":"2023-10-06T09:32:05+00:00","dateModified":"2025-05-30T10:32:03+00:00","breadcrumb":{"@id":"https:\/\/woodpunk.cz\/produkt\/orechova-miska-21x9-cm\/#breadcrumb"},"inLanguage":"en-US","potentialAction":[{"@type":"ReadAction","target":["https:\/\/woodpunk.cz\/produkt\/orechova-miska-21x9-cm\/"]}]},{"@type":"ImageObject","inLanguage":"en-US","@id":"https:\/\/woodpunk.cz\/produkt\/orechova-miska-21x9-cm\/#primaryimage","url":"https:\/\/woodpunk.cz\/wp-content\/uploads\/2023\/08\/Orechova-miska-22x9-cm.jpg","contentUrl":"https:\/\/woodpunk.cz\/wp-content\/uploads\/2023\/08\/Orechova-miska-22x9-cm.jpg","width":600,"height":450},{"@type":"BreadcrumbList","@id":"https:\/\/woodpunk.cz\/produkt\/orechova-miska-21x9-cm\/#breadcrumb","itemListElement":[{"@type":"ListItem","position":1,"name":"Dom\u016f","item":"https:\/\/woodpunk.cz\/"},{"@type":"ListItem","position":2,"name":"Obchod s d\u0159ev\u011bn\u00fdmi miskami a v\u00fdrobky z masivn\u00edho d\u0159eva","item":"https:\/\/woodpunk.cz\/drevene-misky-a-vyrobky-ze-dreva\/"},{"@type":"ListItem","position":3,"name":"O\u0159echov\u00e1 miska (21&#215;9 cm)"}]},{"@type":"WebSite","@id":"https:\/\/woodpunk.cz\/#website","url":"https:\/\/woodpunk.cz\/","name":"WOOD PUNK","description":"","publisher":{"@id":"https:\/\/woodpunk.cz\/#organization"},"alternateName":"\u0158emesln\u00e1 v\u00fdroba a prodej d\u0159ev\u011bn\u00fdch misek, v\u00e1z, kv\u011btn\u00edk\u016f a dal\u0161\u00edch d\u0159ev\u011bn\u00fdch nejenom soustru\u017een\u00fdch v\u00fdrobk\u016f.","potentialAction":[{"@type":"SearchAction","target":{"@type":"EntryPoint","urlTemplate":"https:\/\/woodpunk.cz\/?s={search_term_string}"},"query-input":{"@type":"PropertyValueSpecification","valueRequired":true,"valueName":"search_term_string"}}],"inLanguage":"en-US"},{"@type":"Organization","@id":"https:\/\/woodpunk.cz\/#organization","name":"WOOD PUNK","alternateName":"\u0158emesln\u00e1 v\u00fdroba d\u0159ev\u011bn\u00fdch misek, v\u00e1z, kv\u011btn\u00edk\u016f a dal\u0161\u00edch d\u0159ev\u011bn\u00fdch nejenom soustru\u017een\u00fdch v\u00fdrobk\u016f.","url":"https:\/\/woodpunk.cz\/","logo":{"@type":"ImageObject","inLanguage":"en-US","@id":"https:\/\/woodpunk.cz\/#\/schema\/logo\/image\/","url":"https:\/\/woodpunk.cz\/wp-content\/uploads\/2024\/04\/woodpunk_logo_260x213_f1f1f1ff.png","contentUrl":"https:\/\/woodpunk.cz\/wp-content\/uploads\/2024\/04\/woodpunk_logo_260x213_f1f1f1ff.png","width":260,"height":213,"caption":"WOOD PUNK"},"image":{"@id":"https:\/\/woodpunk.cz\/#\/schema\/logo\/image\/"},"sameAs":["https:\/\/www.facebook.com\/JL.WoodPunk","https:\/\/www.instagram.com\/jlwoodpunk\/","https:\/\/www.youtube.com\/channel\/UCbpihje-owPtI1dpoNOqkyA"]}]}},"_links":{"self":[{"href":"https:\/\/woodpunk.cz\/en\/wp-json\/wp\/v2\/product\/1346","targetHints":{"allow":["GET"]}}],"collection":[{"href":"https:\/\/woodpunk.cz\/en\/wp-json\/wp\/v2\/product"}],"about":[{"href":"https:\/\/woodpunk.cz\/en\/wp-json\/wp\/v2\/types\/product"}],"wp:featuredmedia":[{"embeddable":true,"href":"https:\/\/woodpunk.cz\/en\/wp-json\/wp\/v2\/media\/1304"}],"wp:attachment":[{"href":"https:\/\/woodpunk.cz\/en\/wp-json\/wp\/v2\/media?parent=1346"}],"wp:term":[{"taxonomy":"product_brand","embeddable":true,"href":"https:\/\/woodpunk.cz\/en\/wp-json\/wp\/v2\/product_brand?post=1346"},{"taxonomy":"product_cat","embeddable":true,"href":"https:\/\/woodpunk.cz\/en\/wp-json\/wp\/v2\/product_cat?post=1346"},{"taxonomy":"product_tag","embeddable":true,"href":"https:\/\/woodpunk.cz\/en\/wp-json\/wp\/v2\/product_tag?post=1346"}],"curies":[{"name":"wp","href":"https:\/\/api.w.org\/{rel}","templated":true}]}}