{"id":1342,"date":"2023-10-06T11:16:47","date_gmt":"2023-10-06T09:16:47","guid":{"rendered":"https:\/\/www.woodpunk.cz\/?p=1342"},"modified":"2025-05-30T12:32:03","modified_gmt":"2025-05-30T10:32:03","slug":"orechovy-kvetnik-20x16-cm","status":"publish","type":"product","link":"https:\/\/woodpunk.cz\/en\/product\/orechovy-kvetnik-20x16-cm\/","title":{"rendered":"O\u0159echov\u00fd kv\u011btn\u00edk (20&#215;16 cm)"},"content":{"rendered":"<p>[ad_1]<\/p>\n<div>\n<p>&nbsp;<\/p>\n<p><a class=\"_5ayv _qdx\" href=\"https:\/\/facebook.com\/hashtag\/woodpunk?_ft_=encrypted_tracking_data.0AY-6eyrKOxG4zDedY6QQFNUIhG4mU14XdSiTjIXLCQKcWmRHovI7JCBwIIAtqTbxFYWHGrIUOcU0bEUIRsF6MATykIF6xvyTgijHFIj1NCiFCxV-KP1CfYv-XnytjF92JfxamSBRsHaV_3AFI49ve0DXtWIjicPY5AZPtgRte7ltzke7iZJFKFVKUAPJcicAtc8SBcg9Yv-mIj_0_xjUG9T9zwcHnwjH_ZN-z2VbenGbbfTThvlgRtbAuypQCnDxHjU1k_F0gwvjRekct-ynzUaDQMAE2xZUp4DZthzm2_c_1csEAcD5ePXPcGaRHTx4VooEVZxxQoKhfIhj2exTMvcN4EaJCONagb6uZrempCFlvQ-K9Eo1nvNvxQfnMk2iXbze60XK5Aki8j8oS641WxcJIBDTQVaZ-cmcsQG70xju9YL9wGMZ8p-K9QOdDAMAKsKS1Qn8H0iU3ROR3J_qw9j0Vh-96fbloeOgaN3vtctVzV6vjEmMoe3zU4wRrm8OjaldUMQ6Utmp1XIcC43drX_xv0ldj9jRN0e19GjHF5qPsqH7djpCenVul9QSUxIlTDRqcvZyVU732YPaSatcMye6x0EHh5q3aWg3SWGJOWQocuOS9O19XQ-eYF_HF-1RV91sx7iGbW_zXEAX37HjwrMzvWyyzm82BG8lx7aVaYKW9-idwGwnrkSUVj_PlCtbjvQYTyvzbkFIv7eS_et1Qd4t9_Nt8SK2_y5NTzNijfVXqYWWQ7MehG4aYabeq6IMi8CrWLHkBl635ud6O0k2FM7cDwfXp420QkUoMZMYf1kmSHcwRj1sHqxokI5MK3qawmUw5oRtT8MM2oE6zaCWKYMncW0KY7B6_eTvA1ueqGJj7-9CqrPIdEnwPGofp-bauTIvKcx4Lno57qeF4w9uVHMmNUqnci7JBOG2Vas8j3pwxV6LlF_futO0gBgQJD04E10ODsWFR6MRe4f08YF6iqxd0lfD5DkBfx8VKu7XitoiyztLCmll8502WXq-ut-fx2nDUYefykU3FShFYuiZF5LJZiQ-M637g3kKWRDfJgR7dZduQE7UQF2XHj5HKcujZ3eNGSbH6IuQUYlS8R9OXwouWrePv_X4JI7chKsv-FcdrLm-9BN9MPa1xplhjnrXJcJv-1s1LUHVJLQ8Yxvh2XzFtxp65EiO70Yo36FvMnAaXuuBqQXP5JwXq6A0hGtRguhWrGlUx8lyYqklcsXtpEiH9JwENOTtAtS2qF8GpnfOXB3tNLClBx5l5Vr-8lUSSVGrFfq-9QVxgbnqTxPUqqI24mjcjXeD0cntaZqz4A021F5D1v5ls4T_fgardZFuK1X12a5r_cQPy9Ji9LYpV3vFMhCh_2XJI_4QzMvHh197xaBSrHq3aE34fc0jfSCdiZS-2Crm-1YjQux3TruYqe7Ybl-Mu7ixPDUpWoOXKOGSby0tTy5FoxIjDr1-JOszUzVDYKAgKjuxxPxSxC_bs6IwmqJcUFgFoXbRNyjibBvAyS2dp2LRrWLtgS0tAwdEZSKt8LKthwgth8iW-pm97p70DnihOQnMVmw2hakYg4mQyL6GIoQ2wMAavfIypAaavnfU6XwQpi5oxBjyVe3w_ug6&amp;__tn__=%2As-R&amp;paipv=0&amp;eav=AfZkYQXIY7VI5HXI-r8GjeMKc63bST-91n5BXo-F0mG7_6m7ndqX2M3m_oN9HOVVgFc\"><span class=\"_5aw4 _qdz\">#WoodPunk<\/span><\/a> <a class=\"_5ayv _qdx\" href=\"https:\/\/facebook.com\/hashtag\/o%C5%99ech?_ft_=encrypted_tracking_data.0AY-6eyrKOxG4zDedY6QQFNUIhG4mU14XdSiTjIXLCQKcWmRHovI7JCBwIIAtqTbxFYWHGrIUOcU0bEUIRsF6MATykIF6xvyTgijHFIj1NCiFCxV-KP1CfYv-XnytjF92JfxamSBRsHaV_3AFI49ve0DXtWIjicPY5AZPtgRte7ltzke7iZJFKFVKUAPJcicAtc8SBcg9Yv-mIj_0_xjUG9T9zwcHnwjH_ZN-z2VbenGbbfTThvlgRtbAuypQCnDxHjU1k_F0gwvjRekct-ynzUaDQMAE2xZUp4DZthzm2_c_1csEAcD5ePXPcGaRHTx4VooEVZxxQoKhfIhj2exTMvcN4EaJCONagb6uZrempCFlvQ-K9Eo1nvNvxQfnMk2iXbze60XK5Aki8j8oS641WxcJIBDTQVaZ-cmcsQG70xju9YL9wGMZ8p-K9QOdDAMAKsKS1Qn8H0iU3ROR3J_qw9j0Vh-96fbloeOgaN3vtctVzV6vjEmMoe3zU4wRrm8OjaldUMQ6Utmp1XIcC43drX_xv0ldj9jRN0e19GjHF5qPsqH7djpCenVul9QSUxIlTDRqcvZyVU732YPaSatcMye6x0EHh5q3aWg3SWGJOWQocuOS9O19XQ-eYF_HF-1RV91sx7iGbW_zXEAX37HjwrMzvWyyzm82BG8lx7aVaYKW9-idwGwnrkSUVj_PlCtbjvQYTyvzbkFIv7eS_et1Qd4t9_Nt8SK2_y5NTzNijfVXqYWWQ7MehG4aYabeq6IMi8CrWLHkBl635ud6O0k2FM7cDwfXp420QkUoMZMYf1kmSHcwRj1sHqxokI5MK3qawmUw5oRtT8MM2oE6zaCWKYMncW0KY7B6_eTvA1ueqGJj7-9CqrPIdEnwPGofp-bauTIvKcx4Lno57qeF4w9uVHMmNUqnci7JBOG2Vas8j3pwxV6LlF_futO0gBgQJD04E10ODsWFR6MRe4f08YF6iqxd0lfD5DkBfx8VKu7XitoiyztLCmll8502WXq-ut-fx2nDUYefykU3FShFYuiZF5LJZiQ-M637g3kKWRDfJgR7dZduQE7UQF2XHj5HKcujZ3eNGSbH6IuQUYlS8R9OXwouWrePv_X4JI7chKsv-FcdrLm-9BN9MPa1xplhjnrXJcJv-1s1LUHVJLQ8Yxvh2XzFtxp65EiO70Yo36FvMnAaXuuBqQXP5JwXq6A0hGtRguhWrGlUx8lyYqklcsXtpEiH9JwENOTtAtS2qF8GpnfOXB3tNLClBx5l5Vr-8lUSSVGrFfq-9QVxgbnqTxPUqqI24mjcjXeD0cntaZqz4A021F5D1v5ls4T_fgardZFuK1X12a5r_cQPy9Ji9LYpV3vFMhCh_2XJI_4QzMvHh197xaBSrHq3aE34fc0jfSCdiZS-2Crm-1YjQux3TruYqe7Ybl-Mu7ixPDUpWoOXKOGSby0tTy5FoxIjDr1-JOszUzVDYKAgKjuxxPxSxC_bs6IwmqJcUFgFoXbRNyjibBvAyS2dp2LRrWLtgS0tAwdEZSKt8LKthwgth8iW-pm97p70DnihOQnMVmw2hakYg4mQyL6GIoQ2wMAavfIypAaavnfU6XwQpi5oxBjyVe3w_ug6&amp;__tn__=%2As-R&amp;paipv=0&amp;eav=AfaeOdPUL62BK1VuwZ-KgOXdeGzMvBwLUvT5ZzvacvVKMC5BTQ4xqvIEkvQ2HoviZ44\"><span class=\"_5aw4 _qdz\">#O\u0159ech<\/span><\/a> <a class=\"_5ayv _qdx\" href=\"https:\/\/facebook.com\/hashtag\/o%C5%99e%C5%A1%C3%A1k?_ft_=encrypted_tracking_data.0AY-6eyrKOxG4zDedY6QQFNUIhG4mU14XdSiTjIXLCQKcWmRHovI7JCBwIIAtqTbxFYWHGrIUOcU0bEUIRsF6MATykIF6xvyTgijHFIj1NCiFCxV-KP1CfYv-XnytjF92JfxamSBRsHaV_3AFI49ve0DXtWIjicPY5AZPtgRte7ltzke7iZJFKFVKUAPJcicAtc8SBcg9Yv-mIj_0_xjUG9T9zwcHnwjH_ZN-z2VbenGbbfTThvlgRtbAuypQCnDxHjU1k_F0gwvjRekct-ynzUaDQMAE2xZUp4DZthzm2_c_1csEAcD5ePXPcGaRHTx4VooEVZxxQoKhfIhj2exTMvcN4EaJCONagb6uZrempCFlvQ-K9Eo1nvNvxQfnMk2iXbze60XK5Aki8j8oS641WxcJIBDTQVaZ-cmcsQG70xju9YL9wGMZ8p-K9QOdDAMAKsKS1Qn8H0iU3ROR3J_qw9j0Vh-96fbloeOgaN3vtctVzV6vjEmMoe3zU4wRrm8OjaldUMQ6Utmp1XIcC43drX_xv0ldj9jRN0e19GjHF5qPsqH7djpCenVul9QSUxIlTDRqcvZyVU732YPaSatcMye6x0EHh5q3aWg3SWGJOWQocuOS9O19XQ-eYF_HF-1RV91sx7iGbW_zXEAX37HjwrMzvWyyzm82BG8lx7aVaYKW9-idwGwnrkSUVj_PlCtbjvQYTyvzbkFIv7eS_et1Qd4t9_Nt8SK2_y5NTzNijfVXqYWWQ7MehG4aYabeq6IMi8CrWLHkBl635ud6O0k2FM7cDwfXp420QkUoMZMYf1kmSHcwRj1sHqxokI5MK3qawmUw5oRtT8MM2oE6zaCWKYMncW0KY7B6_eTvA1ueqGJj7-9CqrPIdEnwPGofp-bauTIvKcx4Lno57qeF4w9uVHMmNUqnci7JBOG2Vas8j3pwxV6LlF_futO0gBgQJD04E10ODsWFR6MRe4f08YF6iqxd0lfD5DkBfx8VKu7XitoiyztLCmll8502WXq-ut-fx2nDUYefykU3FShFYuiZF5LJZiQ-M637g3kKWRDfJgR7dZduQE7UQF2XHj5HKcujZ3eNGSbH6IuQUYlS8R9OXwouWrePv_X4JI7chKsv-FcdrLm-9BN9MPa1xplhjnrXJcJv-1s1LUHVJLQ8Yxvh2XzFtxp65EiO70Yo36FvMnAaXuuBqQXP5JwXq6A0hGtRguhWrGlUx8lyYqklcsXtpEiH9JwENOTtAtS2qF8GpnfOXB3tNLClBx5l5Vr-8lUSSVGrFfq-9QVxgbnqTxPUqqI24mjcjXeD0cntaZqz4A021F5D1v5ls4T_fgardZFuK1X12a5r_cQPy9Ji9LYpV3vFMhCh_2XJI_4QzMvHh197xaBSrHq3aE34fc0jfSCdiZS-2Crm-1YjQux3TruYqe7Ybl-Mu7ixPDUpWoOXKOGSby0tTy5FoxIjDr1-JOszUzVDYKAgKjuxxPxSxC_bs6IwmqJcUFgFoXbRNyjibBvAyS2dp2LRrWLtgS0tAwdEZSKt8LKthwgth8iW-pm97p70DnihOQnMVmw2hakYg4mQyL6GIoQ2wMAavfIypAaavnfU6XwQpi5oxBjyVe3w_ug6&amp;__tn__=%2As-R&amp;paipv=0&amp;eav=AfaezFGTRLDhVL-7LvrjorgZTwNCYxZ13asV_l67580kvEZlBD5L78lywtpoQMylc80\"><span class=\"_5aw4 _qdz\">#O\u0159e\u0161\u00e1k<\/span><\/a> <a class=\"_5ayv _qdx\" href=\"https:\/\/facebook.com\/hashtag\/walnut?_ft_=encrypted_tracking_data.0AY-6eyrKOxG4zDedY6QQFNUIhG4mU14XdSiTjIXLCQKcWmRHovI7JCBwIIAtqTbxFYWHGrIUOcU0bEUIRsF6MATykIF6xvyTgijHFIj1NCiFCxV-KP1CfYv-XnytjF92JfxamSBRsHaV_3AFI49ve0DXtWIjicPY5AZPtgRte7ltzke7iZJFKFVKUAPJcicAtc8SBcg9Yv-mIj_0_xjUG9T9zwcHnwjH_ZN-z2VbenGbbfTThvlgRtbAuypQCnDxHjU1k_F0gwvjRekct-ynzUaDQMAE2xZUp4DZthzm2_c_1csEAcD5ePXPcGaRHTx4VooEVZxxQoKhfIhj2exTMvcN4EaJCONagb6uZrempCFlvQ-K9Eo1nvNvxQfnMk2iXbze60XK5Aki8j8oS641WxcJIBDTQVaZ-cmcsQG70xju9YL9wGMZ8p-K9QOdDAMAKsKS1Qn8H0iU3ROR3J_qw9j0Vh-96fbloeOgaN3vtctVzV6vjEmMoe3zU4wRrm8OjaldUMQ6Utmp1XIcC43drX_xv0ldj9jRN0e19GjHF5qPsqH7djpCenVul9QSUxIlTDRqcvZyVU732YPaSatcMye6x0EHh5q3aWg3SWGJOWQocuOS9O19XQ-eYF_HF-1RV91sx7iGbW_zXEAX37HjwrMzvWyyzm82BG8lx7aVaYKW9-idwGwnrkSUVj_PlCtbjvQYTyvzbkFIv7eS_et1Qd4t9_Nt8SK2_y5NTzNijfVXqYWWQ7MehG4aYabeq6IMi8CrWLHkBl635ud6O0k2FM7cDwfXp420QkUoMZMYf1kmSHcwRj1sHqxokI5MK3qawmUw5oRtT8MM2oE6zaCWKYMncW0KY7B6_eTvA1ueqGJj7-9CqrPIdEnwPGofp-bauTIvKcx4Lno57qeF4w9uVHMmNUqnci7JBOG2Vas8j3pwxV6LlF_futO0gBgQJD04E10ODsWFR6MRe4f08YF6iqxd0lfD5DkBfx8VKu7XitoiyztLCmll8502WXq-ut-fx2nDUYefykU3FShFYuiZF5LJZiQ-M637g3kKWRDfJgR7dZduQE7UQF2XHj5HKcujZ3eNGSbH6IuQUYlS8R9OXwouWrePv_X4JI7chKsv-FcdrLm-9BN9MPa1xplhjnrXJcJv-1s1LUHVJLQ8Yxvh2XzFtxp65EiO70Yo36FvMnAaXuuBqQXP5JwXq6A0hGtRguhWrGlUx8lyYqklcsXtpEiH9JwENOTtAtS2qF8GpnfOXB3tNLClBx5l5Vr-8lUSSVGrFfq-9QVxgbnqTxPUqqI24mjcjXeD0cntaZqz4A021F5D1v5ls4T_fgardZFuK1X12a5r_cQPy9Ji9LYpV3vFMhCh_2XJI_4QzMvHh197xaBSrHq3aE34fc0jfSCdiZS-2Crm-1YjQux3TruYqe7Ybl-Mu7ixPDUpWoOXKOGSby0tTy5FoxIjDr1-JOszUzVDYKAgKjuxxPxSxC_bs6IwmqJcUFgFoXbRNyjibBvAyS2dp2LRrWLtgS0tAwdEZSKt8LKthwgth8iW-pm97p70DnihOQnMVmw2hakYg4mQyL6GIoQ2wMAavfIypAaavnfU6XwQpi5oxBjyVe3w_ug6&amp;__tn__=%2As-R&amp;paipv=0&amp;eav=Afa8zu46Ck7_fXDXDbzO_v2JlfxK-JaIvyjexJ1mrjkYEpZhC4DMrZ3Cjc5WZ8F9s9A\"><span class=\"_5aw4 _qdz\">#Walnut<\/span><\/a><\/p>\n<p>&nbsp;<\/p>\n<\/div>\n<p><a href=\"https:\/\/www.woodpunk.cz\/wp-content\/uploads\/2023\/09\/Orechovy-kvetnik-20x16-cm.jpg\"><img decoding=\"async\" class=\"wp_automatic_fb_img\" title=\"\" src=\"https:\/\/www.woodpunk.cz\/wp-content\/uploads\/2023\/09\/Orechovy-kvetnik-20x16-cm.jpg\" \/><\/a><br \/>\n<a href=\"https:\/\/www.woodpunk.cz\/wp-content\/uploads\/2023\/09\/1695287201_597_Orechovy-kvetnik-20x16-cm.jpg\"><img decoding=\"async\" class=\"wp_automatic_fb_img\" title=\"\" src=\"https:\/\/www.woodpunk.cz\/wp-content\/uploads\/2023\/09\/1695287201_597_Orechovy-kvetnik-20x16-cm.jpg\" \/><\/a><br \/>\n<a href=\"https:\/\/www.woodpunk.cz\/wp-content\/uploads\/2023\/09\/1695287201_431_Orechovy-kvetnik-20x16-cm.jpg\"><img decoding=\"async\" class=\"wp_automatic_fb_img\" title=\"\" src=\"https:\/\/www.woodpunk.cz\/wp-content\/uploads\/2023\/09\/1695287201_431_Orechovy-kvetnik-20x16-cm.jpg\" \/><\/a><br \/>\n<a href=\"https:\/\/www.woodpunk.cz\/wp-content\/uploads\/2023\/09\/1695287201_132_Orechovy-kvetnik-20x16-cm.jpg\"><img decoding=\"async\" class=\"wp_automatic_fb_img\" title=\"\" src=\"https:\/\/www.woodpunk.cz\/wp-content\/uploads\/2023\/09\/1695287201_132_Orechovy-kvetnik-20x16-cm.jpg\" \/><\/a><br \/>\n<a href=\"https:\/\/www.woodpunk.cz\/wp-content\/uploads\/2023\/09\/1695287202_69_Orechovy-kvetnik-20x16-cm.jpg\"><img decoding=\"async\" class=\"wp_automatic_fb_img\" title=\"\" src=\"https:\/\/www.woodpunk.cz\/wp-content\/uploads\/2023\/09\/1695287202_69_Orechovy-kvetnik-20x16-cm.jpg\" \/><\/a><br \/>\n<a href=\"https:\/\/www.woodpunk.cz\/wp-content\/uploads\/2023\/09\/1695287202_651_Orechovy-kvetnik-20x16-cm.jpg\"><img decoding=\"async\" class=\"wp_automatic_fb_img\" title=\"\" src=\"https:\/\/www.woodpunk.cz\/wp-content\/uploads\/2023\/09\/1695287202_651_Orechovy-kvetnik-20x16-cm.jpg\" \/><\/a><br \/>\n[ad_2]<\/p>\n<p><a href=\"https:\/\/www.facebook.com\/100083326702029\/posts\/286801177440770\">Facebook<\/a><\/p>\n","protected":false},"excerpt":{"rendered":"<p>[ad_1] &nbsp; #WoodPunk #O\u0159ech #O\u0159e\u0161\u00e1k #Walnut &nbsp; [ad_2] Facebook<\/p>\n","protected":false},"featured_media":1313,"template":"","meta":{"_editorskit_title_hidden":false,"_editorskit_reading_time":0,"_editorskit_is_block_options_detached":false,"_editorskit_block_options_position":"{}"},"product_brand":[394],"product_cat":[106],"product_tag":[],"class_list":{"0":"post-1342","1":"product","2":"type-product","3":"status-publish","4":"has-post-thumbnail","6":"product_brand-wood-punk","7":"product_cat-drevene-kvetniky-nadoby","8":"pa_material-orechove-drevo","10":"entry","11":"has-media","13":"first","14":"outofstock","15":"sold-individually","16":"shipping-taxable","17":"purchasable","18":"product-type-simple","19":"col","20":"span_1_of_5","21":"owp-content-center","22":"owp-thumbs-layout-horizontal","23":"owp-btn-normal","24":"owp-tabs-layout-horizontal","25":"has-no-thumbnails"},"yoast_head":"<!-- This site is optimized with the Yoast SEO plugin v27.4 - https:\/\/yoast.com\/product\/yoast-seo-wordpress\/ -->\n<title>O\u0159echov\u00fd kv\u011btn\u00edk (20x16 cm) | WOOD PUNK<\/title>\n<meta name=\"robots\" content=\"index, follow, max-snippet:-1, max-image-preview:large, max-video-preview:-1\" \/>\n<link rel=\"canonical\" href=\"https:\/\/woodpunk.cz\/en\/product\/orechovy-kvetnik-20x16-cm\/\" \/>\n<meta property=\"og:locale\" content=\"en_US\" \/>\n<meta property=\"og:type\" content=\"article\" \/>\n<meta property=\"og:title\" content=\"O\u0159echov\u00fd kv\u011btn\u00edk (20x16 cm) | WOOD PUNK\" \/>\n<meta property=\"og:description\" content=\"[ad_1] &nbsp; #WoodPunk #O\u0159ech #O\u0159e\u0161\u00e1k #Walnut &nbsp; [ad_2] Facebook\" \/>\n<meta property=\"og:url\" content=\"https:\/\/woodpunk.cz\/en\/product\/orechovy-kvetnik-20x16-cm\/\" \/>\n<meta property=\"og:site_name\" content=\"WOOD PUNK\" \/>\n<meta property=\"article:publisher\" content=\"https:\/\/www.facebook.com\/JL.WoodPunk\" \/>\n<meta property=\"article:modified_time\" content=\"2025-05-30T10:32:03+00:00\" \/>\n<meta property=\"og:image\" content=\"https:\/\/woodpunk.cz\/wp-content\/uploads\/2023\/09\/Orechovy-kvetnik-20x16-cm.jpg\" \/>\n\t<meta property=\"og:image:width\" content=\"600\" \/>\n\t<meta property=\"og:image:height\" content=\"480\" \/>\n\t<meta property=\"og:image:type\" content=\"image\/jpeg\" \/>\n<meta name=\"twitter:card\" content=\"summary_large_image\" \/>\n<meta name=\"twitter:label1\" content=\"Est. reading time\" \/>\n\t<meta name=\"twitter:data1\" content=\"2 minutes\" \/>\n<script type=\"application\/ld+json\" class=\"yoast-schema-graph\">{\"@context\":\"https:\\\/\\\/schema.org\",\"@graph\":[{\"@type\":\"WebPage\",\"@id\":\"https:\\\/\\\/woodpunk.cz\\\/produkt\\\/orechovy-kvetnik-20x16-cm\\\/\",\"url\":\"https:\\\/\\\/woodpunk.cz\\\/produkt\\\/orechovy-kvetnik-20x16-cm\\\/\",\"name\":\"O\u0159echov\u00fd kv\u011btn\u00edk (20x16 cm) | WOOD PUNK\",\"isPartOf\":{\"@id\":\"https:\\\/\\\/woodpunk.cz\\\/#website\"},\"primaryImageOfPage\":{\"@id\":\"https:\\\/\\\/woodpunk.cz\\\/produkt\\\/orechovy-kvetnik-20x16-cm\\\/#primaryimage\"},\"image\":{\"@id\":\"https:\\\/\\\/woodpunk.cz\\\/produkt\\\/orechovy-kvetnik-20x16-cm\\\/#primaryimage\"},\"thumbnailUrl\":\"https:\\\/\\\/woodpunk.cz\\\/wp-content\\\/uploads\\\/2023\\\/09\\\/Orechovy-kvetnik-20x16-cm.jpg\",\"datePublished\":\"2023-10-06T09:16:47+00:00\",\"dateModified\":\"2025-05-30T10:32:03+00:00\",\"breadcrumb\":{\"@id\":\"https:\\\/\\\/woodpunk.cz\\\/produkt\\\/orechovy-kvetnik-20x16-cm\\\/#breadcrumb\"},\"inLanguage\":\"en-US\",\"potentialAction\":[{\"@type\":\"ReadAction\",\"target\":[\"https:\\\/\\\/woodpunk.cz\\\/produkt\\\/orechovy-kvetnik-20x16-cm\\\/\"]}]},{\"@type\":\"ImageObject\",\"inLanguage\":\"en-US\",\"@id\":\"https:\\\/\\\/woodpunk.cz\\\/produkt\\\/orechovy-kvetnik-20x16-cm\\\/#primaryimage\",\"url\":\"https:\\\/\\\/woodpunk.cz\\\/wp-content\\\/uploads\\\/2023\\\/09\\\/Orechovy-kvetnik-20x16-cm.jpg\",\"contentUrl\":\"https:\\\/\\\/woodpunk.cz\\\/wp-content\\\/uploads\\\/2023\\\/09\\\/Orechovy-kvetnik-20x16-cm.jpg\",\"width\":600,\"height\":480},{\"@type\":\"BreadcrumbList\",\"@id\":\"https:\\\/\\\/woodpunk.cz\\\/produkt\\\/orechovy-kvetnik-20x16-cm\\\/#breadcrumb\",\"itemListElement\":[{\"@type\":\"ListItem\",\"position\":1,\"name\":\"Dom\u016f\",\"item\":\"https:\\\/\\\/woodpunk.cz\\\/\"},{\"@type\":\"ListItem\",\"position\":2,\"name\":\"Obchod s d\u0159ev\u011bn\u00fdmi miskami a v\u00fdrobky z masivn\u00edho d\u0159eva\",\"item\":\"https:\\\/\\\/woodpunk.cz\\\/drevene-misky-a-vyrobky-ze-dreva\\\/\"},{\"@type\":\"ListItem\",\"position\":3,\"name\":\"O\u0159echov\u00fd kv\u011btn\u00edk (20&#215;16 cm)\"}]},{\"@type\":\"WebSite\",\"@id\":\"https:\\\/\\\/woodpunk.cz\\\/#website\",\"url\":\"https:\\\/\\\/woodpunk.cz\\\/\",\"name\":\"WOOD PUNK\",\"description\":\"\",\"publisher\":{\"@id\":\"https:\\\/\\\/woodpunk.cz\\\/#organization\"},\"alternateName\":\"\u0158emesln\u00e1 v\u00fdroba a prodej d\u0159ev\u011bn\u00fdch misek, v\u00e1z, kv\u011btn\u00edk\u016f a dal\u0161\u00edch d\u0159ev\u011bn\u00fdch nejenom soustru\u017een\u00fdch v\u00fdrobk\u016f.\",\"potentialAction\":[{\"@type\":\"SearchAction\",\"target\":{\"@type\":\"EntryPoint\",\"urlTemplate\":\"https:\\\/\\\/woodpunk.cz\\\/?s={search_term_string}\"},\"query-input\":{\"@type\":\"PropertyValueSpecification\",\"valueRequired\":true,\"valueName\":\"search_term_string\"}}],\"inLanguage\":\"en-US\"},{\"@type\":\"Organization\",\"@id\":\"https:\\\/\\\/woodpunk.cz\\\/#organization\",\"name\":\"WOOD PUNK\",\"alternateName\":\"\u0158emesln\u00e1 v\u00fdroba d\u0159ev\u011bn\u00fdch misek, v\u00e1z, kv\u011btn\u00edk\u016f a dal\u0161\u00edch d\u0159ev\u011bn\u00fdch nejenom soustru\u017een\u00fdch v\u00fdrobk\u016f.\",\"url\":\"https:\\\/\\\/woodpunk.cz\\\/\",\"logo\":{\"@type\":\"ImageObject\",\"inLanguage\":\"en-US\",\"@id\":\"https:\\\/\\\/woodpunk.cz\\\/#\\\/schema\\\/logo\\\/image\\\/\",\"url\":\"https:\\\/\\\/woodpunk.cz\\\/wp-content\\\/uploads\\\/2024\\\/04\\\/woodpunk_logo_260x213_f1f1f1ff.png\",\"contentUrl\":\"https:\\\/\\\/woodpunk.cz\\\/wp-content\\\/uploads\\\/2024\\\/04\\\/woodpunk_logo_260x213_f1f1f1ff.png\",\"width\":260,\"height\":213,\"caption\":\"WOOD PUNK\"},\"image\":{\"@id\":\"https:\\\/\\\/woodpunk.cz\\\/#\\\/schema\\\/logo\\\/image\\\/\"},\"sameAs\":[\"https:\\\/\\\/www.facebook.com\\\/JL.WoodPunk\",\"https:\\\/\\\/www.instagram.com\\\/jlwoodpunk\\\/\",\"https:\\\/\\\/www.youtube.com\\\/channel\\\/UCbpihje-owPtI1dpoNOqkyA\"]}]}<\/script>\n<!-- \/ Yoast SEO plugin. -->","yoast_head_json":{"title":"O\u0159echov\u00fd kv\u011btn\u00edk (20x16 cm) | WOOD PUNK","robots":{"index":"index","follow":"follow","max-snippet":"max-snippet:-1","max-image-preview":"max-image-preview:large","max-video-preview":"max-video-preview:-1"},"canonical":"https:\/\/woodpunk.cz\/en\/product\/orechovy-kvetnik-20x16-cm\/","og_locale":"en_US","og_type":"article","og_title":"O\u0159echov\u00fd kv\u011btn\u00edk (20x16 cm) | WOOD PUNK","og_description":"[ad_1] &nbsp; #WoodPunk #O\u0159ech #O\u0159e\u0161\u00e1k #Walnut &nbsp; [ad_2] Facebook","og_url":"https:\/\/woodpunk.cz\/en\/product\/orechovy-kvetnik-20x16-cm\/","og_site_name":"WOOD PUNK","article_publisher":"https:\/\/www.facebook.com\/JL.WoodPunk","article_modified_time":"2025-05-30T10:32:03+00:00","og_image":[{"width":600,"height":480,"url":"https:\/\/woodpunk.cz\/wp-content\/uploads\/2023\/09\/Orechovy-kvetnik-20x16-cm.jpg","type":"image\/jpeg"}],"twitter_card":"summary_large_image","twitter_misc":{"Est. reading time":"2 minutes"},"schema":{"@context":"https:\/\/schema.org","@graph":[{"@type":"WebPage","@id":"https:\/\/woodpunk.cz\/produkt\/orechovy-kvetnik-20x16-cm\/","url":"https:\/\/woodpunk.cz\/produkt\/orechovy-kvetnik-20x16-cm\/","name":"O\u0159echov\u00fd kv\u011btn\u00edk (20x16 cm) | WOOD PUNK","isPartOf":{"@id":"https:\/\/woodpunk.cz\/#website"},"primaryImageOfPage":{"@id":"https:\/\/woodpunk.cz\/produkt\/orechovy-kvetnik-20x16-cm\/#primaryimage"},"image":{"@id":"https:\/\/woodpunk.cz\/produkt\/orechovy-kvetnik-20x16-cm\/#primaryimage"},"thumbnailUrl":"https:\/\/woodpunk.cz\/wp-content\/uploads\/2023\/09\/Orechovy-kvetnik-20x16-cm.jpg","datePublished":"2023-10-06T09:16:47+00:00","dateModified":"2025-05-30T10:32:03+00:00","breadcrumb":{"@id":"https:\/\/woodpunk.cz\/produkt\/orechovy-kvetnik-20x16-cm\/#breadcrumb"},"inLanguage":"en-US","potentialAction":[{"@type":"ReadAction","target":["https:\/\/woodpunk.cz\/produkt\/orechovy-kvetnik-20x16-cm\/"]}]},{"@type":"ImageObject","inLanguage":"en-US","@id":"https:\/\/woodpunk.cz\/produkt\/orechovy-kvetnik-20x16-cm\/#primaryimage","url":"https:\/\/woodpunk.cz\/wp-content\/uploads\/2023\/09\/Orechovy-kvetnik-20x16-cm.jpg","contentUrl":"https:\/\/woodpunk.cz\/wp-content\/uploads\/2023\/09\/Orechovy-kvetnik-20x16-cm.jpg","width":600,"height":480},{"@type":"BreadcrumbList","@id":"https:\/\/woodpunk.cz\/produkt\/orechovy-kvetnik-20x16-cm\/#breadcrumb","itemListElement":[{"@type":"ListItem","position":1,"name":"Dom\u016f","item":"https:\/\/woodpunk.cz\/"},{"@type":"ListItem","position":2,"name":"Obchod s d\u0159ev\u011bn\u00fdmi miskami a v\u00fdrobky z masivn\u00edho d\u0159eva","item":"https:\/\/woodpunk.cz\/drevene-misky-a-vyrobky-ze-dreva\/"},{"@type":"ListItem","position":3,"name":"O\u0159echov\u00fd kv\u011btn\u00edk (20&#215;16 cm)"}]},{"@type":"WebSite","@id":"https:\/\/woodpunk.cz\/#website","url":"https:\/\/woodpunk.cz\/","name":"WOOD PUNK","description":"","publisher":{"@id":"https:\/\/woodpunk.cz\/#organization"},"alternateName":"\u0158emesln\u00e1 v\u00fdroba a prodej d\u0159ev\u011bn\u00fdch misek, v\u00e1z, kv\u011btn\u00edk\u016f a dal\u0161\u00edch d\u0159ev\u011bn\u00fdch nejenom soustru\u017een\u00fdch v\u00fdrobk\u016f.","potentialAction":[{"@type":"SearchAction","target":{"@type":"EntryPoint","urlTemplate":"https:\/\/woodpunk.cz\/?s={search_term_string}"},"query-input":{"@type":"PropertyValueSpecification","valueRequired":true,"valueName":"search_term_string"}}],"inLanguage":"en-US"},{"@type":"Organization","@id":"https:\/\/woodpunk.cz\/#organization","name":"WOOD PUNK","alternateName":"\u0158emesln\u00e1 v\u00fdroba d\u0159ev\u011bn\u00fdch misek, v\u00e1z, kv\u011btn\u00edk\u016f a dal\u0161\u00edch d\u0159ev\u011bn\u00fdch nejenom soustru\u017een\u00fdch v\u00fdrobk\u016f.","url":"https:\/\/woodpunk.cz\/","logo":{"@type":"ImageObject","inLanguage":"en-US","@id":"https:\/\/woodpunk.cz\/#\/schema\/logo\/image\/","url":"https:\/\/woodpunk.cz\/wp-content\/uploads\/2024\/04\/woodpunk_logo_260x213_f1f1f1ff.png","contentUrl":"https:\/\/woodpunk.cz\/wp-content\/uploads\/2024\/04\/woodpunk_logo_260x213_f1f1f1ff.png","width":260,"height":213,"caption":"WOOD PUNK"},"image":{"@id":"https:\/\/woodpunk.cz\/#\/schema\/logo\/image\/"},"sameAs":["https:\/\/www.facebook.com\/JL.WoodPunk","https:\/\/www.instagram.com\/jlwoodpunk\/","https:\/\/www.youtube.com\/channel\/UCbpihje-owPtI1dpoNOqkyA"]}]}},"_links":{"self":[{"href":"https:\/\/woodpunk.cz\/en\/wp-json\/wp\/v2\/product\/1342","targetHints":{"allow":["GET"]}}],"collection":[{"href":"https:\/\/woodpunk.cz\/en\/wp-json\/wp\/v2\/product"}],"about":[{"href":"https:\/\/woodpunk.cz\/en\/wp-json\/wp\/v2\/types\/product"}],"wp:featuredmedia":[{"embeddable":true,"href":"https:\/\/woodpunk.cz\/en\/wp-json\/wp\/v2\/media\/1313"}],"wp:attachment":[{"href":"https:\/\/woodpunk.cz\/en\/wp-json\/wp\/v2\/media?parent=1342"}],"wp:term":[{"taxonomy":"product_brand","embeddable":true,"href":"https:\/\/woodpunk.cz\/en\/wp-json\/wp\/v2\/product_brand?post=1342"},{"taxonomy":"product_cat","embeddable":true,"href":"https:\/\/woodpunk.cz\/en\/wp-json\/wp\/v2\/product_cat?post=1342"},{"taxonomy":"product_tag","embeddable":true,"href":"https:\/\/woodpunk.cz\/en\/wp-json\/wp\/v2\/product_tag?post=1342"}],"curies":[{"name":"wp","href":"https:\/\/api.w.org\/{rel}","templated":true}]}}