{"id":1231,"date":"2023-07-06T21:19:03","date_gmt":"2023-07-06T19:19:03","guid":{"rendered":"https:\/\/www.woodpunk.cz\/bukova-miska-18x11-cm\/"},"modified":"2025-09-25T08:43:35","modified_gmt":"2025-09-25T06:43:35","slug":"bukova-miska-18x11-cm","status":"publish","type":"product","link":"https:\/\/woodpunk.cz\/en\/product\/bukova-miska-18x11-cm\/","title":{"rendered":"Bukov\u00e1 miska (18&#215;11 cm)"},"content":{"rendered":"<p>Elegantn\u00ed baculat\u00e1 uzav\u0159en\u00e1 miska ze <a href=\"https:\/\/woodpunk.cz\/material\/spalt\/\">spaltovan\u00e9ho bukov\u00e9ho d\u0159eva<\/a>.<\/p>\n<p>Povrchov\u00e1 \u00faprava: <a href=\"https:\/\/woodpunk.cz\/povrchova-uprava\/ludvies-oil-shine\/\">Ludvie&#8217;s Oil Shine<\/a><\/p>\n<p>[ad_1]<\/p>\n<p><a href=\"https:\/\/www.woodpunk.cz\/wp-content\/uploads\/2023\/07\/Bukova-miska-18x11-cm.jpg\"><img loading=\"lazy\" decoding=\"async\" class=\"wp_automatic_fb_img alignnone\" src=\"https:\/\/www.woodpunk.cz\/wp-content\/uploads\/2023\/07\/Bukova-miska-18x11-cm.jpg\" alt=\"Elegantn\u00ed baculat\u00e1 uzav\u0159en\u00e1 miska ze spaltovan\u00e9ho bukov\u00e9ho d\u0159eva\" width=\"2048\" height=\"1640\" \/><\/a><br \/>\n<a href=\"https:\/\/www.woodpunk.cz\/wp-content\/uploads\/2023\/07\/1688673310_662_Bukova-miska-18x11-cm.jpg\"><img loading=\"lazy\" decoding=\"async\" class=\"wp_automatic_fb_img alignnone\" src=\"https:\/\/www.woodpunk.cz\/wp-content\/uploads\/2023\/07\/1688673310_662_Bukova-miska-18x11-cm.jpg\" alt=\"Elegantn\u00ed baculat\u00e1 uzav\u0159en\u00e1 miska ze spaltovan\u00e9ho bukov\u00e9ho d\u0159eva\" width=\"2048\" height=\"1639\" \/><\/a><br \/>\n<a href=\"https:\/\/www.woodpunk.cz\/wp-content\/uploads\/2023\/07\/1688673310_640_Bukova-miska-18x11-cm.jpg\"><img decoding=\"async\" class=\"wp_automatic_fb_img\" title=\"\" src=\"https:\/\/www.woodpunk.cz\/wp-content\/uploads\/2023\/07\/1688673310_640_Bukova-miska-18x11-cm.jpg\" \/><\/a><br \/>\n<a href=\"https:\/\/www.woodpunk.cz\/wp-content\/uploads\/2023\/07\/1688673310_645_Bukova-miska-18x11-cm.jpg\"><img decoding=\"async\" class=\"wp_automatic_fb_img\" title=\"\" src=\"https:\/\/www.woodpunk.cz\/wp-content\/uploads\/2023\/07\/1688673310_645_Bukova-miska-18x11-cm.jpg\" \/><\/a><br \/>\n<a href=\"https:\/\/www.woodpunk.cz\/wp-content\/uploads\/2023\/07\/1688673310_86_Bukova-miska-18x11-cm.jpg\"><img decoding=\"async\" class=\"wp_automatic_fb_img\" title=\"\" src=\"https:\/\/www.woodpunk.cz\/wp-content\/uploads\/2023\/07\/1688673310_86_Bukova-miska-18x11-cm.jpg\" \/><\/a><br \/>\n[ad_2]<\/p>\n<p><a href=\"https:\/\/www.facebook.com\/102759909132214\/posts\/257962363611967\">Facebook<\/a><\/p>\n","protected":false},"excerpt":{"rendered":"<p>Elegantn\u00ed baculat\u00e1 uzav\u0159en\u00e1 miska ze spaltovan\u00e9ho bukov\u00e9ho d\u0159eva. Povrchov\u00e1 \u00faprava: Ludvie&#8217;s Oil Shine [ad_1] [ad_2] Facebook<\/p>\n","protected":false},"featured_media":1232,"template":"","meta":{"_editorskit_title_hidden":false,"_editorskit_reading_time":0,"_editorskit_is_block_options_detached":false,"_editorskit_block_options_position":"{}"},"product_brand":[394],"product_cat":[78],"product_tag":[],"class_list":{"0":"post-1231","1":"product","2":"type-product","3":"status-publish","4":"has-post-thumbnail","6":"product_brand-wood-punk","7":"product_cat-drevene-misky","8":"pa_material-bukove-drevo","9":"pa_material-spaltovane-drevo","10":"pa_povrchova-uprava-ludvies-oil-shine","12":"entry","13":"has-media","15":"first","16":"outofstock","17":"shipping-taxable","18":"purchasable","19":"product-type-simple","20":"col","21":"span_1_of_5","22":"owp-content-center","23":"owp-thumbs-layout-horizontal","24":"owp-btn-normal","25":"owp-tabs-layout-horizontal","26":"has-no-thumbnails"},"yoast_head":"<!-- This site is optimized with the Yoast SEO plugin v27.4 - https:\/\/yoast.com\/product\/yoast-seo-wordpress\/ -->\n<title>Miska ze spaltovan\u00e9ho bukov\u00e9ho d\u0159eva | WOOD PUNK<\/title>\n<meta name=\"description\" content=\"Elegantn\u00ed baculat\u00e1 uzav\u0159en\u00e1 miska ze spaltovan\u00e9ho bukov\u00e9ho d\u0159eva. Povrchov\u00e1 \u00faprava: Ludvie&#039;s Oil Shine.\" \/>\n<meta name=\"robots\" content=\"index, follow, max-snippet:-1, max-image-preview:large, max-video-preview:-1\" \/>\n<link rel=\"canonical\" href=\"https:\/\/woodpunk.cz\/en\/product\/bukova-miska-18x11-cm\/\" \/>\n<meta property=\"og:locale\" content=\"en_US\" \/>\n<meta property=\"og:type\" content=\"article\" \/>\n<meta property=\"og:title\" content=\"Miska ze spaltovan\u00e9ho bukov\u00e9ho d\u0159eva | WOOD PUNK\" \/>\n<meta property=\"og:description\" content=\"Elegantn\u00ed baculat\u00e1 uzav\u0159en\u00e1 miska ze spaltovan\u00e9ho bukov\u00e9ho d\u0159eva. Povrchov\u00e1 \u00faprava: Ludvie&#039;s Oil Shine.\" \/>\n<meta property=\"og:url\" content=\"https:\/\/woodpunk.cz\/en\/product\/bukova-miska-18x11-cm\/\" \/>\n<meta property=\"og:site_name\" content=\"WOOD PUNK\" \/>\n<meta property=\"article:publisher\" content=\"https:\/\/www.facebook.com\/JL.WoodPunk\" \/>\n<meta property=\"article:modified_time\" content=\"2025-09-25T06:43:35+00:00\" \/>\n<meta property=\"og:image\" content=\"https:\/\/woodpunk.cz\/wp-content\/uploads\/2023\/07\/Bukova-miska-18x11-cm.jpg\" \/>\n\t<meta property=\"og:image:width\" content=\"2048\" \/>\n\t<meta property=\"og:image:height\" content=\"1640\" \/>\n\t<meta property=\"og:image:type\" content=\"image\/jpeg\" \/>\n<meta name=\"twitter:card\" content=\"summary_large_image\" \/>\n<meta name=\"twitter:label1\" content=\"Est. reading time\" \/>\n\t<meta name=\"twitter:data1\" content=\"2 minutes\" \/>\n<script type=\"application\/ld+json\" class=\"yoast-schema-graph\">{\"@context\":\"https:\\\/\\\/schema.org\",\"@graph\":[{\"@type\":\"WebPage\",\"@id\":\"https:\\\/\\\/woodpunk.cz\\\/produkt\\\/bukova-miska-18x11-cm\\\/\",\"url\":\"https:\\\/\\\/woodpunk.cz\\\/produkt\\\/bukova-miska-18x11-cm\\\/\",\"name\":\"Miska ze spaltovan\u00e9ho bukov\u00e9ho d\u0159eva | WOOD PUNK\",\"isPartOf\":{\"@id\":\"https:\\\/\\\/woodpunk.cz\\\/#website\"},\"primaryImageOfPage\":{\"@id\":\"https:\\\/\\\/woodpunk.cz\\\/produkt\\\/bukova-miska-18x11-cm\\\/#primaryimage\"},\"image\":{\"@id\":\"https:\\\/\\\/woodpunk.cz\\\/produkt\\\/bukova-miska-18x11-cm\\\/#primaryimage\"},\"thumbnailUrl\":\"https:\\\/\\\/woodpunk.cz\\\/wp-content\\\/uploads\\\/2023\\\/07\\\/Bukova-miska-18x11-cm.jpg\",\"datePublished\":\"2023-07-06T19:19:03+00:00\",\"dateModified\":\"2025-09-25T06:43:35+00:00\",\"description\":\"Elegantn\u00ed baculat\u00e1 uzav\u0159en\u00e1 miska ze spaltovan\u00e9ho bukov\u00e9ho d\u0159eva. Povrchov\u00e1 \u00faprava: Ludvie's Oil Shine.\",\"breadcrumb\":{\"@id\":\"https:\\\/\\\/woodpunk.cz\\\/produkt\\\/bukova-miska-18x11-cm\\\/#breadcrumb\"},\"inLanguage\":\"en-US\",\"potentialAction\":[{\"@type\":\"ReadAction\",\"target\":[\"https:\\\/\\\/woodpunk.cz\\\/produkt\\\/bukova-miska-18x11-cm\\\/\"]}]},{\"@type\":\"ImageObject\",\"inLanguage\":\"en-US\",\"@id\":\"https:\\\/\\\/woodpunk.cz\\\/produkt\\\/bukova-miska-18x11-cm\\\/#primaryimage\",\"url\":\"https:\\\/\\\/woodpunk.cz\\\/wp-content\\\/uploads\\\/2023\\\/07\\\/Bukova-miska-18x11-cm.jpg\",\"contentUrl\":\"https:\\\/\\\/woodpunk.cz\\\/wp-content\\\/uploads\\\/2023\\\/07\\\/Bukova-miska-18x11-cm.jpg\",\"width\":2048,\"height\":1640,\"caption\":\"Elegantn\u00ed baculat\u00e1 uzav\u0159en\u00e1 miska ze spaltovan\u00e9ho bukov\u00e9ho d\u0159eva\"},{\"@type\":\"BreadcrumbList\",\"@id\":\"https:\\\/\\\/woodpunk.cz\\\/produkt\\\/bukova-miska-18x11-cm\\\/#breadcrumb\",\"itemListElement\":[{\"@type\":\"ListItem\",\"position\":1,\"name\":\"Dom\u016f\",\"item\":\"https:\\\/\\\/woodpunk.cz\\\/\"},{\"@type\":\"ListItem\",\"position\":2,\"name\":\"Obchod s d\u0159ev\u011bn\u00fdmi miskami a v\u00fdrobky z masivn\u00edho d\u0159eva\",\"item\":\"https:\\\/\\\/woodpunk.cz\\\/drevene-misky-a-vyrobky-ze-dreva\\\/\"},{\"@type\":\"ListItem\",\"position\":3,\"name\":\"Bukov\u00e1 miska (18&#215;11 cm)\"}]},{\"@type\":\"WebSite\",\"@id\":\"https:\\\/\\\/woodpunk.cz\\\/#website\",\"url\":\"https:\\\/\\\/woodpunk.cz\\\/\",\"name\":\"WOOD PUNK\",\"description\":\"\",\"publisher\":{\"@id\":\"https:\\\/\\\/woodpunk.cz\\\/#organization\"},\"alternateName\":\"\u0158emesln\u00e1 v\u00fdroba a prodej d\u0159ev\u011bn\u00fdch misek, v\u00e1z, kv\u011btn\u00edk\u016f a dal\u0161\u00edch d\u0159ev\u011bn\u00fdch nejenom soustru\u017een\u00fdch v\u00fdrobk\u016f.\",\"potentialAction\":[{\"@type\":\"SearchAction\",\"target\":{\"@type\":\"EntryPoint\",\"urlTemplate\":\"https:\\\/\\\/woodpunk.cz\\\/?s={search_term_string}\"},\"query-input\":{\"@type\":\"PropertyValueSpecification\",\"valueRequired\":true,\"valueName\":\"search_term_string\"}}],\"inLanguage\":\"en-US\"},{\"@type\":\"Organization\",\"@id\":\"https:\\\/\\\/woodpunk.cz\\\/#organization\",\"name\":\"WOOD PUNK\",\"alternateName\":\"\u0158emesln\u00e1 v\u00fdroba d\u0159ev\u011bn\u00fdch misek, v\u00e1z, kv\u011btn\u00edk\u016f a dal\u0161\u00edch d\u0159ev\u011bn\u00fdch nejenom soustru\u017een\u00fdch v\u00fdrobk\u016f.\",\"url\":\"https:\\\/\\\/woodpunk.cz\\\/\",\"logo\":{\"@type\":\"ImageObject\",\"inLanguage\":\"en-US\",\"@id\":\"https:\\\/\\\/woodpunk.cz\\\/#\\\/schema\\\/logo\\\/image\\\/\",\"url\":\"https:\\\/\\\/woodpunk.cz\\\/wp-content\\\/uploads\\\/2024\\\/04\\\/woodpunk_logo_260x213_f1f1f1ff.png\",\"contentUrl\":\"https:\\\/\\\/woodpunk.cz\\\/wp-content\\\/uploads\\\/2024\\\/04\\\/woodpunk_logo_260x213_f1f1f1ff.png\",\"width\":260,\"height\":213,\"caption\":\"WOOD PUNK\"},\"image\":{\"@id\":\"https:\\\/\\\/woodpunk.cz\\\/#\\\/schema\\\/logo\\\/image\\\/\"},\"sameAs\":[\"https:\\\/\\\/www.facebook.com\\\/JL.WoodPunk\",\"https:\\\/\\\/www.instagram.com\\\/jlwoodpunk\\\/\",\"https:\\\/\\\/www.youtube.com\\\/channel\\\/UCbpihje-owPtI1dpoNOqkyA\"]}]}<\/script>\n<!-- \/ Yoast SEO plugin. -->","yoast_head_json":{"title":"Miska ze spaltovan\u00e9ho bukov\u00e9ho d\u0159eva | WOOD PUNK","description":"Elegantn\u00ed baculat\u00e1 uzav\u0159en\u00e1 miska ze spaltovan\u00e9ho bukov\u00e9ho d\u0159eva. Povrchov\u00e1 \u00faprava: Ludvie's Oil Shine.","robots":{"index":"index","follow":"follow","max-snippet":"max-snippet:-1","max-image-preview":"max-image-preview:large","max-video-preview":"max-video-preview:-1"},"canonical":"https:\/\/woodpunk.cz\/en\/product\/bukova-miska-18x11-cm\/","og_locale":"en_US","og_type":"article","og_title":"Miska ze spaltovan\u00e9ho bukov\u00e9ho d\u0159eva | WOOD PUNK","og_description":"Elegantn\u00ed baculat\u00e1 uzav\u0159en\u00e1 miska ze spaltovan\u00e9ho bukov\u00e9ho d\u0159eva. Povrchov\u00e1 \u00faprava: Ludvie's Oil Shine.","og_url":"https:\/\/woodpunk.cz\/en\/product\/bukova-miska-18x11-cm\/","og_site_name":"WOOD PUNK","article_publisher":"https:\/\/www.facebook.com\/JL.WoodPunk","article_modified_time":"2025-09-25T06:43:35+00:00","og_image":[{"width":2048,"height":1640,"url":"https:\/\/woodpunk.cz\/wp-content\/uploads\/2023\/07\/Bukova-miska-18x11-cm.jpg","type":"image\/jpeg"}],"twitter_card":"summary_large_image","twitter_misc":{"Est. reading time":"2 minutes"},"schema":{"@context":"https:\/\/schema.org","@graph":[{"@type":"WebPage","@id":"https:\/\/woodpunk.cz\/produkt\/bukova-miska-18x11-cm\/","url":"https:\/\/woodpunk.cz\/produkt\/bukova-miska-18x11-cm\/","name":"Miska ze spaltovan\u00e9ho bukov\u00e9ho d\u0159eva | WOOD PUNK","isPartOf":{"@id":"https:\/\/woodpunk.cz\/#website"},"primaryImageOfPage":{"@id":"https:\/\/woodpunk.cz\/produkt\/bukova-miska-18x11-cm\/#primaryimage"},"image":{"@id":"https:\/\/woodpunk.cz\/produkt\/bukova-miska-18x11-cm\/#primaryimage"},"thumbnailUrl":"https:\/\/woodpunk.cz\/wp-content\/uploads\/2023\/07\/Bukova-miska-18x11-cm.jpg","datePublished":"2023-07-06T19:19:03+00:00","dateModified":"2025-09-25T06:43:35+00:00","description":"Elegantn\u00ed baculat\u00e1 uzav\u0159en\u00e1 miska ze spaltovan\u00e9ho bukov\u00e9ho d\u0159eva. Povrchov\u00e1 \u00faprava: Ludvie's Oil Shine.","breadcrumb":{"@id":"https:\/\/woodpunk.cz\/produkt\/bukova-miska-18x11-cm\/#breadcrumb"},"inLanguage":"en-US","potentialAction":[{"@type":"ReadAction","target":["https:\/\/woodpunk.cz\/produkt\/bukova-miska-18x11-cm\/"]}]},{"@type":"ImageObject","inLanguage":"en-US","@id":"https:\/\/woodpunk.cz\/produkt\/bukova-miska-18x11-cm\/#primaryimage","url":"https:\/\/woodpunk.cz\/wp-content\/uploads\/2023\/07\/Bukova-miska-18x11-cm.jpg","contentUrl":"https:\/\/woodpunk.cz\/wp-content\/uploads\/2023\/07\/Bukova-miska-18x11-cm.jpg","width":2048,"height":1640,"caption":"Elegantn\u00ed baculat\u00e1 uzav\u0159en\u00e1 miska ze spaltovan\u00e9ho bukov\u00e9ho d\u0159eva"},{"@type":"BreadcrumbList","@id":"https:\/\/woodpunk.cz\/produkt\/bukova-miska-18x11-cm\/#breadcrumb","itemListElement":[{"@type":"ListItem","position":1,"name":"Dom\u016f","item":"https:\/\/woodpunk.cz\/"},{"@type":"ListItem","position":2,"name":"Obchod s d\u0159ev\u011bn\u00fdmi miskami a v\u00fdrobky z masivn\u00edho d\u0159eva","item":"https:\/\/woodpunk.cz\/drevene-misky-a-vyrobky-ze-dreva\/"},{"@type":"ListItem","position":3,"name":"Bukov\u00e1 miska (18&#215;11 cm)"}]},{"@type":"WebSite","@id":"https:\/\/woodpunk.cz\/#website","url":"https:\/\/woodpunk.cz\/","name":"WOOD PUNK","description":"","publisher":{"@id":"https:\/\/woodpunk.cz\/#organization"},"alternateName":"\u0158emesln\u00e1 v\u00fdroba a prodej d\u0159ev\u011bn\u00fdch misek, v\u00e1z, kv\u011btn\u00edk\u016f a dal\u0161\u00edch d\u0159ev\u011bn\u00fdch nejenom soustru\u017een\u00fdch v\u00fdrobk\u016f.","potentialAction":[{"@type":"SearchAction","target":{"@type":"EntryPoint","urlTemplate":"https:\/\/woodpunk.cz\/?s={search_term_string}"},"query-input":{"@type":"PropertyValueSpecification","valueRequired":true,"valueName":"search_term_string"}}],"inLanguage":"en-US"},{"@type":"Organization","@id":"https:\/\/woodpunk.cz\/#organization","name":"WOOD PUNK","alternateName":"\u0158emesln\u00e1 v\u00fdroba d\u0159ev\u011bn\u00fdch misek, v\u00e1z, kv\u011btn\u00edk\u016f a dal\u0161\u00edch d\u0159ev\u011bn\u00fdch nejenom soustru\u017een\u00fdch v\u00fdrobk\u016f.","url":"https:\/\/woodpunk.cz\/","logo":{"@type":"ImageObject","inLanguage":"en-US","@id":"https:\/\/woodpunk.cz\/#\/schema\/logo\/image\/","url":"https:\/\/woodpunk.cz\/wp-content\/uploads\/2024\/04\/woodpunk_logo_260x213_f1f1f1ff.png","contentUrl":"https:\/\/woodpunk.cz\/wp-content\/uploads\/2024\/04\/woodpunk_logo_260x213_f1f1f1ff.png","width":260,"height":213,"caption":"WOOD PUNK"},"image":{"@id":"https:\/\/woodpunk.cz\/#\/schema\/logo\/image\/"},"sameAs":["https:\/\/www.facebook.com\/JL.WoodPunk","https:\/\/www.instagram.com\/jlwoodpunk\/","https:\/\/www.youtube.com\/channel\/UCbpihje-owPtI1dpoNOqkyA"]}]}},"_links":{"self":[{"href":"https:\/\/woodpunk.cz\/en\/wp-json\/wp\/v2\/product\/1231","targetHints":{"allow":["GET"]}}],"collection":[{"href":"https:\/\/woodpunk.cz\/en\/wp-json\/wp\/v2\/product"}],"about":[{"href":"https:\/\/woodpunk.cz\/en\/wp-json\/wp\/v2\/types\/product"}],"wp:featuredmedia":[{"embeddable":true,"href":"https:\/\/woodpunk.cz\/en\/wp-json\/wp\/v2\/media\/1232"}],"wp:attachment":[{"href":"https:\/\/woodpunk.cz\/en\/wp-json\/wp\/v2\/media?parent=1231"}],"wp:term":[{"taxonomy":"product_brand","embeddable":true,"href":"https:\/\/woodpunk.cz\/en\/wp-json\/wp\/v2\/product_brand?post=1231"},{"taxonomy":"product_cat","embeddable":true,"href":"https:\/\/woodpunk.cz\/en\/wp-json\/wp\/v2\/product_cat?post=1231"},{"taxonomy":"product_tag","embeddable":true,"href":"https:\/\/woodpunk.cz\/en\/wp-json\/wp\/v2\/product_tag?post=1231"}],"curies":[{"name":"wp","href":"https:\/\/api.w.org\/{rel}","templated":true}]}}