{"id":884,"date":"2023-04-21T12:09:07","date_gmt":"2023-04-21T10:09:07","guid":{"rendered":"https:\/\/www.woodpunk.cz\/?page_id=884"},"modified":"2025-10-09T17:37:31","modified_gmt":"2025-10-09T15:37:31","slug":"o-mne","status":"publish","type":"page","link":"https:\/\/woodpunk.cz\/en\/o-mne\/","title":{"rendered":"My Story\u2026"},"content":{"rendered":"<p class=\"has-text-color has-link-color wp-elements-32cf7076bce8db5c11592c537f90bf5b\" style=\"color:#cc922e;font-size:24px;font-style:normal;font-weight:700\">About Woodturning and the Birth of WOOD PUNK<\/p>\n\n\n\n<p class=\" translation-block\">My name is Jan Ludv\u00edk. I am a devoted husband, father of three wonderful children, and proud owner of an old small house in the beautiful Wallachian village of <strong><a href=\"https:\/\/www.hornibecva.cz\/\" class=\"ek-link\" target=\"_self\">Horn\u00ed\u00a0Be\u010dva<\/a><\/strong>, located at the very eastern border with Slovakia. In my free time, I focus on woodturning and crafting primarily wooden bowls, vases, containers, and other hollow wooden creations.<\/p>\n\n\n\n<div class=\"wp-block-columns is-layout-flex wp-container-core-columns-is-layout-9d6595d7 wp-block-columns-is-layout-flex\">\n<div class=\"wp-block-column is-layout-flow wp-block-column-is-layout-flow\" style=\"flex-basis:100%\">\n<div class=\"wp-block-columns is-layout-flex wp-container-core-columns-is-layout-9d6595d7 wp-block-columns-is-layout-flex\">\n<div class=\"wp-block-column is-layout-flow wp-block-column-is-layout-flow\">\n<h2 class=\"wp-block-heading\">The Journey of Wood \u2013 Roots<\/h2>\n\n\n\n<p>I have had a positive relationship with wood and working with it since early childhood, spending summers in my grandfather\u2019s workshop. There, I watched him work around the house and admired his carvings. During my student years and the few years after, I completely forgot about wood. I focused on getting to know my future wife, sports, travel, and studying the art of hospitality.<\/p>\n<\/div>\n\n\n\n<div class=\"wp-block-column is-vertically-aligned-center is-layout-flow wp-block-column-is-layout-flow\">\n<div class=\"wp-block-columns is-layout-flex wp-container-core-columns-is-layout-9d6595d7 wp-block-columns-is-layout-flex\">\n<div class=\"wp-block-column is-layout-flow wp-block-column-is-layout-flow\" style=\"flex-basis:50%\">\n<ul class=\"wp-block-social-links aligncenter is-content-justification-center is-layout-flex wp-container-core-social-links-is-layout-16018d1d wp-block-social-links-is-layout-flex\"><li class=\"wp-social-link wp-social-link-facebook  wp-block-social-link\"><a href=\"https:\/\/www.facebook.com\/JL.WoodPunk\" class=\"wp-block-social-link-anchor\"><svg width=\"24\" height=\"24\" viewbox=\"0 0 24 24\" version=\"1.1\" xmlns=\"http:\/\/www.w3.org\/2000\/svg\" aria-hidden=\"true\" focusable=\"false\"><path d=\"M12 2C6.5 2 2 6.5 2 12c0 5 3.7 9.1 8.4 9.9v-7H7.9V12h2.5V9.8c0-2.5 1.5-3.9 3.8-3.9 1.1 0 2.2.2 2.2.2v2.5h-1.3c-1.2 0-1.6.8-1.6 1.6V12h2.8l-.4 2.9h-2.3v7C18.3 21.1 22 17 22 12c0-5.5-4.5-10-10-10z\"><\/path><\/svg><span class=\"wp-block-social-link-label screen-reader-text\">Facebook<\/span><\/a><\/li>\n\n<li class=\"wp-social-link wp-social-link-instagram  wp-block-social-link\"><a href=\"https:\/\/www.instagram.com\/jlwoodpunk\/\" class=\"wp-block-social-link-anchor\"><svg width=\"24\" height=\"24\" viewbox=\"0 0 24 24\" version=\"1.1\" xmlns=\"http:\/\/www.w3.org\/2000\/svg\" aria-hidden=\"true\" focusable=\"false\"><path d=\"M12,4.622c2.403,0,2.688,0.009,3.637,0.052c0.877,0.04,1.354,0.187,1.671,0.31c0.42,0.163,0.72,0.358,1.035,0.673 c0.315,0.315,0.51,0.615,0.673,1.035c0.123,0.317,0.27,0.794,0.31,1.671c0.043,0.949,0.052,1.234,0.052,3.637 s-0.009,2.688-0.052,3.637c-0.04,0.877-0.187,1.354-0.31,1.671c-0.163,0.42-0.358,0.72-0.673,1.035 c-0.315,0.315-0.615,0.51-1.035,0.673c-0.317,0.123-0.794,0.27-1.671,0.31c-0.949,0.043-1.233,0.052-3.637,0.052 s-2.688-0.009-3.637-0.052c-0.877-0.04-1.354-0.187-1.671-0.31c-0.42-0.163-0.72-0.358-1.035-0.673 c-0.315-0.315-0.51-0.615-0.673-1.035c-0.123-0.317-0.27-0.794-0.31-1.671C4.631,14.688,4.622,14.403,4.622,12 s0.009-2.688,0.052-3.637c0.04-0.877,0.187-1.354,0.31-1.671c0.163-0.42,0.358-0.72,0.673-1.035 c0.315-0.315,0.615-0.51,1.035-0.673c0.317-0.123,0.794-0.27,1.671-0.31C9.312,4.631,9.597,4.622,12,4.622 M12,3 C9.556,3,9.249,3.01,8.289,3.054C7.331,3.098,6.677,3.25,6.105,3.472C5.513,3.702,5.011,4.01,4.511,4.511 c-0.5,0.5-0.808,1.002-1.038,1.594C3.25,6.677,3.098,7.331,3.054,8.289C3.01,9.249,3,9.556,3,12c0,2.444,0.01,2.751,0.054,3.711 c0.044,0.958,0.196,1.612,0.418,2.185c0.23,0.592,0.538,1.094,1.038,1.594c0.5,0.5,1.002,0.808,1.594,1.038 c0.572,0.222,1.227,0.375,2.185,0.418C9.249,20.99,9.556,21,12,21s2.751-0.01,3.711-0.054c0.958-0.044,1.612-0.196,2.185-0.418 c0.592-0.23,1.094-0.538,1.594-1.038c0.5-0.5,0.808-1.002,1.038-1.594c0.222-0.572,0.375-1.227,0.418-2.185 C20.99,14.751,21,14.444,21,12s-0.01-2.751-0.054-3.711c-0.044-0.958-0.196-1.612-0.418-2.185c-0.23-0.592-0.538-1.094-1.038-1.594 c-0.5-0.5-1.002-0.808-1.594-1.038c-0.572-0.222-1.227-0.375-2.185-0.418C14.751,3.01,14.444,3,12,3L12,3z M12,7.378 c-2.552,0-4.622,2.069-4.622,4.622S9.448,16.622,12,16.622s4.622-2.069,4.622-4.622S14.552,7.378,12,7.378z M12,15 c-1.657,0-3-1.343-3-3s1.343-3,3-3s3,1.343,3,3S13.657,15,12,15z M16.804,6.116c-0.596,0-1.08,0.484-1.08,1.08 s0.484,1.08,1.08,1.08c0.596,0,1.08-0.484,1.08-1.08S17.401,6.116,16.804,6.116z\"><\/path><\/svg><span class=\"wp-block-social-link-label screen-reader-text\">Instagram<\/span><\/a><\/li>\n\n<li class=\"wp-social-link wp-social-link-youtube  wp-block-social-link\"><a href=\"https:\/\/www.youtube.com\/channel\/UCbpihje-owPtI1dpoNOqkyA\" class=\"wp-block-social-link-anchor\"><svg width=\"24\" height=\"24\" viewbox=\"0 0 24 24\" version=\"1.1\" xmlns=\"http:\/\/www.w3.org\/2000\/svg\" aria-hidden=\"true\" focusable=\"false\"><path d=\"M21.8,8.001c0,0-0.195-1.378-0.795-1.985c-0.76-0.797-1.613-0.801-2.004-0.847c-2.799-0.202-6.997-0.202-6.997-0.202 h-0.009c0,0-4.198,0-6.997,0.202C4.608,5.216,3.756,5.22,2.995,6.016C2.395,6.623,2.2,8.001,2.2,8.001S2,9.62,2,11.238v1.517 c0,1.618,0.2,3.237,0.2,3.237s0.195,1.378,0.795,1.985c0.761,0.797,1.76,0.771,2.205,0.855c1.6,0.153,6.8,0.201,6.8,0.201 s4.203-0.006,7.001-0.209c0.391-0.047,1.243-0.051,2.004-0.847c0.6-0.607,0.795-1.985,0.795-1.985s0.2-1.618,0.2-3.237v-1.517 C22,9.62,21.8,8.001,21.8,8.001z M9.935,14.594l-0.001-5.62l5.404,2.82L9.935,14.594z\"><\/path><\/svg><span class=\"wp-block-social-link-label screen-reader-text\">YouTube<\/span><\/a><\/li><\/ul>\n\n\n\n<div style=\"height:30px\" aria-hidden=\"true\" class=\"wp-block-spacer\"><\/div>\n\n\n\n<div class=\"wp-block-buttons is-content-justification-center is-layout-flex wp-container-core-buttons-is-layout-16018d1d wp-block-buttons-is-layout-flex\">\n<div class=\"wp-block-button general-button landing-button is-style-outline is-style-outline--1\"><a class=\"wp-block-button__link wp-element-button\" href=\"https:\/\/woodpunk.cz\/kategorie-produktu\/drevene-misky\/\" style=\"border-radius:10px\">Go to Shop<\/a><\/div>\n<\/div>\n<\/div>\n\n\n\n<div class=\"wp-block-column is-vertically-aligned-center is-layout-flow wp-block-column-is-layout-flow\" style=\"flex-basis:50%\">\n<ul class=\"wp-block-list is-style-none\">\n<li class=\"list-style-none m-0\"><i class=\"fa-solid fa-user fa=fw\"><\/i>&nbsp;&nbsp;&nbsp;<a href=\"https:\/\/www.woodpunk.cz\/o-mne\/\" class=\"ek-link\"><b>Bc. Jan Ludv\u00edk<\/b><\/a><\/li>\n\n\n\n<li class=\"list-style-none m-0\"><i class=\"fa-solid fa-phone fa=fw\"><\/i>&nbsp;&nbsp;<a href=\"tel:+420737211072\" class=\"ek-link\"><b>+420 737 211 072<\/b><\/a><\/li>\n\n\n\n<li class=\"list-style-none m-0\"><i class=\"fa-solid fa-envelope fa=fw\"><\/i>&nbsp;<a href=\"mailto:jan@woodpunk.cz\">&nbsp;<b>jan@woodpunk.cz<\/b><\/a><\/li>\n<\/ul>\n<\/div>\n<\/div>\n<\/div>\n<\/div>\n<\/div>\n<\/div>\n\n\n\n<div class=\"wp-block-columns is-layout-flex wp-container-core-columns-is-layout-9d6595d7 wp-block-columns-is-layout-flex\">\n<div class=\"wp-block-column is-layout-flow wp-block-column-is-layout-flow\">\n<div class=\"wp-block-columns is-layout-flex wp-container-core-columns-is-layout-9d6595d7 wp-block-columns-is-layout-flex\">\n<div class=\"wp-block-column is-layout-flow wp-block-column-is-layout-flow\" style=\"flex-basis:100%\">\n<figure class=\"wp-block-image size-full img-round-corners is-style-editorskit-rounded\"><img loading=\"lazy\" decoding=\"async\" width=\"986\" height=\"987\" src=\"https:\/\/woodpunk.cz\/wp-content\/uploads\/2024\/02\/WoodPunk_omne.jpeg\" alt=\"O mn\u011b\u2026 o soustru\u017een\u00ed d\u0159eva a zrozen\u00ed WOOD PUNK\" class=\"wp-image-2774\" style=\"object-fit:cover\" srcset=\"https:\/\/woodpunk.cz\/wp-content\/uploads\/2024\/02\/WoodPunk_omne.jpeg 986w, https:\/\/woodpunk.cz\/wp-content\/uploads\/2024\/02\/WoodPunk_omne-300x300.jpeg 300w, https:\/\/woodpunk.cz\/wp-content\/uploads\/2024\/02\/WoodPunk_omne-100x100.jpeg 100w, https:\/\/woodpunk.cz\/wp-content\/uploads\/2024\/02\/WoodPunk_omne-600x600.jpeg 600w, https:\/\/woodpunk.cz\/wp-content\/uploads\/2024\/02\/WoodPunk_omne-150x150.jpeg 150w, https:\/\/woodpunk.cz\/wp-content\/uploads\/2024\/02\/WoodPunk_omne-768x769.jpeg 768w, https:\/\/woodpunk.cz\/wp-content\/uploads\/2024\/02\/WoodPunk_omne-12x12.jpeg 12w\" sizes=\"auto, (max-width: 986px) 100vw, 986px\" \/><\/figure>\n<\/div>\n<\/div>\n<\/div>\n\n\n\n<div class=\"wp-block-column is-layout-flow wp-block-column-is-layout-flow\">\n<h2 class=\"wp-block-heading\">The Journey of Wood \u2013 Return to Roots<\/h2>\n\n\n\n<p class=\" translation-block\">The beginning of my return to the path of wood could probably be traced back to the turn of 2011 and 2012, when my wife and I returned after years of study and work from Brno to our native Wallachia and acquired a small, old house in the beautiful Kobylsk\u00e1 Valley in <strong>Horn\u00ed\u00a0Be\u010dva<\/strong>. During the first year as a newly minted homeowner, I spent more time dismantling than creating, adjusting and repairing. Gradually, I equipped myself with the essential carpentry and joinery tools according to my needs.<\/p>\n\n\n\n<h2 class=\"wp-block-heading\">The Journey of Wood \u2013 Workshop<\/h2>\n\n\n\n<p class=\" translation-block\">One evening in the spring of 2020 (by then all three of our children were already in the world, and I was probably just bored), while randomly watching a video featuring an unknown enthusiast in his workshop, I realized I desperately needed a workbench and a table saw. So I ordered the materials and the saw, and got to work. Soon followed a small jointer, a thickness planer, a larger miter saw, a router, and other hand tools. I started making all kinds of jigs and devoured information about wood species, production techniques, and historical hand tools, especially <strong>Stanley<\/strong> planes. Gradually, I made a children\u2019s table, a child-sized chair, and a few cutting boards. I even didn\u2019t shy away from the idea of building an all-wood sauna from firewood-grade timber.<\/p>\n<\/div>\n<\/div>\n\n\n\n<div class=\"wp-block-columns is-layout-flex wp-container-core-columns-is-layout-9d6595d7 wp-block-columns-is-layout-flex\">\n<div class=\"wp-block-column is-layout-flow wp-block-column-is-layout-flow\">\n<div style=\"height:30px\" aria-hidden=\"true\" class=\"wp-block-spacer\"><\/div>\n\n\n\n<h1 class=\"wp-block-heading has-text-align-center landing-header landing-header-fancy\">The Birth of WOOD PUNK<\/h1>\n\n\n\n<p class=\" translation-block\">It was the year 2021. I had far more ideas for creating than time and energy to pursue them, and on top of that, I realized I probably needed a wood lathe. So, I purchased a small lathe, and it took about six months before I actually got to use it. By February 2022, I had instantly fallen in love with woodturning, and that\u2019s when <strong>WOOD PUNK<\/strong> was born.<\/p>\n<\/div>\n<\/div>","protected":false},"excerpt":{"rendered":"<p>O soustru\u017een\u00ed d\u0159eva a zrozen\u00ed WOOD PUNK Jmenuju se Jan Ludv\u00edk, jsem miluj\u00edc\u00ed mu\u017e, otec 3 kr\u00e1sn\u00fdch d\u011bt\u00ed a hrd\u00fd majitel star\u00e9ho mal\u00e9ho domku v kr\u00e1sn\u00e9 vala\u0161sk\u00e9 d\u011bdin\u011b Horn\u00ed Be\u010dva na sam\u00e9m v\u00fdchod\u011b hranice se Slovenskem a ve voln\u00e9m \u010dase se v\u011bnuju soustru\u017een\u00ed d\u0159eva a v\u00fdrob\u011b zejm\u00e9na d\u0159ev\u011bn\u00fdch misek, v\u00e1z, n\u00e1dob a jin\u00fdch dut\u00fdch v\u00fdrobk\u016f [&hellip;]<\/p>\n","protected":false},"author":2,"featured_media":2774,"parent":0,"menu_order":0,"comment_status":"closed","ping_status":"closed","template":"","meta":{"_editorskit_title_hidden":true,"_editorskit_reading_time":0,"_editorskit_is_block_options_detached":false,"_editorskit_block_options_position":"{}","footnotes":""},"folder":[232],"class_list":["post-884","page","type-page","status-publish","has-post-thumbnail","hentry","entry","has-media","owp-thumbs-layout-horizontal","owp-btn-normal","owp-tabs-layout-horizontal","has-no-thumbnails"],"yoast_head":"<!-- This site is optimized with the Yoast SEO plugin v27.4 - https:\/\/yoast.com\/product\/yoast-seo-wordpress\/ -->\n<title>O mn\u011b\u2026 o soustru\u017een\u00ed d\u0159eva a zrozen\u00ed WOOD PUNK | WOOD PUNK<\/title>\n<meta name=\"description\" content=\"O mn\u011b\u2026 soustru\u017een\u00ed d\u0159eva a zrozen\u00ed WOOD PUNK. Byl \u00fanor roku 202, j\u00e1 si soustru\u017een\u00ed d\u0159eva okam\u017eit\u011b zamiloval a tehdy se zrodil WOOD PUNK.\" \/>\n<meta name=\"robots\" content=\"index, follow, max-snippet:-1, max-image-preview:large, max-video-preview:-1\" \/>\n<link rel=\"canonical\" href=\"https:\/\/woodpunk.cz\/en\/o-mne\/\" \/>\n<meta property=\"og:locale\" content=\"en_US\" \/>\n<meta property=\"og:type\" content=\"article\" \/>\n<meta property=\"og:title\" content=\"O mn\u011b\u2026 o soustru\u017een\u00ed d\u0159eva a zrozen\u00ed WOOD PUNK | WOOD PUNK\" \/>\n<meta property=\"og:description\" content=\"O mn\u011b\u2026 soustru\u017een\u00ed d\u0159eva a zrozen\u00ed WOOD PUNK. Byl \u00fanor roku 202, j\u00e1 si soustru\u017een\u00ed d\u0159eva okam\u017eit\u011b zamiloval a tehdy se zrodil WOOD PUNK.\" \/>\n<meta property=\"og:url\" content=\"https:\/\/woodpunk.cz\/en\/o-mne\/\" \/>\n<meta property=\"og:site_name\" content=\"WOOD PUNK\" \/>\n<meta property=\"article:publisher\" content=\"https:\/\/www.facebook.com\/JL.WoodPunk\" \/>\n<meta property=\"article:modified_time\" content=\"2025-10-09T15:37:31+00:00\" \/>\n<meta property=\"og:image\" content=\"https:\/\/woodpunk.cz\/wp-content\/uploads\/2024\/02\/WoodPunk_omne.jpeg\" \/>\n\t<meta property=\"og:image:width\" content=\"986\" \/>\n\t<meta property=\"og:image:height\" content=\"987\" \/>\n\t<meta property=\"og:image:type\" content=\"image\/jpeg\" \/>\n<meta name=\"twitter:card\" content=\"summary_large_image\" \/>\n<meta name=\"twitter:label1\" content=\"Est. reading time\" \/>\n\t<meta name=\"twitter:data1\" content=\"3 minutes\" \/>\n<script type=\"application\/ld+json\" class=\"yoast-schema-graph\">{\"@context\":\"https:\\\/\\\/schema.org\",\"@graph\":[{\"@type\":[\"WebPage\",\"ProfilePage\"],\"@id\":\"https:\\\/\\\/woodpunk.cz\\\/o-mne\\\/\",\"url\":\"https:\\\/\\\/woodpunk.cz\\\/o-mne\\\/\",\"name\":\"O mn\u011b\u2026 o soustru\u017een\u00ed d\u0159eva a zrozen\u00ed WOOD PUNK | WOOD PUNK\",\"isPartOf\":{\"@id\":\"https:\\\/\\\/woodpunk.cz\\\/#website\"},\"primaryImageOfPage\":{\"@id\":\"https:\\\/\\\/woodpunk.cz\\\/o-mne\\\/#primaryimage\"},\"image\":{\"@id\":\"https:\\\/\\\/woodpunk.cz\\\/o-mne\\\/#primaryimage\"},\"thumbnailUrl\":\"https:\\\/\\\/woodpunk.cz\\\/wp-content\\\/uploads\\\/2024\\\/02\\\/WoodPunk_omne.jpeg\",\"datePublished\":\"2023-04-21T10:09:07+00:00\",\"dateModified\":\"2025-10-09T15:37:31+00:00\",\"description\":\"O mn\u011b\u2026 soustru\u017een\u00ed d\u0159eva a zrozen\u00ed WOOD PUNK. Byl \u00fanor roku 202, j\u00e1 si soustru\u017een\u00ed d\u0159eva okam\u017eit\u011b zamiloval a tehdy se zrodil WOOD PUNK.\",\"breadcrumb\":{\"@id\":\"https:\\\/\\\/woodpunk.cz\\\/o-mne\\\/#breadcrumb\"},\"inLanguage\":\"en-US\",\"potentialAction\":[{\"@type\":\"ReadAction\",\"target\":[\"https:\\\/\\\/woodpunk.cz\\\/o-mne\\\/\"]}]},{\"@type\":\"ImageObject\",\"inLanguage\":\"en-US\",\"@id\":\"https:\\\/\\\/woodpunk.cz\\\/o-mne\\\/#primaryimage\",\"url\":\"https:\\\/\\\/woodpunk.cz\\\/wp-content\\\/uploads\\\/2024\\\/02\\\/WoodPunk_omne.jpeg\",\"contentUrl\":\"https:\\\/\\\/woodpunk.cz\\\/wp-content\\\/uploads\\\/2024\\\/02\\\/WoodPunk_omne.jpeg\",\"width\":986,\"height\":987,\"caption\":\"O mn\u011b\u2026 o soustru\u017een\u00ed d\u0159eva a zrozen\u00ed WOOD PUNK\"},{\"@type\":\"BreadcrumbList\",\"@id\":\"https:\\\/\\\/woodpunk.cz\\\/o-mne\\\/#breadcrumb\",\"itemListElement\":[{\"@type\":\"ListItem\",\"position\":1,\"name\":\"Dom\u016f\",\"item\":\"https:\\\/\\\/woodpunk.cz\\\/\"},{\"@type\":\"ListItem\",\"position\":2,\"name\":\"O mn\u011b\u2026\"}]},{\"@type\":\"WebSite\",\"@id\":\"https:\\\/\\\/woodpunk.cz\\\/#website\",\"url\":\"https:\\\/\\\/woodpunk.cz\\\/\",\"name\":\"WOOD PUNK\",\"description\":\"\",\"publisher\":{\"@id\":\"https:\\\/\\\/woodpunk.cz\\\/#organization\"},\"alternateName\":\"\u0158emesln\u00e1 v\u00fdroba a prodej d\u0159ev\u011bn\u00fdch misek, v\u00e1z, kv\u011btn\u00edk\u016f a dal\u0161\u00edch d\u0159ev\u011bn\u00fdch nejenom soustru\u017een\u00fdch v\u00fdrobk\u016f.\",\"potentialAction\":[{\"@type\":\"SearchAction\",\"target\":{\"@type\":\"EntryPoint\",\"urlTemplate\":\"https:\\\/\\\/woodpunk.cz\\\/?s={search_term_string}\"},\"query-input\":{\"@type\":\"PropertyValueSpecification\",\"valueRequired\":true,\"valueName\":\"search_term_string\"}}],\"inLanguage\":\"en-US\"},{\"@type\":\"Organization\",\"@id\":\"https:\\\/\\\/woodpunk.cz\\\/#organization\",\"name\":\"WOOD PUNK\",\"alternateName\":\"\u0158emesln\u00e1 v\u00fdroba d\u0159ev\u011bn\u00fdch misek, v\u00e1z, kv\u011btn\u00edk\u016f a dal\u0161\u00edch d\u0159ev\u011bn\u00fdch nejenom soustru\u017een\u00fdch v\u00fdrobk\u016f.\",\"url\":\"https:\\\/\\\/woodpunk.cz\\\/\",\"logo\":{\"@type\":\"ImageObject\",\"inLanguage\":\"en-US\",\"@id\":\"https:\\\/\\\/woodpunk.cz\\\/#\\\/schema\\\/logo\\\/image\\\/\",\"url\":\"https:\\\/\\\/woodpunk.cz\\\/wp-content\\\/uploads\\\/2024\\\/04\\\/woodpunk_logo_260x213_f1f1f1ff.png\",\"contentUrl\":\"https:\\\/\\\/woodpunk.cz\\\/wp-content\\\/uploads\\\/2024\\\/04\\\/woodpunk_logo_260x213_f1f1f1ff.png\",\"width\":260,\"height\":213,\"caption\":\"WOOD PUNK\"},\"image\":{\"@id\":\"https:\\\/\\\/woodpunk.cz\\\/#\\\/schema\\\/logo\\\/image\\\/\"},\"sameAs\":[\"https:\\\/\\\/www.facebook.com\\\/JL.WoodPunk\",\"https:\\\/\\\/www.instagram.com\\\/jlwoodpunk\\\/\",\"https:\\\/\\\/www.youtube.com\\\/channel\\\/UCbpihje-owPtI1dpoNOqkyA\"],\"mainEntityOfPage\":{\"@id\":\"https:\\\/\\\/woodpunk.cz\\\/o-mne\\\/\"}}]}<\/script>\n<!-- \/ Yoast SEO plugin. -->","yoast_head_json":{"title":"O mn\u011b\u2026 o soustru\u017een\u00ed d\u0159eva a zrozen\u00ed WOOD PUNK | WOOD PUNK","description":"O mn\u011b\u2026 soustru\u017een\u00ed d\u0159eva a zrozen\u00ed WOOD PUNK. Byl \u00fanor roku 202, j\u00e1 si soustru\u017een\u00ed d\u0159eva okam\u017eit\u011b zamiloval a tehdy se zrodil WOOD PUNK.","robots":{"index":"index","follow":"follow","max-snippet":"max-snippet:-1","max-image-preview":"max-image-preview:large","max-video-preview":"max-video-preview:-1"},"canonical":"https:\/\/woodpunk.cz\/en\/o-mne\/","og_locale":"en_US","og_type":"article","og_title":"O mn\u011b\u2026 o soustru\u017een\u00ed d\u0159eva a zrozen\u00ed WOOD PUNK | WOOD PUNK","og_description":"O mn\u011b\u2026 soustru\u017een\u00ed d\u0159eva a zrozen\u00ed WOOD PUNK. Byl \u00fanor roku 202, j\u00e1 si soustru\u017een\u00ed d\u0159eva okam\u017eit\u011b zamiloval a tehdy se zrodil WOOD PUNK.","og_url":"https:\/\/woodpunk.cz\/en\/o-mne\/","og_site_name":"WOOD PUNK","article_publisher":"https:\/\/www.facebook.com\/JL.WoodPunk","article_modified_time":"2025-10-09T15:37:31+00:00","og_image":[{"width":986,"height":987,"url":"https:\/\/woodpunk.cz\/wp-content\/uploads\/2024\/02\/WoodPunk_omne.jpeg","type":"image\/jpeg"}],"twitter_card":"summary_large_image","twitter_misc":{"Est. reading time":"3 minutes"},"schema":{"@context":"https:\/\/schema.org","@graph":[{"@type":["WebPage","ProfilePage"],"@id":"https:\/\/woodpunk.cz\/o-mne\/","url":"https:\/\/woodpunk.cz\/o-mne\/","name":"O mn\u011b\u2026 o soustru\u017een\u00ed d\u0159eva a zrozen\u00ed WOOD PUNK | WOOD PUNK","isPartOf":{"@id":"https:\/\/woodpunk.cz\/#website"},"primaryImageOfPage":{"@id":"https:\/\/woodpunk.cz\/o-mne\/#primaryimage"},"image":{"@id":"https:\/\/woodpunk.cz\/o-mne\/#primaryimage"},"thumbnailUrl":"https:\/\/woodpunk.cz\/wp-content\/uploads\/2024\/02\/WoodPunk_omne.jpeg","datePublished":"2023-04-21T10:09:07+00:00","dateModified":"2025-10-09T15:37:31+00:00","description":"O mn\u011b\u2026 soustru\u017een\u00ed d\u0159eva a zrozen\u00ed WOOD PUNK. Byl \u00fanor roku 202, j\u00e1 si soustru\u017een\u00ed d\u0159eva okam\u017eit\u011b zamiloval a tehdy se zrodil WOOD PUNK.","breadcrumb":{"@id":"https:\/\/woodpunk.cz\/o-mne\/#breadcrumb"},"inLanguage":"en-US","potentialAction":[{"@type":"ReadAction","target":["https:\/\/woodpunk.cz\/o-mne\/"]}]},{"@type":"ImageObject","inLanguage":"en-US","@id":"https:\/\/woodpunk.cz\/o-mne\/#primaryimage","url":"https:\/\/woodpunk.cz\/wp-content\/uploads\/2024\/02\/WoodPunk_omne.jpeg","contentUrl":"https:\/\/woodpunk.cz\/wp-content\/uploads\/2024\/02\/WoodPunk_omne.jpeg","width":986,"height":987,"caption":"O mn\u011b\u2026 o soustru\u017een\u00ed d\u0159eva a zrozen\u00ed WOOD PUNK"},{"@type":"BreadcrumbList","@id":"https:\/\/woodpunk.cz\/o-mne\/#breadcrumb","itemListElement":[{"@type":"ListItem","position":1,"name":"Dom\u016f","item":"https:\/\/woodpunk.cz\/"},{"@type":"ListItem","position":2,"name":"O mn\u011b\u2026"}]},{"@type":"WebSite","@id":"https:\/\/woodpunk.cz\/#website","url":"https:\/\/woodpunk.cz\/","name":"WOOD PUNK","description":"","publisher":{"@id":"https:\/\/woodpunk.cz\/#organization"},"alternateName":"\u0158emesln\u00e1 v\u00fdroba a prodej d\u0159ev\u011bn\u00fdch misek, v\u00e1z, kv\u011btn\u00edk\u016f a dal\u0161\u00edch d\u0159ev\u011bn\u00fdch nejenom soustru\u017een\u00fdch v\u00fdrobk\u016f.","potentialAction":[{"@type":"SearchAction","target":{"@type":"EntryPoint","urlTemplate":"https:\/\/woodpunk.cz\/?s={search_term_string}"},"query-input":{"@type":"PropertyValueSpecification","valueRequired":true,"valueName":"search_term_string"}}],"inLanguage":"en-US"},{"@type":"Organization","@id":"https:\/\/woodpunk.cz\/#organization","name":"WOOD PUNK","alternateName":"\u0158emesln\u00e1 v\u00fdroba d\u0159ev\u011bn\u00fdch misek, v\u00e1z, kv\u011btn\u00edk\u016f a dal\u0161\u00edch d\u0159ev\u011bn\u00fdch nejenom soustru\u017een\u00fdch v\u00fdrobk\u016f.","url":"https:\/\/woodpunk.cz\/","logo":{"@type":"ImageObject","inLanguage":"en-US","@id":"https:\/\/woodpunk.cz\/#\/schema\/logo\/image\/","url":"https:\/\/woodpunk.cz\/wp-content\/uploads\/2024\/04\/woodpunk_logo_260x213_f1f1f1ff.png","contentUrl":"https:\/\/woodpunk.cz\/wp-content\/uploads\/2024\/04\/woodpunk_logo_260x213_f1f1f1ff.png","width":260,"height":213,"caption":"WOOD PUNK"},"image":{"@id":"https:\/\/woodpunk.cz\/#\/schema\/logo\/image\/"},"sameAs":["https:\/\/www.facebook.com\/JL.WoodPunk","https:\/\/www.instagram.com\/jlwoodpunk\/","https:\/\/www.youtube.com\/channel\/UCbpihje-owPtI1dpoNOqkyA"],"mainEntityOfPage":{"@id":"https:\/\/woodpunk.cz\/o-mne\/"}}]}},"_links":{"self":[{"href":"https:\/\/woodpunk.cz\/en\/wp-json\/wp\/v2\/pages\/884","targetHints":{"allow":["GET"]}}],"collection":[{"href":"https:\/\/woodpunk.cz\/en\/wp-json\/wp\/v2\/pages"}],"about":[{"href":"https:\/\/woodpunk.cz\/en\/wp-json\/wp\/v2\/types\/page"}],"author":[{"embeddable":true,"href":"https:\/\/woodpunk.cz\/en\/wp-json\/wp\/v2\/users\/2"}],"replies":[{"embeddable":true,"href":"https:\/\/woodpunk.cz\/en\/wp-json\/wp\/v2\/comments?post=884"}],"version-history":[{"count":170,"href":"https:\/\/woodpunk.cz\/en\/wp-json\/wp\/v2\/pages\/884\/revisions"}],"predecessor-version":[{"id":6518,"href":"https:\/\/woodpunk.cz\/en\/wp-json\/wp\/v2\/pages\/884\/revisions\/6518"}],"wp:featuredmedia":[{"embeddable":true,"href":"https:\/\/woodpunk.cz\/en\/wp-json\/wp\/v2\/media\/2774"}],"wp:attachment":[{"href":"https:\/\/woodpunk.cz\/en\/wp-json\/wp\/v2\/media?parent=884"}],"wp:term":[{"taxonomy":"folder","embeddable":true,"href":"https:\/\/woodpunk.cz\/en\/wp-json\/wp\/v2\/folder?post=884"}],"curies":[{"name":"wp","href":"https:\/\/api.w.org\/{rel}","templated":true}]}}